{"id":26022,"date":"2018-09-23T12:22:23","date_gmt":"2018-09-23T10:22:23","guid":{"rendered":"http:\/\/univet.hu\/biologia\/kapcsolat\/"},"modified":"2018-09-25T20:43:47","modified_gmt":"2018-09-25T18:43:47","slug":"kapcsolat","status":"publish","type":"page","link":"https:\/\/univet.hu\/hu\/biologia\/kapcsolat\/","title":{"rendered":"Kapcsolat"},"content":{"rendered":"<h2>\u00c1llatorvostudom\u00e1nyi Egyetem,<br \/> Biol\u00f3giai Int\u00e9zet<\/h2> <p><strong>C\u00edm:<\/strong> 1077 Budapest, Rottenbiller u. 50.<br \/> <strong>Postac\u00edm:<\/strong> 1400 Budapest Pf. 2<br \/> <strong>Telefonsz\u00e1m:<\/strong> +36-1-478-4231, mell\u00e9k: 8750<br \/> <strong>Fax:<\/strong> +36-1-478-4232 \/ 8757<br \/> <iframe loading=\"lazy\" src=\"http:\/\/maps.google.com\/?ie=UTF8&amp;t=h&amp;ll=47.504897,19.07450599999993&amp;spn=0.002537,0.00456&amp;z=17&amp;output=embed\" data-replaced=\"true\" width=\"350\" height=\"250\" frameborder=\"0\" marginwidth=\"0\" marginheight=\"0\" scrolling=\"no\"><\/iframe><\/p>","protected":false},"excerpt":{"rendered":"<p>\u00c1llatorvostudom\u00e1nyi Egyetem, Biol\u00f3giai Int\u00e9zet C\u00edm: 1077 Budapest, Rottenbiller u. 50. Postac\u00edm: 1400 Budapest Pf. 2 Telefonsz\u00e1m: +36-1-478-4231, mell\u00e9k: 8750 Fax: +36-1-478-4232 \/ 8757<\/p>\n","protected":false},"author":1,"featured_media":0,"parent":26000,"menu_order":152,"comment_status":"closed","ping_status":"closed","template":"","meta":{"_acf_changed":false,"footnotes":""},"categories":[],"tags":[],"class_list":["post-26022","page","type-page","status-publish","hentry"],"acf":[],"_links":{"self":[{"href":"https:\/\/univet.hu\/hu\/wp-json\/wp\/v2\/pages\/26022","targetHints":{"allow":["GET"]}}],"collection":[{"href":"https:\/\/univet.hu\/hu\/wp-json\/wp\/v2\/pages"}],"about":[{"href":"https:\/\/univet.hu\/hu\/wp-json\/wp\/v2\/types\/page"}],"author":[{"embeddable":true,"href":"https:\/\/univet.hu\/hu\/wp-json\/wp\/v2\/users\/1"}],"replies":[{"embeddable":true,"href":"https:\/\/univet.hu\/hu\/wp-json\/wp\/v2\/comments?post=26022"}],"version-history":[{"count":0,"href":"https:\/\/univet.hu\/hu\/wp-json\/wp\/v2\/pages\/26022\/revisions"}],"up":[{"embeddable":true,"href":"https:\/\/univet.hu\/hu\/wp-json\/wp\/v2\/pages\/26000"}],"wp:attachment":[{"href":"https:\/\/univet.hu\/hu\/wp-json\/wp\/v2\/media?parent=26022"}],"wp:term":[{"taxonomy":"category","embeddable":true,"href":"https:\/\/univet.hu\/hu\/wp-json\/wp\/v2\/categories?post=26022"},{"taxonomy":"post_tag","embeddable":true,"href":"https:\/\/univet.hu\/hu\/wp-json\/wp\/v2\/tags?post=26022"}],"curies":[{"name":"wp","href":"https:\/\/api.w.org\/{rel}","templated":true}]}}