{"id":26415,"date":"2018-09-24T14:15:19","date_gmt":"2018-09-24T12:15:19","guid":{"rendered":"http:\/\/univet.hu\/?page_id=26415"},"modified":"2026-04-17T08:47:39","modified_gmt":"2026-04-17T06:47:39","slug":"allasajanlatok","status":"publish","type":"page","link":"https:\/\/univet.hu\/hu\/oktatas\/tanulmanyi-osztaly\/allasajanlatok\/","title":{"rendered":"\u00c1ll\u00e1saj\u00e1nlatok"},"content":{"rendered":"<p><span style=\"text-decoration: underline\"><strong><span style=\"font-size: 14pt\">FRISS AJ\u00c1NLATOK<\/span><\/strong><\/span><\/p> <p>2026.04.17<\/p> <blockquote class=\"wp-embedded-content\" data-secret=\"zP9xgYiXtu\"><p><a href=\"https:\/\/univet.hu\/hu\/oktatas\/tanulmanyi-osztaly\/allasajanlatok\/wec-hollandia\/\">WEC, Hollandia<\/a><\/p><\/blockquote> <p><iframe loading=\"lazy\" class=\"wp-embedded-content\" sandbox=\"allow-scripts\" security=\"restricted\" style=\"position: absolute; visibility: hidden;\" title=\"&#8220;WEC, Hollandia&#8221; &#8212; \u00c1llatorvostudom\u00e1nyi Egyetem Budapest\" src=\"https:\/\/univet.hu\/hu\/oktatas\/tanulmanyi-osztaly\/allasajanlatok\/wec-hollandia\/embed\/#?secret=A90U8374UG#?secret=zP9xgYiXtu\" data-secret=\"zP9xgYiXtu\" width=\"600\" height=\"338\" frameborder=\"0\" marginwidth=\"0\" marginheight=\"0\" scrolling=\"no\"><\/iframe><\/p> <p>&nbsp;<\/p> <p>2026.04.14<\/p> <blockquote class=\"wp-embedded-content\" data-secret=\"ecEcGrroru\"><p><a href=\"https:\/\/univet.hu\/hu\/oktatas\/tanulmanyi-osztaly\/allasajanlatok\/hun-ren-allatorvostudomanyi-kutatointezet\/\">HUN-REN \u00c1llatorvostudom\u00e1nyi Kutat\u00f3int\u00e9zet<\/a><\/p><\/blockquote> <p><iframe loading=\"lazy\" class=\"wp-embedded-content\" sandbox=\"allow-scripts\" security=\"restricted\" style=\"position: absolute; visibility: hidden;\" title=\"&#8220;HUN-REN \u00c1llatorvostudom\u00e1nyi Kutat\u00f3int\u00e9zet&#8221; &#8212; \u00c1llatorvostudom\u00e1nyi Egyetem Budapest\" src=\"https:\/\/univet.hu\/hu\/oktatas\/tanulmanyi-osztaly\/allasajanlatok\/hun-ren-allatorvostudomanyi-kutatointezet\/embed\/#?secret=xHQQ4sAsLX#?secret=ecEcGrroru\" data-secret=\"ecEcGrroru\" width=\"600\" height=\"338\" frameborder=\"0\" marginwidth=\"0\" marginheight=\"0\" scrolling=\"no\"><\/iframe><\/p> <p>&nbsp;<\/p> <p>2026.04.01<\/p> <blockquote class=\"wp-embedded-content\" data-secret=\"59JMf6VAKv\"><p><a href=\"https:\/\/univet.hu\/hu\/oktatas\/tanulmanyi-osztaly\/allasajanlatok\/szigetszentmiklosi-kedvenc-rendelo\/\">Szigetszentmikl\u00f3si Kedvenc Rendel\u0151<\/a><\/p><\/blockquote> <p><iframe loading=\"lazy\" class=\"wp-embedded-content\" sandbox=\"allow-scripts\" security=\"restricted\" style=\"position: absolute; visibility: hidden;\" title=\"&#8220;Szigetszentmikl\u00f3si Kedvenc Rendel\u0151&#8221; &#8212; \u00c1llatorvostudom\u00e1nyi Egyetem Budapest\" src=\"https:\/\/univet.hu\/hu\/oktatas\/tanulmanyi-osztaly\/allasajanlatok\/szigetszentmiklosi-kedvenc-rendelo\/embed\/#?secret=QQsg7m3uqM#?secret=59JMf6VAKv\" data-secret=\"59JMf6VAKv\" width=\"600\" height=\"338\" frameborder=\"0\" marginwidth=\"0\" marginheight=\"0\" scrolling=\"no\"><\/iframe><\/p> <p>&nbsp;<\/p> <p>2026.04.01<\/p> <blockquote class=\"wp-embedded-content\" data-secret=\"ecEcGrroru\"><p><a href=\"https:\/\/univet.hu\/hu\/oktatas\/tanulmanyi-osztaly\/allasajanlatok\/hun-ren-allatorvostudomanyi-kutatointezet\/\">HUN-REN \u00c1llatorvostudom\u00e1nyi Kutat\u00f3int\u00e9zet<\/a><\/p><\/blockquote> <p><iframe loading=\"lazy\" class=\"wp-embedded-content\" sandbox=\"allow-scripts\" security=\"restricted\" style=\"position: absolute; visibility: hidden;\" title=\"&#8220;HUN-REN \u00c1llatorvostudom\u00e1nyi Kutat\u00f3int\u00e9zet&#8221; &#8212; \u00c1llatorvostudom\u00e1nyi Egyetem Budapest\" src=\"https:\/\/univet.hu\/hu\/oktatas\/tanulmanyi-osztaly\/allasajanlatok\/hun-ren-allatorvostudomanyi-kutatointezet\/embed\/#?secret=xHQQ4sAsLX#?secret=ecEcGrroru\" data-secret=\"ecEcGrroru\" width=\"600\" height=\"338\" frameborder=\"0\" marginwidth=\"0\" marginheight=\"0\" scrolling=\"no\"><\/iframe><\/p> <p>&nbsp;<\/p> <p>2026.03.27<\/p> <blockquote class=\"wp-embedded-content\" data-secret=\"9t26a7hHf9\"><p><a href=\"https:\/\/univet.hu\/hu\/oktatas\/tanulmanyi-osztaly\/allasajanlatok\/budaorsi-allatorvosi-rendelo\/\">Buda\u00f6rsi \u00c1llatorvosi Rendel\u0151<\/a><\/p><\/blockquote> <p><iframe loading=\"lazy\" class=\"wp-embedded-content\" sandbox=\"allow-scripts\" security=\"restricted\" style=\"position: absolute; visibility: hidden;\" title=\"&#8220;Buda\u00f6rsi \u00c1llatorvosi Rendel\u0151&#8221; &#8212; \u00c1llatorvostudom\u00e1nyi Egyetem Budapest\" src=\"https:\/\/univet.hu\/hu\/oktatas\/tanulmanyi-osztaly\/allasajanlatok\/budaorsi-allatorvosi-rendelo\/embed\/#?secret=jpmSx2tfjz#?secret=9t26a7hHf9\" data-secret=\"9t26a7hHf9\" width=\"600\" height=\"338\" frameborder=\"0\" marginwidth=\"0\" marginheight=\"0\" scrolling=\"no\"><\/iframe><\/p> <p>&nbsp;<\/p> <p>2026.03.09<\/p> <blockquote class=\"wp-embedded-content\" data-secret=\"fUZhZaDxCk\"><p><a href=\"https:\/\/univet.hu\/hu\/oktatas\/tanulmanyi-osztaly\/allasajanlatok\/fovarosi-onkormanyzati-rendeszeti-igazgatosag-2\/\">F\u0151v\u00e1rosi \u00d6nkorm\u00e1nyzati Rend\u00e9szeti Igazgat\u00f3s\u00e1g<\/a><\/p><\/blockquote> <p><iframe loading=\"lazy\" class=\"wp-embedded-content\" sandbox=\"allow-scripts\" security=\"restricted\" style=\"position: absolute; visibility: hidden;\" title=\"&#8220;F\u0151v\u00e1rosi \u00d6nkorm\u00e1nyzati Rend\u00e9szeti Igazgat\u00f3s\u00e1g&#8221; &#8212; \u00c1llatorvostudom\u00e1nyi Egyetem Budapest\" src=\"https:\/\/univet.hu\/hu\/oktatas\/tanulmanyi-osztaly\/allasajanlatok\/fovarosi-onkormanyzati-rendeszeti-igazgatosag-2\/embed\/#?secret=8bCg6J3qAU#?secret=fUZhZaDxCk\" data-secret=\"fUZhZaDxCk\" width=\"600\" height=\"338\" frameborder=\"0\" marginwidth=\"0\" marginheight=\"0\" scrolling=\"no\"><\/iframe><\/p> <p>&nbsp;<\/p> <p>2026.03.04<\/p> <blockquote class=\"wp-embedded-content\" data-secret=\"XB0PykpYj9\"><p><a href=\"https:\/\/univet.hu\/hu\/oktatas\/tanulmanyi-osztaly\/allasajanlatok\/heves-varmegyei-kormanyhivatal-hatosagi-allatorvos\/\">Heves V\u00e1rmegyei Korm\u00e1nyhivatal &#8211; hat\u00f3s\u00e1gi \u00e1llatorvos<\/a><\/p><\/blockquote> <p><iframe loading=\"lazy\" class=\"wp-embedded-content\" sandbox=\"allow-scripts\" security=\"restricted\" style=\"position: absolute; visibility: hidden;\" title=\"&#8220;Heves V\u00e1rmegyei Korm\u00e1nyhivatal &#8211; hat\u00f3s\u00e1gi \u00e1llatorvos&#8221; &#8212; \u00c1llatorvostudom\u00e1nyi Egyetem Budapest\" src=\"https:\/\/univet.hu\/hu\/oktatas\/tanulmanyi-osztaly\/allasajanlatok\/heves-varmegyei-kormanyhivatal-hatosagi-allatorvos\/embed\/#?secret=5Hi8qJImh6#?secret=XB0PykpYj9\" data-secret=\"XB0PykpYj9\" width=\"600\" height=\"338\" frameborder=\"0\" marginwidth=\"0\" marginheight=\"0\" scrolling=\"no\"><\/iframe><\/p> <p>&nbsp;<\/p> <p>2026.02.23<\/p> <blockquote class=\"wp-embedded-content\" data-secret=\"s7U3HU6ceo\"><p><a href=\"https:\/\/univet.hu\/hu\/oktatas\/tanulmanyi-osztaly\/allasajanlatok\/hb-vet-diagnosztika\/\">HB-VET Diagnosztika<\/a><\/p><\/blockquote> <p><iframe loading=\"lazy\" class=\"wp-embedded-content\" sandbox=\"allow-scripts\" security=\"restricted\" style=\"position: absolute; visibility: hidden;\" title=\"&#8220;HB-VET Diagnosztika&#8221; &#8212; \u00c1llatorvostudom\u00e1nyi Egyetem Budapest\" src=\"https:\/\/univet.hu\/hu\/oktatas\/tanulmanyi-osztaly\/allasajanlatok\/hb-vet-diagnosztika\/embed\/#?secret=WbLYqdMCM9#?secret=s7U3HU6ceo\" data-secret=\"s7U3HU6ceo\" width=\"600\" height=\"338\" frameborder=\"0\" marginwidth=\"0\" marginheight=\"0\" scrolling=\"no\"><\/iframe><\/p> <p>&nbsp;<\/p> <p>2026.02.19<\/p> <blockquote class=\"wp-embedded-content\" data-secret=\"PXuaK4h7o7\"><p><a href=\"https:\/\/univet.hu\/hu\/oktatas\/tanulmanyi-osztaly\/allasajanlatok\/dierenkliniek-stad-en-westerkwartier-zuidhorn-hollandia\/\">Dierenkliniek Stad en Westerkwartier, Zuidhorn, Hollandia<\/a><\/p><\/blockquote> <p><iframe loading=\"lazy\" class=\"wp-embedded-content\" sandbox=\"allow-scripts\" security=\"restricted\" style=\"position: absolute; visibility: hidden;\" title=\"&#8220;Dierenkliniek Stad en Westerkwartier, Zuidhorn, Hollandia&#8221; &#8212; \u00c1llatorvostudom\u00e1nyi Egyetem Budapest\" src=\"https:\/\/univet.hu\/hu\/oktatas\/tanulmanyi-osztaly\/allasajanlatok\/dierenkliniek-stad-en-westerkwartier-zuidhorn-hollandia\/embed\/#?secret=AOteOc5DpM#?secret=PXuaK4h7o7\" data-secret=\"PXuaK4h7o7\" width=\"600\" height=\"338\" frameborder=\"0\" marginwidth=\"0\" marginheight=\"0\" scrolling=\"no\"><\/iframe><\/p> <p>&nbsp;<\/p> <p>2026.02.11<\/p> <blockquote class=\"wp-embedded-content\" data-secret=\"2qIHfEEItM\"><p><a href=\"https:\/\/univet.hu\/hu\/oktatas\/tanulmanyi-osztaly\/allasajanlatok\/allatorvosi-kozpont-tapolca\/\">\u00c1llatorvosi k\u00f6zpont, Tapolca<\/a><\/p><\/blockquote> <p><iframe loading=\"lazy\" class=\"wp-embedded-content\" sandbox=\"allow-scripts\" security=\"restricted\" style=\"position: absolute; visibility: hidden;\" title=\"&#8220;\u00c1llatorvosi k\u00f6zpont, Tapolca&#8221; &#8212; \u00c1llatorvostudom\u00e1nyi Egyetem Budapest\" src=\"https:\/\/univet.hu\/hu\/oktatas\/tanulmanyi-osztaly\/allasajanlatok\/allatorvosi-kozpont-tapolca\/embed\/#?secret=dslXXz4q4E#?secret=2qIHfEEItM\" data-secret=\"2qIHfEEItM\" width=\"600\" height=\"338\" frameborder=\"0\" marginwidth=\"0\" marginheight=\"0\" scrolling=\"no\"><\/iframe><\/p> <p>&nbsp;<\/p> <p>2026.02.10<\/p> <blockquote class=\"wp-embedded-content\" data-secret=\"Xj7GNNHO5n\"><p><a href=\"https:\/\/univet.hu\/hu\/oktatas\/tanulmanyi-osztaly\/allasajanlatok\/szabadhegyi-allatgyogyaszati-centrum\/\">Szabadhegyi \u00c1llatgy\u00f3gy\u00e1szati Centrum<\/a><\/p><\/blockquote> <p><iframe loading=\"lazy\" class=\"wp-embedded-content\" sandbox=\"allow-scripts\" security=\"restricted\" style=\"position: absolute; visibility: hidden;\" title=\"&#8220;Szabadhegyi \u00c1llatgy\u00f3gy\u00e1szati Centrum&#8221; &#8212; \u00c1llatorvostudom\u00e1nyi Egyetem Budapest\" src=\"https:\/\/univet.hu\/hu\/oktatas\/tanulmanyi-osztaly\/allasajanlatok\/szabadhegyi-allatgyogyaszati-centrum\/embed\/#?secret=wudvHlfJvL#?secret=Xj7GNNHO5n\" data-secret=\"Xj7GNNHO5n\" width=\"600\" height=\"338\" frameborder=\"0\" marginwidth=\"0\" marginheight=\"0\" scrolling=\"no\"><\/iframe><\/p> <p>&nbsp;<\/p> <p>2026.01.31<\/p> <blockquote class=\"wp-embedded-content\" data-secret=\"tpFiStFsrG\"><p><a href=\"https:\/\/univet.hu\/hu\/oktatas\/tanulmanyi-osztaly\/allasajanlatok\/allatorvostudomanyi-egyetem-gyakornok\/\">\u00c1llatorvostudom\u00e1nyi Egyetem &#8211; Gyakornok<\/a><\/p><\/blockquote> <p><iframe loading=\"lazy\" class=\"wp-embedded-content\" sandbox=\"allow-scripts\" security=\"restricted\" style=\"position: absolute; visibility: hidden;\" title=\"&#8220;\u00c1llatorvostudom\u00e1nyi Egyetem &#8211; Gyakornok&#8221; &#8212; \u00c1llatorvostudom\u00e1nyi Egyetem Budapest\" src=\"https:\/\/univet.hu\/hu\/oktatas\/tanulmanyi-osztaly\/allasajanlatok\/allatorvostudomanyi-egyetem-gyakornok\/embed\/#?secret=v4HGtzejj4#?secret=tpFiStFsrG\" data-secret=\"tpFiStFsrG\" width=\"600\" height=\"338\" frameborder=\"0\" marginwidth=\"0\" marginheight=\"0\" scrolling=\"no\"><\/iframe><\/p> <p>&nbsp;<\/p> <p>2026.01.27<\/p> <blockquote class=\"wp-embedded-content\" data-secret=\"XYrv6K8Kc5\"><p><a href=\"https:\/\/univet.hu\/hu\/oktatas\/tanulmanyi-osztaly\/allasajanlatok\/supervet-gyakornoki-program\/\">SuperVet Gyakornoki program<\/a><\/p><\/blockquote> <p><iframe loading=\"lazy\" class=\"wp-embedded-content\" sandbox=\"allow-scripts\" security=\"restricted\" style=\"position: absolute; visibility: hidden;\" title=\"&#8220;SuperVet Gyakornoki program&#8221; &#8212; \u00c1llatorvostudom\u00e1nyi Egyetem Budapest\" src=\"https:\/\/univet.hu\/hu\/oktatas\/tanulmanyi-osztaly\/allasajanlatok\/supervet-gyakornoki-program\/embed\/#?secret=AI0WsGe29C#?secret=XYrv6K8Kc5\" data-secret=\"XYrv6K8Kc5\" width=\"600\" height=\"338\" frameborder=\"0\" marginwidth=\"0\" marginheight=\"0\" scrolling=\"no\"><\/iframe><\/p> <p>&nbsp;<\/p> <p>2026.01.20<\/p> <blockquote class=\"wp-embedded-content\" data-secret=\"3KB2mix6vA\"><p><a href=\"https:\/\/univet.hu\/hu\/oktatas\/tanulmanyi-osztaly\/allasajanlatok\/allatorvost-keresunk-megyei-jogu-varosi-rendelonkbe\/\">\u00c1llatorvost keres\u00fcnk megyei jog\u00fa v\u00e1rosi rendel\u0151nkbe<\/a><\/p><\/blockquote> <p><iframe loading=\"lazy\" class=\"wp-embedded-content\" sandbox=\"allow-scripts\" security=\"restricted\" style=\"position: absolute; visibility: hidden;\" title=\"&#8220;\u00c1llatorvost keres\u00fcnk megyei jog\u00fa v\u00e1rosi rendel\u0151nkbe&#8221; &#8212; \u00c1llatorvostudom\u00e1nyi Egyetem Budapest\" src=\"https:\/\/univet.hu\/hu\/oktatas\/tanulmanyi-osztaly\/allasajanlatok\/allatorvost-keresunk-megyei-jogu-varosi-rendelonkbe\/embed\/#?secret=k3bgXrYMjN#?secret=3KB2mix6vA\" data-secret=\"3KB2mix6vA\" width=\"600\" height=\"338\" frameborder=\"0\" marginwidth=\"0\" marginheight=\"0\" scrolling=\"no\"><\/iframe><\/p> <p>&nbsp;<\/p> <p>2026.01.15<\/p> <blockquote class=\"wp-embedded-content\" data-secret=\"Blp3PUn0sG\"><p><a href=\"https:\/\/univet.hu\/hu\/oktatas\/tanulmanyi-osztaly\/allasajanlatok\/toldivet-hajdu-bihar-varmegye\/\">ToldiVet &#8211; Hajd\u00fa Bihar v\u00e1rmegye<\/a><\/p><\/blockquote> <p><iframe loading=\"lazy\" class=\"wp-embedded-content\" sandbox=\"allow-scripts\" security=\"restricted\" style=\"position: absolute; visibility: hidden;\" title=\"&#8220;ToldiVet &#8211; Hajd\u00fa Bihar v\u00e1rmegye&#8221; &#8212; \u00c1llatorvostudom\u00e1nyi Egyetem Budapest\" src=\"https:\/\/univet.hu\/hu\/oktatas\/tanulmanyi-osztaly\/allasajanlatok\/toldivet-hajdu-bihar-varmegye\/embed\/#?secret=Klwo4fWFxX#?secret=Blp3PUn0sG\" data-secret=\"Blp3PUn0sG\" width=\"600\" height=\"338\" frameborder=\"0\" marginwidth=\"0\" marginheight=\"0\" scrolling=\"no\"><\/iframe><\/p>","protected":false},"excerpt":{"rendered":"<p>FRISS AJ\u00c1NLATOK 2026.04.17 &nbsp; 2026.04.14 &nbsp; 2026.04.01 &nbsp; 2026.04.01 &nbsp; 2026.03.27 &nbsp; 2026.03.09 &nbsp; 2026.03.04 &nbsp; 2026.02.23 &nbsp; 2026.02.19 &nbsp; 2026.02.11 &nbsp; 2026.02.10 &nbsp; 2026.01.31 &nbsp; 2026.01.27 &nbsp; 2026.01.20 &nbsp; 2026.01.15<\/p>\n","protected":false},"author":5823,"featured_media":0,"parent":615,"menu_order":26,"comment_status":"closed","ping_status":"closed","template":"","meta":{"_acf_changed":false,"footnotes":""},"categories":[],"tags":[],"class_list":["post-26415","page","type-page","status-publish","hentry"],"acf":[],"_links":{"self":[{"href":"https:\/\/univet.hu\/hu\/wp-json\/wp\/v2\/pages\/26415","targetHints":{"allow":["GET"]}}],"collection":[{"href":"https:\/\/univet.hu\/hu\/wp-json\/wp\/v2\/pages"}],"about":[{"href":"https:\/\/univet.hu\/hu\/wp-json\/wp\/v2\/types\/page"}],"author":[{"embeddable":true,"href":"https:\/\/univet.hu\/hu\/wp-json\/wp\/v2\/users\/5823"}],"replies":[{"embeddable":true,"href":"https:\/\/univet.hu\/hu\/wp-json\/wp\/v2\/comments?post=26415"}],"version-history":[{"count":6,"href":"https:\/\/univet.hu\/hu\/wp-json\/wp\/v2\/pages\/26415\/revisions"}],"predecessor-version":[{"id":205447,"href":"https:\/\/univet.hu\/hu\/wp-json\/wp\/v2\/pages\/26415\/revisions\/205447"}],"up":[{"embeddable":true,"href":"https:\/\/univet.hu\/hu\/wp-json\/wp\/v2\/pages\/615"}],"wp:attachment":[{"href":"https:\/\/univet.hu\/hu\/wp-json\/wp\/v2\/media?parent=26415"}],"wp:term":[{"taxonomy":"category","embeddable":true,"href":"https:\/\/univet.hu\/hu\/wp-json\/wp\/v2\/categories?post=26415"},{"taxonomy":"post_tag","embeddable":true,"href":"https:\/\/univet.hu\/hu\/wp-json\/wp\/v2\/tags?post=26415"}],"curies":[{"name":"wp","href":"https:\/\/api.w.org\/{rel}","templated":true}]}}