{"id":26431,"date":"2018-09-24T21:24:27","date_gmt":"2018-09-24T19:24:27","guid":{"rendered":"http:\/\/univet.hu\/endokrinologiai-laboratorium\/fooldal\/"},"modified":"2018-09-25T22:21:49","modified_gmt":"2018-09-25T20:21:49","slug":"fooldal","status":"publish","type":"page","link":"https:\/\/univet.hu\/hu\/vetendocrinlab\/fooldal\/","title":{"rendered":"F\u0151oldal"},"content":{"rendered":"<h2>\u00dcdv\u00f6z\u00f6lj\u00fck<\/h2> <p>Az \u00c1llatorvostudom\u00e1nyi Egyetem Sz\u00fcl\u00e9szeti Tansz\u00e9k Endokrinol\u00f3giai Laborat\u00f3rium honlapj\u00e1n. F\u0151 tev\u00e9kenys\u00e9g\u00fcnk a reprodukci\u00f3hoz k\u00f6thet\u0151 hormonok (pl. tesztoszteron, progeszteron, \u00f6sztradiol) meghat\u00e1roz\u00e1sa RIA \u00e9s ELISA m\u00f3dszerekkel.<\/p>","protected":false},"excerpt":{"rendered":"<p>\u00dcdv\u00f6z\u00f6lj\u00fck Az \u00c1llatorvostudom\u00e1nyi Egyetem Sz\u00fcl\u00e9szeti Tansz\u00e9k Endokrinol\u00f3giai Laborat\u00f3rium honlapj\u00e1n. F\u0151 tev\u00e9kenys\u00e9g\u00fcnk a reprodukci\u00f3hoz k\u00f6thet\u0151 hormonok (pl. tesztoszteron, progeszteron, \u00f6sztradiol) meghat\u00e1roz\u00e1sa RIA \u00e9s ELISA m\u00f3dszerekkel.<\/p>\n","protected":false},"author":1,"featured_media":0,"parent":26429,"menu_order":120,"comment_status":"closed","ping_status":"closed","template":"","meta":{"_acf_changed":false,"footnotes":""},"categories":[],"tags":[],"class_list":["post-26431","page","type-page","status-publish","hentry"],"acf":[],"_links":{"self":[{"href":"https:\/\/univet.hu\/hu\/wp-json\/wp\/v2\/pages\/26431","targetHints":{"allow":["GET"]}}],"collection":[{"href":"https:\/\/univet.hu\/hu\/wp-json\/wp\/v2\/pages"}],"about":[{"href":"https:\/\/univet.hu\/hu\/wp-json\/wp\/v2\/types\/page"}],"author":[{"embeddable":true,"href":"https:\/\/univet.hu\/hu\/wp-json\/wp\/v2\/users\/1"}],"replies":[{"embeddable":true,"href":"https:\/\/univet.hu\/hu\/wp-json\/wp\/v2\/comments?post=26431"}],"version-history":[{"count":0,"href":"https:\/\/univet.hu\/hu\/wp-json\/wp\/v2\/pages\/26431\/revisions"}],"up":[{"embeddable":true,"href":"https:\/\/univet.hu\/hu\/wp-json\/wp\/v2\/pages\/26429"}],"wp:attachment":[{"href":"https:\/\/univet.hu\/hu\/wp-json\/wp\/v2\/media?parent=26431"}],"wp:term":[{"taxonomy":"category","embeddable":true,"href":"https:\/\/univet.hu\/hu\/wp-json\/wp\/v2\/categories?post=26431"},{"taxonomy":"post_tag","embeddable":true,"href":"https:\/\/univet.hu\/hu\/wp-json\/wp\/v2\/tags?post=26431"}],"curies":[{"name":"wp","href":"https:\/\/api.w.org\/{rel}","templated":true}]}}