{"id":26432,"date":"2018-09-24T21:26:31","date_gmt":"2018-09-24T19:26:31","guid":{"rendered":"http:\/\/univet.hu\/endokrinologiai-laboratorium\/tevekenysegek\/"},"modified":"2018-09-25T22:21:42","modified_gmt":"2018-09-25T20:21:42","slug":"tevekenysegek","status":"publish","type":"page","link":"https:\/\/univet.hu\/hu\/vetendocrinlab\/tevekenysegek\/","title":{"rendered":"Tev\u00e9kenys\u00e9gek"},"content":{"rendered":"<p>F\u0151 tev\u00e9kenys\u00e9g\u00fcnk a reprodukci\u00f3s folyamatokban szerepet j\u00e1tsz\u00f3 hormonok (pl. tesztoszteron, progeszteron, \u00f6sztradiol) meghat\u00e1roz\u00e1sa haszon\u00e1llatokban, egzotikus- \u00e9s labr\u00e1llatokban valamint t\u00e1rs\u00e1llatokban. Ezeken k\u00edv\u00fcl term\u00e9szetesen m\u00e1s anyagok m\u00e9r\u00e9s\u00e9t is v\u00e1llaljuk (pl. T3, T4, cortisol). A meghat\u00e1roz\u00e1s RIA (radioimmunoassay) \u00e9s ELISA (enzyme-linked immunosorbeant assay) m\u00f3dszerekkel t\u00f6rt\u00e9nik.<\/p> <p>Rutin hormonanalitikai szolg\u00e1ltat\u00e1sunk mellett laborat\u00f3riumunk sz\u00edvesen r\u00e9szt vesz r\u00f6vid \u00e9s hossz\u00fa t\u00e1v\u00fa kutat\u00e1si projektekben. Biztos\u00edtjuk a hormonanalitikai h\u00e1tteret, emellett metodikai k\u00eds\u00e9rletekre, fejleszt\u00e9sekben val\u00f3 k\u00f6zrem\u0171k\u00f6d\u00e9sre is nyitottak vagyunk.<\/p> <p>R\u00e9szt vesz\u00fcnk a gradu\u00e1lis \u00e9s a posztgradu\u00e1lis (szak-) \u00e1llatorvosk\u00e9pz\u00e9sben plen\u00e1ris gyakorlatokkal, laborat\u00f3riumi bemutat\u00f3kkal, szakdolgozati munka koordin\u00e1l\u00e1s\u00e1val.<\/p> <p><a href=\"https:\/\/univet.hu\/wp-content\/uploads\/2018\/09\/tevekenysegek2.jpg\" data-replaced=\"true\"><img loading=\"lazy\" decoding=\"async\" class=\"alignnone size-full wp-image-26503\" src=\"https:\/\/univet.hu\/wp-content\/uploads\/2018\/09\/tevekenysegek2.jpg\" data-replaced=\"true\" alt=\"\" width=\"830\" height=\"720\" srcset=\"https:\/\/univet.hu\/wp-content\/uploads\/2018\/09\/tevekenysegek2.jpg 830w, https:\/\/univet.hu\/wp-content\/uploads\/2018\/09\/tevekenysegek2-320x278.jpg 320w, https:\/\/univet.hu\/wp-content\/uploads\/2018\/09\/tevekenysegek2-768x666.jpg 768w\" sizes=\"auto, (max-width: 830px) 100vw, 830px\" \/><\/a><\/p>","protected":false},"excerpt":{"rendered":"<p>F\u0151 tev\u00e9kenys\u00e9g\u00fcnk a reprodukci\u00f3s folyamatokban szerepet j\u00e1tsz\u00f3 hormonok (pl. tesztoszteron, progeszteron, \u00f6sztradiol) meghat\u00e1roz\u00e1sa haszon\u00e1llatokban, egzotikus- \u00e9s labr\u00e1llatokban valamint t\u00e1rs\u00e1llatokban. Ezeken k\u00edv\u00fcl term\u00e9szetesen m\u00e1s anyagok m\u00e9r\u00e9s\u00e9t is v\u00e1llaljuk (pl. T3, T4, cortisol). A meghat\u00e1roz\u00e1s RIA (radioimmunoassay) \u00e9s ELISA (enzyme-linked immunosorbeant assay) m\u00f3dszerekkel t\u00f6rt\u00e9nik. Rutin hormonanalitikai szolg\u00e1ltat\u00e1sunk mellett laborat\u00f3riumunk sz\u00edvesen r\u00e9szt vesz r\u00f6vid \u00e9s hossz\u00fa t\u00e1v\u00fa kutat\u00e1si<\/p>\n","protected":false},"author":1,"featured_media":0,"parent":26429,"menu_order":121,"comment_status":"closed","ping_status":"closed","template":"","meta":{"_acf_changed":false,"footnotes":""},"categories":[],"tags":[],"class_list":["post-26432","page","type-page","status-publish","hentry"],"acf":[],"_links":{"self":[{"href":"https:\/\/univet.hu\/hu\/wp-json\/wp\/v2\/pages\/26432","targetHints":{"allow":["GET"]}}],"collection":[{"href":"https:\/\/univet.hu\/hu\/wp-json\/wp\/v2\/pages"}],"about":[{"href":"https:\/\/univet.hu\/hu\/wp-json\/wp\/v2\/types\/page"}],"author":[{"embeddable":true,"href":"https:\/\/univet.hu\/hu\/wp-json\/wp\/v2\/users\/1"}],"replies":[{"embeddable":true,"href":"https:\/\/univet.hu\/hu\/wp-json\/wp\/v2\/comments?post=26432"}],"version-history":[{"count":0,"href":"https:\/\/univet.hu\/hu\/wp-json\/wp\/v2\/pages\/26432\/revisions"}],"up":[{"embeddable":true,"href":"https:\/\/univet.hu\/hu\/wp-json\/wp\/v2\/pages\/26429"}],"wp:attachment":[{"href":"https:\/\/univet.hu\/hu\/wp-json\/wp\/v2\/media?parent=26432"}],"wp:term":[{"taxonomy":"category","embeddable":true,"href":"https:\/\/univet.hu\/hu\/wp-json\/wp\/v2\/categories?post=26432"},{"taxonomy":"post_tag","embeddable":true,"href":"https:\/\/univet.hu\/hu\/wp-json\/wp\/v2\/tags?post=26432"}],"curies":[{"name":"wp","href":"https:\/\/api.w.org\/{rel}","templated":true}]}}