{"id":26433,"date":"2018-09-24T21:27:17","date_gmt":"2018-09-24T19:27:17","guid":{"rendered":"http:\/\/univet.hu\/endokrinologiai-laboratorium\/elerhetoseg\/"},"modified":"2018-12-03T17:20:00","modified_gmt":"2018-12-03T16:20:00","slug":"elerhetoseg","status":"publish","type":"page","link":"https:\/\/univet.hu\/hu\/vetendocrinlab\/elerhetoseg\/","title":{"rendered":"El\u00e9rhet\u0151s\u00e9g"},"content":{"rendered":"<h2>Endokrinol\u00f3giai Laborat\u00f3rium<br \/> \u00c1llatorvostudom\u00e1nyi Egyetem<br \/> Sz\u00fcl\u00e9szeti Tansz\u00e9k<\/h2> <p><a href=\"https:\/\/univet.hu\/hu\/kapcsolat\/\">El\u00e9rhet\u0151s\u00e9gek:<\/a><\/p> <p><strong>C\u00edm<\/strong>: 1078 Budapest, Istv\u00e1n utca. 2.<br \/> <strong>Postac\u00edm<\/strong>: 1400 Budapest, Pf. 2.<br \/> <strong>Telefon<\/strong>: (1) 478-4100<\/p> <p><em>A laborat\u00f3riumot megtal\u00e1lja a liftb\u0151l kil\u00e9pve, jobbra fordulva a folyos\u00f3 v\u00e9g\u00e9n.<\/em><\/p> <p><iframe loading=\"lazy\" src=\"https:\/\/maps.google.com\/maps?q=47.5034945, 19.078466100000014&amp;num=1&amp;hl=hu&amp;ie=UTF8&amp;t=h&amp;z=18&amp;ll=47.5034945, 19.078466100000014&amp;output=embed\" data-replaced=\"true\" width=\"450\" height=\"300\"><\/iframe><\/p> <p><strong>Endokrinol\u00f3giai Laborat\u00f3rium\u00a0\u00e9s\u00a0Sz\u00fcl\u00e9szeti Tansz\u00e9k el\u00e9rhet\u0151s\u00e9gei:<\/strong><\/p> <p><strong>E-mail:<\/strong><\/p> <ul> <li><a href=\"mailto:somoskoi.bence[PUT_AT_HERE]univet.hu\"><a class=\"decrypt\" rel=\"tpnptlpj\/cfodfAvojwfu\/iv\" href=\"javascript:void(0);\">[Kattintson az emailc\u00edmhez]<\/a><\/a><\/li> <li><a href=\"mailto:vetendocrinlab[PUT_AT_HERE]gmail.com\"><a class=\"decrypt\" rel=\"wfufoepdsjombcAhnbjm\/dpn\" href=\"javascript:void(0);\">[Kattintson az emailc\u00edmhez]<\/a><\/a><\/li> <\/ul> <p><strong>Telefon:<\/strong><\/p> <ul> <li>+3670\/4246730<\/li> <li>+361\/478-4202<\/li> <li>+361\/478-4206<\/li> <\/ul> <p><strong>Szem\u00e9lyesen:<\/strong><\/p> <ul> <li>H\u00e9tf\u0151 &#8211; Cs\u00fct\u00f6rt\u00f6k: 8:00 &#8211; 16:00<\/li> <li>P\u00e9ntek: 8:00 &#8211; 13:30<\/li> <\/ul> <p><em>Egy\u00e9b id\u0151pontokban el\u0151zetes egyeztet\u00e9s alapj\u00e1n.<\/em><\/p> <h3>\u00cdrjon nek\u00fcnk!<\/h3> <p>[contact-form-7 id=&#8221;26474&#8243; title=&#8221;Endokrinol\u00f3giai Laborat\u00f3rium kapcsolat&#8221;]<\/p>","protected":false},"excerpt":{"rendered":"<p>Endokrinol\u00f3giai Laborat\u00f3rium \u00c1llatorvostudom\u00e1nyi Egyetem Sz\u00fcl\u00e9szeti Tansz\u00e9k El\u00e9rhet\u0151s\u00e9gek: C\u00edm: 1078 Budapest, Istv\u00e1n utca. 2. Postac\u00edm: 1400 Budapest, Pf. 2. Telefon: (1) 478-4100 A laborat\u00f3riumot megtal\u00e1lja a liftb\u0151l kil\u00e9pve, jobbra fordulva a folyos\u00f3 v\u00e9g\u00e9n. Endokrinol\u00f3giai Laborat\u00f3rium\u00a0\u00e9s\u00a0Sz\u00fcl\u00e9szeti Tansz\u00e9k el\u00e9rhet\u0151s\u00e9gei: E-mail: [Kattintson az emailc\u00edmhez] [Kattintson az emailc\u00edmhez] Telefon: +3670\/4246730 +361\/478-4202 +361\/478-4206 Szem\u00e9lyesen: H\u00e9tf\u0151 &#8211; Cs\u00fct\u00f6rt\u00f6k: 8:00 &#8211; 16:00 P\u00e9ntek:<\/p>\n","protected":false},"author":1,"featured_media":0,"parent":26429,"menu_order":125,"comment_status":"closed","ping_status":"closed","template":"","meta":{"_acf_changed":false,"footnotes":""},"categories":[],"tags":[],"class_list":["post-26433","page","type-page","status-publish","hentry"],"acf":[],"_links":{"self":[{"href":"https:\/\/univet.hu\/hu\/wp-json\/wp\/v2\/pages\/26433","targetHints":{"allow":["GET"]}}],"collection":[{"href":"https:\/\/univet.hu\/hu\/wp-json\/wp\/v2\/pages"}],"about":[{"href":"https:\/\/univet.hu\/hu\/wp-json\/wp\/v2\/types\/page"}],"author":[{"embeddable":true,"href":"https:\/\/univet.hu\/hu\/wp-json\/wp\/v2\/users\/1"}],"replies":[{"embeddable":true,"href":"https:\/\/univet.hu\/hu\/wp-json\/wp\/v2\/comments?post=26433"}],"version-history":[{"count":0,"href":"https:\/\/univet.hu\/hu\/wp-json\/wp\/v2\/pages\/26433\/revisions"}],"up":[{"embeddable":true,"href":"https:\/\/univet.hu\/hu\/wp-json\/wp\/v2\/pages\/26429"}],"wp:attachment":[{"href":"https:\/\/univet.hu\/hu\/wp-json\/wp\/v2\/media?parent=26433"}],"wp:term":[{"taxonomy":"category","embeddable":true,"href":"https:\/\/univet.hu\/hu\/wp-json\/wp\/v2\/categories?post=26433"},{"taxonomy":"post_tag","embeddable":true,"href":"https:\/\/univet.hu\/hu\/wp-json\/wp\/v2\/tags?post=26433"}],"curies":[{"name":"wp","href":"https:\/\/api.w.org\/{rel}","templated":true}]}}