{"id":27079,"date":"2018-10-01T22:46:21","date_gmt":"2018-10-01T20:46:21","guid":{"rendered":"http:\/\/univet.hu\/?page_id=27079"},"modified":"2025-06-23T11:20:55","modified_gmt":"2025-06-23T09:20:55","slug":"kardiologia","status":"publish","type":"page","link":"https:\/\/univet.hu\/hu\/oktatas\/kurzusok\/kardiologia\/","title":{"rendered":"A kardiol\u00f3gia \u00e9lettani alapjai"},"content":{"rendered":"<h2><\/h2> <table> <tbody> <tr> <td style=\"width: 142.45px\"><strong>El\u0151tanulm\u00e1nyok:<\/strong><\/td> <td style=\"width: 515.75px\">a tananyag angol nyelv\u0171, a vizsga nyelve magyar<\/td> <\/tr> <tr> <td style=\"width: 142.45px\"><strong>El\u0151ad\u00f3:<\/strong><\/td> <td style=\"width: 515.75px\">Dr. Freny\u00f3 V. L\u00e1szl\u00f3 egyetemi tan\u00e1r<\/td> <\/tr> <tr> <td style=\"width: 142.45px\"><strong>Tematika:<\/strong><\/td> <td style=\"width: 515.75px\"> <ul> <li>A sz\u00edvizom elektrofiziol\u00f3gi\u00e1ja<\/li> <li>Transzmitter anyagok \u00e9s azok befoly\u00e1sol\u00e1sa a sz\u00edvm\u0171k\u00f6d\u00e9s kapcs\u00e1n<\/li> <li>A sz\u00edvm\u0171k\u00f6d\u00e9s vizsg\u00e1lat\u00e1nak k\u00eds\u00e9rletes m\u00f3dszerei<\/li> <li>A sz\u00edvm\u0171k\u00f6d\u00e9s mechanik\u00e1ja \u00e9s annak szab\u00e1lyoz\u00e1sa<\/li> <\/ul> <\/td> <\/tr> <tr> <td style=\"width: 142.45px\"><strong>Oszt\u00e1lyz\u00e1s:<\/strong><\/td> <td style=\"width: 515.75px\">\u00f6tfokozat\u00fa \u00e9rt\u00e9kel\u00e9s (jegy)<\/td> <\/tr> <\/tbody> <\/table> <p>A tananyag el\u00e9rhet\u0151 a honlapunkon. A tananyag megtekint\u00e9s\u00e9hez haszn\u00e1lj\u00e1k az \u00e9lettan login fel\u00fclet\u00e9n haszn\u00e1lt jelszavukat. A\u00a0<a href=\"https:\/\/univet.hu\/hu\/vetphysiol\/elettan\/fakultativ-targyak\/kardiologia\/cvl\/\" data-replaced=\"true\">tananyag oldal\u00e1t itt<\/a>\u00a0tal\u00e1lja.<\/p> <p>&nbsp;<\/p> <p>&nbsp;<\/p>","protected":false},"excerpt":{"rendered":"<p>El\u0151tanulm\u00e1nyok: a tananyag angol nyelv\u0171, a vizsga nyelve magyar El\u0151ad\u00f3: Dr. Freny\u00f3 V. L\u00e1szl\u00f3 egyetemi tan\u00e1r Tematika: A sz\u00edvizom elektrofiziol\u00f3gi\u00e1ja Transzmitter anyagok \u00e9s azok befoly\u00e1sol\u00e1sa a sz\u00edvm\u0171k\u00f6d\u00e9s kapcs\u00e1n A sz\u00edvm\u0171k\u00f6d\u00e9s vizsg\u00e1lat\u00e1nak k\u00eds\u00e9rletes m\u00f3dszerei A sz\u00edvm\u0171k\u00f6d\u00e9s mechanik\u00e1ja \u00e9s annak szab\u00e1lyoz\u00e1sa Oszt\u00e1lyz\u00e1s: \u00f6tfokozat\u00fa \u00e9rt\u00e9kel\u00e9s (jegy) A tananyag el\u00e9rhet\u0151 a honlapunkon. A tananyag megtekint\u00e9s\u00e9hez haszn\u00e1lj\u00e1k az \u00e9lettan login<\/p>\n","protected":false},"author":3837,"featured_media":0,"parent":677,"menu_order":112,"comment_status":"closed","ping_status":"closed","template":"","meta":{"_acf_changed":false,"footnotes":""},"categories":[64],"tags":[],"class_list":["post-27079","page","type-page","status-publish","hentry","category-kurzusok"],"acf":[],"_links":{"self":[{"href":"https:\/\/univet.hu\/hu\/wp-json\/wp\/v2\/pages\/27079","targetHints":{"allow":["GET"]}}],"collection":[{"href":"https:\/\/univet.hu\/hu\/wp-json\/wp\/v2\/pages"}],"about":[{"href":"https:\/\/univet.hu\/hu\/wp-json\/wp\/v2\/types\/page"}],"author":[{"embeddable":true,"href":"https:\/\/univet.hu\/hu\/wp-json\/wp\/v2\/users\/3837"}],"replies":[{"embeddable":true,"href":"https:\/\/univet.hu\/hu\/wp-json\/wp\/v2\/comments?post=27079"}],"version-history":[{"count":1,"href":"https:\/\/univet.hu\/hu\/wp-json\/wp\/v2\/pages\/27079\/revisions"}],"predecessor-version":[{"id":185745,"href":"https:\/\/univet.hu\/hu\/wp-json\/wp\/v2\/pages\/27079\/revisions\/185745"}],"up":[{"embeddable":true,"href":"https:\/\/univet.hu\/hu\/wp-json\/wp\/v2\/pages\/677"}],"wp:attachment":[{"href":"https:\/\/univet.hu\/hu\/wp-json\/wp\/v2\/media?parent=27079"}],"wp:term":[{"taxonomy":"category","embeddable":true,"href":"https:\/\/univet.hu\/hu\/wp-json\/wp\/v2\/categories?post=27079"},{"taxonomy":"post_tag","embeddable":true,"href":"https:\/\/univet.hu\/hu\/wp-json\/wp\/v2\/tags?post=27079"}],"curies":[{"name":"wp","href":"https:\/\/api.w.org\/{rel}","templated":true}]}}