{"id":27086,"date":"2018-10-01T22:48:37","date_gmt":"2018-10-01T20:48:37","guid":{"rendered":"http:\/\/univet.hu\/?page_id=27086"},"modified":"2026-01-29T12:08:44","modified_gmt":"2026-01-29T11:08:44","slug":"osallattan","status":"publish","type":"page","link":"https:\/\/univet.hu\/hu\/oktatas\/kurzusok\/osallattan\/","title":{"rendered":"\u0150sl\u00e9nyek \u00e9lettana"},"content":{"rendered":"<p>The course that allows insight into physiological mechanisms and principles from an aspect fully different from that of regular subjects, is devoted primarily for veterinary students, however it well completes the curriculum of the Biology BSc and MSc students. The goal of the course is to present the phylogenetic development of the most important physiological phenomena by mean of the recent findings. The course discusses the physiological features and inventions of the main groups of ancient creatures, and their way of adaptation to environmental conditions. The subject ends with a short summary of the major evolutionary processes and principles.<\/p> <table style=\"width: 200.0129%;height: 588px\"> <tbody> <tr> <td style=\"width: 50%\"><strong>Prerequisites:<\/strong><\/td> <td style=\"width: 100%\">Physiology I.<\/td> <\/tr> <tr> <td style=\"width: 40%\"><strong>Lecturer:<\/strong><\/td> <td style=\"width: 100%\">David Sandor Kiss, PhD<\/td> <\/tr> <tr> <td style=\"width: 40%\"><strong>Topics:<\/strong><\/td> <td style=\"width: 100%\"> <ul> <li>Origin of the Metazoans<\/li> <li>Fishes<\/li> <li>Origin of basal Tetrapods<\/li> <li>Dinosaurs<\/li> <li>Bird evolution<\/li> <li>Mammals<\/li> <li>Mechanisms of evolution<\/li> <\/ul> <\/td> <\/tr> <tr> <td style=\"width: 45.8221%\"><strong>Language of the course:<\/strong><\/td> <td style=\"width: 109.704%\">English<\/td> <\/tr> <tr> <td style=\"width: 45.8221%\"><strong>Grading:<\/strong><\/td> <td style=\"width: 109.704%\">Marks from 1 to 5<\/td> <\/tr> <\/tbody> <\/table> <p>&nbsp;<\/p>","protected":false},"excerpt":{"rendered":"<p>The course that allows insight into physiological mechanisms and principles from an aspect fully different from that of regular subjects, is devoted primarily for veterinary students, however it well completes the curriculum of the Biology BSc and MSc students. The goal of the course is to present the phylogenetic development of the most important physiological<\/p>\n","protected":false},"author":3837,"featured_media":0,"parent":677,"menu_order":112,"comment_status":"closed","ping_status":"closed","template":"","meta":{"_acf_changed":false,"footnotes":""},"categories":[64],"tags":[],"class_list":["post-27086","page","type-page","status-publish","hentry","category-kurzusok"],"acf":[],"_links":{"self":[{"href":"https:\/\/univet.hu\/hu\/wp-json\/wp\/v2\/pages\/27086","targetHints":{"allow":["GET"]}}],"collection":[{"href":"https:\/\/univet.hu\/hu\/wp-json\/wp\/v2\/pages"}],"about":[{"href":"https:\/\/univet.hu\/hu\/wp-json\/wp\/v2\/types\/page"}],"author":[{"embeddable":true,"href":"https:\/\/univet.hu\/hu\/wp-json\/wp\/v2\/users\/3837"}],"replies":[{"embeddable":true,"href":"https:\/\/univet.hu\/hu\/wp-json\/wp\/v2\/comments?post=27086"}],"version-history":[{"count":6,"href":"https:\/\/univet.hu\/hu\/wp-json\/wp\/v2\/pages\/27086\/revisions"}],"predecessor-version":[{"id":198351,"href":"https:\/\/univet.hu\/hu\/wp-json\/wp\/v2\/pages\/27086\/revisions\/198351"}],"up":[{"embeddable":true,"href":"https:\/\/univet.hu\/hu\/wp-json\/wp\/v2\/pages\/677"}],"wp:attachment":[{"href":"https:\/\/univet.hu\/hu\/wp-json\/wp\/v2\/media?parent=27086"}],"wp:term":[{"taxonomy":"category","embeddable":true,"href":"https:\/\/univet.hu\/hu\/wp-json\/wp\/v2\/categories?post=27086"},{"taxonomy":"post_tag","embeddable":true,"href":"https:\/\/univet.hu\/hu\/wp-json\/wp\/v2\/tags?post=27086"}],"curies":[{"name":"wp","href":"https:\/\/api.w.org\/{rel}","templated":true}]}}