{"id":27102,"date":"2018-10-01T22:52:28","date_gmt":"2018-10-01T20:52:28","guid":{"rendered":"http:\/\/univet.hu\/?page_id=27102"},"modified":"2025-06-12T11:27:02","modified_gmt":"2025-06-12T09:27:02","slug":"kornyezetelettan","status":"publish","type":"page","link":"https:\/\/univet.hu\/hu\/oktatas\/kurzusok\/kornyezetelettan\/","title":{"rendered":"K\u00f6rnyezet\u00e9lettan"},"content":{"rendered":"<p>A kurzus sor\u00e1n a hallgat\u00f3k megismerkednek azzal, hogy az \u00e1llati szervezet \u2013 mind evol\u00faci\u00f3s, popul\u00e1ci\u00f3s, mind pedig individu\u00e1lis szinten \u2013 hogyan alkalmazkodik a k\u00f6rnyezeti felt\u00e9telekhez, v\u00e1ltoz\u00e1sokhoz mindezzel \u00e1ltal\u00e1nos \u00e9rtelemben v\u00e9ve elm\u00e9ly\u00edtve az \u00e9lettani folyamatokkal kapcsolatos ismereteket a molekul\u00e1ris szintt\u0151l, a szervezet eg\u00e9sz\u00e9t \u00e9rint\u0151 v\u00e1ltoz\u00e1sokon \u00e1t eg\u00e9szen a viselked\u00e9s-\u00e9lettani saj\u00e1toss\u00e1gokig<\/p> <p>Az ismeretek \u00e1tad\u00e1sa sor\u00e1n nagy hangs\u00falyt igyeksz\u00fcnk fektetni a vonatkoz\u00f3 szakirodalomban val\u00f3 t\u00e1j\u00e9koz\u00f3d\u00e1sra, az ez \u00faton gy\u0171jt\u00f6tt inform\u00e1ci\u00f3k \u00f6sszegz\u00e9s\u00e9re, \u00e9rtelmez\u00e9s\u00e9re. A hallgat\u00f3k a tananyaggal nemcsak front\u00e1lis \u00e9s egy\u00e9ni tanul\u00e1s \u00fatj\u00e1n, hanem csoportos probl\u00e9mamegold\u00f3 feladatokon, diszkusszi\u00f3kon, hallgat\u00f3i prezent\u00e1ci\u00f3kon \u00e9s r\u00f6vid tudom\u00e1nyos ig\u00e9nyess\u00e9g\u0171 mini-besz\u00e1mol\u00f3kon kereszt\u00fcl foglalkoznak, ezzel is seg\u00edtve a szakdolgozat elk\u00e9sz\u00edt\u00e9s\u00e9hez sz\u00fcks\u00e9ges \u00e9s a kommunik\u00e1ci\u00f3s k\u00e9szs\u00e9gek megszerz\u00e9s\u00e9t, fejleszt\u00e9s\u00e9t.<\/p> <table> <tbody> <tr> <td><strong>Prerequisites:<\/strong><\/td> <td>Physiology I.<\/td> <\/tr> <tr> <td><strong>Lecturer:<\/strong><\/td> <td><a href=\"http:\/\/www.vetphysiol.hu\/eng\/about.php\">David Sandor Kiss, PhD<\/a><\/td> <\/tr> <tr> <td><strong>Topics:<\/strong><\/td> <td> <ul> <li>Introduction, terms and trends<\/li> <li>Adaptations of thermoregulation, circulatory system, respiration to environmental conditions<\/li> <li>Adaptations of osmotic and acid base homeostasis, metabolism to environmental conditions<\/li> <li>Physiology and behaviour: food effects; gut-brain axis<\/li> <li>Brain and evolution<\/li> <li>Development of immune processes<\/li> <li>Evolutionary role of social life<\/li> <li>Role and evolution of sexual reproduction; role and evolution aging<\/li> <li>Biological clocks<\/li> <li>Development of behaviour<\/li> <li>Hormones and behaviour, the effects of the environment<\/li> <li>Drive and motivation; behavioural responses to change in environment<\/li> <li>Final discussion, evaluation of students activity<\/li> <\/ul> <\/td> <\/tr> <tr> <td><strong>Language of the course:<\/strong><\/td> <td>English<\/td> <\/tr> <tr> <td><strong>Grading:<\/strong><\/td> <td>Marks from 1 to 5<\/td> <\/tr> <\/tbody> <\/table> <p>&nbsp;<\/p> <p>&nbsp;<\/p>","protected":false},"excerpt":{"rendered":"<p>A kurzus sor\u00e1n a hallgat\u00f3k megismerkednek azzal, hogy az \u00e1llati szervezet \u2013 mind evol\u00faci\u00f3s, popul\u00e1ci\u00f3s, mind pedig individu\u00e1lis szinten \u2013 hogyan alkalmazkodik a k\u00f6rnyezeti felt\u00e9telekhez, v\u00e1ltoz\u00e1sokhoz mindezzel \u00e1ltal\u00e1nos \u00e9rtelemben v\u00e9ve elm\u00e9ly\u00edtve az \u00e9lettani folyamatokkal kapcsolatos ismereteket a molekul\u00e1ris szintt\u0151l, a szervezet eg\u00e9sz\u00e9t \u00e9rint\u0151 v\u00e1ltoz\u00e1sokon \u00e1t eg\u00e9szen a viselked\u00e9s-\u00e9lettani saj\u00e1toss\u00e1gokig Az ismeretek \u00e1tad\u00e1sa sor\u00e1n nagy hangs\u00falyt<\/p>\n","protected":false},"author":3837,"featured_media":0,"parent":677,"menu_order":121,"comment_status":"closed","ping_status":"closed","template":"","meta":{"_acf_changed":false,"footnotes":""},"categories":[64],"tags":[],"class_list":["post-27102","page","type-page","status-publish","hentry","category-kurzusok"],"acf":[],"_links":{"self":[{"href":"https:\/\/univet.hu\/hu\/wp-json\/wp\/v2\/pages\/27102","targetHints":{"allow":["GET"]}}],"collection":[{"href":"https:\/\/univet.hu\/hu\/wp-json\/wp\/v2\/pages"}],"about":[{"href":"https:\/\/univet.hu\/hu\/wp-json\/wp\/v2\/types\/page"}],"author":[{"embeddable":true,"href":"https:\/\/univet.hu\/hu\/wp-json\/wp\/v2\/users\/3837"}],"replies":[{"embeddable":true,"href":"https:\/\/univet.hu\/hu\/wp-json\/wp\/v2\/comments?post=27102"}],"version-history":[{"count":2,"href":"https:\/\/univet.hu\/hu\/wp-json\/wp\/v2\/pages\/27102\/revisions"}],"predecessor-version":[{"id":185750,"href":"https:\/\/univet.hu\/hu\/wp-json\/wp\/v2\/pages\/27102\/revisions\/185750"}],"up":[{"embeddable":true,"href":"https:\/\/univet.hu\/hu\/wp-json\/wp\/v2\/pages\/677"}],"wp:attachment":[{"href":"https:\/\/univet.hu\/hu\/wp-json\/wp\/v2\/media?parent=27102"}],"wp:term":[{"taxonomy":"category","embeddable":true,"href":"https:\/\/univet.hu\/hu\/wp-json\/wp\/v2\/categories?post=27102"},{"taxonomy":"post_tag","embeddable":true,"href":"https:\/\/univet.hu\/hu\/wp-json\/wp\/v2\/tags?post=27102"}],"curies":[{"name":"wp","href":"https:\/\/api.w.org\/{rel}","templated":true}]}}