{"id":27104,"date":"2018-10-01T22:52:49","date_gmt":"2018-10-01T20:52:49","guid":{"rendered":"http:\/\/univet.hu\/?page_id=27104"},"modified":"2025-06-12T11:26:45","modified_gmt":"2025-06-12T09:26:45","slug":"tanulas-elettana","status":"publish","type":"page","link":"https:\/\/univet.hu\/hu\/oktatas\/kurzusok\/tanulas-elettana\/","title":{"rendered":"A tanul\u00e1s \u00e9lettana"},"content":{"rendered":"<p>&nbsp;<\/p> <table> <tbody> <tr> <td style=\"width: 141px\"><strong>El\u0151tanulm\u00e1nyok<\/strong><\/td> <td style=\"width: 529px\">\u00c9lettan 1<\/td> <\/tr> <tr> <td style=\"width: 141px\"><strong>El\u0151ad\u00f3<\/strong><\/td> <td style=\"width: 529px\">Dr. T\u00f3th Istv\u00e1n egyetemi docens<\/td> <\/tr> <tr> <td style=\"width: 141px\"><strong>Tematika<\/strong><\/td> <td style=\"width: 529px\"> <ul> <li>Bevezet\u00e9s, a k\u00f6zponti idegrendszer anat\u00f3mi\u00e1ja \u00e9s \u00e9lettana<\/li> <li>A tanul\u00e1ssal kapcsolatos anat\u00f3miai strukt\u00far\u00e1k \u00e9s \u00e9lettani folyamatok<\/li> <li>R\u00f6vid, k\u00f6z\u00e9p \u00e9s hossz\u00fa t\u00e1v\u00fa mem\u00f3ria; tanul\u00e1s sejtszinten<\/li> <li>Pszichol\u00f3giai faktorok a tanul\u00e1sban: a motiv\u00e1ci\u00f3<\/li> <li>\u201eFormative and summative\u201d \u00e9rt\u00e9kel\u00e9s<\/li> <li>Az egyetemen k\u00edv\u00fcli tev\u00e9kenys\u00e9gek szerepe a tanul\u00e1sban<\/li> <\/ul> <\/td> <\/tr> <tr> <td style=\"width: 141px\"><strong>Oszt\u00e1lyoz\u00e1s<\/strong><\/td> <td style=\"width: 529px\">\u00f6tfokozat\u00fa \u00e9rt\u00e9kel\u00e9s (jegy)<\/td> <\/tr> <\/tbody> <\/table> <p>A fakult\u00e1ci\u00f3 speci\u00e1lisan m\u00e1sod\u00e9ves hallgat\u00f3knak lett kidolgozva, akik az \u00e9lettan m\u00e1sodik f\u00e9l\u00e9v\u00e9vel p\u00e1rhuzamosan m\u00e9lyebb betekint\u00e9st nyerhetnek a k\u00f6zponti idegrendszer m\u0171k\u00f6d\u00e9s\u00e9be, azon bel\u00fcl is a tanul\u00e1ssal kapcsolatos folyamatokba.<\/p> <p>A kurzus f\u0151 c\u00e9lja a tanul\u00e1st \u00e9rint\u0151 ideg\u00e9lettani mechanizmusok, \u00e9s pszichol\u00f3giai faktorok didaktikus bemutat\u00e1sa, egy\u00fattal szeml\u00e9ltetve a modern oktat\u00e1sban leggyakrabban alkalmazott m\u00f3dszereket (front\u00e1lis el\u0151ad\u00e1s, plen\u00e1ris el\u0151ad\u00e1s, tutori\u00e1lis k\u00e9pz\u00e9s, \u00f6n\u00e1ll\u00f3 \u00e9s csoportos tanul\u00e1s el\u0151nyei). Az egyes t\u00e9mak\u00f6r\u00f6ket a makroszk\u00f3pos ideg\u00e9lettani jelens\u00e9gekt\u0151l eg\u00e9szen a szubcellul\u00e1ris folyamatokig a hallgat\u00f3k v\u00e1ltoz\u00f3 oktat\u00e1si rendszerben saj\u00e1t\u00edthatj\u00e1k el, melynek eredm\u00e9nyek\u00e9nt megismerhetik a szem\u00e9lyre szabott leghat\u00e9konyabb m\u00f3dszert.<\/p> <p>A kurzus nem titkolt c\u00e9lja tov\u00e1bb\u00e1, hogy seg\u00edtse a hallgat\u00f3k tanul\u00e1s\u00e1t \u00e9s egyben egyetemi el\u0151menetel\u00e9t. Az el\u0151ad\u00e1ssorozatban legal\u00e1bb k\u00e9t alkalommal beilleszt\u00e9sre ker\u00fcl egy \u2019vitanap\u2019, melynek keret\u00e9n bel\u00fcl az egyetem\u00fcnk\u00f6n legelfogadottabb oktat\u00e1si m\u00f3dszerek mellett illetve ellen kell \u00e9rveket felsorakoztatni, amiket interakt\u00edv m\u00f3don, hallgat\u00f3k szerves r\u00e9szv\u00e9tel\u00e9vel ki is elemz\u00fcnk.<\/p> <p>A kurzus fel\u00e9p\u00edt\u00e9s\u00e9b\u0151l ad\u00f3d\u00f3an az \u00f3r\u00e1kon t\u00f6rt\u00e9n\u0151 akt\u00edv r\u00e9szv\u00e9tel a t\u00e1rgy teljes\u00edt\u00e9s\u00e9hez elengedhetetlen.<\/p> <p>&nbsp;<\/p>","protected":false},"excerpt":{"rendered":"<p>&nbsp; El\u0151tanulm\u00e1nyok \u00c9lettan 1 El\u0151ad\u00f3 Dr. T\u00f3th Istv\u00e1n egyetemi docens Tematika Bevezet\u00e9s, a k\u00f6zponti idegrendszer anat\u00f3mi\u00e1ja \u00e9s \u00e9lettana A tanul\u00e1ssal kapcsolatos anat\u00f3miai strukt\u00far\u00e1k \u00e9s \u00e9lettani folyamatok R\u00f6vid, k\u00f6z\u00e9p \u00e9s hossz\u00fa t\u00e1v\u00fa mem\u00f3ria; tanul\u00e1s sejtszinten Pszichol\u00f3giai faktorok a tanul\u00e1sban: a motiv\u00e1ci\u00f3 \u201eFormative and summative\u201d \u00e9rt\u00e9kel\u00e9s Az egyetemen k\u00edv\u00fcli tev\u00e9kenys\u00e9gek szerepe a tanul\u00e1sban Oszt\u00e1lyoz\u00e1s \u00f6tfokozat\u00fa \u00e9rt\u00e9kel\u00e9s (jegy)<\/p>\n","protected":false},"author":3837,"featured_media":0,"parent":677,"menu_order":112,"comment_status":"closed","ping_status":"closed","template":"","meta":{"_acf_changed":false,"footnotes":""},"categories":[64],"tags":[],"class_list":["post-27104","page","type-page","status-publish","hentry","category-kurzusok"],"acf":[],"_links":{"self":[{"href":"https:\/\/univet.hu\/hu\/wp-json\/wp\/v2\/pages\/27104","targetHints":{"allow":["GET"]}}],"collection":[{"href":"https:\/\/univet.hu\/hu\/wp-json\/wp\/v2\/pages"}],"about":[{"href":"https:\/\/univet.hu\/hu\/wp-json\/wp\/v2\/types\/page"}],"author":[{"embeddable":true,"href":"https:\/\/univet.hu\/hu\/wp-json\/wp\/v2\/users\/3837"}],"replies":[{"embeddable":true,"href":"https:\/\/univet.hu\/hu\/wp-json\/wp\/v2\/comments?post=27104"}],"version-history":[{"count":1,"href":"https:\/\/univet.hu\/hu\/wp-json\/wp\/v2\/pages\/27104\/revisions"}],"predecessor-version":[{"id":185746,"href":"https:\/\/univet.hu\/hu\/wp-json\/wp\/v2\/pages\/27104\/revisions\/185746"}],"up":[{"embeddable":true,"href":"https:\/\/univet.hu\/hu\/wp-json\/wp\/v2\/pages\/677"}],"wp:attachment":[{"href":"https:\/\/univet.hu\/hu\/wp-json\/wp\/v2\/media?parent=27104"}],"wp:term":[{"taxonomy":"category","embeddable":true,"href":"https:\/\/univet.hu\/hu\/wp-json\/wp\/v2\/categories?post=27104"},{"taxonomy":"post_tag","embeddable":true,"href":"https:\/\/univet.hu\/hu\/wp-json\/wp\/v2\/tags?post=27104"}],"curies":[{"name":"wp","href":"https:\/\/api.w.org\/{rel}","templated":true}]}}