{"id":2781,"date":"2017-02-08T12:14:00","date_gmt":"2017-02-08T11:14:00","guid":{"rendered":"http:\/\/univet.hu\/klinikak\/kisallat\/szuleszeti-klinika-kisallatklinika\/altalanos-betegellatas\/"},"modified":"2018-04-18T22:09:57","modified_gmt":"2018-04-18T20:09:57","slug":"altalanos-betegellatas","status":"publish","type":"page","link":"https:\/\/univet.hu\/hu\/klinikak\/kisallatklinika\/altalanos-betegellatas\/","title":{"rendered":"\u00c1ltal\u00e1nos betegell\u00e1t\u00e1s"},"content":{"rendered":"<p>A hobbi- &eacute;s t&aacute;rs&aacute;llattart&aacute;s fokozatos t&eacute;rnyer&eacute;s&eacute;vel egyre gyakrabban mer&uuml;l fel ig&eacute;ny bizonyos -a kis&aacute;llat sz&uuml;l&eacute;szet &eacute;s szaporod&aacute;sbiol&oacute;gia t&aacute;rgyk&ouml;r&eacute;be tartoz&oacute;- vizsg&aacute;latokra &eacute;s beavatkoz&aacute;sokra. Az &aacute;ltal&aacute;nos betegell&aacute;t&aacute;s keret&eacute;ben v&eacute;gezz&uuml;k:<\/p> <ul> <li>ell&eacute;si seg&eacute;lyny&uacute;jt&aacute;s<\/li> <li>sz&uuml;l&eacute;szeti vizsg&aacute;lat;<\/li> <li>ovul&aacute;ci&oacute; diagnosztika, fedeztet&eacute;s optim&aacute;lis idej&eacute;nek a meg&aacute;llap&iacute;t&aacute;sa<\/li> <li>nemi szervek ultrahang vizsg&aacute;lata<\/li> <li>vemhess&eacute;g vizsg&aacute;lat<\/li> <li>mesters&eacute;ges term&eacute;keny&iacute;t&eacute;s<\/li> <li>sperma sz&aacute;ll&iacute;t&aacute;s<\/li> <li>cs&aacute;sz&aacute;rmetsz&eacute;s<\/li> <li>neonatol&oacute;gia (&uacute;jsz&uuml;l&ouml;ttek gondoz&aacute;sa)<\/li> <li>ivartalan&iacute;t&aacute;s<\/li> <li>nemi szervi daganatok meg&aacute;llap&iacute;t&aacute;sa &eacute;s m\u0171t&eacute;ti kezel&eacute;se (eml\u0151-, h&uuml;vely-, m&eacute;h-, petef&eacute;szekdaganat).<\/li> <\/ul> <p>A fenti szolg&aacute;ltat&aacute;sokkal munkanapokon 9.00 &eacute;s 16.00 k&ouml;z&ouml;tt &aacute;llunk az &uuml;gyfelek rendelkez&eacute;s&eacute;re. Az adott szakter&uuml;letet gyakorl&oacute; &aacute;llatorvossal el\u0151zetes telefonos id\u0151pont-egyeztet&eacute;s is lehets&eacute;ges.<\/p> <p><a href=\"https:\/\/univet.hu\/files\/subpages\/220\/files\/Dijtetelek_2014.pdf\" data-replaced=\"true\" target=\"_blank\">&Aacute;rlista<\/a><\/p> <p><a href=\"https:\/\/univet.hu\/files\/subpages\/220\/files\/beleegyez%C5%91.pdf\" data-replaced=\"true\" target=\"_blank\">M\u0171t&eacute;ti beleegyez\u0151 nyilatkozat mint&aacute;ja<\/a><\/p>","protected":false},"excerpt":{"rendered":"<p>A hobbi- &eacute;s t&aacute;rs&aacute;llattart&aacute;s fokozatos t&eacute;rnyer&eacute;s&eacute;vel egyre gyakrabban mer&uuml;l fel ig&eacute;ny bizonyos -a kis&aacute;llat sz&uuml;l&eacute;szet &eacute;s szaporod&aacute;sbiol&oacute;gia t&aacute;rgyk&ouml;r&eacute;be tartoz&oacute;- vizsg&aacute;latokra &eacute;s beavatkoz&aacute;sokra. Az &aacute;ltal&aacute;nos betegell&aacute;t&aacute;s keret&eacute;ben v&eacute;gezz&uuml;k: ell&eacute;si seg&eacute;lyny&uacute;jt&aacute;s sz&uuml;l&eacute;szeti vizsg&aacute;lat; ovul&aacute;ci&oacute; diagnosztika, fedeztet&eacute;s optim&aacute;lis idej&eacute;nek a meg&aacute;llap&iacute;t&aacute;sa nemi szervek ultrahang vizsg&aacute;lata vemhess&eacute;g vizsg&aacute;lat mesters&eacute;ges term&eacute;keny&iacute;t&eacute;s sperma sz&aacute;ll&iacute;t&aacute;s cs&aacute;sz&aacute;rmetsz&eacute;s neonatol&oacute;gia (&uacute;jsz&uuml;l&ouml;ttek gondoz&aacute;sa) ivartalan&iacute;t&aacute;s nemi szervi<\/p>\n","protected":false},"author":1,"featured_media":0,"parent":2209,"menu_order":200,"comment_status":"closed","ping_status":"closed","template":"","meta":{"_acf_changed":false,"footnotes":""},"categories":[],"tags":[],"class_list":["post-2781","page","type-page","status-publish","hentry"],"acf":[],"_links":{"self":[{"href":"https:\/\/univet.hu\/hu\/wp-json\/wp\/v2\/pages\/2781","targetHints":{"allow":["GET"]}}],"collection":[{"href":"https:\/\/univet.hu\/hu\/wp-json\/wp\/v2\/pages"}],"about":[{"href":"https:\/\/univet.hu\/hu\/wp-json\/wp\/v2\/types\/page"}],"author":[{"embeddable":true,"href":"https:\/\/univet.hu\/hu\/wp-json\/wp\/v2\/users\/1"}],"replies":[{"embeddable":true,"href":"https:\/\/univet.hu\/hu\/wp-json\/wp\/v2\/comments?post=2781"}],"version-history":[{"count":0,"href":"https:\/\/univet.hu\/hu\/wp-json\/wp\/v2\/pages\/2781\/revisions"}],"up":[{"embeddable":true,"href":"https:\/\/univet.hu\/hu\/wp-json\/wp\/v2\/pages\/2209"}],"wp:attachment":[{"href":"https:\/\/univet.hu\/hu\/wp-json\/wp\/v2\/media?parent=2781"}],"wp:term":[{"taxonomy":"category","embeddable":true,"href":"https:\/\/univet.hu\/hu\/wp-json\/wp\/v2\/categories?post=2781"},{"taxonomy":"post_tag","embeddable":true,"href":"https:\/\/univet.hu\/hu\/wp-json\/wp\/v2\/tags?post=2781"}],"curies":[{"name":"wp","href":"https:\/\/api.w.org\/{rel}","templated":true}]}}