{"id":2783,"date":"2016-02-08T10:08:00","date_gmt":"2016-02-08T09:08:00","guid":{"rendered":"http:\/\/univet.hu\/klinikak\/kisallat\/szuleszeti-klinika-kisallatklinika\/surgossegi-betegellatas\/"},"modified":"2018-04-18T22:10:01","modified_gmt":"2018-04-18T20:10:01","slug":"surgossegi-betegellatas","status":"publish","type":"page","link":"https:\/\/univet.hu\/hu\/klinikak\/kisallatklinika\/surgossegi-betegellatas\/","title":{"rendered":"S\u00fcrg\u0151ss\u00e9gi betegell\u00e1t\u00e1s"},"content":{"rendered":"<p>Az &aacute;llatok hirtelen rosszull&eacute;te eset&eacute;n &#8211; amelynek h&aacute;tter&eacute;ben sz&uuml;l&eacute;szeti, szaporod&aacute;sbiol&oacute;giai probl&eacute;ma is &aacute;llhat &#8211; a tov&aacute;bbi &aacute;llapotroml&aacute;s megakad&aacute;lyoz&aacute;s&aacute;hoz, illetve az &aacute;llat &eacute;let&eacute;nek megment&eacute;s&eacute;hez azonnali &aacute;llatorvosi beavatkoz&aacute;s sz&uuml;ks&eacute;ges. Ezeket a p&aacute;cienseket a h&eacute;t minden napj&aacute;n, napi 24 &oacute;r&aacute;ban ell&aacute;tjuk &uuml;gyeleti munkarendben. S&uuml;rg\u0151ss&eacute;gi ell&aacute;t&aacute;st ig&eacute;nyl\u0151 sz&uuml;l&eacute;szeti probl&eacute;m&aacute;k:<\/p> <ul> <li>a elakadt ell&eacute;s,<\/li> <li>a vemhess&eacute;gi toxik&oacute;zis (s&uacute;lyos klinikai t&uuml;netekkel j&aacute;r&oacute; energiahi&aacute;ny vemhes &aacute;llatban),<\/li> <li>a gennyes m&eacute;hgyullad&aacute;s,<\/li> <li>a m&eacute;hcsavarod&aacute;s,<\/li> <li>a herecsavarod&aacute;s,<\/li> <li>a hirtelen jelent\u0151s mennyis&eacute;g\u0171 v&eacute;rveszt&eacute;s az ivarszerveken &aacute;t,<\/li> <li>az eclampsia (k&aacute;lciumhi&aacute;ny k&ouml;vetkezt&eacute;ben kialakul&oacute; g&ouml;rcs&ouml;s tudatveszt&eacute;ses &aacute;llapot a szoptat&aacute;s id\u0151szak&aacute;ban),<\/li> <\/ul> <p>amelyek szakszer\u0171 kezel&eacute;se a gy&oacute;gyszeres &aacute;llapotstabiliz&aacute;l&aacute;s &eacute;s az &eacute;letment\u0151 m\u0171t&eacute;ti beavatkoz&aacute;s k&ouml;z&ouml;tti sz&eacute;les palett&aacute;n mozoghat.<\/p> <p><a href=\"https:\/\/univet.hu\/files\/subpages\/221\/files\/Dijtetelek_2014.pdf\" data-replaced=\"true\" target=\"_blank\">&Aacute;rlista<\/a><\/p> <p><a href=\"https:\/\/univet.hu\/files\/subpages\/221\/files\/beleegyez%C5%91.pdf\" data-replaced=\"true\" target=\"_blank\">M\u0171t&eacute;ti beleegyez\u0151 nyilatkozat mint&aacute;ja<\/a><\/p> <p>&nbsp;<\/p>","protected":false},"excerpt":{"rendered":"<p>Az &aacute;llatok hirtelen rosszull&eacute;te eset&eacute;n &#8211; amelynek h&aacute;tter&eacute;ben sz&uuml;l&eacute;szeti, szaporod&aacute;sbiol&oacute;giai probl&eacute;ma is &aacute;llhat &#8211; a tov&aacute;bbi &aacute;llapotroml&aacute;s megakad&aacute;lyoz&aacute;s&aacute;hoz, illetve az &aacute;llat &eacute;let&eacute;nek megment&eacute;s&eacute;hez azonnali &aacute;llatorvosi beavatkoz&aacute;s sz&uuml;ks&eacute;ges. Ezeket a p&aacute;cienseket a h&eacute;t minden napj&aacute;n, napi 24 &oacute;r&aacute;ban ell&aacute;tjuk &uuml;gyeleti munkarendben. S&uuml;rg\u0151ss&eacute;gi ell&aacute;t&aacute;st ig&eacute;nyl\u0151 sz&uuml;l&eacute;szeti probl&eacute;m&aacute;k: a elakadt ell&eacute;s, a vemhess&eacute;gi toxik&oacute;zis (s&uacute;lyos klinikai t&uuml;netekkel j&aacute;r&oacute;<\/p>\n","protected":false},"author":1,"featured_media":0,"parent":2209,"menu_order":192,"comment_status":"closed","ping_status":"closed","template":"","meta":{"_acf_changed":false,"footnotes":""},"categories":[],"tags":[],"class_list":["post-2783","page","type-page","status-publish","hentry"],"acf":[],"_links":{"self":[{"href":"https:\/\/univet.hu\/hu\/wp-json\/wp\/v2\/pages\/2783","targetHints":{"allow":["GET"]}}],"collection":[{"href":"https:\/\/univet.hu\/hu\/wp-json\/wp\/v2\/pages"}],"about":[{"href":"https:\/\/univet.hu\/hu\/wp-json\/wp\/v2\/types\/page"}],"author":[{"embeddable":true,"href":"https:\/\/univet.hu\/hu\/wp-json\/wp\/v2\/users\/1"}],"replies":[{"embeddable":true,"href":"https:\/\/univet.hu\/hu\/wp-json\/wp\/v2\/comments?post=2783"}],"version-history":[{"count":0,"href":"https:\/\/univet.hu\/hu\/wp-json\/wp\/v2\/pages\/2783\/revisions"}],"up":[{"embeddable":true,"href":"https:\/\/univet.hu\/hu\/wp-json\/wp\/v2\/pages\/2209"}],"wp:attachment":[{"href":"https:\/\/univet.hu\/hu\/wp-json\/wp\/v2\/media?parent=2783"}],"wp:term":[{"taxonomy":"category","embeddable":true,"href":"https:\/\/univet.hu\/hu\/wp-json\/wp\/v2\/categories?post=2783"},{"taxonomy":"post_tag","embeddable":true,"href":"https:\/\/univet.hu\/hu\/wp-json\/wp\/v2\/tags?post=2783"}],"curies":[{"name":"wp","href":"https:\/\/api.w.org\/{rel}","templated":true}]}}