{"id":27833,"date":"2018-10-11T14:00:10","date_gmt":"2018-10-11T12:00:10","guid":{"rendered":"http:\/\/univet.hu\/?page_id=27833"},"modified":"2018-10-11T14:04:31","modified_gmt":"2018-10-11T12:04:31","slug":"kapcsolat-2","status":"publish","type":"page","link":"https:\/\/univet.hu\/hu\/biologia\/kapcsolat-2\/","title":{"rendered":"Kapcsolat"},"content":{"rendered":"<h2>\u00c1llatorvostudom\u00e1nyi Egyetem,<br \/> Biol\u00f3giai Int\u00e9zet<\/h2> <p><strong>C\u00edm:<\/strong> 1077 Budapest, Rottenbiller u. 50.<br \/> <strong>Postac\u00edm:<\/strong> 1400 Budapest Pf. 2<br \/> <strong>Telefonsz\u00e1m:<\/strong> +36-1-478-4231, mell\u00e9k: 8750<br \/> <strong>Fax:<\/strong> +36-1-478-4232 \/ 8757<br \/> <iframe loading=\"lazy\" src=\"http:\/\/maps.google.com\/?ie=UTF8&amp;t=h&amp;ll=47.504897,19.07450599999993&amp;spn=0.002537,0.00456&amp;z=17&amp;output=embed\" data-replaced=\"true\" width=\"350\" height=\"250\" frameborder=\"0\" marginwidth=\"0\" marginheight=\"0\" scrolling=\"no\"><\/iframe><\/p>","protected":false},"excerpt":{"rendered":"<p>\u00c1llatorvostudom\u00e1nyi Egyetem, Biol\u00f3giai Int\u00e9zet C\u00edm: 1077 Budapest, Rottenbiller u. 50. Postac\u00edm: 1400 Budapest Pf. 2 Telefonsz\u00e1m: +36-1-478-4231, mell\u00e9k: 8750 Fax: +36-1-478-4232 \/ 8757<\/p>\n","protected":false},"author":5823,"featured_media":0,"parent":26000,"menu_order":0,"comment_status":"closed","ping_status":"closed","template":"","meta":{"_acf_changed":false,"footnotes":""},"categories":[],"tags":[],"class_list":["post-27833","page","type-page","status-publish","hentry"],"acf":[],"_links":{"self":[{"href":"https:\/\/univet.hu\/hu\/wp-json\/wp\/v2\/pages\/27833","targetHints":{"allow":["GET"]}}],"collection":[{"href":"https:\/\/univet.hu\/hu\/wp-json\/wp\/v2\/pages"}],"about":[{"href":"https:\/\/univet.hu\/hu\/wp-json\/wp\/v2\/types\/page"}],"author":[{"embeddable":true,"href":"https:\/\/univet.hu\/hu\/wp-json\/wp\/v2\/users\/5823"}],"replies":[{"embeddable":true,"href":"https:\/\/univet.hu\/hu\/wp-json\/wp\/v2\/comments?post=27833"}],"version-history":[{"count":0,"href":"https:\/\/univet.hu\/hu\/wp-json\/wp\/v2\/pages\/27833\/revisions"}],"up":[{"embeddable":true,"href":"https:\/\/univet.hu\/hu\/wp-json\/wp\/v2\/pages\/26000"}],"wp:attachment":[{"href":"https:\/\/univet.hu\/hu\/wp-json\/wp\/v2\/media?parent=27833"}],"wp:term":[{"taxonomy":"category","embeddable":true,"href":"https:\/\/univet.hu\/hu\/wp-json\/wp\/v2\/categories?post=27833"},{"taxonomy":"post_tag","embeddable":true,"href":"https:\/\/univet.hu\/hu\/wp-json\/wp\/v2\/tags?post=27833"}],"curies":[{"name":"wp","href":"https:\/\/api.w.org\/{rel}","templated":true}]}}