{"id":2791,"date":"2018-04-18T21:48:59","date_gmt":"2018-04-18T19:48:59","guid":{"rendered":"http:\/\/univet.hu\/klinikak\/kisallat\/belgyogyaszat\/ambulans-betegellatas-oltasok\/"},"modified":"2018-04-23T16:49:53","modified_gmt":"2018-04-23T14:49:53","slug":"oltasok","status":"publish","type":"page","link":"https:\/\/univet.hu\/hu\/klinikak\/kisallatklinika\/ambulans-betegellatas\/oltasok\/","title":{"rendered":"Olt\u00e1sok"},"content":{"rendered":"<p><link href=\"css\/style.css\" rel=\"stylesheet\" type=\"text\/css\" \/> <h1><a href=\"index.php?page=ambulansbetegellatas\">AMBUL\u00c1NS BETEGELL\u00c1T\u00c1S<\/a>  OLT\u00c1SOK <\/h1> <h4>Veszetts\u00e9g olt\u00e1s  <\/h4> <ul> <li>Kuty\u00e1k eset\u00e9ben \u00e9vente egyszer k\u00f6telez\u0151 (az els\u0151 \u00e9let\u00e9vben f\u00e9l\u00e9ves k\u00fcl\u00f6nbs\u00e9ggel, k\u00e9t alkalommal k\u00f6telez\u0151).  <\/li> <li>Szabadba kij\u00e1r\u00f3 macsk\u00e1k eset\u00e9ben \u00e9vente aj\u00e1nlott.  <\/li> <\/ul> <p> <a href=\"http:\/\/www.maok.hu\/content\/_common\/attachments\/veszettsegtajekoztato.pdf\" target=\"_new\">A Magyar \u00c1llatorvosi Kamara t\u00e1j\u00e9koztat\u00f3ja kutyatulajdonosok r\u00e9sz\u00e9re!<\/a><\/p> <h4> Kombin\u00e1lt olt\u00e1sok  <\/h4> <p>A k\u00f6telez\u0151 veszetts\u00e9g olt\u00e1s mellett aj\u00e1nlott az egy\u00e9b fert\u0151z\u0151 betegs\u00e9gek ellen is \u00e9vente beoltani kedvenc\u00e9t.  <\/p> <table width=\"80%\" border=\"0\" align=\"center\" cellpadding=\"0\" cellspacing=\"0\"> <tr> <td width=\"50%\"> <p>Kuty\u00e1k eset\u00e9ben a kombin\u00e1lt olt\u00e1s        <\/p> <ul> <li>parvov\u00edrusos b\u00e9lgyullad\u00e1s,<\/li> <li> szopornyica,      <\/li> <li>fert\u0151z\u0151 m\u00e1jgyullad\u00e1s,      <\/li> <li>parainfluenza \u00e9s    <\/li> <li>leptospirosis ellen v\u00e9d.<\/li> <\/ul> <\/td> <td width=\"50%\" align=\"center\"><img loading=\"lazy\" decoding=\"async\" src=\"http:\/\/www2.univet.hu\/units\/belgyogyaszat\/pics\/kiskutyak.jpg\" data-replaced=\"true\" width=\"150\" height=\"87\" border=\"1\" \/><\/td> <\/tr> <tr> <td align=\"center\"><img loading=\"lazy\" decoding=\"async\" src=\"http:\/\/www2.univet.hu\/units\/belgyogyaszat\/pics\/macska3.jpg\" data-replaced=\"true\" width=\"150\" height=\"113\" border=\"1\" \/><\/td> <td> <p>Macsk\u00e1k eset\u00e9ben a kombin\u00e1lt olt\u00e1s     <\/p> <ul> <li> panleukopenia,      <\/li> <li>herpes- \u00e9s      <\/li> <li>caliciv\u00edrusos macskan\u00e1tha ellen v\u00e9d.    <\/li> <\/ul> <p>A kombin\u00e1lt olt\u00e1son fel\u00fcl kij\u00e1r\u00f3 macsk\u00e1knak a macskaleuk\u00f3zis elleni v\u00e9d\u0151olt\u00e1s is aj\u00e1nlott. <\/p> <\/td> <\/tr> <\/table> <p>&nbsp;<\/p> <h3><a href=\"index.php?page=oltasitajekoztato\">&gt;&gt; Olt\u00e1si t\u00e1j\u00e9koztat\u00f3<\/a> &lt;&lt;<\/h3> <p>&nbsp;<\/p> <p><a href=\"#top\">Vissza az oldal tetej\u00e9re&#8230;<\/a><\/p>","protected":false},"excerpt":{"rendered":"<p>AMBUL\u00c1NS BETEGELL\u00c1T\u00c1S OLT\u00c1SOK Veszetts\u00e9g olt\u00e1s Kuty\u00e1k eset\u00e9ben \u00e9vente egyszer k\u00f6telez\u0151 (az els\u0151 \u00e9let\u00e9vben f\u00e9l\u00e9ves k\u00fcl\u00f6nbs\u00e9ggel, k\u00e9t alkalommal k\u00f6telez\u0151). Szabadba kij\u00e1r\u00f3 macsk\u00e1k eset\u00e9ben \u00e9vente aj\u00e1nlott. A Magyar \u00c1llatorvosi Kamara t\u00e1j\u00e9koztat\u00f3ja kutyatulajdonosok r\u00e9sz\u00e9re! Kombin\u00e1lt olt\u00e1sok A k\u00f6telez\u0151 veszetts\u00e9g olt\u00e1s mellett aj\u00e1nlott az egy\u00e9b fert\u0151z\u0151 betegs\u00e9gek ellen is \u00e9vente beoltani kedvenc\u00e9t. Kuty\u00e1k eset\u00e9ben a kombin\u00e1lt olt\u00e1s parvov\u00edrusos b\u00e9lgyullad\u00e1s,<\/p>\n","protected":false},"author":1,"featured_media":0,"parent":2789,"menu_order":192,"comment_status":"closed","ping_status":"closed","template":"","meta":{"_acf_changed":false,"footnotes":""},"categories":[],"tags":[],"class_list":["post-2791","page","type-page","status-publish","hentry"],"acf":[],"_links":{"self":[{"href":"https:\/\/univet.hu\/hu\/wp-json\/wp\/v2\/pages\/2791","targetHints":{"allow":["GET"]}}],"collection":[{"href":"https:\/\/univet.hu\/hu\/wp-json\/wp\/v2\/pages"}],"about":[{"href":"https:\/\/univet.hu\/hu\/wp-json\/wp\/v2\/types\/page"}],"author":[{"embeddable":true,"href":"https:\/\/univet.hu\/hu\/wp-json\/wp\/v2\/users\/1"}],"replies":[{"embeddable":true,"href":"https:\/\/univet.hu\/hu\/wp-json\/wp\/v2\/comments?post=2791"}],"version-history":[{"count":0,"href":"https:\/\/univet.hu\/hu\/wp-json\/wp\/v2\/pages\/2791\/revisions"}],"up":[{"embeddable":true,"href":"https:\/\/univet.hu\/hu\/wp-json\/wp\/v2\/pages\/2789"}],"wp:attachment":[{"href":"https:\/\/univet.hu\/hu\/wp-json\/wp\/v2\/media?parent=2791"}],"wp:term":[{"taxonomy":"category","embeddable":true,"href":"https:\/\/univet.hu\/hu\/wp-json\/wp\/v2\/categories?post=2791"},{"taxonomy":"post_tag","embeddable":true,"href":"https:\/\/univet.hu\/hu\/wp-json\/wp\/v2\/tags?post=2791"}],"curies":[{"name":"wp","href":"https:\/\/api.w.org\/{rel}","templated":true}]}}