{"id":2792,"date":"2018-04-18T21:49:00","date_gmt":"2018-04-18T19:49:00","guid":{"rendered":"http:\/\/univet.hu\/klinikak\/kisallat\/belgyogyaszat\/ambulans-betegellatas-mikrochip-es-kisallatutlevel\/"},"modified":"2018-04-23T16:49:55","modified_gmt":"2018-04-23T14:49:55","slug":"mikrochip-es-kisallatutlevel","status":"publish","type":"page","link":"https:\/\/univet.hu\/hu\/klinikak\/kisallatklinika\/ambulans-betegellatas\/mikrochip-es-kisallatutlevel\/","title":{"rendered":"Mikrochip \u00e9s kis\u00e1llat\u00fatlev\u00e9l"},"content":{"rendered":"<p><link href=\"css\/style.css\" rel=\"stylesheet\" type=\"text\/css\" \/> <h1><a href=\"index.php?page=ambulansbetegellatas\">AMBUL\u00c1NS BETEGELL\u00c1T\u00c1S<\/a>  MIKROCHIP \u00c9S KIS\u00c1LLAT\u00daTLEV\u00c9L<\/h1> <p>Napjainkban a r\u00e9gebben egyedi megjel\u00f6l\u00e9sk\u00e9nt haszn\u00e1lt tetov\u00e1l\u00e1st egyre ink\u00e1bb felv\u00e1ltja a mikrochip. A t\u00f6rzsk\u00f6nyvvel rendelkez\u0151 kuty\u00e1k sz\u00e1m\u00e1ra a Magyar Ebteny\u00e9szt\u0151k Orsz\u00e1gos Egyes\u00fclete (MEOE), n\u00e9h\u00e1ny telep\u00fcl\u00e9sen\/budapesti ker\u00fcletben pedig az \u00f6nkorm\u00e1nyzat k\u00f6telez\u0151v\u00e9 tette a kuty\u00e1k mikrochipes egyedi jel\u00f6l\u00e9s\u00e9t.<\/p> <p> A mikrochip egy kb. rizsszemnyi m\u00e9ret\u0171 15 jegy\u0171 sz\u00e1mot hordoz\u00f3 azonos\u00edt\u00f3, amit a nyak b\u0151re al\u00e1 helyez\u00fcnk be. Az azonos\u00edt\u00f3 sz\u00e1m egy speci\u00e1lis vev\u0151 k\u00e9sz\u00fcl\u00e9kkel leolvashat\u00f3. Miut\u00e1n a mikrochipet be\u00fcltett\u00fck az \u00e1llatba, a tulajdonos \u00e9s az \u00e1llat adatai, a mikrochip sz\u00e1m\u00e1val egy\u00fctt beker\u00fclnek egy orsz\u00e1gos nyilv\u00e1ntart\u00e1sba (http:\/\/petvetdata.hu), amihez minden m\u0171k\u00f6d\u00e9si enged\u00e9llyel rendelkez\u0151 \u00e1llatorvos hozz\u00e1f\u00e9rhet. Ha egy mikrochippel rendelkez\u0151 \u00e1llat elk\u00f3borol, \u00e9s a megtal\u00e1l\u00f3 beviszi egy \u00e1llatorvoshoz, a chipsz\u00e1m alapj\u00e1n az orsz\u00e1gos nyilv\u00e1ntart\u00e1sb\u00f3l be tudj\u00e1k azonos\u00edtani, \u00e9s \u00e9rtes\u00edteni tudj\u00e1k a tulajdonost.  <\/p> <p>A mikrochipes megjel\u00f6l\u00e9s a k\u00fclf\u00f6ldre val\u00f3 utaz\u00e1shoz is szinte elengedhetetlen. A kis\u00e1llat\u00fatlev\u00e9l ki\u00e1ll\u00edt\u00e1s\u00e1hoz ugyanis sz\u00fcks\u00e9g van az \u00e1llat pontos egyedi azonos\u00edthat\u00f3s\u00e1g\u00e1ra. Ez lehet a mikrochipes megjel\u00f6l\u00e9s (vagy egy j\u00f3l olvahat\u00f3 tetov\u00e1l\u00e1s).  <\/p> <p>Amennyiben kedvenc\u00e9vel k\u00fclf\u00f6ldre szeretne utazni, mindenk\u00e9ppen sz\u00fcks\u00e9ge lesz egy kis\u00e1llat\u00fatlev\u00e9lre. Ez a sorsz\u00e1mozott okm\u00e1ny egy\u00e9bk\u00e9nt olt\u00e1si k\u00f6nyvk\u00e9nt is haszn\u00e1lhat\u00f3. Ebben igazolja \u00e1llatorvosa a beadott olt\u00e1sokat, f\u00e9reghajt\u00f3 kezel\u00e9st, a veszetts\u00e9g-titer vizsg\u00e1latok eredm\u00e9ny\u00e9t, valamint az utaz\u00e1s el\u0151tti vizsg\u00e1latot.  <\/p> <table border=\"2\" align=\"center\" cellpadding=\"0\" cellspacing=\"0\"> <tr> <td><img loading=\"lazy\" decoding=\"async\" src=\"http:\/\/www2.univet.hu\/units\/belgyogyaszat\/pics\/utlevel.jpg\" data-replaced=\"true\" alt=\"\" width=\"218\" height=\"266\" border=\"1\" \/><\/td> <\/tr> <\/table> <p>&nbsp;<\/p> <h4>&nbsp;<\/h4> <p>A kis\u00e1llat\u00fatlev\u00e9lr\u0151l \u00e9s az egyes orsz\u00e1gokba val\u00f3 beutaz\u00e1s felt\u00e9teleir\u0151l r\u00e9szletes inform\u00e1ci\u00f3t tal\u00e1l a <a href=\"http:\/\/www.petpassport.hu\/\" target=\"_blank\">www.petpassport.hu<\/a> oldalon.<\/p> <p>&nbsp;<\/p> <p>&nbsp;<\/p> <p><a href=\"#top\">Vissza az oldal tetej\u00e9re&#8230;<\/a><\/p>","protected":false},"excerpt":{"rendered":"<p>AMBUL\u00c1NS BETEGELL\u00c1T\u00c1S MIKROCHIP \u00c9S KIS\u00c1LLAT\u00daTLEV\u00c9L Napjainkban a r\u00e9gebben egyedi megjel\u00f6l\u00e9sk\u00e9nt haszn\u00e1lt tetov\u00e1l\u00e1st egyre ink\u00e1bb felv\u00e1ltja a mikrochip. A t\u00f6rzsk\u00f6nyvvel rendelkez\u0151 kuty\u00e1k sz\u00e1m\u00e1ra a Magyar Ebteny\u00e9szt\u0151k Orsz\u00e1gos Egyes\u00fclete (MEOE), n\u00e9h\u00e1ny telep\u00fcl\u00e9sen\/budapesti ker\u00fcletben pedig az \u00f6nkorm\u00e1nyzat k\u00f6telez\u0151v\u00e9 tette a kuty\u00e1k mikrochipes egyedi jel\u00f6l\u00e9s\u00e9t. A mikrochip egy kb. rizsszemnyi m\u00e9ret\u0171 15 jegy\u0171 sz\u00e1mot hordoz\u00f3 azonos\u00edt\u00f3, amit a nyak<\/p>\n","protected":false},"author":1,"featured_media":0,"parent":2789,"menu_order":193,"comment_status":"closed","ping_status":"closed","template":"","meta":{"_acf_changed":false,"footnotes":""},"categories":[],"tags":[],"class_list":["post-2792","page","type-page","status-publish","hentry"],"acf":[],"_links":{"self":[{"href":"https:\/\/univet.hu\/hu\/wp-json\/wp\/v2\/pages\/2792","targetHints":{"allow":["GET"]}}],"collection":[{"href":"https:\/\/univet.hu\/hu\/wp-json\/wp\/v2\/pages"}],"about":[{"href":"https:\/\/univet.hu\/hu\/wp-json\/wp\/v2\/types\/page"}],"author":[{"embeddable":true,"href":"https:\/\/univet.hu\/hu\/wp-json\/wp\/v2\/users\/1"}],"replies":[{"embeddable":true,"href":"https:\/\/univet.hu\/hu\/wp-json\/wp\/v2\/comments?post=2792"}],"version-history":[{"count":0,"href":"https:\/\/univet.hu\/hu\/wp-json\/wp\/v2\/pages\/2792\/revisions"}],"up":[{"embeddable":true,"href":"https:\/\/univet.hu\/hu\/wp-json\/wp\/v2\/pages\/2789"}],"wp:attachment":[{"href":"https:\/\/univet.hu\/hu\/wp-json\/wp\/v2\/media?parent=2792"}],"wp:term":[{"taxonomy":"category","embeddable":true,"href":"https:\/\/univet.hu\/hu\/wp-json\/wp\/v2\/categories?post=2792"},{"taxonomy":"post_tag","embeddable":true,"href":"https:\/\/univet.hu\/hu\/wp-json\/wp\/v2\/tags?post=2792"}],"curies":[{"name":"wp","href":"https:\/\/api.w.org\/{rel}","templated":true}]}}