{"id":2793,"date":"2018-04-18T21:49:00","date_gmt":"2018-04-18T19:49:00","guid":{"rendered":"http:\/\/univet.hu\/klinikak\/kisallat\/belgyogyaszat\/korhazi-betegellatas\/"},"modified":"2018-04-23T16:52:37","modified_gmt":"2018-04-23T14:52:37","slug":"korhazi-betegellatas","status":"publish","type":"page","link":"https:\/\/univet.hu\/hu\/klinikak\/kisallatklinika\/korhazi-betegellatas\/","title":{"rendered":"K\u00f3rh\u00e1zi betegell\u00e1t\u00e1s"},"content":{"rendered":"<p><link href=\"css\/style.css\" rel=\"stylesheet\" type=\"text\/css\" \/> <h1>K\u00d3RH\u00c1ZI BETEGELL\u00c1T\u00c1S<\/h1> <p>A Kis\u00e1llatklinika Belgy\u00f3gy\u00e1szati R\u00e9szleg\u00e9nek Intenz\u00edv Ter\u00e1pi\u00e1s Oszt\u00e1ly\u00e1t 2001-ben alap\u00edtottuk, m\u00e9g a kor\u00e1bbi k\u00f3rh\u00e1zi \u00e9p\u00fcletben, azzal a sz\u00e1nd\u00e9kkal, hogy a kritikus \u00e1llapotban l\u00e9v\u0151, s\u00falyosan beteg, valamint az alapos kivizsg\u00e1l\u00e1st ig\u00e9nyl\u0151 betegs\u00e9gekben szenved\u0151 kuty\u00e1k \u00e9s macsk\u00e1k lehet\u0151 legteljesebb ell\u00e1t\u00e1s\u00e1t biztos\u00edtsuk. Mindezt tessz\u00fck \u2013 az \u00e9vek sor\u00e1n egyre b\u0151v\u00fcl\u0151 betegl\u00e9tsz\u00e1m mellett \u2013 a nap 24 \u00f3r\u00e1j\u00e1ban, az intenz\u00edv betegell\u00e1t\u00e1sban sok tapasztalattal b\u00edr\u00f3, j\u00f3l k\u00e9pzett <a href=index.php?page=ph>szakemberek<\/a> r\u00e9szv\u00e9tel\u00e9vel. A szakmai tud\u00e1sunk folyamatos b\u0151v\u00edt\u00e9s\u00e9nek \u00e9s a 2006-ban \u00fajonnan megnyitott, korszer\u0171 Kis\u00e1llatklinika Intenz\u00edv Oszt\u00e1ly\u00e1n t\u00f6rt\u00e9n\u0151 gyakori technikai fejleszt\u00e9s\u00e9nek k\u00f6sz\u00f6nhet\u0151en sz\u00e1mos, az orsz\u00e1gban egyed\u00fcl\u00e1ll\u00f3 szolg\u00e1ltat\u00e1snak tudunk eleget tenni. <\/p> <p>A Belgy\u00f3gy\u00e1szati Klinik\u00e1n lehet\u0151s\u00e9g van a rag\u00e1lyos fert\u0151z\u0151 betegs\u00e9gekben szenved\u0151 \u00e1llatok t\u00f6bbi betegt\u0151l val\u00f3 elk\u00fcl\u00f6n\u00edtett gy\u00f3gykezel\u00e9s\u00e9re is. Ezeket a betegeket egy k\u00fcl\u00f6n \u00e9p\u00fcletben tal\u00e1lhat\u00f3, teljesen felszerelt, izol\u00e1lt k\u00f3rh\u00e1zi blokkban helyezz\u00fck el.<\/p> <p>\u0150szint\u00e9n rem\u00e9lj\u00fck, hogy sz\u00fcks\u00e9g eset\u00e9n hozz\u00e1j\u00e1rulhatunk az \u00d6n kedvenc\u00e9nek fel\u00e9p\u00fcl\u00e9s\u00e9hez is. <\/p> <p>Tov\u00e1bbi felmer\u00fcl\u0151 k\u00e9rd\u00e9seivel kapcsolatban <a href=index.php?page=ph>el\u00e9rhet\u0151s\u00e9geink<\/a> valamelyik\u00e9n kaphat r\u00e9szletes t\u00e1j\u00e9koztat\u00e1st<\/p> <table align=\"center\" cellpadding=\"0\" cellspacing=\"0\"> <tr> <td><a href=\"pics\/_MG_6284.jpg\" rel=\"lightbox\"><img decoding=\"async\" src=\"pics\/thumb__MG_6284.jpg\" data-replaced=\"true\" border=\"2\" style=\"margin:10px;\"\/><\/a><\/td> <\/tr> <\/table> <p><a href=\"#top\">Vissza az oldal tetej\u00e9re&#8230;<\/a><\/p>","protected":false},"excerpt":{"rendered":"<p>K\u00d3RH\u00c1ZI BETEGELL\u00c1T\u00c1S A Kis\u00e1llatklinika Belgy\u00f3gy\u00e1szati R\u00e9szleg\u00e9nek Intenz\u00edv Ter\u00e1pi\u00e1s Oszt\u00e1ly\u00e1t 2001-ben alap\u00edtottuk, m\u00e9g a kor\u00e1bbi k\u00f3rh\u00e1zi \u00e9p\u00fcletben, azzal a sz\u00e1nd\u00e9kkal, hogy a kritikus \u00e1llapotban l\u00e9v\u0151, s\u00falyosan beteg, valamint az alapos kivizsg\u00e1l\u00e1st ig\u00e9nyl\u0151 betegs\u00e9gekben szenved\u0151 kuty\u00e1k \u00e9s macsk\u00e1k lehet\u0151 legteljesebb ell\u00e1t\u00e1s\u00e1t biztos\u00edtsuk. Mindezt tessz\u00fck \u2013 az \u00e9vek sor\u00e1n egyre b\u0151v\u00fcl\u0151 betegl\u00e9tsz\u00e1m mellett \u2013 a nap 24 \u00f3r\u00e1j\u00e1ban,<\/p>\n","protected":false},"author":1,"featured_media":0,"parent":2209,"menu_order":214,"comment_status":"closed","ping_status":"closed","template":"","meta":{"_acf_changed":false,"footnotes":""},"categories":[],"tags":[],"class_list":["post-2793","page","type-page","status-publish","hentry"],"acf":[],"_links":{"self":[{"href":"https:\/\/univet.hu\/hu\/wp-json\/wp\/v2\/pages\/2793","targetHints":{"allow":["GET"]}}],"collection":[{"href":"https:\/\/univet.hu\/hu\/wp-json\/wp\/v2\/pages"}],"about":[{"href":"https:\/\/univet.hu\/hu\/wp-json\/wp\/v2\/types\/page"}],"author":[{"embeddable":true,"href":"https:\/\/univet.hu\/hu\/wp-json\/wp\/v2\/users\/1"}],"replies":[{"embeddable":true,"href":"https:\/\/univet.hu\/hu\/wp-json\/wp\/v2\/comments?post=2793"}],"version-history":[{"count":0,"href":"https:\/\/univet.hu\/hu\/wp-json\/wp\/v2\/pages\/2793\/revisions"}],"up":[{"embeddable":true,"href":"https:\/\/univet.hu\/hu\/wp-json\/wp\/v2\/pages\/2209"}],"wp:attachment":[{"href":"https:\/\/univet.hu\/hu\/wp-json\/wp\/v2\/media?parent=2793"}],"wp:term":[{"taxonomy":"category","embeddable":true,"href":"https:\/\/univet.hu\/hu\/wp-json\/wp\/v2\/categories?post=2793"},{"taxonomy":"post_tag","embeddable":true,"href":"https:\/\/univet.hu\/hu\/wp-json\/wp\/v2\/tags?post=2793"}],"curies":[{"name":"wp","href":"https:\/\/api.w.org\/{rel}","templated":true}]}}