{"id":2795,"date":"2018-04-18T21:49:01","date_gmt":"2018-04-18T19:49:01","guid":{"rendered":"http:\/\/univet.hu\/klinikak\/kisallat\/belgyogyaszat\/a-korhazi-felvetel-lehetseges-okai\/"},"modified":"2018-04-23T16:53:05","modified_gmt":"2018-04-23T14:53:05","slug":"felvetel-lehetseges-okai","status":"publish","type":"page","link":"https:\/\/univet.hu\/hu\/klinikak\/kisallatklinika\/korhazi-betegellatas\/felvetel-lehetseges-okai\/","title":{"rendered":"A k\u00f3rh\u00e1zi felv\u00e9tel lehets\u00e9ges okai"},"content":{"rendered":"<p><link href=\"css\/style.css\" data-replaced=\"true\" rel=\"stylesheet\" type=\"text\/css\" \/> <h1>A K\u00d3RH\u00c1ZI FELV\u00c9TEL LEHETS\u00c9GES OKAI<\/h1> <p>A beteg t\u00e1rs\u00e1llatt\u00f3l val\u00f3 \u00e1tmeneti elszakad\u00e1st sok tulajdonos nehezen \u00e9li meg, m\u00e9gis, sz\u00e1mos esetben a kedvenc\u00fck mihamarabbi fel\u00e9p\u00fcl\u00e9se vagy betegs\u00e9g\u00e9nek legteljesebb kivizsg\u00e1l\u00e1sa \u00e9rdek\u00e9ben a k\u00f3rh\u00e1zi ell\u00e1t\u00e1s a legc\u00e9lravezet\u0151bb megold\u00e1s. A betegek k\u00f3rh\u00e1zi ell\u00e1t\u00e1sa nem a tulajdonos jelenl\u00e9t\u00e9ben t\u00f6rt\u00e9nik, de term\u00e9szetesen a kedvenc\u00fcket rendszeresen l\u00e1togathatj\u00e1k a k\u00f3rh\u00e1zi kezel\u0151orvossal el\u0151zetesen egyeztetett id\u0151pontban. \u00c1llatorvosaink \u00e9s asszisztenseink minden t\u0151l\u00fck telhet\u0151t megtesznek \u00e9rt\u00fck, nem csak a vizsg\u00e1latok \u00e9s a gy\u00f3gykezel\u00e9s, hanem a mindennapi ell\u00e1t\u00e1suk, gondoz\u00e1suk sor\u00e1n is.<\/p> <p>\u00c1ltal\u00e1ban a k\u00f6vetkez\u0151 esetekben javasoljuk a k\u00f3rh\u00e1zi ell\u00e1t\u00e1st: <\/p> <ul> <li>s\u00falyos, \u00e9letvesz\u00e9lyes \u00e1llapot, amely folyamatos intenz\u00edv ell\u00e1t\u00e1st \u00e9s \u00e1llatorvosi kontrollt ig\u00e9nyel<\/li> <ul> <li>s\u00falyos l\u00e9gz\u0151szervi betegs\u00e9gek<\/li> <li>s\u00falyos sz\u00edvel\u00e9gtelens\u00e9g<\/li> <li>s\u00falyos neurol\u00f3giai panaszok<\/li> <li>s\u00falyos v\u00e9rszeg\u00e9nys\u00e9g<\/li> <li>sokkos \u00e1llapotok (s\u00falyos kisz\u00e1rad\u00e1s, nagyfok\u00fa folyad\u00e9kveszt\u00e9s)<\/li> <li>m\u00e9rgez\u00e9sek (patk\u00e1ny\u00edrt\u00f3-, fagy\u00e1ll\u00f3-, ny\u00edrfacukor-, csiga\u00edrt\u00f3 m\u00e9rgez\u00e9s)<\/li> <li>halmozott epilepszi\u00e1s g\u00f6rcsrohamok <li> <li>politraumatiz\u00e1lt betegek<\/li> <li>kiterjedt, s\u00falyos t\u00fcneteket mutat\u00f3 (generaliz\u00e1lt) tetanusz <\/li> <li>sz\u00edvf\u00e9rgess\u00e9g komplex kezel\u00e9s\u00e9nek k\u00f3rh\u00e1zi ell\u00e1t\u00e1st ig\u00e9nyl\u0151, id\u0151beli szakaszai <li>  \t<\/ul> <li>napi t\u00f6bbsz\u00f6ri vagy hosszabb kezel\u00e9st ig\u00e9nyl\u0151 betegs\u00e9gek (pl. akut veseel\u00e9gtelens\u00e9g, s\u00falyos hasny\u00e1lmirigy-gyullad\u00e1s, cukorbetegs\u00e9g)<\/li> <li>s\u00falyos, rag\u00e1lyos, fert\u0151z\u0151 betegs\u00e9gek kezel\u00e9se a Fert\u0151z\u0151 Oszt\u00e1lyon (pl. parvov\u00edrusos b\u00e9lgyullad\u00e1s, szopornyica, macsk\u00e1k v\u00edrusos n\u00e1th\u00e1ja)<\/li> <li>speci\u00e1lis beavatkoz\u00e1sokat ig\u00e9nyl\u0151 betegs\u00e9gek<\/li> <li>bonyolultabb kieg\u00e9sz\u00edt\u0151 vizsg\u00e1latokat ig\u00e9nyl\u0151, eddig felder\u00edtetlen oktan\u00fa betegs\u00e9gek diagnosztiz\u00e1l\u00e1sa \u00e9s gy\u00f3gykezel\u00e9se<\/li> <li>kr\u00f3nikus betegs\u00e9gek kivizsg\u00e1l\u00e1sa<\/li> <\/ul> <p><a href=\"#top\" data-replaced=\"true\">Vissza az oldal tetej\u00e9re&#8230;<\/a><\/p>","protected":false},"excerpt":{"rendered":"<p>A K\u00d3RH\u00c1ZI FELV\u00c9TEL LEHETS\u00c9GES OKAI A beteg t\u00e1rs\u00e1llatt\u00f3l val\u00f3 \u00e1tmeneti elszakad\u00e1st sok tulajdonos nehezen \u00e9li meg, m\u00e9gis, sz\u00e1mos esetben a kedvenc\u00fck mihamarabbi fel\u00e9p\u00fcl\u00e9se vagy betegs\u00e9g\u00e9nek legteljesebb kivizsg\u00e1l\u00e1sa \u00e9rdek\u00e9ben a k\u00f3rh\u00e1zi ell\u00e1t\u00e1s a legc\u00e9lravezet\u0151bb megold\u00e1s. A betegek k\u00f3rh\u00e1zi ell\u00e1t\u00e1sa nem a tulajdonos jelenl\u00e9t\u00e9ben t\u00f6rt\u00e9nik, de term\u00e9szetesen a kedvenc\u00fcket rendszeresen l\u00e1togathatj\u00e1k a k\u00f3rh\u00e1zi kezel\u0151orvossal el\u0151zetesen egyeztetett id\u0151pontban.<\/p>\n","protected":false},"author":1,"featured_media":0,"parent":2793,"menu_order":192,"comment_status":"closed","ping_status":"closed","template":"","meta":{"_acf_changed":false,"footnotes":""},"categories":[],"tags":[],"class_list":["post-2795","page","type-page","status-publish","hentry"],"acf":[],"_links":{"self":[{"href":"https:\/\/univet.hu\/hu\/wp-json\/wp\/v2\/pages\/2795","targetHints":{"allow":["GET"]}}],"collection":[{"href":"https:\/\/univet.hu\/hu\/wp-json\/wp\/v2\/pages"}],"about":[{"href":"https:\/\/univet.hu\/hu\/wp-json\/wp\/v2\/types\/page"}],"author":[{"embeddable":true,"href":"https:\/\/univet.hu\/hu\/wp-json\/wp\/v2\/users\/1"}],"replies":[{"embeddable":true,"href":"https:\/\/univet.hu\/hu\/wp-json\/wp\/v2\/comments?post=2795"}],"version-history":[{"count":0,"href":"https:\/\/univet.hu\/hu\/wp-json\/wp\/v2\/pages\/2795\/revisions"}],"up":[{"embeddable":true,"href":"https:\/\/univet.hu\/hu\/wp-json\/wp\/v2\/pages\/2793"}],"wp:attachment":[{"href":"https:\/\/univet.hu\/hu\/wp-json\/wp\/v2\/media?parent=2795"}],"wp:term":[{"taxonomy":"category","embeddable":true,"href":"https:\/\/univet.hu\/hu\/wp-json\/wp\/v2\/categories?post=2795"},{"taxonomy":"post_tag","embeddable":true,"href":"https:\/\/univet.hu\/hu\/wp-json\/wp\/v2\/tags?post=2795"}],"curies":[{"name":"wp","href":"https:\/\/api.w.org\/{rel}","templated":true}]}}