{"id":2796,"date":"2018-04-18T21:49:01","date_gmt":"2018-04-18T19:49:01","guid":{"rendered":"http:\/\/univet.hu\/klinikak\/kisallat\/belgyogyaszat\/specialis-premium-beavatkozasok\/"},"modified":"2018-04-23T16:53:20","modified_gmt":"2018-04-23T14:53:20","slug":"specialis-premium-beavatkozasok","status":"publish","type":"page","link":"https:\/\/univet.hu\/hu\/klinikak\/kisallatklinika\/korhazi-betegellatas\/specialis-premium-beavatkozasok\/","title":{"rendered":"Speci\u00e1lis, pr\u00e9mium beavatkoz\u00e1sok"},"content":{"rendered":"<p><link href=\"css\/style.css\" rel=\"stylesheet\" type=\"text\/css\" \/> <h1>SPECI\u00c1LIS, PR\u00c9MIUM BEAVATKOZ\u00c1SOK<\/h1> <ul> <li>tart\u00f3s cseppinf\u00fazi\u00f3s folyad\u00e9kter\u00e1pia perif\u00e9ri\u00e1s vagy centr\u00e1lis v\u00e9n\u00e1s kat\u00e9teren kereszt\u00fcl<\/li> <li>\u201eintenz\u00edv \u0151rz\u0151\u201d: klinikai alap\u00e9rt\u00e9kek (pl. h\u0151m\u00e9rs\u00e9klet, v\u00e9rnyom\u00e1s, sz\u00edvritmus, l\u00e9gz\u00e9sfunkci\u00f3k) folyamatos, intenz\u00edv monitoroz\u00e1sa<\/li> <li>tart\u00f3s oxigeniz\u00e1ci\u00f3 (oxig\u00e9nketrecben vagy naz\u00e1lis oxig\u00e9n-kat\u00e9teren kereszt\u00fcl)<\/li> <li>v\u00e9r\u00e1t\u00f6mleszt\u00e9s kuty\u00e1nak \u00e9s macsk\u00e1nak (fert\u0151z\u0151 betegs\u00e9gekre sz\u0171rt donor \u00e1llatokt\u00f3l)<\/li> <li>mesters\u00e9ges t\u00e1pl\u00e1l\u00e1s t\u00e1pszonda seg\u00edts\u00e9g\u00e9vel, t\u00e1pszonda be\u00fcltet\u00e9s<\/li> <li>speci\u00e1lis, folyamatos f\u00e1jdalomcsillap\u00edt\u00e1s<\/li> <li>test\u00fcregi drainek kezel\u00e9se<\/li> <li>peritonealis dial\u00edzis<\/li> <li>folyamatos g\u00f6rcsold\u00e1s, mesters\u00e9ges altat\u00e1s<\/li> <li>egyes v\u00e9rparam\u00e9terek (pl. v\u00e9rcukorszint, elektrolitok) folyamatos vagy gyakori monitoroz\u00e1sa<\/li> <li>nagyobb m\u0171t\u00e9ti beavatkoz\u00e1st k\u00f6vet\u0151 intenz\u00edv ell\u00e1t\u00e1s<\/li> <li>\u00f6ntudatlan vagy mozg\u00e1sk\u00e9ptelen beteg szakasszisztensi ell\u00e1t\u00e1sa: pl. fizioter\u00e1pia, t\u00e1pl\u00e1l\u00e1s, gondoz\u00e1s<\/li> <\/ul> <table width=\"450\" border=\"0\" align=\"center\" cellpadding=\"0\" cellspacing=\"0\"> <tr> <td align=\"center\"><img loading=\"lazy\" decoding=\"async\" src=\"http:\/\/www2.univet.hu\/units\/belgyogyaszat\/pics\/premium1.jpg\" data-replaced=\"true\" width=\"200\" height=\"150\" border=\"1\" \/><\/td> <td align=\"center\"><img loading=\"lazy\" decoding=\"async\" src=\"http:\/\/www2.univet.hu\/units\/belgyogyaszat\/pics\/premium2.jpg\" data-replaced=\"true\" width=\"89\" height=\"150\" border=\"1\" \/><\/td> <\/tr> <\/table> <p><a href=\"#top\">Vissza az oldal tetej\u00e9re&#8230;<\/a><\/p>","protected":false},"excerpt":{"rendered":"<p>SPECI\u00c1LIS, PR\u00c9MIUM BEAVATKOZ\u00c1SOK tart\u00f3s cseppinf\u00fazi\u00f3s folyad\u00e9kter\u00e1pia perif\u00e9ri\u00e1s vagy centr\u00e1lis v\u00e9n\u00e1s kat\u00e9teren kereszt\u00fcl \u201eintenz\u00edv \u0151rz\u0151\u201d: klinikai alap\u00e9rt\u00e9kek (pl. h\u0151m\u00e9rs\u00e9klet, v\u00e9rnyom\u00e1s, sz\u00edvritmus, l\u00e9gz\u00e9sfunkci\u00f3k) folyamatos, intenz\u00edv monitoroz\u00e1sa tart\u00f3s oxigeniz\u00e1ci\u00f3 (oxig\u00e9nketrecben vagy naz\u00e1lis oxig\u00e9n-kat\u00e9teren kereszt\u00fcl) v\u00e9r\u00e1t\u00f6mleszt\u00e9s kuty\u00e1nak \u00e9s macsk\u00e1nak (fert\u0151z\u0151 betegs\u00e9gekre sz\u0171rt donor \u00e1llatokt\u00f3l) mesters\u00e9ges t\u00e1pl\u00e1l\u00e1s t\u00e1pszonda seg\u00edts\u00e9g\u00e9vel, t\u00e1pszonda be\u00fcltet\u00e9s speci\u00e1lis, folyamatos f\u00e1jdalomcsillap\u00edt\u00e1s test\u00fcregi drainek kezel\u00e9se peritonealis dial\u00edzis folyamatos<\/p>\n","protected":false},"author":1,"featured_media":0,"parent":2793,"menu_order":193,"comment_status":"closed","ping_status":"closed","template":"","meta":{"_acf_changed":false,"footnotes":""},"categories":[],"tags":[],"class_list":["post-2796","page","type-page","status-publish","hentry"],"acf":[],"_links":{"self":[{"href":"https:\/\/univet.hu\/hu\/wp-json\/wp\/v2\/pages\/2796","targetHints":{"allow":["GET"]}}],"collection":[{"href":"https:\/\/univet.hu\/hu\/wp-json\/wp\/v2\/pages"}],"about":[{"href":"https:\/\/univet.hu\/hu\/wp-json\/wp\/v2\/types\/page"}],"author":[{"embeddable":true,"href":"https:\/\/univet.hu\/hu\/wp-json\/wp\/v2\/users\/1"}],"replies":[{"embeddable":true,"href":"https:\/\/univet.hu\/hu\/wp-json\/wp\/v2\/comments?post=2796"}],"version-history":[{"count":0,"href":"https:\/\/univet.hu\/hu\/wp-json\/wp\/v2\/pages\/2796\/revisions"}],"up":[{"embeddable":true,"href":"https:\/\/univet.hu\/hu\/wp-json\/wp\/v2\/pages\/2793"}],"wp:attachment":[{"href":"https:\/\/univet.hu\/hu\/wp-json\/wp\/v2\/media?parent=2796"}],"wp:term":[{"taxonomy":"category","embeddable":true,"href":"https:\/\/univet.hu\/hu\/wp-json\/wp\/v2\/categories?post=2796"},{"taxonomy":"post_tag","embeddable":true,"href":"https:\/\/univet.hu\/hu\/wp-json\/wp\/v2\/tags?post=2796"}],"curies":[{"name":"wp","href":"https:\/\/api.w.org\/{rel}","templated":true}]}}