{"id":2797,"date":"2018-04-18T21:49:02","date_gmt":"2018-04-18T19:49:02","guid":{"rendered":"http:\/\/univet.hu\/klinikak\/kisallat\/belgyogyaszat\/a-korhazi-kezelesek-es-a-kivizsgalasok-menete\/"},"modified":"2018-04-23T16:53:30","modified_gmt":"2018-04-23T14:53:30","slug":"a-korhazi-kezelesek-es-a-kivizsgalasok-menete","status":"publish","type":"page","link":"https:\/\/univet.hu\/hu\/klinikak\/kisallatklinika\/korhazi-betegellatas\/a-korhazi-kezelesek-es-a-kivizsgalasok-menete\/","title":{"rendered":"A k\u00f3rh\u00e1zi kezel\u00e9sek \u00e9s a kivizsg\u00e1l\u00e1sok menete"},"content":{"rendered":"<p><link href=\"css\/style.css\" rel=\"stylesheet\" type=\"text\/css\" \/> <h1>A K\u00d3RH\u00c1ZI KEZEL\u00c9SEK \u00c9S A KIVIZSG\u00c1L\u00c1SOK MENETE<\/h1> <p>A k\u00f3rh\u00e1zban a betegek ell\u00e1t\u00e1s\u00e1ban \u00e9s kezel\u00e9s\u00e9ben a kezel\u0151 \u00e1llatorvos ir\u00e1ny\u00edt\u00e1s\u00e1val \u00e1llatorvos-gyakornokok, szakasszisztensek \u00e9s \u00e1llatorvostan hallgat\u00f3k vesznek r\u00e9szt. A betegekr\u0151l a kezel\u0151 \u00e1llatorvos a Belgy\u00f3gy\u00e1szati Klinika szakorvos munkat\u00e1rsainak a reggeli vizit (8:30-9:30) sor\u00e1n refer\u00e1l. A r\u00e9szletes reggeli vizsg\u00e1latot k\u00f6vet\u0151en a kezel\u0151 \u00e1llatorvos el\u0151\u00edrja \u2013 a viziten elhangzott szakv\u00e9lem\u00e9nyeket is figyelembe v\u00e9ve \u2013 az aznapi sz\u00fcks\u00e9ges beavatkoz\u00e1sokat \u00e9s gy\u00f3gykezel\u00e9st. A kezel\u0151orvos a beteget sz\u00fcks\u00e9g eset\u00e9n naponta t\u00f6bbsz\u00f6r is megvizsg\u00e1lja. <\/p> <p>C\u00e9lunk minden esetben a beteg \u00e1llapot\u00e1nak miel\u0151bbi stabiliz\u00e1l\u00e1sa, jav\u00edt\u00e1sa, valamint a gyors \u00e9s pontos diagn\u00f3zis fel\u00e1ll\u00edt\u00e1sa. Ennek \u00e9rdek\u00e9ben gyakran konzult\u00e1lunk k\u00fcl\u00f6nb\u00f6z\u0151 szakter\u00fcletek specialist\u00e1ival. \u00cdgy folyamatos szakmai kapcsolatban vagyunk t\u00f6bbek k\u00f6z\u00f6tt a k\u00f6vetkez\u0151 szakter\u00fcletek kiemelked\u0151 \u2013 egyetemen bel\u00fcli \u00e9s k\u00edv\u00fcli \u2013 magyarorsz\u00e1gi \u00e9s egyes esetekben k\u00fclf\u00f6ldi k\u00e9pvisel\u0151ivel: \u00e1llatorvosi endokrinol\u00f3gia, b\u0151rgy\u00f3gy\u00e1szat, gasztroenterol\u00f3gia, hepatol\u00f3gia, respiratol\u00f3gia, kardiol\u00f3gia, onkol\u00f3gia, hematol\u00f3gia, aneszteziol\u00f3gia, l\u00e1gy- \u00e9s csontseb\u00e9szet, ortop\u00e9dia, neurol\u00f3gia, radiol\u00f3gia, fog\u00e1szat, szem\u00e9szet, ultrahangos \u00e9s endoszk\u00f3pos szakvizsg\u00e1latok, citol\u00f3gia, patol\u00f3gia \u00e9s mikrobiol\u00f3gia, valamint fizioter\u00e1pia \u00e9s dietetika.<\/p> <p>Egy \u00e1tlagos kivizsg\u00e1l\u00e1s \u00e1ltal\u00e1ban 3-5 napig tart. A betegek betegs\u00e9g\u00fckt\u0151l \u00e9s \u00e1llapotuk s\u00falyoss\u00e1g\u00e1t\u00f3l f\u00fcgg\u0151en \u00e1tlagosan 3-7 napot tart\u00f3zkodnak a k\u00f3rh\u00e1zban. T\u00f6reksz\u00fcnk arra, hogy a g\u00f6rd\u00fcl\u00e9keny kivizsg\u00e1l\u00e1s \u00e9s kommunik\u00e1ci\u00f3 \u00e9rdek\u00e9ben \u00e1lland\u00f3 kezel\u0151orvosa legyen a betegnek, ez\u00e9rt a k\u00f3rh\u00e1zi \u00e1llatorvosok \u00e1ltal\u00e1ban heti v\u00e1lt\u00e1sban dolgoznak. \u00dcgyeleti id\u0151szakban (d\u00e9lut\u00e1n, \u00e9jszaka, h\u00e9tv\u00e9g\u00e9n \u00e9s \u00fcnnepnapokon) a beosztott \u00fcgyeletes \u00e1llatorvos fel\u00fcgyelete mellett t\u00f6rt\u00e9nik a betegek ell\u00e1t\u00e1sa \u00e9s kezel\u00e9se.  H\u00e9tv\u00e9gi \u00fcgyeletben (p\u00e9ntek d\u00e9lut\u00e1nt\u00f3l) az ambul\u00e1ns ell\u00e1t\u00e1s \u00fcgyeleti jellege miatt a kieg\u00e9sz\u00edt\u0151 vizsg\u00e1latok elv\u00e9gz\u00e9s\u00e9nek lehet\u0151s\u00e9ge korl\u00e1tozott, ez\u00e9rt a h\u00e9tv\u00e9g\u00e9n k\u00f3rh\u00e1zba ker\u00fclt betegek kivizsg\u00e1l\u00e1sa \u00e1ltal\u00e1ban hosszabb id\u0151t vesz ig\u00e9nybe. <\/p> <p>Szeretn\u00e9nk felh\u00edvni a figyelm\u00fcket arra, hogy az intenz\u00edv betegell\u00e1t\u00e1s sor\u00e1n alkalmazott gy\u00f3gykezel\u00e9si \u00e9s kieg\u00e9sz\u00edt\u0151 vizsg\u00e1lati m\u00f3dszerek gyakran k\u00f6lts\u00e9ges elj\u00e1r\u00e1sok, ez\u00e9rt a kis\u00e1llat-biztos\u00edt\u00e1ssal nem rendelkez\u0151 \u00e1llatok k\u00f3rh\u00e1zi ell\u00e1t\u00e1sa komolyabb anyagi terheket is r\u00f3hat gazd\u00e1ikra. A gy\u00f3gykezel\u00e9st \u00e9s alkalmazott kieg\u00e9sz\u00edt\u0151 vizsg\u00e1latokat \u00e9rint\u0151, megfelel\u0151 el\u0151zetes kalkul\u00e1ci\u00f3 \u00e9rdek\u00e9ben m\u00e1r a k\u00f3rh\u00e1zi felv\u00e9tel sor\u00e1n megk\u00e9rdezz\u00fck a tulajdonost, hogy milyen \u00f6sszeget sz\u00e1n a kedvenc\u00e9nek k\u00f3rh\u00e1zi ell\u00e1t\u00e1s\u00e1ra, tov\u00e1bb\u00e1 2-3 naponta az aktu\u00e1lis sz\u00e1mla kiegyenl\u00edt\u00e9s\u00e9re k\u00e9rj\u00fck a tulajdonost a nagyobb k\u00f6lts\u00e9gek felhalmoz\u00f3d\u00e1s\u00e1nak elker\u00fcl\u00e9se \u00e9rdek\u00e9ben. A k\u00f3rh\u00e1zi ell\u00e1t\u00e1ssal kapcsolatban tov\u00e1bbi inform\u00e1ci\u00f3kat tal\u00e1l a <a href=index.php?page=ph>\u201etulajdonosi t\u00e1j\u00e9koztat\u00f3\u201d<\/a> \u00e9s <a href=index.php?page=ph>\u201e\u00e1rlista\u201d<\/a> c\u00edm\u0171 dokumentumokban. <\/p> <table width=\"450\" border=\"0\" align=\"center\" cellpadding=\"0\" cellspacing=\"0\"> <tr> <td align=\"center\"><img loading=\"lazy\" decoding=\"async\" src=\"http:\/\/www2.univet.hu\/units\/belgyogyaszat\/pics\/menete1.jpg\" data-replaced=\"true\" width=\"200\" height=\"133\" border=\"1\" \/><\/td> <\/tr> <\/table> <p><a href=\"#top\">Vissza az oldal tetej\u00e9re&#8230;<\/a><\/p>","protected":false},"excerpt":{"rendered":"<p>A K\u00d3RH\u00c1ZI KEZEL\u00c9SEK \u00c9S A KIVIZSG\u00c1L\u00c1SOK MENETE A k\u00f3rh\u00e1zban a betegek ell\u00e1t\u00e1s\u00e1ban \u00e9s kezel\u00e9s\u00e9ben a kezel\u0151 \u00e1llatorvos ir\u00e1ny\u00edt\u00e1s\u00e1val \u00e1llatorvos-gyakornokok, szakasszisztensek \u00e9s \u00e1llatorvostan hallgat\u00f3k vesznek r\u00e9szt. A betegekr\u0151l a kezel\u0151 \u00e1llatorvos a Belgy\u00f3gy\u00e1szati Klinika szakorvos munkat\u00e1rsainak a reggeli vizit (8:30-9:30) sor\u00e1n refer\u00e1l. A r\u00e9szletes reggeli vizsg\u00e1latot k\u00f6vet\u0151en a kezel\u0151 \u00e1llatorvos el\u0151\u00edrja \u2013 a viziten elhangzott szakv\u00e9lem\u00e9nyeket<\/p>\n","protected":false},"author":1,"featured_media":0,"parent":2793,"menu_order":200,"comment_status":"closed","ping_status":"closed","template":"","meta":{"_acf_changed":false,"footnotes":""},"categories":[],"tags":[],"class_list":["post-2797","page","type-page","status-publish","hentry"],"acf":[],"_links":{"self":[{"href":"https:\/\/univet.hu\/hu\/wp-json\/wp\/v2\/pages\/2797","targetHints":{"allow":["GET"]}}],"collection":[{"href":"https:\/\/univet.hu\/hu\/wp-json\/wp\/v2\/pages"}],"about":[{"href":"https:\/\/univet.hu\/hu\/wp-json\/wp\/v2\/types\/page"}],"author":[{"embeddable":true,"href":"https:\/\/univet.hu\/hu\/wp-json\/wp\/v2\/users\/1"}],"replies":[{"embeddable":true,"href":"https:\/\/univet.hu\/hu\/wp-json\/wp\/v2\/comments?post=2797"}],"version-history":[{"count":0,"href":"https:\/\/univet.hu\/hu\/wp-json\/wp\/v2\/pages\/2797\/revisions"}],"up":[{"embeddable":true,"href":"https:\/\/univet.hu\/hu\/wp-json\/wp\/v2\/pages\/2793"}],"wp:attachment":[{"href":"https:\/\/univet.hu\/hu\/wp-json\/wp\/v2\/media?parent=2797"}],"wp:term":[{"taxonomy":"category","embeddable":true,"href":"https:\/\/univet.hu\/hu\/wp-json\/wp\/v2\/categories?post=2797"},{"taxonomy":"post_tag","embeddable":true,"href":"https:\/\/univet.hu\/hu\/wp-json\/wp\/v2\/tags?post=2797"}],"curies":[{"name":"wp","href":"https:\/\/api.w.org\/{rel}","templated":true}]}}