{"id":2801,"date":"2018-04-18T21:49:03","date_gmt":"2018-04-18T19:49:03","guid":{"rendered":"http:\/\/univet.hu\/klinikak\/kisallat\/belgyogyaszat\/elerhetosegeink\/"},"modified":"2025-06-22T07:05:01","modified_gmt":"2025-06-22T05:05:01","slug":"elerhetosegeink","status":"publish","type":"page","link":"https:\/\/univet.hu\/hu\/klinikak\/kisallatklinika\/korhazi-betegellatas\/elerhetosegeink\/","title":{"rendered":"El\u00e9rhet\u0151s\u00e9geink"},"content":{"rendered":"<p>&nbsp;<\/p> <h1>EL\u00c9RHET\u0150S\u00c9GEINK<\/h1> <ul> <li><strong>telefonsz\u00e1mok:<\/strong> <ul> <li>recepci\u00f3, <strong>id\u0151pont egyeztet\u00e9s (8:00-20:00)<\/strong>: 06-1-478-4100\/8007<\/li> <li>Intenz\u00edv Ter\u00e1pi\u00e1s Oszt\u00e1ly (8:00-20:00): 06-1-478-41-00\/8243 vagy 8941<\/li> <li>\u00fcgyelet\/ambulancia (8:00-20:00): 06-1-478-41-00\/8237 vagy 8231<\/li> <\/ul> <\/li> <li><strong>email:<\/strong> <a class=\"decrypt\" rel=\"cfmhzphzbt{buAvojwfu\/iv\" href=\"javascript:void(0);\">[Kattintson az emailc\u00edmhez]<\/a><\/li> <li><strong>c\u00edm:<\/strong> 1078, Budapest, Istv\u00e1n utca 2.<\/li> <li><strong>Az egyetemi campus t\u00e9rk\u00e9pe:<\/strong> a Kis\u00e1llatklinika az \u201eA\u201d \u00e9p\u00fcletben van, a recepci\u00f3 \u00e9s v\u00e1r\u00f3terem az Istv\u00e1n u. fel\u0151li oldalon, a k\u00f3rh\u00e1zi v\u00e1r\u00f3terem a Dembinszky u. fel\u0151li v\u00e9g\u00e9ben tal\u00e1lhat\u00f3.<\/li> <\/ul> <p>&nbsp;<\/p> <p>&nbsp;<\/p> <p><strong>Parkol\u00e1s: <\/strong><!--Az egyetem ter\u00fclet\u00e9n bel\u00fcl limit\u00e1lt f\u00e9r\u0151hellyel rendelkez\u0151, \u0151rz\u00f6tt fizet\u0151s parkol\u00f3 tal\u00e1lhat\u00f3 a port\u00e1val szemben.-->A k\u00f6rnyez\u0151 utc\u00e1kban, amik fizet\u0151s parkol\u00e1si z\u00f3n\u00e1ba tartoznak.<\/p> <p><a href=\"#top\">Vissza az oldal tetej\u00e9re&#8230;<\/a><\/p>","protected":false},"excerpt":{"rendered":"<p>&nbsp; EL\u00c9RHET\u0150S\u00c9GEINK telefonsz\u00e1mok: recepci\u00f3, id\u0151pont egyeztet\u00e9s (8:00-20:00): 06-1-478-4100\/8007 Intenz\u00edv Ter\u00e1pi\u00e1s Oszt\u00e1ly (8:00-20:00): 06-1-478-41-00\/8243 vagy 8941 \u00fcgyelet\/ambulancia (8:00-20:00): 06-1-478-41-00\/8237 vagy 8231 email: [Kattintson az emailc\u00edmhez] c\u00edm: 1078, Budapest, Istv\u00e1n utca 2. Az egyetemi campus t\u00e9rk\u00e9pe: a Kis\u00e1llatklinika az \u201eA\u201d \u00e9p\u00fcletben van, a recepci\u00f3 \u00e9s v\u00e1r\u00f3terem az Istv\u00e1n u. fel\u0151li oldalon, a k\u00f3rh\u00e1zi v\u00e1r\u00f3terem a Dembinszky u.<\/p>\n","protected":false},"author":1,"featured_media":0,"parent":2793,"menu_order":207,"comment_status":"closed","ping_status":"closed","template":"","meta":{"_acf_changed":false,"footnotes":""},"categories":[],"tags":[],"class_list":["post-2801","page","type-page","status-publish","hentry"],"acf":[],"_links":{"self":[{"href":"https:\/\/univet.hu\/hu\/wp-json\/wp\/v2\/pages\/2801","targetHints":{"allow":["GET"]}}],"collection":[{"href":"https:\/\/univet.hu\/hu\/wp-json\/wp\/v2\/pages"}],"about":[{"href":"https:\/\/univet.hu\/hu\/wp-json\/wp\/v2\/types\/page"}],"author":[{"embeddable":true,"href":"https:\/\/univet.hu\/hu\/wp-json\/wp\/v2\/users\/1"}],"replies":[{"embeddable":true,"href":"https:\/\/univet.hu\/hu\/wp-json\/wp\/v2\/comments?post=2801"}],"version-history":[{"count":1,"href":"https:\/\/univet.hu\/hu\/wp-json\/wp\/v2\/pages\/2801\/revisions"}],"predecessor-version":[{"id":186825,"href":"https:\/\/univet.hu\/hu\/wp-json\/wp\/v2\/pages\/2801\/revisions\/186825"}],"up":[{"embeddable":true,"href":"https:\/\/univet.hu\/hu\/wp-json\/wp\/v2\/pages\/2793"}],"wp:attachment":[{"href":"https:\/\/univet.hu\/hu\/wp-json\/wp\/v2\/media?parent=2801"}],"wp:term":[{"taxonomy":"category","embeddable":true,"href":"https:\/\/univet.hu\/hu\/wp-json\/wp\/v2\/categories?post=2801"},{"taxonomy":"post_tag","embeddable":true,"href":"https:\/\/univet.hu\/hu\/wp-json\/wp\/v2\/tags?post=2801"}],"curies":[{"name":"wp","href":"https:\/\/api.w.org\/{rel}","templated":true}]}}