{"id":2802,"date":"2018-04-18T21:49:04","date_gmt":"2018-04-18T19:49:04","guid":{"rendered":"http:\/\/univet.hu\/klinikak\/kisallat\/belgyogyaszat\/gyakori-kerdesek\/"},"modified":"2018-04-23T16:54:35","modified_gmt":"2018-04-23T14:54:35","slug":"gyakori-kerdesek","status":"publish","type":"page","link":"https:\/\/univet.hu\/hu\/klinikak\/kisallatklinika\/korhazi-betegellatas\/gyakori-kerdesek\/","title":{"rendered":"Gyakori k\u00e9rd\u00e9sek"},"content":{"rendered":"<p><link href=\"css\/style.css\" rel=\"stylesheet\" type=\"text\/css\" \/> <h1>GYAKORI K\u00c9RD\u00c9SEK<\/h1> <p>&nbsp;<\/p> <h4 class=\"highlight\">Milyen k\u00f6r\u00fclm\u00e9nyek k\u00f6z\u00f6tt van elhelyezve az \u00e1llat?<\/h4> <p>A betegeket a klimatiz\u00e1lt k\u00f3rtermekben m\u00e9ret\u00fcknek \u00e9s \u00e1llapotuknak megfelel\u0151en kik\u00e9pzett ketrecben helyezz\u00fck el. A beteg v\u00edzhatlan szivacson, pl\u00e9den vagy nedvsz\u00edv\u00f3 pelenk\u00e1n fekszik, a ketrecbe etet\u0151 \u00e9s itat\u00f3t\u00e1lat helyez\u00fcnk. Macska p\u00e1cienseinknek alomt\u00e1lc\u00e1t \u00e9s b\u00fav\u00f3l\u00e1d\u00e1t is biztos\u00edtunk. Szakasszisztenseink \u00e9s a beosztott hallgat\u00f3k biztos\u00edtj\u00e1k a betegek r\u00e9sz\u00e9re az \u00e1lland\u00f3 odafigyel\u00e9st, \u00e1pol\u00e1st \u00e9s szeret\u0151 gondoskod\u00e1st. A ketrecet asszisztenseink \u00e9s a beosztott \u00e1llatorvostan hallgat\u00f3k ig\u00e9nynek megfelel\u0151en, naponta t\u00f6bbsz\u00f6r takar\u00edtj\u00e1k, a j\u00e1r\u00f3k\u00e9pes kuty\u00e1kat naponta 4-6 alkalommal s\u00e9t\u00e1ltatj\u00e1k.  A beteg azonos\u00edt\u00e1s\u00e1ra, a microchipen k\u00edv\u00fcl, a ketrecen elhelyezett n\u00e9vt\u00e1bla szolg\u00e1l, itt jelezz\u00fck a beteg speci\u00e1lis ig\u00e9nyeit is.  <\/p> <table width=\"450\" border=\"0\" align=\"center\" cellpadding=\"0\" cellspacing=\"0\"> <tr> <td align=\"center\"><img loading=\"lazy\" decoding=\"async\" src=\"http:\/\/www2.univet.hu\/units\/belgyogyaszat\/pics\/gyik1.jpg\" data-replaced=\"true\" width=\"200\" height=\"128\" border=\"1\" \/><\/td> <td align=\"center\"><img loading=\"lazy\" decoding=\"async\" src=\"http:\/\/www2.univet.hu\/units\/belgyogyaszat\/pics\/gyik2.jpg\" data-replaced=\"true\" width=\"200\" height=\"150\" border=\"1\" \/><\/td> <\/tr> <\/table> <h4 class=\"highlight\">Mit kap enni az \u00e1llat?<\/h4> <p>A betegeinknek rendszeresen friss vizet biztos\u00edtunk, tov\u00e1bb\u00e1 betegs\u00e9g\u00fcknek megfelel\u0151 Hill\u2019s Prescription Diet \u00e1llatorvosi gy\u00f3gyt\u00e1pokkal etetj\u00fck \u0151ket. Ett\u0151l elt\u00e9r\u0151 t\u00e1pl\u00e1l\u00e9kot, amit a tulajdonos hoz be a kedvenc\u00e9nek (f\u0151z\u00f6tt eles\u00e9get, m\u00e1s c\u00e9g t\u00e1pj\u00e1t, jutalomfalatot), csak a kezel\u0151orvossal val\u00f3 egyeztet\u00e9s ut\u00e1n adunk. <\/p> <p><img loading=\"lazy\" decoding=\"async\" src=\"http:\/\/www2.univet.hu\/units\/belgyogyaszat\/pics\/gyik3.jpg\" data-replaced=\"true\" width=\"200\" height=\"116\" border=\"1\" ><\/p> <h4 class=\"highlight\">Felv\u00e9telkor mit vigy\u00fcnk magunkkal?<\/h4> <p>Felt\u00e9tlen\u00fcl sz\u00fcks\u00e9ges: <\/p> <ul> <li>olt\u00e1si k\u00f6nyv<\/li> <\/ul> <p>Sz\u00fcks\u00e9ges, de nem elengedhetetlen: <\/p> <ul> <li>\u00e1llatorvosi beutal\u00f3<\/li> <li>eddigi leletek, \u00e9s kezel\u00e9si lapok<\/li> <li>nyak\u00f6rv<\/li> <li>Kr\u00f3nikus betegs\u00e9g miatt folyamatosan szedett gy\u00f3gyszerek <\/li> <\/ul> <p>Behozhat\u00f3:<\/p> <ul> <li>fekv\u0151hely\/pl\u00e9d, p\u00e1rna, kistest\u0171eknek sz\u00e1ll\u00edt\u00f3 kos\u00e1r (tiszt\u00edt\u00e1s\u00e1t nem tudjuk v\u00e1llalni)<\/li> <li>j\u00e1t\u00e9k<\/li> <li>saj\u00e1t \u00e9tel, ha megengedett<\/li> <\/ul> <h4 class=\"highlight\">Minden beteg \u00e1llatot meg tudnak menteni? <\/h4> <p>A gy\u00f3gy\u00edt\u00f3 munka eredm\u00e9nyess\u00e9ge \u00e9rdek\u00e9ben \u2013 a tulajdonos anyagi lehet\u0151s\u00e9geinek figyelembev\u00e9tel\u00e9vel \u2013 minden t\u0151l\u00fcnk telhet\u0151t megtesz\u00fcnk, azonban a munka jelleg\u00e9b\u0151l, illetve a s\u00falyos, esetenk\u00e9nt gy\u00f3gy\u00edthatatlan betegs\u00e9gekb\u0151l ad\u00f3d\u00f3an az \u00e1llat gy\u00f3gyul\u00e1s\u00e1t garant\u00e1lni nem tudjuk.<\/p> <p><a href=\"#top\">Vissza az oldal tetej\u00e9re&#8230;<\/a><\/p>","protected":false},"excerpt":{"rendered":"<p>GYAKORI K\u00c9RD\u00c9SEK &nbsp; Milyen k\u00f6r\u00fclm\u00e9nyek k\u00f6z\u00f6tt van elhelyezve az \u00e1llat? A betegeket a klimatiz\u00e1lt k\u00f3rtermekben m\u00e9ret\u00fcknek \u00e9s \u00e1llapotuknak megfelel\u0151en kik\u00e9pzett ketrecben helyezz\u00fck el. A beteg v\u00edzhatlan szivacson, pl\u00e9den vagy nedvsz\u00edv\u00f3 pelenk\u00e1n fekszik, a ketrecbe etet\u0151 \u00e9s itat\u00f3t\u00e1lat helyez\u00fcnk. Macska p\u00e1cienseinknek alomt\u00e1lc\u00e1t \u00e9s b\u00fav\u00f3l\u00e1d\u00e1t is biztos\u00edtunk. Szakasszisztenseink \u00e9s a beosztott hallgat\u00f3k biztos\u00edtj\u00e1k a betegek r\u00e9sz\u00e9re az<\/p>\n","protected":false},"author":1,"featured_media":0,"parent":2793,"menu_order":208,"comment_status":"closed","ping_status":"closed","template":"","meta":{"_acf_changed":false,"footnotes":""},"categories":[],"tags":[],"class_list":["post-2802","page","type-page","status-publish","hentry"],"acf":[],"_links":{"self":[{"href":"https:\/\/univet.hu\/hu\/wp-json\/wp\/v2\/pages\/2802","targetHints":{"allow":["GET"]}}],"collection":[{"href":"https:\/\/univet.hu\/hu\/wp-json\/wp\/v2\/pages"}],"about":[{"href":"https:\/\/univet.hu\/hu\/wp-json\/wp\/v2\/types\/page"}],"author":[{"embeddable":true,"href":"https:\/\/univet.hu\/hu\/wp-json\/wp\/v2\/users\/1"}],"replies":[{"embeddable":true,"href":"https:\/\/univet.hu\/hu\/wp-json\/wp\/v2\/comments?post=2802"}],"version-history":[{"count":0,"href":"https:\/\/univet.hu\/hu\/wp-json\/wp\/v2\/pages\/2802\/revisions"}],"up":[{"embeddable":true,"href":"https:\/\/univet.hu\/hu\/wp-json\/wp\/v2\/pages\/2793"}],"wp:attachment":[{"href":"https:\/\/univet.hu\/hu\/wp-json\/wp\/v2\/media?parent=2802"}],"wp:term":[{"taxonomy":"category","embeddable":true,"href":"https:\/\/univet.hu\/hu\/wp-json\/wp\/v2\/categories?post=2802"},{"taxonomy":"post_tag","embeddable":true,"href":"https:\/\/univet.hu\/hu\/wp-json\/wp\/v2\/tags?post=2802"}],"curies":[{"name":"wp","href":"https:\/\/api.w.org\/{rel}","templated":true}]}}