{"id":2804,"date":"2018-04-18T21:49:05","date_gmt":"2018-04-18T19:49:05","guid":{"rendered":"http:\/\/univet.hu\/klinikak\/kisallat\/belgyogyaszat\/sikertortenetek\/"},"modified":"2018-04-23T16:54:39","modified_gmt":"2018-04-23T14:54:39","slug":"sikertortenetek","status":"publish","type":"page","link":"https:\/\/univet.hu\/hu\/klinikak\/kisallatklinika\/korhazi-betegellatas\/sikertortenetek\/","title":{"rendered":"Sikert\u00f6rt\u00e9netek"},"content":{"rendered":"<p><link href=\"css\/style.css\" rel=\"stylesheet\" type=\"text\/css\" \/> <h1>SIKERT\u00d6RT\u00c9NETEK<\/h1> <p>&nbsp;<\/p> <h4 class=\"highlight\">Csimpi <i>\u2013 \u201eA szeretet \u00e9s a t\u00f6r\u0151d\u00e9s mindent meggy\u00f3gy\u00edt\u201d<\/i><\/h4> <p>\u201eCsimpi\u201d egy 11 h\u00f3napos tibeti terrier kiskutya h\u00fasv\u00e9t el\u0151tt p\u00e1r nappal otthon megette a csiga\u00edrt\u00f3szert \u00e9s boldogan vitte a ki\u00fcr\u00fclt zacsk\u00f3t megmutatni gazdij\u00e1nak, hogy mit tal\u00e1lt \u00e9s evett meg\u2026 kb. 15-20 perccel ezut\u00e1n kezdett s\u00falyos idegrendszeri t\u00fcneteket mutatni: elvesztette az eszm\u00e9let\u00e9t \u00e9s r\u00e1ngat\u00f3zott. <\/p> <p>A gazdi azonnal elvitte a legk\u00f6zelebbi \u00e1llatorvoshoz, aki szakszer\u0171 els\u0151seg\u00e9lyben r\u00e9szes\u00edtette a kiskuty\u00e1t, majd bek\u00fcldte Klinik\u00e1nkra tov\u00e1bbi ell\u00e1t\u00e1sra. Mivel a kollegina telefonon \u00e9rtes\u00edtett minket, volt id\u0151nk el\u0151k\u00e9sz\u00fclni egy ilyen s\u00fcrg\u0151ss\u00e9gi eset fogad\u00e1s\u00e1ra \u00e9s azonnali ell\u00e1t\u00e1s\u00e1ra. <\/p> <p>A klinik\u00e1ra \u00e9rkez\u00e9skor az \u00fajra g\u00f6rcs\u00f6s \u00e1llapotban l\u00e9v\u0151 \u201eCsimpi\u201d azonnal beker\u00fclt az ambul\u00e1ns vizsg\u00e1l\u00f3ba, ahol megkezdt\u00fck az ell\u00e1t\u00e1s\u00e1t. Altat\u00e1sban kimostuk a gyomr\u00e1b\u00f3l \u00e9s a b\u00e9lrendszer\u00e9b\u0151l a k\u00e9kesz\u00f6ld sz\u00edn\u0171 m\u00e9reganyagot, majd gyomorszond\u00e1n kereszt\u00fcl akt\u00edv sz\u00e9n oldatot kapott, hogy a marad\u00e9k m\u00e9rget megk\u00f6ss\u00fck a gyomor-b\u00e9lrendszerben. <\/p> <p><img loading=\"lazy\" decoding=\"async\" src=\"http:\/\/www2.univet.hu\/units\/belgyogyaszat\/pics\/siker1.jpg\" data-replaced=\"true\" width=\"200\" height=\"245\" border=\"1\" ><\/p> <p>\u201eCsimpi\u201d ezek ut\u00e1n beker\u00fclt az Intenz\u00edv Oszt\u00e1lyra, ahol 18 \u00f3r\u00e1n kereszt\u00fcl altat\u00e1sban tartottuk egy folyamatos cseppinf\u00fazi\u00f3val az\u00e9rt, hogy kezelj\u00fck \u00e9s megel\u0151zz\u00fck a g\u00f6rcsrohamokat, sz\u00fcks\u00e9g szerint cs\u00f6kkentve vagy m\u00e9ly\u00edtve az altat\u00e1st. Emellett olyan antioxid\u00e1ns \u00e9s t\u00e1mogat\u00f3 kezel\u00e9st kapott, amivel seg\u00edtett\u00fck a m\u00e9reganyag gyorsabb ki\u00fcr\u00fcl\u00e9s\u00e9t. Mindek\u00f6zben folyamatosan ellen\u0151rizt\u00fck a kutyus \u00e9letfunkci\u00f3it, h\u0151m\u00e9rs\u00e9klet\u00e9t, l\u00e9gz\u00e9s\u00e9t, sz\u00edvver\u00e9s\u00e9t, vizelet kiv\u00e1laszt\u00e1s\u00e1t. <\/p> <p>A 2. napon le\u00e1ll\u00edtottuk az altat\u00f3szereket tartalmaz\u00f3 inf\u00fazi\u00f3t \u00e9s b\u00e1r \u201eCsimpi\u201d nem kezdett el \u00fajra g\u00f6rcs\u00f6lni, tov\u00e1bbra is aludt, stabil \u00e9letfunkci\u00f3k mellett. A hossz\u00fa altat\u00e1s kihat\u00e1sait ismerve ezen nem csod\u00e1lkoztunk, hanem t\u00fcrelmesen v\u00e1rakoztunk.  <\/p> <p>A 3. napra \u201eCsimpi\u201d m\u00e9g mindig nem t\u00e9rt mag\u00e1hoz, ami mostanra m\u00e1r aggodalomra adott okot, \u00e9s egyre nehezebben vette a leveg\u0151t. A r\u00f6ntgenfelv\u00e9telen l\u00e1tszott, hogy a teljes t\u00fcdeje besz\u0171r\u0151d\u00f6tt \u00e9s alig van l\u00e9gz\u0151fel\u00fclete. Az oxigeniz\u00e1ci\u00f3 biztos\u00edt\u00e1sa \u00e9rdek\u00e9ben egy l\u00e9gcs\u0151tubuson kereszt\u00fcl 100 %-os oxig\u00e9nt l\u00e9legeztett\u00fcnk vele. Az \u00e1pol\u00e1s\u00e1val \u00e9s monitoroz\u00e1s\u00e1val megb\u00edzott hallgat\u00f3k \u00e9jjel-nappal felv\u00e1ltva \u00fcltek mellette a ketrecben, agg\u00f3dva figyelve minden rezd\u00fcl\u00e9s\u00e9t. <\/p> <p> A 4. nap reggel\u00e9re a gondos \u00e1pol\u00e1snak k\u00f6sz\u00f6nhet\u0151en javult a kiskutya l\u00e9gz\u00e9se, \u00e9s lassan az \u00e9bredez\u00e9s jeleit mutatta: el\u0151sz\u00f6r csak visszah\u00fazta a nyelv\u00e9t, majd elkezdett pislogni \u00e9s tekintet\u00e9vel k\u00f6vette a k\u00f6r\u00fcl\u00f6tte zajl\u00f3 esem\u00e9nyeket. D\u00e9lut\u00e1nra, amikor a tulajdonos bej\u00f6tt hozz\u00e1 l\u00e1togatni m\u00e1r megemelte a fej\u00e9t \u00e9s felismerte a gazdit.  Ekkor m\u00e1r kezdt\u00fcnk megnyugodni \u00e9s b\u00edzni abban, hogy \u201eCsimpi\u201d rendbe fog j\u00f6nni. \u00c9s \u00edgy is lett \u2013 m\u00e1snapra teljesen mag\u00e1hoz t\u00e9rt, m\u00e9g gyeng\u00e9csk\u00e9n, de kiment s\u00e9t\u00e1lni \u00e9s elkezdett enni. <\/p> <p><img loading=\"lazy\" decoding=\"async\" src=\"http:\/\/www2.univet.hu\/units\/belgyogyaszat\/pics\/siker2.jpg\" data-replaced=\"true\" width=\"200\" height=\"113\" border=\"1\" ><\/p> <p>H\u00fasv\u00e9t vas\u00e1rnap m\u00e1r kicsit jobb er\u0151nl\u00e9tben s\u00e9t\u00e1lt gazdij\u00e1val a klinika parkj\u00e1ban \u00e9s h\u00fasv\u00e9t h\u00e9tf\u0151n haza is mehetett. \u201eCsimpi\u201d maradand\u00f3 k\u00e1rosod\u00e1s n\u00e9lk\u00fcl meg\u00faszta a s\u00falyos m\u00e9rgez\u00e9st. <\/p> <p>Mikor megk\u00e9rdezt\u00fck a beosztott hallgat\u00f3kat, mit tanultak a h\u00e9ten, az egyik \u00f6t\u00f6d\u00e9ves csak ennyit mondott: \u201eA szeretet \u00e9s a t\u00f6r\u0151d\u00e9s mindent meggy\u00f3gy\u00edt\u2026\u201d<\/p> <p>Egy h\u00e9ttel a k\u00f3rh\u00e1zi elbocs\u00e1t\u00e1st k\u00f6vet\u0151en, ny\u00edr\u00e1s ut\u00e1n kaptuk az al\u00e1bbi k\u00e9pet Csimpir\u0151l a h\u00e1l\u00e1s gazdit\u00f3l.<\/p> <p><img loading=\"lazy\" decoding=\"async\" src=\"http:\/\/www2.univet.hu\/units\/belgyogyaszat\/pics\/siker3.jpg\" data-replaced=\"true\" width=\"226\" height=\"128\" border=\"1\" ><\/p> <p><a href=\"#top\">Vissza az oldal tetej\u00e9re&#8230;<\/a><\/p>","protected":false},"excerpt":{"rendered":"<p>SIKERT\u00d6RT\u00c9NETEK &nbsp; Csimpi \u2013 \u201eA szeretet \u00e9s a t\u00f6r\u0151d\u00e9s mindent meggy\u00f3gy\u00edt\u201d \u201eCsimpi\u201d egy 11 h\u00f3napos tibeti terrier kiskutya h\u00fasv\u00e9t el\u0151tt p\u00e1r nappal otthon megette a csiga\u00edrt\u00f3szert \u00e9s boldogan vitte a ki\u00fcr\u00fclt zacsk\u00f3t megmutatni gazdij\u00e1nak, hogy mit tal\u00e1lt \u00e9s evett meg\u2026 kb. 15-20 perccel ezut\u00e1n kezdett s\u00falyos idegrendszeri t\u00fcneteket mutatni: elvesztette az eszm\u00e9let\u00e9t \u00e9s r\u00e1ngat\u00f3zott. A<\/p>\n","protected":false},"author":1,"featured_media":0,"parent":2793,"menu_order":210,"comment_status":"closed","ping_status":"closed","template":"","meta":{"_acf_changed":false,"footnotes":""},"categories":[],"tags":[],"class_list":["post-2804","page","type-page","status-publish","hentry"],"acf":[],"_links":{"self":[{"href":"https:\/\/univet.hu\/hu\/wp-json\/wp\/v2\/pages\/2804","targetHints":{"allow":["GET"]}}],"collection":[{"href":"https:\/\/univet.hu\/hu\/wp-json\/wp\/v2\/pages"}],"about":[{"href":"https:\/\/univet.hu\/hu\/wp-json\/wp\/v2\/types\/page"}],"author":[{"embeddable":true,"href":"https:\/\/univet.hu\/hu\/wp-json\/wp\/v2\/users\/1"}],"replies":[{"embeddable":true,"href":"https:\/\/univet.hu\/hu\/wp-json\/wp\/v2\/comments?post=2804"}],"version-history":[{"count":0,"href":"https:\/\/univet.hu\/hu\/wp-json\/wp\/v2\/pages\/2804\/revisions"}],"up":[{"embeddable":true,"href":"https:\/\/univet.hu\/hu\/wp-json\/wp\/v2\/pages\/2793"}],"wp:attachment":[{"href":"https:\/\/univet.hu\/hu\/wp-json\/wp\/v2\/media?parent=2804"}],"wp:term":[{"taxonomy":"category","embeddable":true,"href":"https:\/\/univet.hu\/hu\/wp-json\/wp\/v2\/categories?post=2804"},{"taxonomy":"post_tag","embeddable":true,"href":"https:\/\/univet.hu\/hu\/wp-json\/wp\/v2\/tags?post=2804"}],"curies":[{"name":"wp","href":"https:\/\/api.w.org\/{rel}","templated":true}]}}