{"id":2806,"date":"2018-04-18T21:49:05","date_gmt":"2018-04-18T19:49:05","guid":{"rendered":"http:\/\/univet.hu\/klinikak\/kisallat\/belgyogyaszat\/muszeres-diagnosztika\/"},"modified":"2018-04-23T16:55:12","modified_gmt":"2018-04-23T14:55:12","slug":"muszeres-diagnosztika","status":"publish","type":"page","link":"https:\/\/univet.hu\/hu\/klinikak\/kisallatklinika\/muszeres-diagnosztika\/","title":{"rendered":"M\u0171szeres diagnosztika"},"content":{"rendered":"<p><!DOCTYPE html PUBLIC \"-\/\/W3C\/\/DTD XHTML 1.0 Transitional\/\/EN\" \"http:\/\/www.w3.org\/TR\/xhtml1\/DTD\/xhtml1-transitional.dtd\">  <html xmlns=\"http:\/\/www.w3.org\/1999\/xhtml\">  <head>  <meta http-equiv=\"Content-Type\" content=\"text\/html; charset=utf-8\">  <\/head>  <body>  <link href=\"css\/style.css\" rel=\"stylesheet\" type=\"text\/css\" \/> <h1>M\u0170SZERES DIAGNOSZTIKA        <\/h1> <p>A m\u0171szeres diagnosztikai vizsg\u00e1latokat <strong>kiz\u00e1r\u00f3lag<\/strong> el\u0151zetes id\u0151pont egyeztet\u00e9st k\u00f6vet\u0151en v\u00e9gezz\u00fck.  <\/p> <p>El\u0151zetes bejelentkez\u00e9s<\/p> <ul> <li> szem\u00e9lyesen az ambul\u00e1ns klinikai betegvizsg\u00e1lat sor\u00e1n, vagy  <\/li> <li>telefonon <ul> <li> munkaid\u0151ben az (1)478-4142 telefonsz\u00e1mon vagy az (1)478-4100\/8914-es mell\u00e9ken, <\/li> <li> minden nap 8-20h k\u00f6z\u00f6tt a Betegir\u00e1ny\u00edt\u00f3n\u00e1l az (1)478-4147-es telefonsz\u00e1mon. <\/li> <\/ul> <\/li> <\/ul> <h4>K\u00e9rj\u00fck, hogy a Klinik\u00e1ra \u00e9rkez\u00e9skor minden esetben sz\u00edveskedjen bejelentkezni a Betegir\u00e1ny\u00edt\u00f3n\u00e1l!  <\/h4> <p>&nbsp;<\/p> <h4>Ultrahang- \u00e9s EKG-vizsg\u00e1latok<\/h4> <p> Az ultrahang-vizsg\u00e1latokr\u00f3l elmondhat\u00f3, hogy a vizsg\u00e1latok diagnosztikai \u00e9rt\u00e9k\u00e9t 30%-ban a m\u0171szer, 70%-ban pedig a vizsg\u00e1l\u00f3 szem\u00e9lye befoly\u00e1solja. M\u0171szeres diagnosztikai egys\u00e9g\u00fcnkben mindk\u00e9t rendk\u00edv\u00fcl fontos felt\u00e9tel adott, hiszen az orsz\u00e1g legjobb, nemzetk\u00f6zileg is elismert ultrahangos szakemberei v\u00e9gzik az egyes vizsg\u00e1latokat egy modern ultrahang-k\u00e9sz\u00fcl\u00e9kkel.  <\/p> <p>Az ultrahangos vizsg\u00e1lat kb. f\u00e9l-egy \u00f3r\u00e1t vesz ig\u00e9nybe, a legt\u00f6bb esetben \u00e9ber \u00e1llapotban v\u00e9gezz\u00fck, hiszen az \u00e1llat sz\u00e1m\u00e1ra nem j\u00e1r f\u00e1jdalommal.  <\/p> <ul> <li>Hasi ultrahangvizsg\u00e1lat  <\/li> <li>Kardiol\u00f3giai vizsg\u00e1lat (Sz\u00edvultrahang \u00e9s EKG-vizsg\u00e1lat)  <\/li> <li>V\u00e9rnyom\u00e1sm\u00e9r\u00e9s                  Endoszk\u00f3pos vizsg\u00e1latok<\/li> <\/ul> <table align=\"center\" cellpadding=\"0\" cellspacing=\"0\"> <tr> <td><a href=\"pics\/_MG_6396.jpg\" rel=\"lightbox\" title=\" A tansz\u00e9k minden oktat\u00f3ja r\u00e9szt vesz a napi betegell\u00e1t\u00e1sban is. Ez al\u00f3l a tansz\u00e9kvezet\u0151 sem kiv\u00e9tel; a k\u00e9pen \u00e9ppen egy kutya kardiol\u00f3giai vizsg\u00e1lat\u00e1t v\u00e9gzi.\"><img decoding=\"async\" src=\"pics\/thumb__MG_6396.jpg\" data-replaced=\"true\" border=\"2\" style=\"margin:10px;\" \/><\/a><\/td> <td><a href=\"pics\/5DM2_48920.jpg\" rel=\"lightbox\" title=\"A hallgat\u00f3k a k\u00e9pz\u00e9s sor\u00e1n m\u00e1r harmad\u00e9ves korukban megismerkednek az ultrahang \u00e1llatorvosi alkalmaz\u00e1s\u00e1nak lehet\u0151s\u00e9geivel, majd azt elk\u00f6vetkez\u0151 \u00e9vekben maguk is kipr\u00f3b\u00e1lhatj\u00e1k ezt a m\u00e1ra m\u00e1r n\u00e9lk\u00fcl\u00f6zhetetlenn\u00e9 v\u00e1lt vizsg\u00e1l\u00f3elj\u00e1r\u00e1st.\"><img decoding=\"async\" src=\"pics\/thumb_5DM2_48920.jpg\" data-replaced=\"true\" border=\"2\" style=\"margin:10px;\" \/><\/a><\/td> <\/tr> <\/table> <p>&nbsp;<\/p> <h4>Endoszk\u00f3pos vizsg\u00e1latok <\/h4> <p>Az endoszk\u00f3pos vizsg\u00e1latokat korszer\u0171 merev- \u00e9s flexibilis endoszk\u00f3pokkal v\u00e9gezz\u00fck, minden esetben altatott \u00e1llapotban. A vizsg\u00e1lat t\u00edp\u00fas\u00e1t\u00f3l f\u00fcgg\u0151en az endoszk\u00f3pos vizsg\u00e1lat t\u00f6rt\u00e9nhet diagnosztikai, valamint ter\u00e1pi\u00e1s c\u00e9llal (pl. idegentest elt\u00e1vol\u00edt\u00e1sa). A biztos diagn\u00f3zis fel\u00e1ll\u00edt\u00e1sa \u00e9rdek\u00e9ben a legt\u00f6bb esetben sor ker\u00fcl sz\u00f6vettani\/citol\u00f3giai \u00e9s mikrobiol\u00f3giai mintav\u00e9telekre is.<\/p> <p> Az endoszk\u00f3pos vizsg\u00e1latra mindig \u00e9hgyomorra, 12 \u00f3r\u00e1s koplaltat\u00e1s ut\u00e1n kell hozni az \u00e1llatokat!<\/p> <p> Az endoszk\u00f3pos vizsg\u00e1lat el\u0151jegyz\u00e9s szerint t\u00f6rt\u00e9nik; h\u00e9tf\u0151n, kedden, \u00e9s cs\u00fct\u00f6rt\u00f6k\u00f6n 09:00-13:30-ig.<\/p> <table align=\"center\" cellpadding=\"0\" cellspacing=\"0\"> <tr> <td><a href=\"pics\/_MG_6392.jpg\" rel=\"lightbox\" title=\"A gyomor-b\u00e9lrendszer vagy a l\u00e9gz\u0151szervek vide\u00f3-endoszk\u00f3pos vizsg\u00e1lata gyakran az utols\u00f3 l\u00e9p\u00e9s egy bonyolultabb eset kivizsg\u00e1l\u00e1sa sor\u00e1n. E kifinomult m\u0171szeres-diagnosztikai elj\u00e1r\u00e1s seg\u00edts\u00e9g\u00e9vel a vizsg\u00e1l\u00f3 nemcsak megtekintheti az elv\u00e1ltoz\u00e1sokat, de azonnal sz\u00f6vettani mint\u00e1kat is tud venni az \u00e9rintett szervekb\u0151l.\"><img decoding=\"async\" src=\"pics\/thumb__MG_6392.jpg\" data-replaced=\"true\" border=\"2\" style=\"margin:10px;\" \/><\/a><\/td> <\/tr> <\/table> <p>&nbsp;<\/p> <p>&nbsp;<\/p> <p><a href=\"#top\">Vissza az oldal tetej\u00e9re&#8230;<\/a><\/p> <p>  <\/body><\/p>","protected":false},"excerpt":{"rendered":"<p>M\u0170SZERES DIAGNOSZTIKA A m\u0171szeres diagnosztikai vizsg\u00e1latokat kiz\u00e1r\u00f3lag el\u0151zetes id\u0151pont egyeztet\u00e9st k\u00f6vet\u0151en v\u00e9gezz\u00fck. El\u0151zetes bejelentkez\u00e9s szem\u00e9lyesen az ambul\u00e1ns klinikai betegvizsg\u00e1lat sor\u00e1n, vagy telefonon munkaid\u0151ben az (1)478-4142 telefonsz\u00e1mon vagy az (1)478-4100\/8914-es mell\u00e9ken, minden nap 8-20h k\u00f6z\u00f6tt a Betegir\u00e1ny\u00edt\u00f3n\u00e1l az (1)478-4147-es telefonsz\u00e1mon. K\u00e9rj\u00fck, hogy a Klinik\u00e1ra \u00e9rkez\u00e9skor minden esetben sz\u00edveskedjen bejelentkezni a Betegir\u00e1ny\u00edt\u00f3n\u00e1l! &nbsp; Ultrahang- \u00e9s EKG-vizsg\u00e1latok Az<\/p>\n","protected":false},"author":1,"featured_media":0,"parent":2209,"menu_order":231,"comment_status":"closed","ping_status":"closed","template":"","meta":{"_acf_changed":false,"footnotes":""},"categories":[],"tags":[],"class_list":["post-2806","page","type-page","status-publish","hentry"],"acf":[],"_links":{"self":[{"href":"https:\/\/univet.hu\/hu\/wp-json\/wp\/v2\/pages\/2806","targetHints":{"allow":["GET"]}}],"collection":[{"href":"https:\/\/univet.hu\/hu\/wp-json\/wp\/v2\/pages"}],"about":[{"href":"https:\/\/univet.hu\/hu\/wp-json\/wp\/v2\/types\/page"}],"author":[{"embeddable":true,"href":"https:\/\/univet.hu\/hu\/wp-json\/wp\/v2\/users\/1"}],"replies":[{"embeddable":true,"href":"https:\/\/univet.hu\/hu\/wp-json\/wp\/v2\/comments?post=2806"}],"version-history":[{"count":0,"href":"https:\/\/univet.hu\/hu\/wp-json\/wp\/v2\/pages\/2806\/revisions"}],"up":[{"embeddable":true,"href":"https:\/\/univet.hu\/hu\/wp-json\/wp\/v2\/pages\/2209"}],"wp:attachment":[{"href":"https:\/\/univet.hu\/hu\/wp-json\/wp\/v2\/media?parent=2806"}],"wp:term":[{"taxonomy":"category","embeddable":true,"href":"https:\/\/univet.hu\/hu\/wp-json\/wp\/v2\/categories?post=2806"},{"taxonomy":"post_tag","embeddable":true,"href":"https:\/\/univet.hu\/hu\/wp-json\/wp\/v2\/tags?post=2806"}],"curies":[{"name":"wp","href":"https:\/\/api.w.org\/{rel}","templated":true}]}}