{"id":2807,"date":"2018-04-18T21:49:06","date_gmt":"2018-04-18T19:49:06","guid":{"rendered":"http:\/\/univet.hu\/klinikak\/kisallat\/belgyogyaszat\/szakrendelesek\/"},"modified":"2022-02-16T08:26:49","modified_gmt":"2022-02-16T07:26:49","slug":"szakrendelesek","status":"publish","type":"page","link":"https:\/\/univet.hu\/hu\/klinikak\/kisallatklinika\/szakrendelesek\/","title":{"rendered":"Szakrendel\u00e9sek"},"content":{"rendered":"<p>&nbsp;<\/p> <h1>SZAKRENDEL\u00c9SEK<\/h1> <h4>K\u00e9rj\u00fck, hogy a Klinik\u00e1ra \u00e9rkez\u00e9skor minden esetben sz\u00edveskedj\u00e9k bejelentkezni a Betegir\u00e1ny\u00edt\u00f3n\u00e1l!<\/h4> <p>Szakrendel\u00e9seinkre az (1)478-4147-es telefonsz\u00e1mon tud bejelentkezni.<\/p> <table border=\"0\" width=\"100%\" cellspacing=\"5\" cellpadding=\"0\" align=\"center\"> <tbody> <tr> <td align=\"left\" valign=\"top\" width=\"40%\"> <h1>B\u0151rgy\u00f3gy\u00e1szat<\/h1> <ul> <li><a href=\"index.php?page=munkatarsaink#tan\" data-replaced=\"true\"> Dr. Tarpataki No\u00e9mi <\/a><\/li> <li><a href=\"index.php?page=munkatarsaink#mat\" data-replaced=\"true\">Dr. M\u00e1th\u00e9 \u00c1kos<\/a><\/li> <li><a href=\"index.php?page=munkatarsaink#pak\" data-replaced=\"true\">Dr. P\u00e1pa Kinga <\/a><\/li> <\/ul> <p>El\u0151zetes id\u0151pont egyeztet\u00e9s alapj\u00e1n.<\/td> <td align=\"left\" valign=\"top\"> <h4>Teljes k\u00f6r\u0171 b\u0151rgy\u00f3gy\u00e1szati kivizsg\u00e1l\u00e1s<\/h4> <ul> <li>B\u0151rkapar\u00e9k mintav\u00e9tel (parazitol\u00f3gia vizsg\u00e1lat, bakteriol\u00f3giai \u00e9s gombateny\u00e9szt\u00e9s)<\/li> <li>Allergia-vizsg\u00e1latok<\/li> <li>B\u0151rbiopszia \u00e9s sz\u00f6vettani vizsg\u00e1lat<\/li> <li>Citol\u00f3giai vizsg\u00e1lat<\/li> <li>Gy\u00f3gykezel\u00e9si javaslat \u00e9s tan\u00e1csad\u00e1s<\/li> <\/ul> <\/td> <\/tr> <tr> <td align=\"left\" valign=\"top\" width=\"40%\"> <h1>Endokrinol\u00f3gia<\/h1> <ul> <li><a href=\"index.php?page=munkatarsaink#mat\" data-replaced=\"true\">Dr. M\u00e1th\u00e9 \u00c1kos<\/a><\/li> <\/ul> <p>El\u0151zetes id\u0151pont egyeztet\u00e9s alapj\u00e1n v\u00e1ltoz\u00f3 napokon.<\/td> <td align=\"left\" valign=\"top\"> <ul> <li>Sz\u0151rhull\u00e1ssal j\u00e1r\u00f3 b\u00e1ntalmak k\u00f3rjelz\u00e9se<\/li> <li>Hormonvizsg\u00e1latok (alap- \u00e9s terhel\u00e9ses hormonszint m\u00e9r\u00e9sek)<\/li> <li>Gy\u00f3gykezel\u00e9si javaslat \u00e9s tan\u00e1csad\u00e1s<\/li> <\/ul> <\/td> <\/tr> <tr> <td align=\"left\" valign=\"top\"> <h1>F\u00fcl\u00e9szet<\/h1> <ul> <li><a href=\"index.php?page=munkatarsaink#bam\" data-replaced=\"true\">Dr. Balogh M\u00e1rton<\/a><\/li> <\/ul> <p>Keddenk\u00e9nt ambul\u00e1ns szerd\u00e9nk\u00e9nt \u00e9s p\u00e9ntekenk\u00e9nt altatott \u00e1llapotban, el\u0151jegyz\u00e9s alapj\u00e1n (+36-1-478-4100, 8007-es mell\u00e9k).<\/td> <td align=\"left\" valign=\"top\"> <ul> <li>Videootoszk\u00f3pos, videoendoszk\u00f3pos f\u00fclvizsg\u00e1lat<\/li> <li>Citol\u00f3giai, bakteriol\u00f3giai, sz\u00f6vettani mintav\u00e9tel<\/li> <li>Idegentestek szakszer\u0171 elt\u00e1vol\u00edt\u00e1sa<\/li> <li>A dobh\u00e1rty\u00e1ig terjed\u0151, m\u00e9ly hall\u00f3j\u00e1rat-\u00e1tmos\u00e1s<\/li> <li>Ut\u00f3kezel\u00e9s megtervez\u00e9se<\/li> <\/ul> <\/td> <\/tr> <tr> <td align=\"left\" valign=\"top\" width=\"40%\"> <h1>Gasztroenterol\u00f3gia<\/h1> <ul> <li><a href=\"index.php?page=munkatarsaink#pak\" data-replaced=\"true\"> Dr. P\u00e1pa Kinga <\/a><\/li> <li><a href=\"index.php?page=munkatarsaink#psr\" data-replaced=\"true\">Dr. Ps\u00e1der Roland<\/a><\/li> <li><a href=\"index.php?page=munkatarsaink#drsa\" data-replaced=\"true\">Dr. Sterczer \u00c1gnes <\/a><\/li> <\/ul> <p>El\u0151zetes id\u0151pont egyeztet\u00e9s alapj\u00e1n v\u00e1ltoz\u00f3 napokon.<\/td> <td align=\"left\" valign=\"top\"> <ul> <li>Nyel\u0151cs\u0151-, gyomor-, v\u00e9kony- \u00e9s vastagb\u00e9l-betegs\u00e9gek, hasny\u00e1lmirigy-betegs\u00e9gek teljes k\u00f6r\u0171 kivizsg\u00e1l\u00e1sa (v\u00e9rvizsg\u00e1latok, b\u00e9ls\u00e1rvizsg\u00e1lat, hasi ultrahang, endoszk\u00f3pia)<\/li> <li>Gy\u00f3gykezel\u00e9si javaslat \u00e9s tan\u00e1csad\u00e1s<\/li> <\/ul> <\/td> <\/tr> <tr> <td align=\"left\" valign=\"top\" width=\"40%\"> <h1>Gerontol\u00f3gia<\/h1> <ul> <li><a href=\"index.php?page=munkatarsaink#bae\" data-replaced=\"true\">Dr. Balogh \u00c9va <\/a><\/li> <\/ul> <p>El\u0151zetes id\u0151pont egyeztet\u00e9s alapj\u00e1n v\u00e1ltoz\u00f3 napokon.<\/td> <td align=\"left\" valign=\"top\"> <ul> <li>\u00e1llapotfelm\u00e9r\u00e9s, kivizsg\u00e1l\u00e1s<\/li> <li>id\u0151skori b\u00e1ntalmak karbantart\u00e1s\u00e1nak lehet\u0151s\u00e9gei<\/li> <li>ellen\u0151rz\u0151 vizsg\u00e1latok<\/li> <li>t\u00e1pl\u00e1l\u00e1si tan\u00e1csad\u00e1s<\/li> <\/ul> <\/td> <\/tr> <tr> <td align=\"left\" valign=\"top\" width=\"40%\"> <h1>Hepatol\u00f3gia<\/h1> <ul> <li><a href=\"index.php?page=munkatarsaink#drsa\" data-replaced=\"true\"> Dr. Sterczer \u00c1gnes <\/a><\/li> <\/ul> <p>El\u0151zetes id\u0151pont egyeztet\u00e9s alapj\u00e1n v\u00e1ltoz\u00f3 napokon.<\/td> <td align=\"left\" valign=\"top\"> <ul> <li>M\u00e1jbetegs\u00e9gek teljes k\u00f6r\u0171 kivizsg\u00e1l\u00e1sa<\/li> <li>Gy\u00f3gykezel\u00e9si javaslat \u00e9s tan\u00e1csad\u00e1s<\/li> <\/ul> <\/td> <\/tr> <tr> <td align=\"left\" valign=\"top\" width=\"40%\"> <h1>Kardiol\u00f3gia<\/h1> <ul> <li><a href=\"index.php?page=munkatarsaink#duz\" data-replaced=\"true\">Dr. Dud\u00e1s-Gy\u00f6rki Zolt\u00e1n<\/a><\/li> <li><a href=\"index.php?page=munkatarsaink#hec\" data-replaced=\"true\">Dr. Hetyey Csaba <\/a><\/li> <li><a href=\"index.php?page=munkatarsaink#maf\" data-replaced=\"true\">Dr. Manczur Ferenc<\/a><\/li> <li><a href=\"index.php?page=munkatarsaink#drvk\" data-replaced=\"true\">Dr. V\u00f6r\u00f6s K\u00e1roly <\/a><\/li> <\/ul> <p>El\u0151zetes id\u0151pont egyeztet\u00e9s alapj\u00e1n.<\/td> <td align=\"left\" valign=\"top\"> <ul> <li>Sz\u00edvbetegs\u00e9gek teljes k\u00f6r\u0171 kivizsg\u00e1l\u00e1sa<\/li> <li>Klinikai vizsg\u00e1lat, EKG, sz\u00edvultrahang, v\u00e9rnyom\u00e1sm\u00e9r\u00e9s<\/li> <li>Gy\u00f3gykezel\u00e9si javaslat \u00e9s tan\u00e1csad\u00e1s<\/li> <\/ul> <\/td> <\/tr> <tr> <td align=\"left\" valign=\"top\" width=\"40%\"> <h1>Respiratol\u00f3gia<\/h1> <ul> <li><a href=\"index.php?page=munkatarsaink#psr\" data-replaced=\"true\"> Dr. Ps\u00e1der Roland <\/a><\/li> <\/ul> <p>El\u0151zetes id\u0151pont egyeztet\u00e9s alapj\u00e1n v\u00e1ltoz\u00f3 napokon.<\/td> <td align=\"left\" valign=\"top\"> <ul> <li>Heveny \u00e9s id\u00fclt l\u00e9gz\u0151szervi betegs\u00e9gek kivizsg\u00e1l\u00e1sa<\/li> <li>Endoszk\u00f3pos vizsg\u00e1latok<\/li> <\/ul> <\/td> <\/tr> <\/tbody> <\/table> <p>&nbsp;<\/p> <p>&nbsp;<\/p> <p><a href=\"#top\" data-replaced=\"true\">Vissza az oldal tetej\u00e9re&#8230;<\/a><\/p>","protected":false},"excerpt":{"rendered":"<p>&nbsp; SZAKRENDEL\u00c9SEK K\u00e9rj\u00fck, hogy a Klinik\u00e1ra \u00e9rkez\u00e9skor minden esetben sz\u00edveskedj\u00e9k bejelentkezni a Betegir\u00e1ny\u00edt\u00f3n\u00e1l! Szakrendel\u00e9seinkre az (1)478-4147-es telefonsz\u00e1mon tud bejelentkezni. B\u0151rgy\u00f3gy\u00e1szat Dr. Tarpataki No\u00e9mi Dr. M\u00e1th\u00e9 \u00c1kos Dr. P\u00e1pa Kinga El\u0151zetes id\u0151pont egyeztet\u00e9s alapj\u00e1n. Teljes k\u00f6r\u0171 b\u0151rgy\u00f3gy\u00e1szati kivizsg\u00e1l\u00e1s B\u0151rkapar\u00e9k mintav\u00e9tel (parazitol\u00f3gia vizsg\u00e1lat, bakteriol\u00f3giai \u00e9s gombateny\u00e9szt\u00e9s) Allergia-vizsg\u00e1latok B\u0151rbiopszia \u00e9s sz\u00f6vettani vizsg\u00e1lat Citol\u00f3giai vizsg\u00e1lat Gy\u00f3gykezel\u00e9si javaslat \u00e9s tan\u00e1csad\u00e1s<\/p>\n","protected":false},"author":1,"featured_media":0,"parent":2209,"menu_order":234,"comment_status":"closed","ping_status":"closed","template":"","meta":{"_acf_changed":false,"footnotes":""},"categories":[],"tags":[],"class_list":["post-2807","page","type-page","status-publish","hentry"],"acf":[],"_links":{"self":[{"href":"https:\/\/univet.hu\/hu\/wp-json\/wp\/v2\/pages\/2807","targetHints":{"allow":["GET"]}}],"collection":[{"href":"https:\/\/univet.hu\/hu\/wp-json\/wp\/v2\/pages"}],"about":[{"href":"https:\/\/univet.hu\/hu\/wp-json\/wp\/v2\/types\/page"}],"author":[{"embeddable":true,"href":"https:\/\/univet.hu\/hu\/wp-json\/wp\/v2\/users\/1"}],"replies":[{"embeddable":true,"href":"https:\/\/univet.hu\/hu\/wp-json\/wp\/v2\/comments?post=2807"}],"version-history":[{"count":0,"href":"https:\/\/univet.hu\/hu\/wp-json\/wp\/v2\/pages\/2807\/revisions"}],"up":[{"embeddable":true,"href":"https:\/\/univet.hu\/hu\/wp-json\/wp\/v2\/pages\/2209"}],"wp:attachment":[{"href":"https:\/\/univet.hu\/hu\/wp-json\/wp\/v2\/media?parent=2807"}],"wp:term":[{"taxonomy":"category","embeddable":true,"href":"https:\/\/univet.hu\/hu\/wp-json\/wp\/v2\/categories?post=2807"},{"taxonomy":"post_tag","embeddable":true,"href":"https:\/\/univet.hu\/hu\/wp-json\/wp\/v2\/tags?post=2807"}],"curies":[{"name":"wp","href":"https:\/\/api.w.org\/{rel}","templated":true}]}}