{"id":2809,"date":"2018-04-18T21:49:07","date_gmt":"2018-04-18T19:49:07","guid":{"rendered":"http:\/\/univet.hu\/klinikak\/kisallat\/belgyogyaszat\/nyitva-tartas\/"},"modified":"2018-04-23T16:55:21","modified_gmt":"2018-04-23T14:55:21","slug":"nyitva-tartas","status":"publish","type":"page","link":"https:\/\/univet.hu\/hu\/klinikak\/kisallatklinika\/nyitva-tartas\/","title":{"rendered":"Nyitva tart\u00e1s"},"content":{"rendered":"<p><link href=\"css\/style.css\" data-replaced=\"true\" rel=\"stylesheet\" type=\"text\/css\" \/> <style type=\"text\/css\">  .bolt {  \tfont-weight: bold;  }  <\/style> <h1>NYITVA TART\u00c1S<\/h1> <table width=\"100%\" class=\"altrowstable\" id=\"alternatecolor\"> <tr> <td colspan=\"3\" align=\"center\" bgcolor=\"#c3dde0\"> <h3>Ambulancia<\/h3> <\/td> <\/tr> <tr> <td width=\"24%\" rowspan=\"4\" align=\"center\">H\u00e9tk\u00f6znap:<\/td> <td width=\"39%\" align=\"center\">8:00 \u2013 9:00<\/td> <td width=\"37%\">csak \u00e9letvesz\u00e9lyben l\u00e9v\u0151 beteget fogadunk<\/td> <\/tr> <tr> <td align=\"center\" bgcolor=\"#c3dde0\">9:00 \u2013 16:00<\/td> <td bgcolor=\"#c3dde0\">teljes k\u00f6r\u0171 belgy\u00f3gy\u00e1szati szakrendel\u00e9s, csak el\u0151zetes id\u0151pont egyeztet\u00e9s alapj\u00e1n<\/td> <\/tr> <tr> <td align=\"center\">16:00 \u2013 20:00<\/td> <td>\u00fcgyeleti jelleg\u0171 szakell\u00e1t\u00e1s<\/td> <\/tr> <tr> <td align=\"center\" bgcolor=\"#c3dde0\">20:00 \u2013 8:00<\/td> <td bgcolor=\"#c3dde0\" >emelt d\u00edjas s\u00fcrg\u0151ss\u00e9gi betegell\u00e1t\u00e1s<\/td> <\/tr> <tr> <td colspan=\"3\" align=\"center\"><\/td> <\/tr> <tr> <td rowspan=\"4\" align=\"center\">H\u00e9tv\u00e9geken \u00e9s \u00fcnnepnapokon:<\/td> <td align=\"center\" bgcolor=\"#c3dde0\">8:00 \u2013 12:00<\/td> <td bgcolor=\"#c3dde0\"> csak \u00e9letvesz\u00e9lyben l\u00e9v\u0151 beteget fogadunk<\/td> <\/tr> <tr> <td align=\"center\">12:00 \u2013 19:00<\/td> <td >\u00fcgyeleti jelleg\u0171 szakell\u00e1t\u00e1s<\/td> <\/tr> <tr> <td align=\"center\">19:00 \u2013 20:00<\/td> <td >csak \u00e9letvesz\u00e9lyben l\u00e9v\u0151 beteget fogadunk<\/td> <\/tr> <tr> <td align=\"center\" >20:00 \u2013 8:00<\/td> <td>emelt d\u00edjas s\u00fcrg\u0151ss\u00e9gi betegell\u00e1t\u00e1s<\/td> <\/tr> <tr> <td colspan=\"3\" align=\"center\" bgcolor=\"#c3dde0\"> <h3>M\u0171szeres diagnosztikai egys\u00e9g<\/h3> <\/td> <\/tr> <tr> <td align=\"center\">H\u00e9tk\u00f6znap:<\/td> <td align=\"center\">9:00 \u2013 16:00<\/td> <td>csak el\u0151zetes id\u0151pont egyeztet\u00e9s alapj\u00e1n<\/td> <\/tr> <tr> <td colspan=\"3\" align=\"center\" bgcolor=\"#c3dde0\"> <h3>Id\u0151pont egyeztet\u00e9s<\/h3> <\/td> <\/tr> <tr> <td colspan=\"3\" align=\"center\">(1)478-4147<\/td> <\/tr> <\/table> <p>&nbsp;<\/p> <p>&nbsp;<\/p> <p><a href=\"#top\" data-replaced=\"true\">Vissza az oldal tetej\u00e9re&#8230;<\/a><\/p>","protected":false},"excerpt":{"rendered":"<p>NYITVA TART\u00c1S Ambulancia H\u00e9tk\u00f6znap: 8:00 \u2013 9:00 csak \u00e9letvesz\u00e9lyben l\u00e9v\u0151 beteget fogadunk 9:00 \u2013 16:00 teljes k\u00f6r\u0171 belgy\u00f3gy\u00e1szati szakrendel\u00e9s, csak el\u0151zetes id\u0151pont egyeztet\u00e9s alapj\u00e1n 16:00 \u2013 20:00 \u00fcgyeleti jelleg\u0171 szakell\u00e1t\u00e1s 20:00 \u2013 8:00 emelt d\u00edjas s\u00fcrg\u0151ss\u00e9gi betegell\u00e1t\u00e1s H\u00e9tv\u00e9geken \u00e9s \u00fcnnepnapokon: 8:00 \u2013 12:00 csak \u00e9letvesz\u00e9lyben l\u00e9v\u0151 beteget fogadunk 12:00 \u2013 19:00 \u00fcgyeleti jelleg\u0171 szakell\u00e1t\u00e1s 19:00<\/p>\n","protected":false},"author":1,"featured_media":0,"parent":2209,"menu_order":246,"comment_status":"closed","ping_status":"closed","template":"","meta":{"_acf_changed":false,"footnotes":""},"categories":[],"tags":[],"class_list":["post-2809","page","type-page","status-publish","hentry"],"acf":[],"_links":{"self":[{"href":"https:\/\/univet.hu\/hu\/wp-json\/wp\/v2\/pages\/2809","targetHints":{"allow":["GET"]}}],"collection":[{"href":"https:\/\/univet.hu\/hu\/wp-json\/wp\/v2\/pages"}],"about":[{"href":"https:\/\/univet.hu\/hu\/wp-json\/wp\/v2\/types\/page"}],"author":[{"embeddable":true,"href":"https:\/\/univet.hu\/hu\/wp-json\/wp\/v2\/users\/1"}],"replies":[{"embeddable":true,"href":"https:\/\/univet.hu\/hu\/wp-json\/wp\/v2\/comments?post=2809"}],"version-history":[{"count":0,"href":"https:\/\/univet.hu\/hu\/wp-json\/wp\/v2\/pages\/2809\/revisions"}],"up":[{"embeddable":true,"href":"https:\/\/univet.hu\/hu\/wp-json\/wp\/v2\/pages\/2209"}],"wp:attachment":[{"href":"https:\/\/univet.hu\/hu\/wp-json\/wp\/v2\/media?parent=2809"}],"wp:term":[{"taxonomy":"category","embeddable":true,"href":"https:\/\/univet.hu\/hu\/wp-json\/wp\/v2\/categories?post=2809"},{"taxonomy":"post_tag","embeddable":true,"href":"https:\/\/univet.hu\/hu\/wp-json\/wp\/v2\/tags?post=2809"}],"curies":[{"name":"wp","href":"https:\/\/api.w.org\/{rel}","templated":true}]}}