{"id":2810,"date":"2018-04-18T21:49:07","date_gmt":"2018-04-18T19:49:07","guid":{"rendered":"http:\/\/univet.hu\/klinikak\/kisallat\/belgyogyaszat\/araink\/"},"modified":"2018-04-23T16:55:24","modified_gmt":"2018-04-23T14:55:24","slug":"araink","status":"publish","type":"page","link":"https:\/\/univet.hu\/hu\/klinikak\/kisallatklinika\/araink\/","title":{"rendered":"\u00c1raink"},"content":{"rendered":"<p><link href=\"css\/style.css\" data-replaced=\"true\" rel=\"stylesheet\" type=\"text\/css\" \/> <style type=\"text\/css\">  .cemter {  }  .bold {  \tfont-weight: bold;  }  center {  \ttext-align: center;  }  .cemter p {  \ttext-align: center;  }  <\/style> <p>  <body class=\"cemter\">  <\/p> <h1>\u00c1RAINK<\/h1> <p>&nbsp;<\/p> <p>&nbsp;<\/p> <p>Az aktu\u00e1lis, hivatalos \u00e1rlista itt olvashat\u00f3:<\/p> <p><span class=\"bold\"><a href=\"http:\/\/www2.univet.hu\/units\/belgyogyaszat\/docs\/arlista.pdf\" data-replaced=\"true\" target=\"_blank\"> Let\u00f6lt\u00e9s<\/a><\/span><\/p>","protected":false},"excerpt":{"rendered":"<p>\u00c1RAINK &nbsp; &nbsp; Az aktu\u00e1lis, hivatalos \u00e1rlista itt olvashat\u00f3: Let\u00f6lt\u00e9s<\/p>\n","protected":false},"author":1,"featured_media":0,"parent":2209,"menu_order":250,"comment_status":"closed","ping_status":"closed","template":"","meta":{"_acf_changed":false,"footnotes":""},"categories":[],"tags":[],"class_list":["post-2810","page","type-page","status-publish","hentry"],"acf":[],"_links":{"self":[{"href":"https:\/\/univet.hu\/hu\/wp-json\/wp\/v2\/pages\/2810","targetHints":{"allow":["GET"]}}],"collection":[{"href":"https:\/\/univet.hu\/hu\/wp-json\/wp\/v2\/pages"}],"about":[{"href":"https:\/\/univet.hu\/hu\/wp-json\/wp\/v2\/types\/page"}],"author":[{"embeddable":true,"href":"https:\/\/univet.hu\/hu\/wp-json\/wp\/v2\/users\/1"}],"replies":[{"embeddable":true,"href":"https:\/\/univet.hu\/hu\/wp-json\/wp\/v2\/comments?post=2810"}],"version-history":[{"count":0,"href":"https:\/\/univet.hu\/hu\/wp-json\/wp\/v2\/pages\/2810\/revisions"}],"up":[{"embeddable":true,"href":"https:\/\/univet.hu\/hu\/wp-json\/wp\/v2\/pages\/2209"}],"wp:attachment":[{"href":"https:\/\/univet.hu\/hu\/wp-json\/wp\/v2\/media?parent=2810"}],"wp:term":[{"taxonomy":"category","embeddable":true,"href":"https:\/\/univet.hu\/hu\/wp-json\/wp\/v2\/categories?post=2810"},{"taxonomy":"post_tag","embeddable":true,"href":"https:\/\/univet.hu\/hu\/wp-json\/wp\/v2\/tags?post=2810"}],"curies":[{"name":"wp","href":"https:\/\/api.w.org\/{rel}","templated":true}]}}