{"id":2811,"date":"2018-04-18T21:49:08","date_gmt":"2018-04-18T19:49:08","guid":{"rendered":"http:\/\/univet.hu\/klinikak\/kisallat\/belgyogyaszat\/igy-csinaljuk-mi\/"},"modified":"2018-04-23T16:55:28","modified_gmt":"2018-04-23T14:55:28","slug":"igy-csinaljuk-mi","status":"publish","type":"page","link":"https:\/\/univet.hu\/hu\/klinikak\/kisallatklinika\/igy-csinaljuk-mi\/","title":{"rendered":"\u00cdgy csin\u00e1ljuk mi"},"content":{"rendered":"<link href=\"css\/style.css\" data-replaced=\"true\" rel=\"stylesheet\" type=\"text\/css\" \/> <h1>\u00cdGY CSIN\u00c1LJUK MI<\/h1> <p>&nbsp;<\/p> <ul> <li> <h1><a href=\"index.php?page=i_oltasok\" data-replaced=\"true\">Olt\u00e1sok<\/a><\/h1> <\/li> <li> <h1><a href=\"index.php?page=i_eutanazia\" data-replaced=\"true\"> Eutan\u00e1zia<\/a><\/h1> <\/li> <\/ul> <p>&nbsp;<\/p> <h3>&nbsp;<\/h3> <h3>&nbsp;<\/h3>","protected":false},"excerpt":{"rendered":"<p>\u00cdGY CSIN\u00c1LJUK MI &nbsp; Olt\u00e1sok Eutan\u00e1zia &nbsp; &nbsp; &nbsp;<\/p>\n","protected":false},"author":1,"featured_media":0,"parent":2209,"menu_order":252,"comment_status":"closed","ping_status":"closed","template":"","meta":{"_acf_changed":false,"footnotes":""},"categories":[],"tags":[],"class_list":["post-2811","page","type-page","status-publish","hentry"],"acf":[],"_links":{"self":[{"href":"https:\/\/univet.hu\/hu\/wp-json\/wp\/v2\/pages\/2811","targetHints":{"allow":["GET"]}}],"collection":[{"href":"https:\/\/univet.hu\/hu\/wp-json\/wp\/v2\/pages"}],"about":[{"href":"https:\/\/univet.hu\/hu\/wp-json\/wp\/v2\/types\/page"}],"author":[{"embeddable":true,"href":"https:\/\/univet.hu\/hu\/wp-json\/wp\/v2\/users\/1"}],"replies":[{"embeddable":true,"href":"https:\/\/univet.hu\/hu\/wp-json\/wp\/v2\/comments?post=2811"}],"version-history":[{"count":0,"href":"https:\/\/univet.hu\/hu\/wp-json\/wp\/v2\/pages\/2811\/revisions"}],"up":[{"embeddable":true,"href":"https:\/\/univet.hu\/hu\/wp-json\/wp\/v2\/pages\/2209"}],"wp:attachment":[{"href":"https:\/\/univet.hu\/hu\/wp-json\/wp\/v2\/media?parent=2811"}],"wp:term":[{"taxonomy":"category","embeddable":true,"href":"https:\/\/univet.hu\/hu\/wp-json\/wp\/v2\/categories?post=2811"},{"taxonomy":"post_tag","embeddable":true,"href":"https:\/\/univet.hu\/hu\/wp-json\/wp\/v2\/tags?post=2811"}],"curies":[{"name":"wp","href":"https:\/\/api.w.org\/{rel}","templated":true}]}}