{"id":2812,"date":"2018-04-18T21:49:08","date_gmt":"2018-04-18T19:49:08","guid":{"rendered":"http:\/\/univet.hu\/klinikak\/kisallat\/belgyogyaszat\/igy-csinaljuk-mi-oltasok\/"},"modified":"2018-04-23T16:56:34","modified_gmt":"2018-04-23T14:56:34","slug":"oltasok","status":"publish","type":"page","link":"https:\/\/univet.hu\/hu\/klinikak\/kisallatklinika\/igy-csinaljuk-mi\/oltasok\/","title":{"rendered":"Olt\u00e1sok"},"content":{"rendered":"<p><link href=\"css\/style.css\" data-replaced=\"true\" rel=\"stylesheet\" type=\"text\/css\" \/> <style type=\"text\/css\">  .red {  \tcolor: #F00;  }  .green {  \tcolor: #090;  }  <\/style> <h1><a href=\"index.php?page=igycsinaljuk\" data-replaced=\"true\">\u00cdGY CSIN\u00c1LJUK MI<\/a>  OLT\u00c1SOK<\/h1> <p>Klinik\u00e1nkon vakcin\u00e1z\u00e1sokat rendel\u00e9si id\u0151ben, h\u00e9tk\u00f6znaponk\u00e9nt 9-22, h\u00e9tv\u00e9genk\u00e9nt 9-20 \u00f3ra k\u00f6z\u00f6tt v\u00e9gz\u00fcnk. Csak eg\u00e9szs\u00e9ges \u00e1llatokat r\u00e9szes\u00edt\u00fcnk v\u00e9d\u0151olt\u00e1sban.  <\/p> <table width=\"100%\" align=\"center\" cellpadding=\"0\" cellspacing=\"0\"> <tr> <td colspan=\"2\" align=\"center\"> <h1>Kutya              <\/h1> <p><span class=\"red\">piros=k\u00f6telez\u0151<\/span>, <span class=\"green\">z\u00f6ld=aj\u00e1nlott<\/span><\/p> <\/td> <\/tr> <tr> <td colspan=\"2\" align=\"center\"> <h4>K\u00f6ly\u00f6k eset\u00e9n<\/h4> <\/td> <\/tr> <tr> <td>6-8 hetes korban: <\/td> <td class=\"green\">Parvov\u00edrus elleni olt\u00e1s (+ f\u00e9reghajt\u00e1s)<\/td> <\/tr> <tr> <td>8-10 hetes korban:<\/td> <td class=\"green\">1. kombin\u00e1lt olt\u00e1s (+ f\u00e9reghajt\u00e1s) <\/td> <\/tr> <tr> <td>11-12 hetes korban:<\/td> <td class=\"green\">2. kombin\u00e1lt olt\u00e1s (+ f\u00e9reghajt\u00e1s)<\/td> <\/tr> <tr> <td>13-14 hetes korban:<\/td> <td class=\"green\">3. kombin\u00e1lt olt\u00e1s (+ f\u00e9reghajt\u00e1s) <\/td> <\/tr> <tr> <td>16 hetes korban:<\/td> <td class=\"red\">1. veszetts\u00e9g olt\u00e1s <\/td> <\/tr> <tr> <td>10 h\u00f3napos korban:<\/td> <td class=\"red\">2. veszetts\u00e9g olt\u00e1s <\/td> <\/tr> <tr> <td colspan=\"2\" align=\"center\"> <h4>A kiskutya legkor\u00e1bban a 12 hetes kor bet\u00f6lt\u00e9se ut\u00e1n beadott kombin\u00e1lt olt\u00e1s ut\u00e1n 1 h\u00e9ttel mehet ki az utc\u00e1ra. <\/h4> <\/td> <\/tr> <tr> <td>&nbsp;<\/td> <td>&nbsp;<\/td> <\/tr> <tr> <td colspan=\"2\"> <p>Feln\u0151tt \u00e1llat eset\u00e9n        Az &quot;eml\u00e9keztet\u0151&quot; kombin\u00e1lt olt\u00e1st az utols\u00f3 k\u00f6ly\u00f6kkori kombin\u00e1lt olt\u00e1shoz k\u00e9pest 1 \u00e9vvel k\u00e9s\u0151bb \u00e9rdemes beadni.<\/p> <p> Ezt k\u00f6vet\u0151en \u00e9vente 1 alkalommal:<span class=\"red\"> veszetts\u00e9g<\/span> + <span class=\"green\">kombin\u00e1lt olt\u00e1s<\/span> <span class=\"red\">(f\u00e9reghajt\u00e1s) <\/span><\/p> <p>A <span class=\"green\">f\u00e9reghajt\u00e1st<\/span> \u00e9vente egyszer <span class=\"red\">k\u00f6telez\u0151<\/span>, de aj\u00e1nlott <span class=\"green\">3 havonta<\/span> elv\u00e9gezni.<\/p> <\/td> <\/tr> <\/table> <p>&nbsp;<\/p> <p>&nbsp;<\/p> <p>&nbsp;<\/p> <table border=\"0\" cellspacing=\"0\" cellpadding=\"0\"> <tr> <td colspan=\"2\" align=\"center\"> <h1>Macska <\/h1> <\/td> <\/tr> <tr> <td colspan=\"2\" align=\"center\"> <h4>K\u00f6ly\u00f6k eset\u00e9n<\/h4> <\/td> <\/tr> <tr> <td>8-10 hetes korban:<\/td> <td class=\"green\">1. kombin\u00e1lt olt\u00e1s (+ f\u00e9reghajt\u00e1s) <\/td> <\/tr> <tr> <td>12-13 hetes korban: <\/td> <td class=\"green\">2. kombin\u00e1lt olt\u00e1s (+ f\u00e9reghajt\u00e1s)<\/td> <\/tr> <tr> <td>13-14 hetes korban: <\/td> <td class=\"green\">1. macskaleuk\u00f3zis olt\u00e1s<\/td> <\/tr> <tr> <td>15-16 hetes korban: <\/td> <td class=\"green\">2. macskaleuk\u00f3zis olt\u00e1s <\/td> <\/tr> <tr> <td>16-18 hetes korban: <\/td> <td class=\"green\">veszetts\u00e9g olt\u00e1s <\/td> <\/tr> <tr> <td>&nbsp;<\/td> <td>&nbsp;<\/td> <\/tr> <tr> <td colspan=\"2\" align=\"center\"> <h4>Feln\u0151tt \u00e1llat eset\u00e9n<\/h4> <\/td> <\/tr> <tr> <td colspan=\"2\">Az &quot;eml\u00e9keztet\u0151&quot; kombin\u00e1lt olt\u00e1st az utols\u00f3 k\u00f6ly\u00f6kkori kombin\u00e1lt olt\u00e1shoz k\u00e9pest 1 \u00e9vvel k\u00e9s\u0151bb \u00e9rdemes beadni.<\/td> <\/tr> <tr> <td colspan=\"2\">\u00c9vente 1 alkalommal:\t<span class=\"green\">kombin\u00e1lt + kij\u00e1r\u00f3 \u00e1llat eset\u00e9ben macskaleuk\u00f3zis \u00e9s veszetts\u00e9g olt\u00e1s<\/span><\/td> <\/tr> <tr> <td colspan=\"2\">A <span class=\"green\">f\u00e9reghajt\u00e1st<\/span> aj\u00e1nlott<span class=\"green\"> 3 havonta<\/span> elv\u00e9gezni. <\/td> <\/tr> <\/table> <p>&nbsp;<\/p> <p>&nbsp;<\/p> <p><a href=\"#top\" data-replaced=\"true\">Vissza az oldal tetej\u00e9re&#8230;<\/a><\/p>","protected":false},"excerpt":{"rendered":"<p>\u00cdGY CSIN\u00c1LJUK MI OLT\u00c1SOK Klinik\u00e1nkon vakcin\u00e1z\u00e1sokat rendel\u00e9si id\u0151ben, h\u00e9tk\u00f6znaponk\u00e9nt 9-22, h\u00e9tv\u00e9genk\u00e9nt 9-20 \u00f3ra k\u00f6z\u00f6tt v\u00e9gz\u00fcnk. Csak eg\u00e9szs\u00e9ges \u00e1llatokat r\u00e9szes\u00edt\u00fcnk v\u00e9d\u0151olt\u00e1sban. Kutya piros=k\u00f6telez\u0151, z\u00f6ld=aj\u00e1nlott K\u00f6ly\u00f6k eset\u00e9n 6-8 hetes korban: Parvov\u00edrus elleni olt\u00e1s (+ f\u00e9reghajt\u00e1s) 8-10 hetes korban: 1. kombin\u00e1lt olt\u00e1s (+ f\u00e9reghajt\u00e1s) 11-12 hetes korban: 2. kombin\u00e1lt olt\u00e1s (+ f\u00e9reghajt\u00e1s) 13-14 hetes korban: 3. kombin\u00e1lt olt\u00e1s<\/p>\n","protected":false},"author":1,"featured_media":0,"parent":2811,"menu_order":154,"comment_status":"closed","ping_status":"closed","template":"","meta":{"_acf_changed":false,"footnotes":""},"categories":[],"tags":[],"class_list":["post-2812","page","type-page","status-publish","hentry"],"acf":[],"_links":{"self":[{"href":"https:\/\/univet.hu\/hu\/wp-json\/wp\/v2\/pages\/2812","targetHints":{"allow":["GET"]}}],"collection":[{"href":"https:\/\/univet.hu\/hu\/wp-json\/wp\/v2\/pages"}],"about":[{"href":"https:\/\/univet.hu\/hu\/wp-json\/wp\/v2\/types\/page"}],"author":[{"embeddable":true,"href":"https:\/\/univet.hu\/hu\/wp-json\/wp\/v2\/users\/1"}],"replies":[{"embeddable":true,"href":"https:\/\/univet.hu\/hu\/wp-json\/wp\/v2\/comments?post=2812"}],"version-history":[{"count":0,"href":"https:\/\/univet.hu\/hu\/wp-json\/wp\/v2\/pages\/2812\/revisions"}],"up":[{"embeddable":true,"href":"https:\/\/univet.hu\/hu\/wp-json\/wp\/v2\/pages\/2811"}],"wp:attachment":[{"href":"https:\/\/univet.hu\/hu\/wp-json\/wp\/v2\/media?parent=2812"}],"wp:term":[{"taxonomy":"category","embeddable":true,"href":"https:\/\/univet.hu\/hu\/wp-json\/wp\/v2\/categories?post=2812"},{"taxonomy":"post_tag","embeddable":true,"href":"https:\/\/univet.hu\/hu\/wp-json\/wp\/v2\/tags?post=2812"}],"curies":[{"name":"wp","href":"https:\/\/api.w.org\/{rel}","templated":true}]}}