{"id":2813,"date":"2018-04-18T21:49:09","date_gmt":"2018-04-18T19:49:09","guid":{"rendered":"http:\/\/univet.hu\/klinikak\/kisallat\/belgyogyaszat\/igy-csinaljuk-mi-eutanazia\/"},"modified":"2018-04-23T16:56:39","modified_gmt":"2018-04-23T14:56:39","slug":"eutanazia","status":"publish","type":"page","link":"https:\/\/univet.hu\/hu\/klinikak\/kisallatklinika\/igy-csinaljuk-mi\/eutanazia\/","title":{"rendered":"Eutan\u00e1zia"},"content":{"rendered":"<p><link href=\"css\/style.css\" data-replaced=\"true\" rel=\"stylesheet\" type=\"text\/css\" \/> <h1><a href=\"index.php?page=igycsinaljuk\" data-replaced=\"true\">\u00cdGY CSIN\u00c1LJUK MI<\/a>  EUTAN\u00c1ZIA<\/h1> <p>A belgy\u00f3gy\u00e1szati rendel\u00e9s keret\u00e9ben az \u00e1llatok v\u00e9gleges elaltat\u00e1s\u00e1t csak indokolt esetben v\u00e9gezz\u00fck. Indokolt esetnek min\u0151s\u00fcl kuty\u00e1k \u00e9s macsk\u00e1k eset\u00e9ben a 2002. \u00e9vi LXVII. T\u00f6rv\u00e9ny \u00e9rtelm\u00e9ben a s\u00falyos, gy\u00f3gy\u00edthatatlan betegs\u00e9g vagy s\u00e9r\u00fcl\u00e9s, a fert\u0151z\u0151 betegs\u00e9gek kontrollja, valamint az azok elleni v\u00e9dekez\u00e9s, illetve a m\u00e1sk\u00e9nt el nem h\u00e1r\u00edthat\u00f3 t\u00e1mad\u00e1s megakad\u00e1lyoz\u00e1sa. Egy\u00e9b esetekben az \u00e1llatorvos megtagadhatja az \u00e1llat v\u00e9gleges elaltat\u00e1s\u00e1t. Nem altathat\u00f3 el az az \u00e1llat, amelyik 14 napon bel\u00fcl ember harapott vagy karmolt.   <\/p> <p>Ig\u00e9ny szerint a gazdi jelen lehet kedvence elaltat\u00e1sakor.<\/p> <p>Az \u00e1llatok v\u00e9gleges elaltat\u00e1s\u00e1t minden esetben \u00e1ltal\u00e1nos \u00e9rz\u00e9stelen\u00edt\u00e9sben hajtjuk v\u00e9gre. Mikor el\u00e9rt\u00fck a teljes \u00e9rz\u00e9ketlens\u00e9g \u00e1llapot\u00e1t, az \u00e1llat megkapja a v\u00e9gleges altat\u00f3 injekci\u00f3t. Ekkor n\u00e9h\u00e1ny m\u00e1sodpercen be\u00fcl le\u00e1ll a l\u00e9gz\u00e9s \u00e9s az agym\u0171k\u00f6d\u00e9s, az izmok elernyednek.<\/p> <p> Az altat\u00e1s ut\u00e1n a tetem sors\u00e1r\u00f3l a tulajdonos rendelkezik:  <\/p> <ul> <li>haza k\u00edv\u00e1nja vinni eltemetni, vagy  <\/li> <li>k\u00f3rbonctani vizsg\u00e1latot,  <\/li> <li>k\u00f6z\u00f6s hamvaszt\u00e1st,  <\/li> <li>egyedi hamvaszt\u00e1st k\u00e9r.  <\/li> <\/ul> <p>Amennyiben szervez\u00e9si okok miatt nem tudja megoldani a tetem azonnali  elsz\u00e1ll\u00edt\u00e1s\u00e1t \u2013 1500 Ft d\u00edjaz\u00e1s ellen\u00e9ben \u2013 24 \u00f3r\u00e1ig tudjuk biztos\u00edtani a tetem t\u00e1rol\u00e1s\u00e1t. Ezt k\u00f6vet\u0151en, amennyiben a tulajdonos nem jelentkezik, a tetemet k\u00f6z\u00f6s hamvaszt\u00e1sra k\u00fcldj\u00fck. <\/p> <p>&nbsp;<\/p> <p>&nbsp;<\/p> <p><a href=\"#top\" data-replaced=\"true\">Vissza az oldal tetej\u00e9re&#8230;<\/a><\/p>","protected":false},"excerpt":{"rendered":"<p>\u00cdGY CSIN\u00c1LJUK MI EUTAN\u00c1ZIA A belgy\u00f3gy\u00e1szati rendel\u00e9s keret\u00e9ben az \u00e1llatok v\u00e9gleges elaltat\u00e1s\u00e1t csak indokolt esetben v\u00e9gezz\u00fck. Indokolt esetnek min\u0151s\u00fcl kuty\u00e1k \u00e9s macsk\u00e1k eset\u00e9ben a 2002. \u00e9vi LXVII. T\u00f6rv\u00e9ny \u00e9rtelm\u00e9ben a s\u00falyos, gy\u00f3gy\u00edthatatlan betegs\u00e9g vagy s\u00e9r\u00fcl\u00e9s, a fert\u0151z\u0151 betegs\u00e9gek kontrollja, valamint az azok elleni v\u00e9dekez\u00e9s, illetve a m\u00e1sk\u00e9nt el nem h\u00e1r\u00edthat\u00f3 t\u00e1mad\u00e1s megakad\u00e1lyoz\u00e1sa. Egy\u00e9b esetekben az<\/p>\n","protected":false},"author":1,"featured_media":0,"parent":2811,"menu_order":192,"comment_status":"closed","ping_status":"closed","template":"","meta":{"_acf_changed":false,"footnotes":""},"categories":[],"tags":[],"class_list":["post-2813","page","type-page","status-publish","hentry"],"acf":[],"_links":{"self":[{"href":"https:\/\/univet.hu\/hu\/wp-json\/wp\/v2\/pages\/2813","targetHints":{"allow":["GET"]}}],"collection":[{"href":"https:\/\/univet.hu\/hu\/wp-json\/wp\/v2\/pages"}],"about":[{"href":"https:\/\/univet.hu\/hu\/wp-json\/wp\/v2\/types\/page"}],"author":[{"embeddable":true,"href":"https:\/\/univet.hu\/hu\/wp-json\/wp\/v2\/users\/1"}],"replies":[{"embeddable":true,"href":"https:\/\/univet.hu\/hu\/wp-json\/wp\/v2\/comments?post=2813"}],"version-history":[{"count":0,"href":"https:\/\/univet.hu\/hu\/wp-json\/wp\/v2\/pages\/2813\/revisions"}],"up":[{"embeddable":true,"href":"https:\/\/univet.hu\/hu\/wp-json\/wp\/v2\/pages\/2811"}],"wp:attachment":[{"href":"https:\/\/univet.hu\/hu\/wp-json\/wp\/v2\/media?parent=2813"}],"wp:term":[{"taxonomy":"category","embeddable":true,"href":"https:\/\/univet.hu\/hu\/wp-json\/wp\/v2\/categories?post=2813"},{"taxonomy":"post_tag","embeddable":true,"href":"https:\/\/univet.hu\/hu\/wp-json\/wp\/v2\/tags?post=2813"}],"curies":[{"name":"wp","href":"https:\/\/api.w.org\/{rel}","templated":true}]}}