{"id":2816,"date":"2018-04-18T21:49:11","date_gmt":"2018-04-18T19:49:11","guid":{"rendered":"http:\/\/univet.hu\/klinikak\/kisallat\/belgyogyaszat\/elerhetoseg\/"},"modified":"2018-04-23T16:56:08","modified_gmt":"2018-04-23T14:56:08","slug":"elerhetoseg","status":"publish","type":"page","link":"https:\/\/univet.hu\/hu\/klinikak\/kisallatklinika\/elerhetoseg\/","title":{"rendered":"El\u00e9rhet\u0151s\u00e9g"},"content":{"rendered":"<p><link href=\"css\/style.css\" rel=\"stylesheet\" type=\"text\/css\" \/> <style type=\"text\/css\">  .bold {  \tcolor: #369;  \tfont-weight: bold;  }  <\/style> <h1>EL\u00c9RHET\u0150S\u00c9G<\/h1> <h4>1078 Budapest, Istv\u00e1n u. 2. &#8222;A&#8221; \u00e9p\u00fclet  <\/h4> <p>&nbsp;<\/p> <h4>Megk\u00f6zel\u00edt\u00e9s:  <\/h4> <ul> <li><span class=\"bold\">Aut\u00f3val:<\/span> a Rottenbiller u. fel\u0151l lehet behajtani az Istv\u00e1n utc\u00e1ra, a sarokt\u00f3l kb. 100-150 m\u00e9terre a menetir\u00e1nynak megfelel\u0151en balra tal\u00e1lhat\u00f3 a f\u0151bej\u00e1rat. A tulajdonosok az Egyetem ter\u00fclet\u00e9n a betegparkol\u00f3ban hagyhatj\u00e1k aut\u00f3jukat (parkol\u00e1si d\u00edj 125 Ft\/\u00f3ra). Amennyiben az utc\u00e1n parkolnak, k\u00e9rj\u00fck vegy\u00e9k figyelembe, hogy a k\u00f6rny\u00e9k fizet\u0151 \u00f6vezetbe tartozik. <\/li> <li><span class=\"bold\">T\u00f6megk\u00f6zleked\u00e9ssel:<\/span> 73, 74, 76-os trolibusz (Rottenbiller u. \/ Istv\u00e1n u. meg\u00e1ll\u00f3).      M2 metr\u00f3 \u2013 Keleti p\u00e1lyaudvar \u2013 Bethlen G\u00e1bor utc\u00e1n haladva a Baross t\u00e9rt\u0151l a 3. sarok az Istv\u00e1n u., ott balra fordulni \u00e9s kb. 100 m a bej\u00e1rat.      7-es busz \u2013 Keleti p\u00e1lyaudvar \u2013 Bethlen G\u00e1bor utc\u00e1n haladva a Baross t\u00e9rt\u0151l a 3. sarok az Istv\u00e1n u., ott balra fordulni \u00e9s kb. 100 m a bej\u00e1rat. <\/li> <\/ul> <p><span class=\"bold\">Postac\u00edm<\/span>: 1400 Budapest, Pf. 2. <\/p> <p><span class=\"bold\">E-mail:<\/span><a class=\"decrypt\" rel=\"cfmhzphzbt{buAvojwfu\/iv\" href=\"javascript:void(0);\">[Kattintson az emailc\u00edmhez]<\/a><\/p> <p>Az egyes \u00e1llatorvosaink e-mail el\u00e9rhet\u0151s\u00e9g\u00e9t a <a href=\"index.php?page=munkatarsaink\">Munkat\u00e1rsaink<\/a> linkn\u00e9l tal\u00e1lja.<\/p> <p><span class=\"bold\">Telefon:<\/span> (1)478-4100 <\/p> <p><span class=\"bold\">Fax: <\/span>(1)478-4137 <\/p> <p class=\"bold\">Alap\u00edtv\u00e1ny az \u00e1llatorvos-tudom\u00e1ny\u00e9rt a belgy\u00f3gy\u00e1szat fejleszt\u00e9s\u00e9re &#8211; Sz\u00e1mlasz\u00e1m: 18002289-1-42 <\/p> <p class=\"bold\">&nbsp;<\/p> <table border=\"1\" align=\"center\" cellpadding=\"0\" cellspacing=\"0\"> <tr> <td>      <iframe loading=\"lazy\" class=\"img\" height=\"350\" marginheight=\"0\" src=\"http:\/\/maps.google.com\/maps?f=q&amp;source=s_q&amp;hl=hu&amp;geocode=&amp;q=1078+Budapest,+Istv%C3%A1n+u.+2.&amp;sll=37.0625,-95.677068&amp;sspn=35.957999,56.337891&amp;ie=UTF8&amp;ll=47.510186,19.081964&amp;spn=0.007494,0.013754&amp;z=14&amp;iwloc=A&amp;output=embed\" data-replaced=\"true\" frameborder=\"0\" width=\"425\" marginwidth=\"0\" scrolling=\"no\"><\/iframe><\/td> <\/tr> <\/table> <p>&nbsp;<\/p> <p>&nbsp;<\/p> <p><a href=\"#top\">Vissza az oldal tetej\u00e9re&#8230;<\/a><\/p>","protected":false},"excerpt":{"rendered":"<p>EL\u00c9RHET\u0150S\u00c9G 1078 Budapest, Istv\u00e1n u. 2. &#8222;A&#8221; \u00e9p\u00fclet &nbsp; Megk\u00f6zel\u00edt\u00e9s: Aut\u00f3val: a Rottenbiller u. fel\u0151l lehet behajtani az Istv\u00e1n utc\u00e1ra, a sarokt\u00f3l kb. 100-150 m\u00e9terre a menetir\u00e1nynak megfelel\u0151en balra tal\u00e1lhat\u00f3 a f\u0151bej\u00e1rat. A tulajdonosok az Egyetem ter\u00fclet\u00e9n a betegparkol\u00f3ban hagyhatj\u00e1k aut\u00f3jukat (parkol\u00e1si d\u00edj 125 Ft\/\u00f3ra). Amennyiben az utc\u00e1n parkolnak, k\u00e9rj\u00fck vegy\u00e9k figyelembe, hogy a k\u00f6rny\u00e9k<\/p>\n","protected":false},"author":1,"featured_media":0,"parent":2209,"menu_order":264,"comment_status":"closed","ping_status":"closed","template":"","meta":{"_acf_changed":false,"footnotes":""},"categories":[],"tags":[],"class_list":["post-2816","page","type-page","status-publish","hentry"],"acf":[],"_links":{"self":[{"href":"https:\/\/univet.hu\/hu\/wp-json\/wp\/v2\/pages\/2816","targetHints":{"allow":["GET"]}}],"collection":[{"href":"https:\/\/univet.hu\/hu\/wp-json\/wp\/v2\/pages"}],"about":[{"href":"https:\/\/univet.hu\/hu\/wp-json\/wp\/v2\/types\/page"}],"author":[{"embeddable":true,"href":"https:\/\/univet.hu\/hu\/wp-json\/wp\/v2\/users\/1"}],"replies":[{"embeddable":true,"href":"https:\/\/univet.hu\/hu\/wp-json\/wp\/v2\/comments?post=2816"}],"version-history":[{"count":0,"href":"https:\/\/univet.hu\/hu\/wp-json\/wp\/v2\/pages\/2816\/revisions"}],"up":[{"embeddable":true,"href":"https:\/\/univet.hu\/hu\/wp-json\/wp\/v2\/pages\/2209"}],"wp:attachment":[{"href":"https:\/\/univet.hu\/hu\/wp-json\/wp\/v2\/media?parent=2816"}],"wp:term":[{"taxonomy":"category","embeddable":true,"href":"https:\/\/univet.hu\/hu\/wp-json\/wp\/v2\/categories?post=2816"},{"taxonomy":"post_tag","embeddable":true,"href":"https:\/\/univet.hu\/hu\/wp-json\/wp\/v2\/tags?post=2816"}],"curies":[{"name":"wp","href":"https:\/\/api.w.org\/{rel}","templated":true}]}}