{"id":2857,"date":"2018-04-18T21:50:30","date_gmt":"2018-04-18T19:50:30","guid":{"rendered":"http:\/\/univet.hu\/klinikak\/haszonallat\/elerhetoseg\/"},"modified":"2021-07-29T11:28:47","modified_gmt":"2021-07-29T09:28:47","slug":"elerhetoseg","status":"publish","type":"page","link":"https:\/\/univet.hu\/hu\/klinikak\/haszonallat\/elerhetoseg\/","title":{"rendered":"El\u00e9rhet\u0151s\u00e9g"},"content":{"rendered":"<h2>Betegell\u00e1t\u00e1s (0-24 \u00f3ra)<\/h2> <p>Minden esetben k\u00e9rj\u00fck, egyeztessen id\u0151pontot a k\u00f6vetkez\u0151 telefonsz\u00e1mon:<\/p> <p><strong>+36306192785<\/strong><\/p> <p>Munkaid\u0151n (H-P 8:00-16:00) k\u00edv\u00fcl az ell\u00e1t\u00e1s\u00e9rt \u00fcgyeleti d\u00edjat sz\u00e1molunk fel.<\/p> <h2>\u00c1llatorvostudom\u00e1nyi Egyetem<br \/> Haszon\u00e1llat-gy\u00f3gy\u00e1szati Tansz\u00e9k \u00e9s Klinika<\/h2> <p><strong>C\u00edm:<\/strong> 2225 \u00dcll\u0151, D\u00f3ra Major<br \/> <strong>Fax:<\/strong> +36(29)521-306<\/p> <p><iframe loading=\"lazy\" src=\"https:\/\/maps.google.com\/maps?q=47.345831,19.317605&amp;num=1&amp;hl=hu&amp;ie=UTF8&amp;t=h&amp;z=14&amp;ll=47.344203,19.327226&amp;output=embed\" width=\"450\" height=\"300\" data-replaced=\"true\"><\/iframe><\/p>","protected":false},"excerpt":{"rendered":"<p>Betegell\u00e1t\u00e1s (0-24 \u00f3ra) Minden esetben k\u00e9rj\u00fck, egyeztessen id\u0151pontot a k\u00f6vetkez\u0151 telefonsz\u00e1mon: +36306192785 Munkaid\u0151n (H-P 8:00-16:00) k\u00edv\u00fcl az ell\u00e1t\u00e1s\u00e9rt \u00fcgyeleti d\u00edjat sz\u00e1molunk fel. \u00c1llatorvostudom\u00e1nyi Egyetem Haszon\u00e1llat-gy\u00f3gy\u00e1szati Tansz\u00e9k \u00e9s Klinika C\u00edm: 2225 \u00dcll\u0151, D\u00f3ra Major Fax: +36(29)521-306<\/p>\n","protected":false},"author":1,"featured_media":0,"parent":2213,"menu_order":285,"comment_status":"closed","ping_status":"closed","template":"","meta":{"_acf_changed":false,"footnotes":""},"categories":[],"tags":[],"class_list":["post-2857","page","type-page","status-publish","hentry"],"acf":[],"_links":{"self":[{"href":"https:\/\/univet.hu\/hu\/wp-json\/wp\/v2\/pages\/2857","targetHints":{"allow":["GET"]}}],"collection":[{"href":"https:\/\/univet.hu\/hu\/wp-json\/wp\/v2\/pages"}],"about":[{"href":"https:\/\/univet.hu\/hu\/wp-json\/wp\/v2\/types\/page"}],"author":[{"embeddable":true,"href":"https:\/\/univet.hu\/hu\/wp-json\/wp\/v2\/users\/1"}],"replies":[{"embeddable":true,"href":"https:\/\/univet.hu\/hu\/wp-json\/wp\/v2\/comments?post=2857"}],"version-history":[{"count":0,"href":"https:\/\/univet.hu\/hu\/wp-json\/wp\/v2\/pages\/2857\/revisions"}],"up":[{"embeddable":true,"href":"https:\/\/univet.hu\/hu\/wp-json\/wp\/v2\/pages\/2213"}],"wp:attachment":[{"href":"https:\/\/univet.hu\/hu\/wp-json\/wp\/v2\/media?parent=2857"}],"wp:term":[{"taxonomy":"category","embeddable":true,"href":"https:\/\/univet.hu\/hu\/wp-json\/wp\/v2\/categories?post=2857"},{"taxonomy":"post_tag","embeddable":true,"href":"https:\/\/univet.hu\/hu\/wp-json\/wp\/v2\/tags?post=2857"}],"curies":[{"name":"wp","href":"https:\/\/api.w.org\/{rel}","templated":true}]}}