{"id":2893,"date":"2018-04-18T21:51:03","date_gmt":"2018-04-18T19:51:03","guid":{"rendered":"http:\/\/univet.hu\/klinikak\/logyogyaszat\/sebeszet-2\/"},"modified":"2018-09-13T22:19:50","modified_gmt":"2018-09-13T20:19:50","slug":"sebeszet","status":"publish","type":"page","link":"https:\/\/univet.hu\/hu\/klinikak\/loklinika\/kutatas\/sebeszet\/","title":{"rendered":"Seb\u00e9szet"},"content":{"rendered":"<h2>Kutat\u00e1si t\u00e9m\u00e1k<\/h2> <ul> <li>Lovak \u00e1ll\u00f3 helyzet\u0171 podotrochlar bursoscopi\u00e1ja (Bod\u00f3 G., Izing S.)<\/li> <li>Lovak patacsont t\u00f6r\u00e9s\u00e9nek \u00e1ll\u00f3 helyzet\u0171 h\u00faz\u00f3 csavaros r\u00f6gz\u00edt\u00e9se (Bod\u00f3 G. Izing S.)<\/li> <li>A szemfajdalom meg\u00edt\u00e9l\u00e9se \u00e9s az akupunkt\u00fara, flunixin meglumin \u00e9s fenilbutazon f\u00e1jdalomcsillap\u00edt\u00f3 hat\u00e1s\u00e1nak felm\u00e9r\u00e9se lovakban (Makra Z.)<\/li> <li>Az autol\u00f3g oszteokondr\u00e1lis transzplant\u00e1ci\u00f3 lehet\u0151s\u00e9gei \u00e9s vizsg\u00e1lata lovon (Bod\u00f3 G., Tuska P.)<\/li> <li>Csontt\u00f6r\u00e9sek k\u00fcl\u00f6nb\u00f6z\u0151 t\u00edpus\u00fa gy\u00f3gykelez\u00e9s\u00e9nek vizsg\u00e1lata lovon (patacsont h\u00faz\u00f3csavaros r\u00f6gz\u00edt\u00e9s, cs\u00fcdcsont romt\u00f6r\u00e9s\u00e9nek vizsg\u00e1lata, ulnat\u00f6r\u00e9sek vizsg\u00e1lata) (Bod\u00f3 G., Izing S., T\u00f3th P., Tuska P.)<\/li> <\/ul>","protected":false},"excerpt":{"rendered":"<p>Kutat\u00e1si t\u00e9m\u00e1k Lovak \u00e1ll\u00f3 helyzet\u0171 podotrochlar bursoscopi\u00e1ja (Bod\u00f3 G., Izing S.) Lovak patacsont t\u00f6r\u00e9s\u00e9nek \u00e1ll\u00f3 helyzet\u0171 h\u00faz\u00f3 csavaros r\u00f6gz\u00edt\u00e9se (Bod\u00f3 G. Izing S.) A szemfajdalom meg\u00edt\u00e9l\u00e9se \u00e9s az akupunkt\u00fara, flunixin meglumin \u00e9s fenilbutazon f\u00e1jdalomcsillap\u00edt\u00f3 hat\u00e1s\u00e1nak felm\u00e9r\u00e9se lovakban (Makra Z.) Az autol\u00f3g oszteokondr\u00e1lis transzplant\u00e1ci\u00f3 lehet\u0151s\u00e9gei \u00e9s vizsg\u00e1lata lovon (Bod\u00f3 G., Tuska P.) Csontt\u00f6r\u00e9sek k\u00fcl\u00f6nb\u00f6z\u0151 t\u00edpus\u00fa gy\u00f3gykelez\u00e9s\u00e9nek<\/p>\n","protected":false},"author":1,"featured_media":0,"parent":2891,"menu_order":154,"comment_status":"closed","ping_status":"closed","template":"","meta":{"_acf_changed":false,"footnotes":""},"categories":[],"tags":[],"class_list":["post-2893","page","type-page","status-publish","hentry"],"acf":[],"_links":{"self":[{"href":"https:\/\/univet.hu\/hu\/wp-json\/wp\/v2\/pages\/2893","targetHints":{"allow":["GET"]}}],"collection":[{"href":"https:\/\/univet.hu\/hu\/wp-json\/wp\/v2\/pages"}],"about":[{"href":"https:\/\/univet.hu\/hu\/wp-json\/wp\/v2\/types\/page"}],"author":[{"embeddable":true,"href":"https:\/\/univet.hu\/hu\/wp-json\/wp\/v2\/users\/1"}],"replies":[{"embeddable":true,"href":"https:\/\/univet.hu\/hu\/wp-json\/wp\/v2\/comments?post=2893"}],"version-history":[{"count":0,"href":"https:\/\/univet.hu\/hu\/wp-json\/wp\/v2\/pages\/2893\/revisions"}],"up":[{"embeddable":true,"href":"https:\/\/univet.hu\/hu\/wp-json\/wp\/v2\/pages\/2891"}],"wp:attachment":[{"href":"https:\/\/univet.hu\/hu\/wp-json\/wp\/v2\/media?parent=2893"}],"wp:term":[{"taxonomy":"category","embeddable":true,"href":"https:\/\/univet.hu\/hu\/wp-json\/wp\/v2\/categories?post=2893"},{"taxonomy":"post_tag","embeddable":true,"href":"https:\/\/univet.hu\/hu\/wp-json\/wp\/v2\/tags?post=2893"}],"curies":[{"name":"wp","href":"https:\/\/api.w.org\/{rel}","templated":true}]}}