{"id":2895,"date":"2018-04-18T21:51:03","date_gmt":"2018-04-18T19:51:03","guid":{"rendered":"http:\/\/univet.hu\/klinikak\/logyogyaszat\/belgyogyaszat-2\/"},"modified":"2025-03-19T13:56:43","modified_gmt":"2025-03-19T12:56:43","slug":"belgyogyaszat","status":"publish","type":"page","link":"https:\/\/univet.hu\/hu\/klinikak\/loklinika\/kutatas\/belgyogyaszat\/","title":{"rendered":"Belgy\u00f3gy\u00e1szat"},"content":{"rendered":"<h2>Kutat\u00e1si t\u00e9m\u00e1k<\/h2> <ul> <li>A paraffinolaj ter\u00e1pi\u00e1s hat\u00e1sainak \u00e9rt\u00e9kel\u00e9se lovak em\u00e9szt\u0151rendszer\u00e9ben (Bakos Z.)<\/li> <li>Mesenchymalis \u0151ssejtek hat\u00e1sa lovak als\u00f3 l\u00e9g\u00fati allergi\u00e1s megbeteged\u00e9seiben (Bakos Z., )<\/li> <li>Protonpumpa-g\u00e1tl\u00f3k hat\u00e1sa a lovak osteoporotikus markereire \u00e9s kalcium homeoszt\u00e1zis\u00e1ra (T\u00f3th P.)<\/li> <li>Az Equid Herpesvirus 5 k\u00f3rokoz\u00f3 szerep\u00e9nek vizsg\u00e1lata, az EMPF-et okoz\u00f3 \u00e9s klinikai t\u00fcneteket nem okoz\u00f3 t\u00f6rzsek virulenci\u00e1j\u00e1nak \u00f6sszehasonl\u00edt\u00e1sa, a v\u00edrus elterjedts\u00e9g\u00e9nek felm\u00e9r\u00e9se k\u00fcl\u00f6nb\u00f6z\u0151 z\u00e1rt \u00e1llom\u00e1nyokban (B\u00f3dai E.)<\/li> <li> <div class=\"x_elementToProof\" data-olk-copy-source=\"MessageBody\">Okostelefonnal m\u0171k\u00f6d\u0151 hum\u00e1n EKG-k\u00e9sz\u00fcl\u00e9k lovakon val\u00f3 alkalmazhat\u00f3s\u00e1g\u00e1nak vizsg\u00e1lata<\/div> <div class=\"x_elementToProof\">Lovak el\u00fcls\u0151 \u00e9s h\u00e1tuls\u00f3 \u00fcresv\u00e9n\u00e1inak anat\u00f3miai \u00e9s immunhisztok\u00e9miai vizsg\u00e1lata intervenci\u00f3s kardiol\u00f3giai szempontb\u00f3l<\/div> <div class=\"x_elementToProof\">A transzkat\u00e9teres, krioballonos abl\u00e1ci\u00f3 k\u00eds\u00e9rleti alkalmaz\u00e1sa lovakban<\/div> <div class=\"x_elementToProof\">Hazai fejleszt\u00e9s\u0171 takarm\u00e1nykieg\u00e9sz\u00edt\u0151 hat\u00e9konys\u00e1g\u00e1nak vizsg\u00e1lata lovak gyomorfek\u00e9ly szindr\u00f3m\u00e1j\u00e1ban<\/div> <\/li> <\/ul>","protected":false},"excerpt":{"rendered":"<p>Kutat\u00e1si t\u00e9m\u00e1k A paraffinolaj ter\u00e1pi\u00e1s hat\u00e1sainak \u00e9rt\u00e9kel\u00e9se lovak em\u00e9szt\u0151rendszer\u00e9ben (Bakos Z.) Mesenchymalis \u0151ssejtek hat\u00e1sa lovak als\u00f3 l\u00e9g\u00fati allergi\u00e1s megbeteged\u00e9seiben (Bakos Z., ) Protonpumpa-g\u00e1tl\u00f3k hat\u00e1sa a lovak osteoporotikus markereire \u00e9s kalcium homeoszt\u00e1zis\u00e1ra (T\u00f3th P.) Az Equid Herpesvirus 5 k\u00f3rokoz\u00f3 szerep\u00e9nek vizsg\u00e1lata, az EMPF-et okoz\u00f3 \u00e9s klinikai t\u00fcneteket nem okoz\u00f3 t\u00f6rzsek virulenci\u00e1j\u00e1nak \u00f6sszehasonl\u00edt\u00e1sa, a v\u00edrus elterjedts\u00e9g\u00e9nek felm\u00e9r\u00e9se<\/p>\n","protected":false},"author":1,"featured_media":0,"parent":2891,"menu_order":172,"comment_status":"closed","ping_status":"closed","template":"","meta":{"_acf_changed":false,"footnotes":""},"categories":[],"tags":[],"class_list":["post-2895","page","type-page","status-publish","hentry"],"acf":[],"_links":{"self":[{"href":"https:\/\/univet.hu\/hu\/wp-json\/wp\/v2\/pages\/2895","targetHints":{"allow":["GET"]}}],"collection":[{"href":"https:\/\/univet.hu\/hu\/wp-json\/wp\/v2\/pages"}],"about":[{"href":"https:\/\/univet.hu\/hu\/wp-json\/wp\/v2\/types\/page"}],"author":[{"embeddable":true,"href":"https:\/\/univet.hu\/hu\/wp-json\/wp\/v2\/users\/1"}],"replies":[{"embeddable":true,"href":"https:\/\/univet.hu\/hu\/wp-json\/wp\/v2\/comments?post=2895"}],"version-history":[{"count":2,"href":"https:\/\/univet.hu\/hu\/wp-json\/wp\/v2\/pages\/2895\/revisions"}],"predecessor-version":[{"id":177192,"href":"https:\/\/univet.hu\/hu\/wp-json\/wp\/v2\/pages\/2895\/revisions\/177192"}],"up":[{"embeddable":true,"href":"https:\/\/univet.hu\/hu\/wp-json\/wp\/v2\/pages\/2891"}],"wp:attachment":[{"href":"https:\/\/univet.hu\/hu\/wp-json\/wp\/v2\/media?parent=2895"}],"wp:term":[{"taxonomy":"category","embeddable":true,"href":"https:\/\/univet.hu\/hu\/wp-json\/wp\/v2\/categories?post=2895"},{"taxonomy":"post_tag","embeddable":true,"href":"https:\/\/univet.hu\/hu\/wp-json\/wp\/v2\/tags?post=2895"}],"curies":[{"name":"wp","href":"https:\/\/api.w.org\/{rel}","templated":true}]}}