{"id":2897,"date":"2018-04-18T21:51:04","date_gmt":"2018-04-18T19:51:04","guid":{"rendered":"http:\/\/univet.hu\/klinikak\/logyogyaszat\/publikacios-lista\/"},"modified":"2025-03-19T14:09:50","modified_gmt":"2025-03-19T13:09:50","slug":"publikacios-lista","status":"publish","type":"page","link":"https:\/\/univet.hu\/hu\/klinikak\/loklinika\/kutatas\/publikacios-lista\/","title":{"rendered":"Publik\u00e1ci\u00f3s lista"},"content":{"rendered":"<p>Az al\u00e1bbi linken, a szerz\u0151kre keresve megtal\u00e1lhat\u00f3k a tansz\u00e9k munkat\u00e1rsainak tudom\u00e1nyos k\u00f6zlem\u00e9nyei\u00a0<a id=\"OWAc99a2b0d-9b74-e634-8965-d1ce673b7f8b\" class=\"x_OWAAutoLink\" title=\"https:\/\/m2.mtmt.hu\/gui2\/\" href=\"https:\/\/m2.mtmt.hu\/gui2\/\" target=\"_blank\" rel=\"noopener noreferrer\" data-auth=\"NotApplicable\" data-linkindex=\"4\">https:\/\/m2.mtmt.hu\/gui2\/<\/a><\/p>","protected":false},"excerpt":{"rendered":"<p>Az al\u00e1bbi linken, a szerz\u0151kre keresve megtal\u00e1lhat\u00f3k a tansz\u00e9k munkat\u00e1rsainak tudom\u00e1nyos k\u00f6zlem\u00e9nyei\u00a0https:\/\/m2.mtmt.hu\/gui2\/<\/p>\n","protected":false},"author":1,"featured_media":0,"parent":2891,"menu_order":183,"comment_status":"closed","ping_status":"closed","template":"","meta":{"_acf_changed":false,"footnotes":""},"categories":[],"tags":[],"class_list":["post-2897","page","type-page","status-publish","hentry"],"acf":[],"_links":{"self":[{"href":"https:\/\/univet.hu\/hu\/wp-json\/wp\/v2\/pages\/2897","targetHints":{"allow":["GET"]}}],"collection":[{"href":"https:\/\/univet.hu\/hu\/wp-json\/wp\/v2\/pages"}],"about":[{"href":"https:\/\/univet.hu\/hu\/wp-json\/wp\/v2\/types\/page"}],"author":[{"embeddable":true,"href":"https:\/\/univet.hu\/hu\/wp-json\/wp\/v2\/users\/1"}],"replies":[{"embeddable":true,"href":"https:\/\/univet.hu\/hu\/wp-json\/wp\/v2\/comments?post=2897"}],"version-history":[{"count":1,"href":"https:\/\/univet.hu\/hu\/wp-json\/wp\/v2\/pages\/2897\/revisions"}],"predecessor-version":[{"id":177206,"href":"https:\/\/univet.hu\/hu\/wp-json\/wp\/v2\/pages\/2897\/revisions\/177206"}],"up":[{"embeddable":true,"href":"https:\/\/univet.hu\/hu\/wp-json\/wp\/v2\/pages\/2891"}],"wp:attachment":[{"href":"https:\/\/univet.hu\/hu\/wp-json\/wp\/v2\/media?parent=2897"}],"wp:term":[{"taxonomy":"category","embeddable":true,"href":"https:\/\/univet.hu\/hu\/wp-json\/wp\/v2\/categories?post=2897"},{"taxonomy":"post_tag","embeddable":true,"href":"https:\/\/univet.hu\/hu\/wp-json\/wp\/v2\/tags?post=2897"}],"curies":[{"name":"wp","href":"https:\/\/api.w.org\/{rel}","templated":true}]}}