{"id":2903,"date":"2018-04-18T21:51:07","date_gmt":"2018-04-18T19:51:07","guid":{"rendered":"http:\/\/univet.hu\/klinikak\/logyogyaszat\/linkek\/"},"modified":"2018-09-14T21:36:20","modified_gmt":"2018-09-14T19:36:20","slug":"linkek","status":"publish","type":"page","link":"https:\/\/univet.hu\/hu\/klinikak\/loklinika\/linkek\/","title":{"rendered":"Linkek"},"content":{"rendered":"<table> <tbody> <tr> <td>Magyar \u00c1llatorvosok Vil\u00e1gszervezete<\/td> <td><a href=\"http:\/\/www.mavsz.com\" data-replaced=\"true\" target=\"_blank\" rel=\"noopener\">Tov\u00e1bb a weboldalra \u00bb<\/a><\/td> <\/tr> <tr> <td>Orsz\u00e1gos Mez\u0151gazdas\u00e1gi Min\u0151s\u00edt\u0151 Int\u00e9zet<\/td> <td><a href=\"http:\/\/www.ommi.hu\/\" data-replaced=\"true\" target=\"_blank\" rel=\"noopener\">Tov\u00e1bb a weboldalra \u00bb<\/a><\/td> <\/tr> <tr> <td>Magyar \u00c1llatorvosi Kamara<\/td> <td><a href=\"http:\/\/vet.info.hu\/maok\" data-replaced=\"true\" target=\"_blank\" rel=\"noopener\">Tov\u00e1bb a weboldalra \u00bb<\/a><\/td> <\/tr> <tr> <td>Orsz\u00e1gos \u00c1llateg\u00e9szs\u00e9g\u00fcgyi Int\u00e9zet<\/td> <td><a href=\"http:\/\/sgicenter.oai.hu\/\" data-replaced=\"true\" target=\"_blank\" rel=\"noopener\">Tov\u00e1bb a weboldalra \u00bb<\/a><\/td> <\/tr> <tr> <td>Magyar Lovas Sz\u00f6vets\u00e9g<\/td> <td><a href=\"http:\/\/www.lovasszovetseg.hu\/\" data-replaced=\"true\" target=\"_blank\" rel=\"noopener\">Tov\u00e1bb a weboldalra \u00bb<\/a><\/td> <\/tr> <tr> <td>Magyar L\u00f3teny\u00e9szt\u0151 \u00e9s<br \/> Lovas Szervezetek Sz\u00f6vets\u00e9ge<\/td> <td><a href=\"http:\/\/mllsz.hu\/\" data-replaced=\"true\" target=\"_blank\" rel=\"noopener\">Tov\u00e1bb a weboldalra \u00bb<\/a><\/td> <\/tr> <tr> <td colspan=\"2\" align=\"center\"><strong>\u00c1llatorvos-tudom\u00e1nyi egyetemek<\/strong><\/td> <\/tr> <tr> <td>B\u00e9cs<\/td> <td><a href=\"http:\/\/www.vu-wien.ac.at\" data-replaced=\"true\" target=\"_blank\" rel=\"noopener\">Tov\u00e1bb a weboldalra \u00bb<\/a><\/td> <\/tr> <tr> <td>Hannover<\/td> <td><a href=\"http:\/\/www.tiho-hannover.de\/\" data-replaced=\"true\" target=\"_blank\" rel=\"noopener\">Tov\u00e1bb a weboldalra \u00bb<\/a><\/td> <\/tr> <tr> <td>M\u00fcnchen<\/td> <td><a href=\"http:\/\/www.vetmed.uni-muenchen.de\/\" data-replaced=\"true\" target=\"_blank\" rel=\"noopener\">Tov\u00e1bb a weboldalra \u00bb<\/a><\/td> <\/tr> <tr> <td>Berlin<\/td> <td><a href=\"http:\/\/www.vetmed.fu-berlin.de\/\" data-replaced=\"true\" target=\"_blank\" rel=\"noopener\">Tov\u00e1bb a weboldalra \u00bb<\/a><\/td> <\/tr> <tr> <td>Utrecht<\/td> <td><a href=\"http:\/\/www.vet.uu.nl\/\" data-replaced=\"true\" target=\"_blank\" rel=\"noopener\">Tov\u00e1bb a weboldalra \u00bb<\/a><\/td> <\/tr> <tr> <td>Helsinki<\/td> <td><a href=\"http:\/\/www.vetmed.helsinki.fi\/\" data-replaced=\"true\" target=\"_blank\" rel=\"noopener\">Tov\u00e1bb a weboldalra \u00bb<\/a><\/td> <\/tr> <tr> <td>Dublin<\/td> <td><a href=\"http:\/\/www.ucd.ie\/vetmed\" data-replaced=\"true\" target=\"_blank\" rel=\"noopener\">Tov\u00e1bb a weboldalra \u00bb<\/a><\/td> <\/tr> <tr> <td>Bologna<\/td> <td><a href=\"http:\/\/www.vet.unibo.it\/\" data-replaced=\"true\" target=\"_blank\" rel=\"noopener\">Tov\u00e1bb a weboldalra \u00bb<\/a><\/td> <\/tr> <tr> <td>Li\u00e9ge<\/td> <td><a href=\"http:\/\/www.ulg.ac.be\/\" data-replaced=\"true\" target=\"_blank\" rel=\"noopener\">Tov\u00e1bb a weboldalra \u00bb<\/a><\/td> <\/tr> <tr> <td>Edinburgh<\/td> <td><a href=\"http:\/\/www.vet.ed.ac.uk\/\" data-replaced=\"true\" target=\"_blank\" rel=\"noopener\">Tov\u00e1bb a weboldalra \u00bb<\/a><\/td> <\/tr> <tr> <td>Cambridge<\/td> <td><a href=\"http:\/\/www.vet.cam.ac.uk\/\" data-replaced=\"true\" target=\"_blank\" rel=\"noopener\">Tov\u00e1bb a weboldalra \u00bb<\/a><\/td> <\/tr> <tr> <td>Glasgow<\/td> <td><a href=\"http:\/\/www.gla.ac.uk\/\" data-replaced=\"true\" target=\"_blank\" rel=\"noopener\">Tov\u00e1bb a weboldalra \u00bb<\/a><\/td> <\/tr> <tr> <td>Liverpool<\/td> <td><a href=\"http:\/\/www.liv.ac.uk\/\" data-replaced=\"true\" target=\"_blank\" rel=\"noopener\">Tov\u00e1bb a weboldalra \u00bb<\/a><\/td> <\/tr> <tr> <td>London<\/td> <td><a href=\"http:\/\/www.rvc.ac.uk\/\" data-replaced=\"true\" target=\"_blank\" rel=\"noopener\">Tov\u00e1bb a weboldalra \u00bb<\/a><\/td> <\/tr> <tr> <td>Cornell<\/td> <td><a href=\"http:\/\/www.vet.cornell.edu\/\" data-replaced=\"true\" target=\"_blank\" rel=\"noopener\">Tov\u00e1bb a weboldalra \u00bb<\/a><\/td> <\/tr> <tr> <td>Kentucky<\/td> <td><a href=\"http:\/\/www.uky.edu\/Agriculture\/VetScience\" data-replaced=\"true\" target=\"_blank\" rel=\"noopener\">Tov\u00e1bb a weboldalra \u00bb<\/a><\/td> <\/tr> <tr> <td>Melbourne<\/td> <td><a href=\"http:\/\/www.vet.unimelb.edu\/au\" data-replaced=\"true\" target=\"_blank\" rel=\"noopener\">Tov\u00e1bb a weboldalra \u00bb<\/a><\/td> <\/tr> <tr> <td colspan=\"2\" align=\"center\"><strong>Lovas \u00e1llatorvos szervezetek<\/strong><\/td> <\/tr> <tr> <td>World Equine Veterinary Association<\/td> <td><a href=\"http:\/\/www.wevaonline.info\" data-replaced=\"true\" target=\"_blank\" rel=\"noopener\">Tov\u00e1bb a weboldalra \u00bb<\/a><\/td> <\/tr> <tr> <td>British Equine Veterinary Association<\/td> <td><a href=\"http:\/\/www.beva.org.uk\/\" data-replaced=\"true\" target=\"_blank\" rel=\"noopener\">Tov\u00e1bb a weboldalra \u00bb<\/a><\/td> <\/tr> <tr> <td>Gesellschaft f\u00fcr Pferdemedizin<\/td> <td><a href=\"http:\/\/www.g-p-m.org\/\" data-replaced=\"true\" target=\"_blank\" rel=\"noopener\">Tov\u00e1bb a weboldalra \u00bb<\/a><\/td> <\/tr> <tr> <td>Vereinigung \u00d6sterreichischer Pferdetier\u00e4rzte<\/td> <td><a href=\"http:\/\/www.pferdemedizin.at\/\" data-replaced=\"true\" target=\"_blank\" rel=\"noopener\">Tov\u00e1bb a weboldalra \u00bb<\/a><\/td> <\/tr> <tr> <td>Societ\u00e0 Italiana Veterinari Per Equini<\/td> <td><a href=\"http:\/\/www.sive.it\/\" data-replaced=\"true\" target=\"_blank\" rel=\"noopener\">Tov\u00e1bb a weboldalra \u00bb<\/a><\/td> <\/tr> <tr> <td>American Association of Equine Practitioners<\/td> <td><a href=\"http:\/\/www.aaep.org\/\" data-replaced=\"true\" target=\"_blank\" rel=\"noopener\">Tov\u00e1bb a weboldalra \u00bb<\/a><\/td> <\/tr> <tr> <td>Australian Equine Veterinary Association<\/td> <td><a href=\"http:\/\/www.aeva.ava.com\/\" data-replaced=\"true\" target=\"_blank\" rel=\"noopener\">Tov\u00e1bb a weboldalra \u00bb<\/a><\/td> <\/tr> <tr> <td colspan=\"2\" align=\"center\"><strong>Foly\u00f3iratok<\/strong><\/td> <\/tr> <tr> <td>Magyar \u00c1llatorvosok Lapja<\/td> <td><a href=\"http:\/\/www.univet.hu\/mal\" data-replaced=\"true\" target=\"_blank\" rel=\"noopener\">Tov\u00e1bb a weboldalra \u00bb<\/a><\/td> <\/tr> <tr> <td>Acta Veterinaria Hungarica<\/td> <td><a href=\"http:\/\/www.vmri.hu\/\" data-replaced=\"true\" target=\"_blank\" rel=\"noopener\">Tov\u00e1bb a weboldalra \u00bb<\/a><\/td> <\/tr> <tr> <td>Journal Of Equine Veterinary Science<\/td> <td><a href=\"http:\/\/www.j-evs.com\/\" data-replaced=\"true\" target=\"_blank\" rel=\"noopener\">Tov\u00e1bb a weboldalra \u00bb<\/a><\/td> <\/tr> <tr> <td>Equine Veterinary Journal<\/td> <td><a href=\"http:\/\/www.evj.co.uk\/\" data-replaced=\"true\" target=\"_blank\" rel=\"noopener\">Tov\u00e1bb a weboldalra \u00bb<\/a><\/td> <\/tr> <tr> <td>Pferdeheilkunde<\/td> <td><a href=\"http:\/\/www.pferdeheilkunde.de\/\" data-replaced=\"true\" target=\"_blank\" rel=\"noopener\">Tov\u00e1bb a weboldalra \u00bb<\/a><\/td> <\/tr> <\/tbody> <\/table> <p><\/p>","protected":false},"excerpt":{"rendered":"<p>Magyar \u00c1llatorvosok Vil\u00e1gszervezete Tov\u00e1bb a weboldalra \u00bb Orsz\u00e1gos Mez\u0151gazdas\u00e1gi Min\u0151s\u00edt\u0151 Int\u00e9zet Tov\u00e1bb a weboldalra \u00bb Magyar \u00c1llatorvosi Kamara Tov\u00e1bb a weboldalra \u00bb Orsz\u00e1gos \u00c1llateg\u00e9szs\u00e9g\u00fcgyi Int\u00e9zet Tov\u00e1bb a weboldalra \u00bb Magyar Lovas Sz\u00f6vets\u00e9g Tov\u00e1bb a weboldalra \u00bb Magyar L\u00f3teny\u00e9szt\u0151 \u00e9s Lovas Szervezetek Sz\u00f6vets\u00e9ge Tov\u00e1bb a weboldalra \u00bb \u00c1llatorvos-tudom\u00e1nyi egyetemek B\u00e9cs Tov\u00e1bb a weboldalra \u00bb Hannover Tov\u00e1bb<\/p>\n","protected":false},"author":1,"featured_media":0,"parent":2211,"menu_order":286,"comment_status":"closed","ping_status":"closed","template":"","meta":{"_acf_changed":false,"footnotes":""},"categories":[],"tags":[],"class_list":["post-2903","page","type-page","status-publish","hentry"],"acf":[],"_links":{"self":[{"href":"https:\/\/univet.hu\/hu\/wp-json\/wp\/v2\/pages\/2903","targetHints":{"allow":["GET"]}}],"collection":[{"href":"https:\/\/univet.hu\/hu\/wp-json\/wp\/v2\/pages"}],"about":[{"href":"https:\/\/univet.hu\/hu\/wp-json\/wp\/v2\/types\/page"}],"author":[{"embeddable":true,"href":"https:\/\/univet.hu\/hu\/wp-json\/wp\/v2\/users\/1"}],"replies":[{"embeddable":true,"href":"https:\/\/univet.hu\/hu\/wp-json\/wp\/v2\/comments?post=2903"}],"version-history":[{"count":0,"href":"https:\/\/univet.hu\/hu\/wp-json\/wp\/v2\/pages\/2903\/revisions"}],"up":[{"embeddable":true,"href":"https:\/\/univet.hu\/hu\/wp-json\/wp\/v2\/pages\/2211"}],"wp:attachment":[{"href":"https:\/\/univet.hu\/hu\/wp-json\/wp\/v2\/media?parent=2903"}],"wp:term":[{"taxonomy":"category","embeddable":true,"href":"https:\/\/univet.hu\/hu\/wp-json\/wp\/v2\/categories?post=2903"},{"taxonomy":"post_tag","embeddable":true,"href":"https:\/\/univet.hu\/hu\/wp-json\/wp\/v2\/tags?post=2903"}],"curies":[{"name":"wp","href":"https:\/\/api.w.org\/{rel}","templated":true}]}}