{"id":2906,"date":"2018-04-18T21:51:13","date_gmt":"2018-04-18T19:51:13","guid":{"rendered":"http:\/\/univet.hu\/klinikak\/kisallat\/klinika\/informaciok-a-klinikarol\/"},"modified":"2018-04-24T07:55:17","modified_gmt":"2018-04-24T05:55:17","slug":"altalanos-tudnivalok","status":"publish","type":"page","link":"https:\/\/univet.hu\/hu\/klinikak\/kisallatklinika\/altalanos-tudnivalok\/","title":{"rendered":"\u00c1ltal\u00e1nos tudnival\u00f3k"},"content":{"rendered":"<p>Az \u00c1llatorvostudom\u00e1nyi Egyetem Seb\u00e9szeti \u00e9s Szem\u00e9szeti Tansz\u00e9k\u00e9nek Klinik\u00e1ja 2002-ig egyar\u00e1nt helyt adott nagy\u00e1llatok (l\u00f3, szarvasmarha \u00e9s egy\u00e9b gazdas\u00e1gi haszon\u00e1llatok) \u00e9s kis\u00e1llatok (kutya, macska) seb\u00e9szeti ell\u00e1t\u00e1s\u00e1nak. A Nagy\u00e1llatklinika 2002-ben az Istv\u00e1n utc\u00e1b\u00f3l \u00dcll\u0151re k\u00f6lt\u00f6z\u00f6tt.<\/p> <p>&nbsp;<\/p> <p>A Seb\u00e9szeti Klinika kis\u00e1llatr\u00e9szlege 2006. \u00f3ta az Egyetem m\u00e1sik k\u00e9t klinikai r\u00e9szleg\u00e9vel (Belgy\u00f3gy\u00e1szat, Sz\u00fcl\u00e9szet) egy\u00fctt az \u00fajonnan kialak\u00edtott K\u00f6zponti Kis\u00e1llatklinika \u00e9p\u00fclet\u00e9n bel\u00fcl \u00fczemel. A Seb\u00e9szeti Klinika mintegy 5-6000 \u00e1llatot fogad \u00e9vente. A seb\u00e9szeti betegek alapell\u00e1t\u00e1s\u00e1n t\u00fal a klinika f\u0151 profilja a speci\u00e1lis seb\u00e9szeti diagnosztika \u00e9s m\u0171t\u00e9ti ell\u00e1t\u00e1s. A csont- \u00e9s \u00edz\u00fcletseb\u00e9szeti m\u0171t\u0151 &#8211; a m\u00e1r rutinnak sz\u00e1m\u00edt\u00f3 beavatkoz\u00e1sok mellett &#8211; speci\u00e1lis ortop\u00e9diai m\u0171t\u00e9tek, artroszk\u00f3pi\u00e1s beavatkoz\u00e1sok, valamint gerincm\u0171t\u00e9tek elv\u00e9gz\u00e9s\u00e9re is alkalmas. A l\u00e1gyszervi m\u0171t\u0151blokkban az egyszer\u0171bb seb\u00e9szeti beavatkoz\u00e1sok mellett a hasi \u00e9s mellkasi m\u0171t\u00e9tek teljes sk\u00e1l\u00e1ja, onkol\u00f3giai \u00e9s plasztikai beavatkoz\u00e1sok, laparo- \u00e9s torakoszk\u00f3pia is megtal\u00e1lhat\u00f3k a m\u0171t\u00e9ti reperto\u00e1rban. A k\u00e9t kis\u00e1llatm\u0171t\u0151ben \u00e9vente kb. 2500 oper\u00e1ci\u00f3ra ker\u00fcl sor. A m\u0171t\u0151kben a sz\u00ednvonalas aneszteziol\u00f3giai h\u00e1tteret k\u00e9pzett aneszteziol\u00f3gusokb\u00f3l, rezidensekb\u0151l \u00e9s hallgat\u00f3kb\u00f3l \u00e1ll\u00f3 team, altat\u00f3g\u00e9pek \u00e9s modern monitoring rendszer biztos\u00edtj\u00e1k. A kis\u00e1llatok sz\u00e1jseb\u00e9szeti \u00e9s fog\u00e1szati ell\u00e1t\u00e1sa \u00f6n\u00e1ll\u00f3 szakrendel\u00e9s keret\u00e9n bel\u00fcl t\u00f6rt\u00e9nik. A k\u00f3rh\u00e1zi kezel\u00e9st ig\u00e9nyl\u0151 betegek elhelyez\u00e9se \u00e9s megfigyel\u00e9se a kis\u00e1llatseb\u00e9szeti egys\u00e9ghez tartoz\u00f3 kis\u00e1llatk\u00f3rh\u00e1zban t\u00f6rt\u00e9nik. A Seb\u00e9szeti Klinika Radiol\u00f3giai Oszt\u00e1lya (\u00e9vi kb. 4000 vizsg\u00e1lattal) valamennyi egyetemi klinika r\u00f6ntgen- \u00e9s CT vizsg\u00e1lati ig\u00e9ny\u00e9t kiel\u00e9g\u00edti. A Seb\u00e9szeti Klinika munkat\u00e1rsai r\u00e9szt vesznek az egyetem 24 \u00f3r\u00e1s klinikai \u00fcgyeleti szolg\u00e1ltat\u00e1s\u00e1ban.<\/p> <p>&nbsp;<\/p> <p>Egyetem\u00fcnk 2012-ben elnyerte az ISO 9001:2009 min\u0151s\u00edt\u00e9st, ill. 2014-ben sikerrel teljes\u00edtette az EAEVE (eur\u00f3pai fels\u0151oktat\u00e1si \u00e9s min\u0151s\u00e9gbiztos\u00edt\u00e1si) akkredit\u00e1ci\u00f3 el\u0151\u00edr\u00e1sait \u00e9s aj\u00e1nl\u00e1sait. Int\u00e9zm\u00e9ny\u00fcnk szervesen kapcsol\u00f3dik a vil\u00e1g tudom\u00e1nyos v\u00e9rkering\u00e9sbe, \u00edgy az \u00e1ltalunk alkalmazott elvek \u00e9s m\u00f3dszerek b\u00e1tran \u00f6sszevethet\u0151k a nemzetk\u00f6zi trendekkel. A mi szakmai filoz\u00f3fi\u00e1nk sokkal ink\u00e1bb egy olyan, min\u0151s\u00e9gi \u00e1llatorvosi szolg\u00e1ltat\u00e1s kialak\u00edt\u00e1sa, amely j\u00f3val a megszokott \u00e1tlag el\u0151tt j\u00e1r, tudom\u00e1nyos hozz\u00e1\u00e1ll\u00e1sra \u00e9s nagyfok\u00fa szakmai tapasztalatra alapoz, \u00e9s m\u00e9lt\u00f3 k\u00edv\u00e1n lenni az egyetlen magyar \u00e1llatorvos k\u00e9pz\u0151 int\u00e9zm\u00e9ny nev\u00e9hez.<\/p> <p>&nbsp;<\/p> <div class=\"gAccordion\"> <h5 class=\"gAccordion-header\">Seb\u00e9szeti \u00e9s Szem\u00e9szeti Tansz\u00e9k \u00e9s Klinika kutat\u00e1si programjai 1994-t\u0151l<\/h5> <div class=\"gAccordion-content\"> <div> <table class=\"arlista table\" border=\"0\" width=\"100%\" cellspacing=\"0\" cellpadding=\"0\" align=\"left\"> <tbody> <tr> <td>1994<\/td> <td>Ductus thoracicus drainage immunol\u00f3giai jelent\u0151s\u00e9ge a transzplant\u00e1ci\u00f3 ter\u00fclet\u00e9n (SOTE, Transzplant\u00e1ci\u00f3s \u00e9s Seb\u00e9szeti Klinika; Martin Luther Universitat Halle, N\u00e9metorsz\u00e1g)<\/td> <\/tr> <tr> <td>1995<\/td> <td>Vese\u00e1t\u00fcltet\u00e9s kuty\u00e1ban (PhD fokozat) (SOTE, Transzplant\u00e1ci\u00f3s \u00e9s Seb\u00e9szeti Klinika)<\/td> <\/tr> <tr> <td>1997<\/td> <td>VALTRAC-BAR t\u00edpus\u00fa anasztom\u00f3zis gy\u0171r\u0171 alkalmaz\u00e1sa a nyel\u0151cs\u0151seb\u00e9szetben (SOTE &#8211; Ph.D program) (Orsz\u00e1gos Onkol\u00f3giai Int\u00e9zet, Seb\u00e9szeti Oszt\u00e1ly, Budapest)<\/td> <\/tr> <tr> <td>1999-2000<\/td> <td>El\u0151k\u00eds\u00e9rletek a bels\u0151 rectus-h\u00fcvelyb\u0151l k\u00e9pzett autograft \u00e9rprot\u00e9zis be\u00fcltet\u00e9s\u00e9nek kifejleszt\u00e9s\u00e9re (Semmelweis Egyetem, Transzplant\u00e1ci\u00f3s \u00e9s Seb\u00e9szeti Klinika, Groningeni Egyetem, Hepatobiliaris Seb\u00e9szeti \u00e9s M\u00e1jtranszplant\u00e1ci\u00f3s Klinika, Hollandia)<\/td> <\/tr> <tr> <td>2000-2001<\/td> <td>A Valsalva sinusok elv\u00e1ltoz\u00e1sai szerep\u00e9nek k\u00eds\u00e9rletes vizsg\u00e1lata az aorta-billenty\u0171k degenerat\u00edv rendelleness\u00e9geinek kialak\u00edt\u00e1s\u00e1ban ny\u00falban (Heineman Medical Research Laboratories, North Carolina, USA)<\/td> <\/tr> <tr> <td>2001-2004<\/td> <td>Bels\u0151 rectus-h\u00fcvelyb\u0151l k\u00e9sz\u00edtett \u00e9rgraft be\u00fcltet\u00e9se \u00e9s vizsg\u00e1lata kuty\u00e1ban (SE-\u00c1OK &#8211; Ph.D program) (Semmelweis Egyetem, Transzplant\u00e1ci\u00f3s \u00e9s Seb\u00e9szeti Klinika, Groningeni Egyetem, Hepatobiliaris Seb\u00e9szeti \u00e9s M\u00e1jtranszplant\u00e1ci\u00f3s Klinika, Hollandia)<\/td> <\/tr> <tr> <td>2003-<\/td> <td>A mesenchymalis sz\u00f6vetek v\u00e1laszreakci\u00f3i v\u00e9gtaghosszabb\u00edt\u00e1sban (SE-\u00c1OK &#8211; Ph.D program) (Semmelweis Egyetem, Ortop\u00e9diai Klinika)<\/td> <\/tr> <tr> <td>2006-2009<\/td> <td>\u00daj elektroseb\u00e9szeti technik\u00e1k vizsg\u00e1lata (\u00c1ODI PhD program)<\/td> <\/tr> <tr> <td>2007-2010<\/td> <td>A subarachnoidealis t\u00e9r nyom\u00e1sv\u00e1ltoz\u00e1sai myelographia sor\u00e1n (\u00c1ODI PhD program)<\/td> <\/tr> <tr> <td>2006-2011<\/td> <td>Bels\u0151 rectus-h\u00fcvelyb\u0151l k\u00e9sz\u00edtett \u00e9rgraftok t\u00fal\u00e9l\u00e9s\u00e9nek vizsg\u00e1lata k\u00fcl\u00f6nb\u00f6z\u0151 k\u00e9palkot\u00f3 elj\u00e1r\u00e1sokkal. (\u00c1ODI PhD program)<\/td> <\/tr> <\/tbody> <\/table> <\/div> <\/div> <\/div> <p>&nbsp;<\/p> <p>&nbsp;<\/p>","protected":false},"excerpt":{"rendered":"<p>Az \u00c1llatorvostudom\u00e1nyi Egyetem Seb\u00e9szeti \u00e9s Szem\u00e9szeti Tansz\u00e9k\u00e9nek Klinik\u00e1ja 2002-ig egyar\u00e1nt helyt adott nagy\u00e1llatok (l\u00f3, szarvasmarha \u00e9s egy\u00e9b gazdas\u00e1gi haszon\u00e1llatok) \u00e9s kis\u00e1llatok (kutya, macska) seb\u00e9szeti ell\u00e1t\u00e1s\u00e1nak. A Nagy\u00e1llatklinika 2002-ben az Istv\u00e1n utc\u00e1b\u00f3l \u00dcll\u0151re k\u00f6lt\u00f6z\u00f6tt. &nbsp; A Seb\u00e9szeti Klinika kis\u00e1llatr\u00e9szlege 2006. \u00f3ta az Egyetem m\u00e1sik k\u00e9t klinikai r\u00e9szleg\u00e9vel (Belgy\u00f3gy\u00e1szat, Sz\u00fcl\u00e9szet) egy\u00fctt az \u00fajonnan kialak\u00edtott K\u00f6zponti Kis\u00e1llatklinika \u00e9p\u00fclet\u00e9n<\/p>\n","protected":false},"author":1,"featured_media":0,"parent":2209,"menu_order":203,"comment_status":"closed","ping_status":"closed","template":"","meta":{"_acf_changed":false,"footnotes":""},"categories":[],"tags":[],"class_list":["post-2906","page","type-page","status-publish","hentry"],"acf":[],"_links":{"self":[{"href":"https:\/\/univet.hu\/hu\/wp-json\/wp\/v2\/pages\/2906","targetHints":{"allow":["GET"]}}],"collection":[{"href":"https:\/\/univet.hu\/hu\/wp-json\/wp\/v2\/pages"}],"about":[{"href":"https:\/\/univet.hu\/hu\/wp-json\/wp\/v2\/types\/page"}],"author":[{"embeddable":true,"href":"https:\/\/univet.hu\/hu\/wp-json\/wp\/v2\/users\/1"}],"replies":[{"embeddable":true,"href":"https:\/\/univet.hu\/hu\/wp-json\/wp\/v2\/comments?post=2906"}],"version-history":[{"count":0,"href":"https:\/\/univet.hu\/hu\/wp-json\/wp\/v2\/pages\/2906\/revisions"}],"up":[{"embeddable":true,"href":"https:\/\/univet.hu\/hu\/wp-json\/wp\/v2\/pages\/2209"}],"wp:attachment":[{"href":"https:\/\/univet.hu\/hu\/wp-json\/wp\/v2\/media?parent=2906"}],"wp:term":[{"taxonomy":"category","embeddable":true,"href":"https:\/\/univet.hu\/hu\/wp-json\/wp\/v2\/categories?post=2906"},{"taxonomy":"post_tag","embeddable":true,"href":"https:\/\/univet.hu\/hu\/wp-json\/wp\/v2\/tags?post=2906"}],"curies":[{"name":"wp","href":"https:\/\/api.w.org\/{rel}","templated":true}]}}