{"id":2910,"date":"2018-04-18T21:51:15","date_gmt":"2018-04-18T19:51:15","guid":{"rendered":"http:\/\/univet.hu\/klinikak\/kisallat\/klinika\/informaciok-a-klinikarol-5\/"},"modified":"2018-04-24T07:56:38","modified_gmt":"2018-04-24T05:56:38","slug":"kutatas","status":"publish","type":"page","link":"https:\/\/univet.hu\/hu\/klinikak\/kisallatklinika\/kutatas\/","title":{"rendered":"Kutat\u00e1si programok"},"content":{"rendered":"<h5>A Seb\u00e9szeti \u00e9s Szem\u00e9szeti Tansz\u00e9k \u00e9s Klinika kutat\u00e1si programjai 1994-t\u0151l<\/h5> <p>&nbsp;<\/p> <table class=\"gTable\"> <tbody> <tr> <th>1994<\/th> <td>Ductus thoracicus drainage immunol\u00f3giai jelent\u0151s\u00e9ge a transzplant\u00e1ci\u00f3 ter\u00fclet\u00e9n (SOTE, Transzplant\u00e1ci\u00f3s \u00e9s Seb\u00e9szeti Klinika; Martin Luther Universitat Halle, N\u00e9metorsz\u00e1g)<\/td> <\/tr> <tr> <th>1995<\/th> <td>Vese\u00e1t\u00fcltet\u00e9s kuty\u00e1ban (PhD fokozat) (SOTE, Transzplant\u00e1ci\u00f3s \u00e9s Seb\u00e9szeti Klinika)<\/td> <\/tr> <tr> <th>1997<\/th> <td>VALTRAC-BAR t\u00edpus\u00fa anasztom\u00f3zis gy\u0171r\u0171 alkalmaz\u00e1sa a nyel\u0151cs\u0151seb\u00e9szetben (SOTE &#8211; Ph.D program) (Orsz\u00e1gos Onkol\u00f3giai Int\u00e9zet, Seb\u00e9szeti Oszt\u00e1ly, Budapest)<\/td> <\/tr> <tr> <th>1999-2000<\/th> <td>El\u0151k\u00eds\u00e9rletek a bels\u0151 rectus-h\u00fcvelyb\u0151l k\u00e9pzett autograft \u00e9rprot\u00e9zis be\u00fcltet\u00e9s\u00e9nek kifejleszt\u00e9s\u00e9re (Semmelweis Egyetem, Transzplant\u00e1ci\u00f3s \u00e9s Seb\u00e9szeti Klinika, Groningeni Egyetem, Hepatobiliaris Seb\u00e9szeti \u00e9s M\u00e1jtranszplant\u00e1ci\u00f3s Klinika, Hollandia)<\/td> <\/tr> <tr> <th>2000-2001<\/th> <td>A Valsalva sinusok elv\u00e1ltoz\u00e1sai szerep\u00e9nek k\u00eds\u00e9rletes vizsg\u00e1lata az aorta-billenty\u0171k degenerat\u00edv rendelleness\u00e9geinek kialak\u00edt\u00e1s\u00e1ban ny\u00falban (Heineman Medical Research Laboratories, North Carolina, USA)<\/td> <\/tr> <tr> <th>2001-2004<\/th> <td>Bels\u0151 rectus-h\u00fcvelyb\u0151l k\u00e9sz\u00edtett \u00e9rgraft be\u00fcltet\u00e9se \u00e9s vizsg\u00e1lata kuty\u00e1ban (SE-\u00c1OK &#8211; Ph.D program) (Semmelweis Egyetem, Transzplant\u00e1ci\u00f3s \u00e9s Seb\u00e9szeti Klinika, Groningeni Egyetem, Hepatobiliaris Seb\u00e9szeti \u00e9s M\u00e1jtranszplant\u00e1ci\u00f3s Klinika, Hollandia)<\/td> <\/tr> <tr> <th>2003-<\/th> <td>A mesenchymalis sz\u00f6vetek v\u00e1laszreakci\u00f3i v\u00e9gtaghosszabb\u00edt\u00e1sban (SE-\u00c1OK &#8211; Ph.D program) (Semmelweis Egyetem, Ortop\u00e9diai Klinika)<\/td> <\/tr> <tr> <th>2006-2009<\/th> <td>\u00daj elektroseb\u00e9szeti technik\u00e1k vizsg\u00e1lata (\u00c1ODI PhD program)<\/td> <\/tr> <tr> <th>2007-2010<\/th> <td>A subarachnoidealis t\u00e9r nyom\u00e1sv\u00e1ltoz\u00e1sai myelographia sor\u00e1n (\u00c1ODI PhD program)<\/td> <\/tr> <tr> <th>2006-2011<\/th> <td>Bels\u0151 rectus-h\u00fcvelyb\u0151l k\u00e9sz\u00edtett \u00e9rgraftok t\u00fal\u00e9l\u00e9s\u00e9nek vizsg\u00e1lata k\u00fcl\u00f6nb\u00f6z\u0151 k\u00e9palkot\u00f3 elj\u00e1r\u00e1sokkal. (\u00c1ODI PhD program)<\/td> <\/tr> <\/tbody> <\/table> <p>&nbsp;<\/p>","protected":false},"excerpt":{"rendered":"<p>A Seb\u00e9szeti \u00e9s Szem\u00e9szeti Tansz\u00e9k \u00e9s Klinika kutat\u00e1si programjai 1994-t\u0151l &nbsp; 1994 Ductus thoracicus drainage immunol\u00f3giai jelent\u0151s\u00e9ge a transzplant\u00e1ci\u00f3 ter\u00fclet\u00e9n (SOTE, Transzplant\u00e1ci\u00f3s \u00e9s Seb\u00e9szeti Klinika; Martin Luther Universitat Halle, N\u00e9metorsz\u00e1g) 1995 Vese\u00e1t\u00fcltet\u00e9s kuty\u00e1ban (PhD fokozat) (SOTE, Transzplant\u00e1ci\u00f3s \u00e9s Seb\u00e9szeti Klinika) 1997 VALTRAC-BAR t\u00edpus\u00fa anasztom\u00f3zis gy\u0171r\u0171 alkalmaz\u00e1sa a nyel\u0151cs\u0151seb\u00e9szetben (SOTE &#8211; Ph.D program) (Orsz\u00e1gos Onkol\u00f3giai Int\u00e9zet,<\/p>\n","protected":false},"author":1,"featured_media":0,"parent":2209,"menu_order":211,"comment_status":"closed","ping_status":"closed","template":"","meta":{"_acf_changed":false,"footnotes":""},"categories":[],"tags":[],"class_list":["post-2910","page","type-page","status-publish","hentry"],"acf":[],"_links":{"self":[{"href":"https:\/\/univet.hu\/hu\/wp-json\/wp\/v2\/pages\/2910","targetHints":{"allow":["GET"]}}],"collection":[{"href":"https:\/\/univet.hu\/hu\/wp-json\/wp\/v2\/pages"}],"about":[{"href":"https:\/\/univet.hu\/hu\/wp-json\/wp\/v2\/types\/page"}],"author":[{"embeddable":true,"href":"https:\/\/univet.hu\/hu\/wp-json\/wp\/v2\/users\/1"}],"replies":[{"embeddable":true,"href":"https:\/\/univet.hu\/hu\/wp-json\/wp\/v2\/comments?post=2910"}],"version-history":[{"count":0,"href":"https:\/\/univet.hu\/hu\/wp-json\/wp\/v2\/pages\/2910\/revisions"}],"up":[{"embeddable":true,"href":"https:\/\/univet.hu\/hu\/wp-json\/wp\/v2\/pages\/2209"}],"wp:attachment":[{"href":"https:\/\/univet.hu\/hu\/wp-json\/wp\/v2\/media?parent=2910"}],"wp:term":[{"taxonomy":"category","embeddable":true,"href":"https:\/\/univet.hu\/hu\/wp-json\/wp\/v2\/categories?post=2910"},{"taxonomy":"post_tag","embeddable":true,"href":"https:\/\/univet.hu\/hu\/wp-json\/wp\/v2\/tags?post=2910"}],"curies":[{"name":"wp","href":"https:\/\/api.w.org\/{rel}","templated":true}]}}