{"id":2913,"date":"2018-04-18T21:51:17","date_gmt":"2018-04-18T19:51:17","guid":{"rendered":"http:\/\/univet.hu\/klinikak\/kisallat\/klinika\/kapcsolat\/"},"modified":"2018-04-24T07:57:00","modified_gmt":"2018-04-24T05:57:00","slug":"kapcsolat","status":"publish","type":"page","link":"https:\/\/univet.hu\/hu\/klinikak\/kisallatklinika\/kapcsolat\/","title":{"rendered":"Kapcsolat"},"content":{"rendered":"<p><b>\u00c1llatorvostudom\u00e1nyi Egyetem,<br \/> Seb\u00e9szeti \u00e9s Szem\u00e9szeti Tansz\u00e9k \u00e9s Klinika<\/b><\/p> <hr \/> <p> 1078 Budapest, Istv\u00e1n u. 2.<br \/> Telefonsz\u00e1m: 06 1 478 4197 (08.00 &#8211; 20.00 \u00f3ra k\u00f6z\u00f6tt h\u00edvhat\u00f3)<br \/> Fax: 06 1 478 4196<br \/> Email: <a class=\"decrypt\" rel=\"jogpAljtbmmbutfcft{fu\/iv\" href=\"javascript:void(0);\">[Kattintson az emailc\u00edmhez]<\/a> <\/p> <p>  <iframe loading=\"lazy\" width=\"350\" height=\"250\" frameborder=\"0\" scrolling=\"no\" marginheight=\"0\" marginwidth=\"0\" src=\"http:\/\/maps.google.com\/?ie=UTF8&amp;t=h&amp;ll=47.503417,19.078038&amp;spn=0.002537,0.00456&amp;z=17&amp;output=embed\" data-replaced=\"true\"><\/iframe><br \/>&nbsp;<\/p>","protected":false},"excerpt":{"rendered":"<p>\u00c1llatorvostudom\u00e1nyi Egyetem, Seb\u00e9szeti \u00e9s Szem\u00e9szeti Tansz\u00e9k \u00e9s Klinika 1078 Budapest, Istv\u00e1n u. 2. Telefonsz\u00e1m: 06 1 478 4197 (08.00 &#8211; 20.00 \u00f3ra k\u00f6z\u00f6tt h\u00edvhat\u00f3) Fax: 06 1 478 4196 Email: [Kattintson az emailc\u00edmhez] &nbsp;<\/p>\n","protected":false},"author":1,"featured_media":0,"parent":2209,"menu_order":216,"comment_status":"closed","ping_status":"closed","template":"","meta":{"_acf_changed":false,"footnotes":""},"categories":[],"tags":[],"class_list":["post-2913","page","type-page","status-publish","hentry"],"acf":[],"_links":{"self":[{"href":"https:\/\/univet.hu\/hu\/wp-json\/wp\/v2\/pages\/2913","targetHints":{"allow":["GET"]}}],"collection":[{"href":"https:\/\/univet.hu\/hu\/wp-json\/wp\/v2\/pages"}],"about":[{"href":"https:\/\/univet.hu\/hu\/wp-json\/wp\/v2\/types\/page"}],"author":[{"embeddable":true,"href":"https:\/\/univet.hu\/hu\/wp-json\/wp\/v2\/users\/1"}],"replies":[{"embeddable":true,"href":"https:\/\/univet.hu\/hu\/wp-json\/wp\/v2\/comments?post=2913"}],"version-history":[{"count":0,"href":"https:\/\/univet.hu\/hu\/wp-json\/wp\/v2\/pages\/2913\/revisions"}],"up":[{"embeddable":true,"href":"https:\/\/univet.hu\/hu\/wp-json\/wp\/v2\/pages\/2209"}],"wp:attachment":[{"href":"https:\/\/univet.hu\/hu\/wp-json\/wp\/v2\/media?parent=2913"}],"wp:term":[{"taxonomy":"category","embeddable":true,"href":"https:\/\/univet.hu\/hu\/wp-json\/wp\/v2\/categories?post=2913"},{"taxonomy":"post_tag","embeddable":true,"href":"https:\/\/univet.hu\/hu\/wp-json\/wp\/v2\/tags?post=2913"}],"curies":[{"name":"wp","href":"https:\/\/api.w.org\/{rel}","templated":true}]}}