{"id":29872,"date":"2018-10-14T17:50:29","date_gmt":"2018-10-14T15:50:29","guid":{"rendered":"http:\/\/univet.hu\/vetphysiol\/biokemia\/biologus-kepzes-bsc\/letoltheto-anyagok\/"},"modified":"2025-06-12T13:33:11","modified_gmt":"2025-06-12T11:33:11","slug":"idegelettan","status":"publish","type":"page","link":"https:\/\/univet.hu\/hu\/oktatas\/kurzusok\/idegelettan\/","title":{"rendered":"Az idegrendszer m\u0171k\u00f6d\u00e9s\u00e9nek \u00e9lettani alapjai"},"content":{"rendered":"<p>A kurzus <strong>angol nyelven<\/strong>, online form\u00e1tumban az egyetemi elearning oldalon \u00e9rhet\u0151 el (elearning.univet.hu).<\/p> <p>A fakult\u00e1ci\u00f3 az \u00c9lettani \u00e9s Biok\u00e9miai tansz\u00e9k \u00e9lettan el\u0151ad\u00e1sai sor\u00e1n leadott ideg\u00e9lettan fejezet k\u00f6zvetlen folytat\u00e1sa lenne. Az idegrendszer jobb megismer\u00e9se mind a k\u00e9s\u0151bbiekben kutat\u00f3kk\u00e1 v\u00e1l\u00f3, mind pedig a klinikusi p\u00e1ly\u00e1t v\u00e1laszt\u00f3 hallgat\u00f3k sz\u00e1m\u00e1ra kifejezett fontoss\u00e1ggal b\u00edr, mely a tant\u00e1rgy tematik\u00e1j\u00e1ban is visszat\u00fckr\u00f6z\u0151dik.<\/p> <p>Az el\u0151ad\u00e1ssorozatot egy az ideg\u00e9lettanban haszn\u00e1lt kutat\u00e1si m\u00f3dszereket bemutat\u00f3 r\u00e9sz alapozn\u00e1 meg, erre fel\u00e9p\u00edtve t\u00e1rgyaln\u00e1 az agy bizonyos ter\u00fcleteinek m\u0171k\u00f6d\u00e9s\u00e9t, funkci\u00f3j\u00e1t. A fakult\u00e1ci\u00f3 az idegrendszer betegs\u00e9geinek ismertet\u00e9s\u00e9vel, \u00e9lettani h\u00e1tter\u00fck megt\u00e1rgyal\u00e1s\u00e1val fejez\u0151dne be. A k\u00fcl\u00f6nb\u00f6z\u0151 t\u00e9m\u00e1kat 2*45 perces szemin\u00e1riumi el\u0151ad\u00e1sok keret\u00e9ben t\u00e1rgyaln\u00e1 az adott ter\u00fcletet legjobban ismer\u0151 oktat\u00f3 a hallgat\u00f3kkal.<\/p> <p><strong>El\u0151k\u00f6vetelm\u00e9ny<\/strong>: \u00c1llatorvosi \u00c9lettan 2<\/p> <hr data-start=\"1451\" data-end=\"1454\" \/> <p>&nbsp;<\/p> <h3>Tematika<\/h3> <table style=\"width: 68.0123%\"> <tbody> <tr> <td style=\"width: 17.9109%\"><strong>Oktat\u00e1si h\u00e9t<\/strong><\/td> <td style=\"width: 150.433%\"><strong>T\u00e9ma<\/strong><\/td> <\/tr> <tr> <td style=\"width: 17.9109%\">1.<\/td> <td style=\"width: 150.433%\">Bevezet\u00e9s az ideg\u00e9lettanba, az \u00e9lettan el\u0151ad\u00e1sok \u00f6sszefoglal\u00e1sa<\/td> <\/tr> <tr> <td style=\"width: 17.9109%\">2.<\/td> <td style=\"width: 150.433%\">Ideg\u00e9lettani vizsg\u00e1l\u00f3 m\u00f3dszerek<\/td> <\/tr> <tr> <td style=\"width: 17.9109%\">3.<\/td> <td style=\"width: 150.433%\">Az idegrendszer sejtszinten, a gliasejtek t\u00edpusai<\/td> <\/tr> <tr> <td style=\"width: 17.9109%\">4.<\/td> <td style=\"width: 150.433%\">A m\u00e9ly agyi strukt\u00far\u00e1k \u00e9lettana<\/td> <\/tr> <tr> <td style=\"width: 17.9109%\">5.<\/td> <td style=\"width: 150.433%\">A kortik\u00e1lis (agyk\u00e9rgi) funkci\u00f3k \u00e9lettana<\/td> <\/tr> <tr> <td style=\"width: 17.9109%\">6.<\/td> <td style=\"width: 150.433%\">A tanul\u00e1s \u00e9s mem\u00f3ria<\/td> <\/tr> <tr> <td style=\"width: 17.9109%\">7.<\/td> <td style=\"width: 150.433%\">Az idegrendszer betegs\u00e9gei<\/td> <\/tr> <\/tbody> <\/table> <p>&nbsp;<\/p> <h3>Sz\u00e1monk\u00e9r\u00e9s m\u00f3dja, oszt\u00e1lyoz\u00e1s<\/h3> <p>A fakult\u00e1ci\u00f3 c\u00e9lja az ideg\u00e9lettani ismeretek b\u0151v\u00edt\u00e9se. Az elsaj\u00e1t\u00edtott tud\u00e1sr\u00f3l a hallgat\u00f3k egy \u00edr\u00e1sbeli besz\u00e1mol\u00f3 keret\u00e9ben adnak sz\u00e1mok.<\/p> <p>&nbsp;<\/p> <p>&nbsp;<\/p>","protected":false},"excerpt":{"rendered":"<p>A kurzus angol nyelven, online form\u00e1tumban az egyetemi elearning oldalon \u00e9rhet\u0151 el (elearning.univet.hu). A fakult\u00e1ci\u00f3 az \u00c9lettani \u00e9s Biok\u00e9miai tansz\u00e9k \u00e9lettan el\u0151ad\u00e1sai sor\u00e1n leadott ideg\u00e9lettan fejezet k\u00f6zvetlen folytat\u00e1sa lenne. Az idegrendszer jobb megismer\u00e9se mind a k\u00e9s\u0151bbiekben kutat\u00f3kk\u00e1 v\u00e1l\u00f3, mind pedig a klinikusi p\u00e1ly\u00e1t v\u00e1laszt\u00f3 hallgat\u00f3k sz\u00e1m\u00e1ra kifejezett fontoss\u00e1ggal b\u00edr, mely a tant\u00e1rgy tematik\u00e1j\u00e1ban is visszat\u00fckr\u00f6z\u0151dik.<\/p>\n","protected":false},"author":3837,"featured_media":0,"parent":677,"menu_order":112,"comment_status":"closed","ping_status":"closed","template":"","meta":{"_acf_changed":false,"footnotes":""},"categories":[64],"tags":[],"class_list":["post-29872","page","type-page","status-publish","hentry","category-kurzusok"],"acf":[],"_links":{"self":[{"href":"https:\/\/univet.hu\/hu\/wp-json\/wp\/v2\/pages\/29872","targetHints":{"allow":["GET"]}}],"collection":[{"href":"https:\/\/univet.hu\/hu\/wp-json\/wp\/v2\/pages"}],"about":[{"href":"https:\/\/univet.hu\/hu\/wp-json\/wp\/v2\/types\/page"}],"author":[{"embeddable":true,"href":"https:\/\/univet.hu\/hu\/wp-json\/wp\/v2\/users\/3837"}],"replies":[{"embeddable":true,"href":"https:\/\/univet.hu\/hu\/wp-json\/wp\/v2\/comments?post=29872"}],"version-history":[{"count":5,"href":"https:\/\/univet.hu\/hu\/wp-json\/wp\/v2\/pages\/29872\/revisions"}],"predecessor-version":[{"id":185803,"href":"https:\/\/univet.hu\/hu\/wp-json\/wp\/v2\/pages\/29872\/revisions\/185803"}],"up":[{"embeddable":true,"href":"https:\/\/univet.hu\/hu\/wp-json\/wp\/v2\/pages\/677"}],"wp:attachment":[{"href":"https:\/\/univet.hu\/hu\/wp-json\/wp\/v2\/media?parent=29872"}],"wp:term":[{"taxonomy":"category","embeddable":true,"href":"https:\/\/univet.hu\/hu\/wp-json\/wp\/v2\/categories?post=29872"},{"taxonomy":"post_tag","embeddable":true,"href":"https:\/\/univet.hu\/hu\/wp-json\/wp\/v2\/tags?post=29872"}],"curies":[{"name":"wp","href":"https:\/\/api.w.org\/{rel}","templated":true}]}}