{"id":32189,"date":"2018-12-19T11:31:09","date_gmt":"2018-12-19T10:31:09","guid":{"rendered":"https:\/\/univet.hu\/?page_id=32189"},"modified":"2018-12-19T11:31:09","modified_gmt":"2018-12-19T10:31:09","slug":"gepjarmu-ertekesites","status":"publish","type":"page","link":"https:\/\/univet.hu\/hu\/gepjarmu-ertekesites\/","title":{"rendered":"G\u00e9pj\u00e1rm\u0171 \u00e9rt\u00e9kes\u00edt\u00e9s"},"content":{"rendered":"<p>G\u00e9pj\u00e1rm\u0171 \u00e9rt\u00e9kes\u00edt\u00e9s.<\/p> <p>Al\u00e1bbi j\u00e1rm\u0171vek, aj\u00e1nlat ad\u00e1si hat\u00e1rid\u0151 els\u0151 k\u00f6rben <strong>2018. 12. 19.<\/strong> fizet\u00e9si m\u00f3d <strong>\u00e1tutal\u00e1s<\/strong>.<\/p> <p>&nbsp;<\/p> <p><a href=\"https:\/\/univet.hu\/wp-content\/uploads\/2018\/12\/Caterpillar_TH62tip_HOMLOKRAKODO.pdf\" data-replaced=\"true\">Caterpillar_TH62tip_HOMLOKRAKODO<\/a><\/p> <p><a href=\"https:\/\/univet.hu\/wp-content\/uploads\/2018\/12\/FALCOMAT_TM6000tip_VETOGEP.pdf\" data-replaced=\"true\">FALCOMAT_TM6000tip_VETOGEP<\/a><\/p> <p><a href=\"https:\/\/univet.hu\/wp-content\/uploads\/2018\/12\/FEC-886NISSAN_M90_150Dobozos_allatszallito_tgk.pdf\" data-replaced=\"true\">FEC-886NISSAN_M90_150Dobozos_allatszallito_tgk<\/a><\/p> <p><a href=\"https:\/\/univet.hu\/wp-content\/uploads\/2018\/12\/GMX-544_LIAZ18_33NYERGESVONTATO.pdf\" data-replaced=\"true\">GMX-544_LIAZ18_33NYERGESVONTATO<\/a><\/p> <p><a href=\"https:\/\/univet.hu\/wp-content\/uploads\/2018\/12\/JNH-364_FORD_MONDEO_Ambiente2_0TDCI.pdf\" data-replaced=\"true\">JNH-364_FORD_MONDEO_Ambiente2_0TDCI<\/a><\/p> <p><a href=\"https:\/\/univet.hu\/wp-content\/uploads\/2018\/12\/JSF_999TRANSPORTER2_5TDI.pdf\" data-replaced=\"true\">JSF_999TRANSPORTER2_5TDI<\/a><\/p> <p><a href=\"https:\/\/univet.hu\/wp-content\/uploads\/2018\/12\/KUHN_FC_4000RGtip_FUKASZA.pdf\" data-replaced=\"true\">KUHN_FC_4000RGtip_FUKASZA<\/a><\/p> <p><a href=\"https:\/\/univet.hu\/wp-content\/uploads\/2018\/12\/KVERNELAND4fejesVARIOtip_EKE.pdf\" data-replaced=\"true\">KVERNELAND4fejesVARIOtip_EKE<\/a><\/p> <p><a href=\"https:\/\/univet.hu\/wp-content\/uploads\/2018\/12\/LELY_LOTUS600Combi_tip_rendkezelo_gep.pdf\" data-replaced=\"true\">LELY_LOTUS600Combi_tip_rendkezelo_gep<\/a><\/p> <p><a href=\"https:\/\/univet.hu\/wp-content\/uploads\/2018\/12\/LELY_LOTZS_600Combi_tip_rendkezelo_gep.pdf\" data-replaced=\"true\">LELY_LOTZS_600Combi_tip_rendkezelo_gep<\/a><\/p> <p><a href=\"https:\/\/univet.hu\/wp-content\/uploads\/2018\/12\/MTZ_50tip_mgiVONTATO.pdf\" data-replaced=\"true\">MTZ_50tip_mgiVONTATO<\/a><\/p> <p><a href=\"https:\/\/univet.hu\/wp-content\/uploads\/2018\/12\/RABA-15tip_KISTRAKTOR.pdf\" data-replaced=\"true\">RABA-15tip_KISTRAKTOR<\/a><\/p> <p><a href=\"https:\/\/univet.hu\/wp-content\/uploads\/2018\/12\/REGENT_SATURN_SCX5tip_valtva_forgato_EKE.pdf\" data-replaced=\"true\">REGENT_SATURN_SCX5tip_valtva_forgato_EKE<\/a><\/p> <p><a href=\"https:\/\/univet.hu\/wp-content\/uploads\/2018\/12\/STEYR_9145A_tip_TRAKTOR_FRSZ_EUD-675.pdf\" data-replaced=\"true\">STEYR_9145A_tip_TRAKTOR_FRSZ_EUD-675<\/a><\/p> <p><a href=\"https:\/\/univet.hu\/wp-content\/uploads\/2018\/12\/STEYR-9220tip.TRAKTOR.pdf\" data-replaced=\"true\">STEYR 9220tip.TRAKTOR<\/a><\/p> <p><a href=\"https:\/\/univet.hu\/wp-content\/uploads\/2018\/12\/UNIRAK_6102_HOMLOKRAKODO.pdf\" data-replaced=\"true\">UNIRAK_6102_HOMLOKRAKODO<\/a><\/p> <p><a href=\"https:\/\/univet.hu\/wp-content\/uploads\/2018\/12\/XOS_432APFPtip_egyedi_gyart_loszallito_nyerges_felpotkocsi.pdf\" data-replaced=\"true\">XOS_432APFPtip_egyedi_gyart_loszallito_nyerges_felpotkocsi<\/a><\/p> <p><a href=\"https:\/\/univet.hu\/wp-content\/uploads\/2018\/12\/YUG_283_TRAILOR_S343_LP_FELPOTKOCSI.pdf\" data-replaced=\"true\">YUG_283_TRAILOR_S343_LP_FELPOTKOCSI<\/a><\/p> <p><a href=\"https:\/\/univet.hu\/wp-content\/uploads\/2018\/12\/BPM-621IFA_W50L_KCR3000onrakodo.pdf\" data-replaced=\"true\">BPM-621IFA_W50L_KCR3000onrakodo<\/a><\/p>","protected":false},"excerpt":{"rendered":"<p>G\u00e9pj\u00e1rm\u0171 \u00e9rt\u00e9kes\u00edt\u00e9s. Al\u00e1bbi j\u00e1rm\u0171vek, aj\u00e1nlat ad\u00e1si hat\u00e1rid\u0151 els\u0151 k\u00f6rben 2018. 12. 19. fizet\u00e9si m\u00f3d \u00e1tutal\u00e1s. &nbsp; Caterpillar_TH62tip_HOMLOKRAKODO FALCOMAT_TM6000tip_VETOGEP FEC-886NISSAN_M90_150Dobozos_allatszallito_tgk GMX-544_LIAZ18_33NYERGESVONTATO JNH-364_FORD_MONDEO_Ambiente2_0TDCI JSF_999TRANSPORTER2_5TDI KUHN_FC_4000RGtip_FUKASZA KVERNELAND4fejesVARIOtip_EKE LELY_LOTUS600Combi_tip_rendkezelo_gep LELY_LOTZS_600Combi_tip_rendkezelo_gep MTZ_50tip_mgiVONTATO RABA-15tip_KISTRAKTOR REGENT_SATURN_SCX5tip_valtva_forgato_EKE STEYR_9145A_tip_TRAKTOR_FRSZ_EUD-675 STEYR 9220tip.TRAKTOR UNIRAK_6102_HOMLOKRAKODO XOS_432APFPtip_egyedi_gyart_loszallito_nyerges_felpotkocsi YUG_283_TRAILOR_S343_LP_FELPOTKOCSI BPM-621IFA_W50L_KCR3000onrakodo<\/p>\n","protected":false},"author":5823,"featured_media":0,"parent":0,"menu_order":115,"comment_status":"closed","ping_status":"closed","template":"","meta":{"_acf_changed":false,"footnotes":""},"categories":[],"tags":[],"class_list":["post-32189","page","type-page","status-publish","hentry"],"acf":[],"_links":{"self":[{"href":"https:\/\/univet.hu\/hu\/wp-json\/wp\/v2\/pages\/32189","targetHints":{"allow":["GET"]}}],"collection":[{"href":"https:\/\/univet.hu\/hu\/wp-json\/wp\/v2\/pages"}],"about":[{"href":"https:\/\/univet.hu\/hu\/wp-json\/wp\/v2\/types\/page"}],"author":[{"embeddable":true,"href":"https:\/\/univet.hu\/hu\/wp-json\/wp\/v2\/users\/5823"}],"replies":[{"embeddable":true,"href":"https:\/\/univet.hu\/hu\/wp-json\/wp\/v2\/comments?post=32189"}],"version-history":[{"count":0,"href":"https:\/\/univet.hu\/hu\/wp-json\/wp\/v2\/pages\/32189\/revisions"}],"wp:attachment":[{"href":"https:\/\/univet.hu\/hu\/wp-json\/wp\/v2\/media?parent=32189"}],"wp:term":[{"taxonomy":"category","embeddable":true,"href":"https:\/\/univet.hu\/hu\/wp-json\/wp\/v2\/categories?post=32189"},{"taxonomy":"post_tag","embeddable":true,"href":"https:\/\/univet.hu\/hu\/wp-json\/wp\/v2\/tags?post=32189"}],"curies":[{"name":"wp","href":"https:\/\/api.w.org\/{rel}","templated":true}]}}