{"id":32320,"date":"2019-01-09T23:23:19","date_gmt":"2019-01-09T22:23:19","guid":{"rendered":"https:\/\/univet.hu\/?page_id=32320"},"modified":"2025-10-15T15:24:41","modified_gmt":"2025-10-15T13:24:41","slug":"del-pesti-allatorvosi-rendelo","status":"publish","type":"page","link":"https:\/\/univet.hu\/hu\/oktatas\/tanulmanyi-osztaly\/allasajanlatok\/del-pesti-allatorvosi-rendelo\/","title":{"rendered":"D\u00e9l-pesti \u00e1llatorvosi rendel\u0151"},"content":{"rendered":"<p>2025.10.15<\/p> <p>D\u00e9l-pesti \u00e1llatorvosi rendel\u0151nkbe, \u00e1llatpatik\u00e1nkba, \u00e1llatt\u00e1p- \u00e9s felszerel\u00e9sboltunkba (l\u00e1sd https:\/\/drhorvathdavid.hu) keres\u00fcnk lend\u00fcletes, kommunikat\u00edv \u00e1llatorvosi asszisztens koll\u00e9g\u00e1t, f\u0151\u00e1ll\u00e1sba, a folyamatosan n\u00f6vekv\u0151 forgalmunk \u00e9s munkamennyis\u00e9g\u00fcnk miatt. Hossz\u00fa t\u00e1v\u00fa munkalehet\u0151s\u00e9g. P\u00e1lyakezd\u0151k jelentkez\u00e9s\u00e9t is v\u00e1rjuk! Rendel\u0151nk j\u00f3l felszerelt, nagy m\u00faltra tekint vissza, ennek k\u00f6sz\u00f6nhet\u0151en stabilan kialakult (\u00e9s folyamatosan tov\u00e1bb b\u0151v\u00fcl\u0151) pacient\u00far\u00e1val rendelkezik. Folyamatosan fejlesztj\u00fck eszk\u00f6zparkunkat, b\u0151v\u00edtj\u00fck rendel\u0151nket.<\/p> <p><u>Amit biztos\u00edtunk:<\/u><\/p> <ul> <li>bejelentett teljes \u00e1ll\u00e1s<\/li> <li>Doki for Vets \u00e1llatorvosi praxismanagement szoftver<\/li> <li>sz\u00e1mos k\u00f6vet\u0151vel rendelkez\u0151 rendel\u0151i honlap, facebook \u00e9s instagram oldal<\/li> <li>Digit\u00e1lis r\u00f6ntgen<\/li> <li>UH<\/li> <li>EKG<\/li> <li>k\u00e9t kezel\u0151<\/li> <li>kimer\u00edt\u0151 k\u00e9zim\u0171szerk\u00e9szlet<\/li> <li>magas eset- \u00e9s m\u0171t\u00e9tsz\u00e1m, fejl\u0151d\u00e9si lehet\u0151s\u00e9g<\/li> <li>intenz\u00edv r\u00e9szleg, ketreces benntart\u00e1s<\/li> <li>kollegi\u00e1lis asszisztensi seg\u00edts\u00e9g<\/li> <li>altat\u00f3g\u00e9p<\/li> <li>l\u00e1gym\u0171t\u0151<\/li> <li>versenyk\u00e9pes fizet\u00e9s<\/li> <\/ul> <p><u>Amiket elv\u00e1runk:<\/u><\/p> <ul> <li>kis\u00e1llatgy\u00f3gy\u00e1szat ir\u00e1nt val\u00f3 elk\u00f6telezetts\u00e9g<\/li> <li>megb\u00edzhat\u00f3s\u00e1g<\/li> <li>ig\u00e9nyes munkav\u00e9gz\u00e9s<\/li> <li>saj\u00e1t k\u00f6rnyezetre val\u00f3 odafigyel\u00e9s\u00a0(az alapos takar\u00edt\u00e1s is a munkafeladat r\u00e9sze<\/li> <\/ul> <p><u>\u00a0<\/u><\/p> <p><u>Amik nem elv\u00e1r\u00e1sok, de el\u0151nyt jelentenek:<\/u><\/p> <ul> <li>kis\u00e1llatgy\u00f3gy\u00e1szati asszisztens szakmai tapasztalat<\/li> <li>Doki for Vets \u00e1llatorvosi nyilv\u00e1ntart\u00f3 programban \u00e9s egy\u00e9b sz\u00e1m\u00edt\u00f3g\u00e9pes programokban val\u00f3 j\u00e1rtass\u00e1g (pl. word, excel, stb.), tapasztalat p\u00e9nzt\u00e1rg\u00e9ppel \u00e9s k\u00e1rtyaleolvas\u00f3val kapcsolatban<\/li> <\/ul> <p><u>Az ide\u00e1lis jel\u00f6lt:<\/u><\/p> <ul> <li>a XXI. ker\u00fcletben, a szomsz\u00e9dos ker\u00fcletekben vagy D\u00e9l-Pest k\u00f6rny\u00e9k\u00e9n lakik<\/li> <li>nem n\u00e9h\u00e1ny h\u00f3napos vagy 1-2 \u00e9ves t\u00e1vlatban gondolkodik, hanem ink\u00e1bb k\u00f6z\u00e9phossz\u00fa vagy hossz\u00fat\u00e1v\u00fa (t\u00f6bb \u00e9ves) szerz\u0151d\u00e9sben<\/li> <li>szereti az \u00e1llatokat, tud vel\u00fck b\u00e1nni (esetleg tapasztalt a kuty\u00e1k \u00e9s macsk\u00e1k r\u00f6gz\u00edt\u00e9sben, az \u00e1llatokkal val\u00f3 b\u00e1n\u00e1sm\u00f3dban, dolgozott \u00e1llatorvosi rendel\u0151ben)<\/li> <\/ul> <p>&nbsp;<\/p> <p>A XXI. ker\u00fcleti \u00e1llatorvosi rendel\u0151nk mellett felszerelt \u00e1llatpatik\u00e1t, \u00e1llatt\u00e1p- \u00e9s felszerel\u00e9sboltot is \u00fczemeltet\u00fcnk, emellett szoros, kooperat\u00edv munkakapcsolatban \u00e1llunk az \u00e9p\u00fcleten bel\u00fcl m\u0171k\u00f6d\u0151, j\u00f3 h\u00edr\u0171 \u00e1llatkozmetik\u00e1val.<\/p> <p>&nbsp;<\/p> <p>Amennyiben felkeltett\u00fck \u00e9rdekl\u0151d\u00e9sedet, a r\u00e9szletes, f\u00e9nyk\u00e9pes \u00e9letrajzodat\u2013a fizet\u00e9si ig\u00e9ny megjel\u00f6l\u00e9s\u00e9vel\u2013e-mail c\u00edm\u00fcnkre v\u00e1rjuk: <a class=\"decrypt\" rel=\"esipswbuiebwjeAipunbjm\/dpn\" href=\"javascript:void(0);\">[Kattintson az emailc\u00edmhez]<\/a>. K\u00f6sz\u00f6nj\u00fck a megoszt\u00e1sokat.<\/p> <p><img loading=\"lazy\" decoding=\"async\" class=\"alignnone size-thumbnail wp-image-192638\" src=\"https:\/\/univet.hu\/wp-content\/uploads\/2025\/10\/1-320x320.jpg\" alt=\"\" width=\"320\" height=\"320\" srcset=\"https:\/\/univet.hu\/wp-content\/uploads\/2025\/10\/1-320x320.jpg 320w, https:\/\/univet.hu\/wp-content\/uploads\/2025\/10\/1-640x640.jpg 640w\" sizes=\"auto, (max-width: 320px) 100vw, 320px\" \/> <img loading=\"lazy\" decoding=\"async\" class=\"alignnone size-thumbnail wp-image-192641\" src=\"https:\/\/univet.hu\/wp-content\/uploads\/2025\/10\/2-320x320.jpg\" alt=\"\" width=\"320\" height=\"320\" srcset=\"https:\/\/univet.hu\/wp-content\/uploads\/2025\/10\/2-320x320.jpg 320w, https:\/\/univet.hu\/wp-content\/uploads\/2025\/10\/2-640x640.jpg 640w\" sizes=\"auto, (max-width: 320px) 100vw, 320px\" \/> <img loading=\"lazy\" decoding=\"async\" class=\"alignnone size-thumbnail wp-image-192644\" src=\"https:\/\/univet.hu\/wp-content\/uploads\/2025\/10\/3-320x320.jpg\" alt=\"\" width=\"320\" height=\"320\" srcset=\"https:\/\/univet.hu\/wp-content\/uploads\/2025\/10\/3-320x320.jpg 320w, https:\/\/univet.hu\/wp-content\/uploads\/2025\/10\/3-640x640.jpg 640w\" sizes=\"auto, (max-width: 320px) 100vw, 320px\" \/> <img loading=\"lazy\" decoding=\"async\" class=\"alignnone size-thumbnail wp-image-192647\" src=\"https:\/\/univet.hu\/wp-content\/uploads\/2025\/10\/4-320x320.jpg\" alt=\"\" width=\"320\" height=\"320\" srcset=\"https:\/\/univet.hu\/wp-content\/uploads\/2025\/10\/4-320x320.jpg 320w, https:\/\/univet.hu\/wp-content\/uploads\/2025\/10\/4-640x640.jpg 640w\" sizes=\"auto, (max-width: 320px) 100vw, 320px\" \/> <img loading=\"lazy\" decoding=\"async\" class=\"alignnone size-thumbnail wp-image-192650\" src=\"https:\/\/univet.hu\/wp-content\/uploads\/2025\/10\/5-320x320.jpg\" alt=\"\" width=\"320\" height=\"320\" srcset=\"https:\/\/univet.hu\/wp-content\/uploads\/2025\/10\/5-320x320.jpg 320w, https:\/\/univet.hu\/wp-content\/uploads\/2025\/10\/5-640x640.jpg 640w\" sizes=\"auto, (max-width: 320px) 100vw, 320px\" \/> <img loading=\"lazy\" decoding=\"async\" class=\"alignnone size-thumbnail wp-image-192653\" src=\"https:\/\/univet.hu\/wp-content\/uploads\/2025\/10\/6-320x320.jpg\" alt=\"\" width=\"320\" height=\"320\" srcset=\"https:\/\/univet.hu\/wp-content\/uploads\/2025\/10\/6-320x320.jpg 320w, https:\/\/univet.hu\/wp-content\/uploads\/2025\/10\/6-640x640.jpg 640w\" sizes=\"auto, (max-width: 320px) 100vw, 320px\" \/> <img loading=\"lazy\" decoding=\"async\" class=\"alignnone size-thumbnail wp-image-192656\" src=\"https:\/\/univet.hu\/wp-content\/uploads\/2025\/10\/7-320x320.jpg\" alt=\"\" width=\"320\" height=\"320\" srcset=\"https:\/\/univet.hu\/wp-content\/uploads\/2025\/10\/7-320x320.jpg 320w, https:\/\/univet.hu\/wp-content\/uploads\/2025\/10\/7-640x640.jpg 640w\" sizes=\"auto, (max-width: 320px) 100vw, 320px\" \/><\/p> <p>&nbsp;<\/p>","protected":false},"excerpt":{"rendered":"<p>2025.10.15 D\u00e9l-pesti \u00e1llatorvosi rendel\u0151nkbe, \u00e1llatpatik\u00e1nkba, \u00e1llatt\u00e1p- \u00e9s felszerel\u00e9sboltunkba (l\u00e1sd https:\/\/drhorvathdavid.hu) keres\u00fcnk lend\u00fcletes, kommunikat\u00edv \u00e1llatorvosi asszisztens koll\u00e9g\u00e1t, f\u0151\u00e1ll\u00e1sba, a folyamatosan n\u00f6vekv\u0151 forgalmunk \u00e9s munkamennyis\u00e9g\u00fcnk miatt. Hossz\u00fa t\u00e1v\u00fa munkalehet\u0151s\u00e9g. P\u00e1lyakezd\u0151k jelentkez\u00e9s\u00e9t is v\u00e1rjuk! Rendel\u0151nk j\u00f3l felszerelt, nagy m\u00faltra tekint vissza, ennek k\u00f6sz\u00f6nhet\u0151en stabilan kialakult (\u00e9s folyamatosan tov\u00e1bb b\u0151v\u00fcl\u0151) pacient\u00far\u00e1val rendelkezik. Folyamatosan fejlesztj\u00fck eszk\u00f6zparkunkat, b\u0151v\u00edtj\u00fck rendel\u0151nket. Amit biztos\u00edtunk:<\/p>\n","protected":false},"author":5823,"featured_media":0,"parent":26415,"menu_order":112,"comment_status":"closed","ping_status":"closed","template":"","meta":{"_acf_changed":false,"footnotes":""},"categories":[],"tags":[],"class_list":["post-32320","page","type-page","status-publish","hentry"],"acf":[],"_links":{"self":[{"href":"https:\/\/univet.hu\/hu\/wp-json\/wp\/v2\/pages\/32320","targetHints":{"allow":["GET"]}}],"collection":[{"href":"https:\/\/univet.hu\/hu\/wp-json\/wp\/v2\/pages"}],"about":[{"href":"https:\/\/univet.hu\/hu\/wp-json\/wp\/v2\/types\/page"}],"author":[{"embeddable":true,"href":"https:\/\/univet.hu\/hu\/wp-json\/wp\/v2\/users\/5823"}],"replies":[{"embeddable":true,"href":"https:\/\/univet.hu\/hu\/wp-json\/wp\/v2\/comments?post=32320"}],"version-history":[{"count":4,"href":"https:\/\/univet.hu\/hu\/wp-json\/wp\/v2\/pages\/32320\/revisions"}],"predecessor-version":[{"id":192659,"href":"https:\/\/univet.hu\/hu\/wp-json\/wp\/v2\/pages\/32320\/revisions\/192659"}],"up":[{"embeddable":true,"href":"https:\/\/univet.hu\/hu\/wp-json\/wp\/v2\/pages\/26415"}],"wp:attachment":[{"href":"https:\/\/univet.hu\/hu\/wp-json\/wp\/v2\/media?parent=32320"}],"wp:term":[{"taxonomy":"category","embeddable":true,"href":"https:\/\/univet.hu\/hu\/wp-json\/wp\/v2\/categories?post=32320"},{"taxonomy":"post_tag","embeddable":true,"href":"https:\/\/univet.hu\/hu\/wp-json\/wp\/v2\/tags?post=32320"}],"curies":[{"name":"wp","href":"https:\/\/api.w.org\/{rel}","templated":true}]}}