{"id":3277,"date":"2016-07-28T18:49:00","date_gmt":"2016-07-28T16:49:00","guid":{"rendered":"http:\/\/univet.hu\/egyetem\/szervezeti-egysegek\/rektori-hivatal\/"},"modified":"2026-03-24T14:29:57","modified_gmt":"2026-03-24T13:29:57","slug":"rektori-hivatal","status":"publish","type":"page","link":"https:\/\/univet.hu\/hu\/egyetem\/szervezeti-egysegek\/rektori-hivatal\/","title":{"rendered":"Rektori Hivatal"},"content":{"rendered":"<h2>Bemutatkoz\u00e1s<\/h2> <div> <p><strong>Az egys\u00e9g t\u00f6rt\u00e9nete<\/strong><\/p> <p>A Rektori Hivatal int\u00e9zm\u00e9ny\u00fcnk igazgat\u00e1si, \u00fcgyint\u00e9z\u00e9si \u00e9s \u00fcgyviteli szervezeti k\u00f6zpontja.\u00a0 Kor\u00e1bbi elnevez\u00e9sei: Igazgat\u00f3i Hivatal, Rektori Hivatal, D\u00e9k\u00e1ni Hivatal, Kvesztori Titk\u00e1rs\u00e1g, k\u00e9s\u0151bb Kari, illetve D\u00e9k\u00e1ni Titk\u00e1rs\u00e1g, melyek alatt az int\u00e9zm\u00e9ny megalap\u00edt\u00e1sa \u00f3ta m\u0171k\u00f6d\u00f6tt.<\/p> <p>Feladata az int\u00e9zm\u00e9ny adminisztrat\u00edv \u00fcgyeinek vitele, tov\u00e1bb\u00e1 hivatali h\u00e1tteret teremt az int\u00e9zm\u00e9ny vezet\u0151inek.<\/p> <\/div> <div> <p>&nbsp;<\/p> <\/div>","protected":false},"excerpt":{"rendered":"<p>Bemutatkoz\u00e1s Az egys\u00e9g t\u00f6rt\u00e9nete A Rektori Hivatal int\u00e9zm\u00e9ny\u00fcnk igazgat\u00e1si, \u00fcgyint\u00e9z\u00e9si \u00e9s \u00fcgyviteli szervezeti k\u00f6zpontja.\u00a0 Kor\u00e1bbi elnevez\u00e9sei: Igazgat\u00f3i Hivatal, Rektori Hivatal, D\u00e9k\u00e1ni Hivatal, Kvesztori Titk\u00e1rs\u00e1g, k\u00e9s\u0151bb Kari, illetve D\u00e9k\u00e1ni Titk\u00e1rs\u00e1g, melyek alatt az int\u00e9zm\u00e9ny megalap\u00edt\u00e1sa \u00f3ta m\u0171k\u00f6d\u00f6tt. Feladata az int\u00e9zm\u00e9ny adminisztrat\u00edv \u00fcgyeinek vitele, tov\u00e1bb\u00e1 hivatali h\u00e1tteret teremt az int\u00e9zm\u00e9ny vezet\u0151inek. &nbsp;<\/p>\n","protected":false},"author":3837,"featured_media":0,"parent":861,"menu_order":172,"comment_status":"closed","ping_status":"closed","template":"","meta":{"_acf_changed":false,"footnotes":""},"categories":[58],"tags":[],"class_list":["post-3277","page","type-page","status-publish","hentry","category-szervezeti-egysegek"],"acf":[],"_links":{"self":[{"href":"https:\/\/univet.hu\/hu\/wp-json\/wp\/v2\/pages\/3277","targetHints":{"allow":["GET"]}}],"collection":[{"href":"https:\/\/univet.hu\/hu\/wp-json\/wp\/v2\/pages"}],"about":[{"href":"https:\/\/univet.hu\/hu\/wp-json\/wp\/v2\/types\/page"}],"author":[{"embeddable":true,"href":"https:\/\/univet.hu\/hu\/wp-json\/wp\/v2\/users\/3837"}],"replies":[{"embeddable":true,"href":"https:\/\/univet.hu\/hu\/wp-json\/wp\/v2\/comments?post=3277"}],"version-history":[{"count":2,"href":"https:\/\/univet.hu\/hu\/wp-json\/wp\/v2\/pages\/3277\/revisions"}],"predecessor-version":[{"id":199065,"href":"https:\/\/univet.hu\/hu\/wp-json\/wp\/v2\/pages\/3277\/revisions\/199065"}],"up":[{"embeddable":true,"href":"https:\/\/univet.hu\/hu\/wp-json\/wp\/v2\/pages\/861"}],"wp:attachment":[{"href":"https:\/\/univet.hu\/hu\/wp-json\/wp\/v2\/media?parent=3277"}],"wp:term":[{"taxonomy":"category","embeddable":true,"href":"https:\/\/univet.hu\/hu\/wp-json\/wp\/v2\/categories?post=3277"},{"taxonomy":"post_tag","embeddable":true,"href":"https:\/\/univet.hu\/hu\/wp-json\/wp\/v2\/tags?post=3277"}],"curies":[{"name":"wp","href":"https:\/\/api.w.org\/{rel}","templated":true}]}}