{"id":3298,"date":"2017-04-10T13:19:00","date_gmt":"2017-04-10T11:19:00","guid":{"rendered":"http:\/\/univet.hu\/egyetem\/szervezeti-egysegek\/allattenyesztesi-takarmanyozastani-es-laborallat-tudomanyi-tanszek\/"},"modified":"2026-02-10T03:45:12","modified_gmt":"2026-02-10T02:45:12","slug":"allattenyesztesi-takarmanyozastani-es-laborallat-tudomanyi-tanszek","status":"publish","type":"page","link":"https:\/\/univet.hu\/hu\/egyetem\/szervezeti-egysegek\/allattenyesztesi-takarmanyozastani-es-laborallat-tudomanyi-tanszek\/","title":{"rendered":"\u00c1llatteny\u00e9szt\u00e9si, Takarm\u00e1nyoz\u00e1stani \u00e9s Labor\u00e1llattudom\u00e1nyi Int\u00e9zet"},"content":{"rendered":"<h2>Az int\u00e9zet t\u00f6rt\u00e9nete<\/h2> <p>&nbsp;<\/p> <p>Az \u00e1llatteny\u00e9szt\u00e9s \u00e9s takarm\u00e1nyoz\u00e1s (dietetika) m\u00e1r 1787-ben, a Budapesti \u00c1llatorvosi F\u0151iskola els\u0151 tan\u00e9v\u00e9ben szerepelt a preklinikai k\u00e9pz\u00e9s\u00e9ben.<\/p> <p>Az 1873-as \u00e9v m\u00e9rf\u00f6ldk\u00f6vet jelentett az \u00e1llatteny\u00e9szt\u00e9s oktat\u00e1s\u00e1ban, hiszen n\u00e1lunk alakult meg az orsz\u00e1g els\u0151 \u00f6n\u00e1ll\u00f3 \u00e1llatteny\u00e9szt\u00e9si tansz\u00e9ke <em><strong>Tormay B\u00e9la<\/strong><\/em> \u2013 1873-t\u00f3l 1884-ig tart\u00f3 \u2013 vezet\u00e9s\u00e9vel. \u0150t <em><strong>Monostori K\u00e1roly<\/strong><\/em> (1884-1908) k\u00f6vette, majd <em><strong>Wellmann Oszk\u00e1r<\/strong><\/em> (1908-1943), <em><strong>Schandl J\u00f3zsef<\/strong><\/em> (1943-1944), <em><strong>Csuk\u00e1s Zolt\u00e1n<\/strong><\/em> (1944-1957) \u00e9s <em><strong>M\u00e1rkus J\u00f3zsef<\/strong><\/em> (1957-1963) vezet\u00e9se alatt folyt tov\u00e1bb az oktat\u00f3i \u00e9s kutat\u00f3i munka.<\/p> <p>1963-ban \u2013 <em><strong>M\u00e1rkus J\u00f3zsef<\/strong><\/em> vezet\u00e9s\u00e9vel (1963-1973) \u2013 \u00f6n\u00e1ll\u00f3 Takarm\u00e1nyoz\u00e1stani Tansz\u00e9k j\u00f6tt l\u00e9tre. \u0150t <em><strong>Bokori J\u00f3zsef<\/strong><\/em> (1974-1990), majd <em><strong>Fekete S\u00e1ndor<\/strong><\/em> (1990-1996) k\u00f6vett\u00e9k a tansz\u00e9k \u00e9l\u00e9n.<\/p> <p>Ezen id\u0151szak alatt az \u00c1llatteny\u00e9szt\u00e9si Tansz\u00e9ket <em><strong>Horn Art\u00far<\/strong><\/em> (1963-1980), <em><strong>Dohy J\u00e1nos<\/strong><\/em> (1980-1984), majd <em><strong>Bod\u00f3 Imre<\/strong><\/em> (1984-1996) vezett\u00e9k.<\/p> <p>A 33 \u00e9vnyi k\u00fcl\u00f6n t\u00f6lt\u00f6tt id\u0151szakot k\u00f6vet\u0151en ism\u00e9t egyes\u00fclt a k\u00e9t r\u00e9szleg \u00c1llatteny\u00e9szt\u00e9si \u00e9s Takarm\u00e1nyoz\u00e1stani Tansz\u00e9k n\u00e9ven, <em><strong>Bod\u00f3 Imre<\/strong><\/em> (1996-1997) vezet\u00e9s\u00e9vel. \u0150t <em><strong>Fekete S\u00e1ndor<\/strong> <\/em>(1998-2003) k\u00f6vette, aki a labor\u00e1llat-tudom\u00e1nyt is integr\u00e1lta a szervezeti egys\u00e9gbe. Ezzel kialakult az int\u00e9zet\u00a0ma is haszn\u00e1latos neve. Vezet\u0151je 2003-t\u00f3l<em><strong> Szab\u00f3 J\u00f3zsef<\/strong><\/em> lett (2003-2006), akit <em><strong>Hull\u00e1r Istv\u00e1n<\/strong><\/em> (2006-2015), majd <em><strong>G\u00e1sp\u00e1rdy Andr\u00e1s<\/strong><\/em> (2015-2021) k\u00f6vetett. 2021-t\u0151l az int\u00e9zet vezet\u0151je <em><strong>Wagenhoffer Zsombor<\/strong><\/em>.<\/p> <p>&nbsp;<\/p> <p><span data-contrast=\"auto\">Az egys\u00e9g az al\u00e1bbi 3 \u2013 nem \u00f6n\u00e1ll\u00f3 jog\u00e1ll\u00e1s\u00fa \u2013 tansz\u00e9kre tagoz\u00f3dik.<\/span><span data-ccp-props=\"{&quot;134233117&quot;:false,&quot;134233118&quot;:false,&quot;201341983&quot;:2,&quot;335551550&quot;:6,&quot;335551620&quot;:6,&quot;335559738&quot;:0,&quot;335559739&quot;:0,&quot;335559740&quot;:240}\">\u00a0<\/span><\/p> <p><span data-contrast=\"auto\"><a href=\"https:\/\/univet.hu\/hu\/egyetem\/szervezeti-egysegek\/allattenyesztesi-takarmanyozastani-es-laborallat-tudomanyi-tanszek\/allattenyesztesi-es-genetikai-tanszek\/\">\u00c1llatteny\u00e9szt\u00e9si \u00e9s Genetikai Tansz\u00e9k<\/a> (tansz\u00e9kvezet\u0151: <\/span><b><i><span data-contrast=\"auto\">G\u00e1sp\u00e1rdy Andr\u00e1s; <\/span><\/i><\/b>helysz\u00edn:<b><i><span data-contrast=\"auto\">\u00a0<\/span><\/i><\/b>Budapest Istv\u00e1n utca 2. J. \u00e9p\u00fclet 3. emelet<span data-contrast=\"auto\">),<\/span><span data-ccp-props=\"{&quot;134233117&quot;:false,&quot;134233118&quot;:false,&quot;201341983&quot;:2,&quot;335551550&quot;:6,&quot;335551620&quot;:6,&quot;335559738&quot;:0,&quot;335559739&quot;:0,&quot;335559740&quot;:240}\">\u00a0<\/span><\/p> <p><span data-contrast=\"auto\"><a href=\"https:\/\/univet.hu\/hu\/egyetem\/szervezeti-egysegek\/allattenyesztesi-takarmanyozastani-es-laborallat-tudomanyi-tanszek\/takarmanyozastani-tanszek\/\">Takarm\u00e1nyoz\u00e1stani \u00e9s Klinikai Dietetikai Tansz\u00e9k<\/a> (tansz\u00e9kvezet\u0151: <\/span><b><i><span data-contrast=\"auto\">Hull\u00e1r Istv\u00e1n;<\/span><\/i><\/b>\u00a0helysz\u00edn: Budapest, Rottenbiller utca 50. f\u00f6ldszint),<\/p> <p><span data-contrast=\"auto\"><a href=\"https:\/\/univet.hu\/hu\/egyetem\/szervezeti-egysegek\/allattenyesztesi-takarmanyozastani-es-laborallat-tudomanyi-tanszek\/laborallattudomanyi-es-allatvedelmi-tanszek\/\">Labor\u00e1llat-tudom\u00e1nyi \u00e9s \u00c1llatv\u00e9delmi Tansz\u00e9k<\/a> (tansz\u00e9kvezet\u0151: <\/span><b><i><span data-contrast=\"auto\">Fodor Kinga,\u00a0<\/span><\/i><\/b>helysz\u00edn:\u00a0Budapest Istv\u00e1n utca 2. J. \u00e9p\u00fclet 2. emelet).<\/p> <p>&nbsp;<\/p> <p><span data-contrast=\"auto\">Az Int\u00e9zet tansz\u00e9kei \u00e1ltal magyar, angol \u00e9s n\u00e9met nyelven oktatott A-, B- \u00e9s C-t\u00edpus\u00fa t\u00e1rgyak list\u00e1ja \u00e9s r\u00e9szletes programja a tansz\u00e9ki honlapokon, az el\u0151ad\u00e1sok, gyakorlatok anyaga pedig a Moodle-ban tal\u00e1lhat\u00f3 meg.\u00a0\u00a0<\/span><span data-ccp-props=\"{&quot;134233117&quot;:false,&quot;134233118&quot;:false,&quot;201341983&quot;:2,&quot;335551550&quot;:6,&quot;335551620&quot;:6,&quot;335559738&quot;:0,&quot;335559739&quot;:0,&quot;335559740&quot;:240}\">\u00a0<\/span><\/p>","protected":false},"excerpt":{"rendered":"<p>Az int\u00e9zet t\u00f6rt\u00e9nete &nbsp; Az \u00e1llatteny\u00e9szt\u00e9s \u00e9s takarm\u00e1nyoz\u00e1s (dietetika) m\u00e1r 1787-ben, a Budapesti \u00c1llatorvosi F\u0151iskola els\u0151 tan\u00e9v\u00e9ben szerepelt a preklinikai k\u00e9pz\u00e9s\u00e9ben. Az 1873-as \u00e9v m\u00e9rf\u00f6ldk\u00f6vet jelentett az \u00e1llatteny\u00e9szt\u00e9s oktat\u00e1s\u00e1ban, hiszen n\u00e1lunk alakult meg az orsz\u00e1g els\u0151 \u00f6n\u00e1ll\u00f3 \u00e1llatteny\u00e9szt\u00e9si tansz\u00e9ke Tormay B\u00e9la \u2013 1873-t\u00f3l 1884-ig tart\u00f3 \u2013 vezet\u00e9s\u00e9vel. \u0150t Monostori K\u00e1roly (1884-1908) k\u00f6vette, majd Wellmann Oszk\u00e1r<\/p>\n","protected":false},"author":3837,"featured_media":0,"parent":861,"menu_order":172,"comment_status":"closed","ping_status":"closed","template":"","meta":{"_acf_changed":false,"footnotes":""},"categories":[58],"tags":[],"class_list":["post-3298","page","type-page","status-publish","hentry","category-szervezeti-egysegek"],"acf":[],"_links":{"self":[{"href":"https:\/\/univet.hu\/hu\/wp-json\/wp\/v2\/pages\/3298","targetHints":{"allow":["GET"]}}],"collection":[{"href":"https:\/\/univet.hu\/hu\/wp-json\/wp\/v2\/pages"}],"about":[{"href":"https:\/\/univet.hu\/hu\/wp-json\/wp\/v2\/types\/page"}],"author":[{"embeddable":true,"href":"https:\/\/univet.hu\/hu\/wp-json\/wp\/v2\/users\/3837"}],"replies":[{"embeddable":true,"href":"https:\/\/univet.hu\/hu\/wp-json\/wp\/v2\/comments?post=3298"}],"version-history":[{"count":2,"href":"https:\/\/univet.hu\/hu\/wp-json\/wp\/v2\/pages\/3298\/revisions"}],"predecessor-version":[{"id":199035,"href":"https:\/\/univet.hu\/hu\/wp-json\/wp\/v2\/pages\/3298\/revisions\/199035"}],"up":[{"embeddable":true,"href":"https:\/\/univet.hu\/hu\/wp-json\/wp\/v2\/pages\/861"}],"wp:attachment":[{"href":"https:\/\/univet.hu\/hu\/wp-json\/wp\/v2\/media?parent=3298"}],"wp:term":[{"taxonomy":"category","embeddable":true,"href":"https:\/\/univet.hu\/hu\/wp-json\/wp\/v2\/categories?post=3298"},{"taxonomy":"post_tag","embeddable":true,"href":"https:\/\/univet.hu\/hu\/wp-json\/wp\/v2\/tags?post=3298"}],"curies":[{"name":"wp","href":"https:\/\/api.w.org\/{rel}","templated":true}]}}