{"id":3304,"date":"2017-09-06T09:17:00","date_gmt":"2017-09-06T07:17:00","guid":{"rendered":"http:\/\/univet.hu\/egyetem\/szervezeti-egysegek\/belgyogyaszati-tanszek-es-klinika\/"},"modified":"2026-02-10T03:45:32","modified_gmt":"2026-02-10T02:45:32","slug":"belgyogyaszati-tanszek-es-klinika","status":"publish","type":"page","link":"https:\/\/univet.hu\/hu\/egyetem\/szervezeti-egysegek\/belgyogyaszati-tanszek-es-klinika\/","title":{"rendered":"Belgy\u00f3gy\u00e1szati Tansz\u00e9k"},"content":{"rendered":"<h2>Az egys\u00e9g t\u00f6rt\u00e9nete<\/h2> <div> <p>Az \u00e1llatorvosi belgy\u00f3gy\u00e1szat els\u0151 el\u0151ad\u00e1sait Zlam\u00e1l Vilmos (1803-1886) tartotta 1852-ben. Belgy\u00f3gy\u00e1szati tansz\u00e9k megalap\u00edt\u00e1s\u00e1ra azonban csak \u00e9vtizedekkel k\u00e9s\u0151bb ker\u00fclt sor Azary \u00c1kos (tszv. 1881-1888) vezet\u00e9s\u00e9vel, akinek korai hal\u00e1la ut\u00e1n a tansz\u00e9k \u00e9l\u00e9n Hutyra Ferenc (tszv. 1888-1900) fejtett ki a belgy\u00f3gy\u00e1szat m\u0171vel\u00e9se \u00e9s oktat\u00e1sa ter\u00e9n hervadhatatlan \u00e9rdemeket.<\/p> <p>A jelenlegi szervezetben m\u0171k\u00f6d\u0151 Belgy\u00f3gy\u00e1szati Tansz\u00e9k \u00e9s Klinika 1901-ben alakult meg, Marek J\u00f3zsef (tszv, 1901-1935) ir\u00e1ny\u00edt\u00e1s\u00e1val. Marek a szervek betegs\u00e9geir\u0151l sz\u00f3l\u00f3 ismeretek kidolgoz\u00e1s\u00e1val \u00e9s az \u00e1llatorvosi diagnosztika fejleszt\u00e9s\u00e9vel, \u00faj tudom\u00e1nyszakok alapjait teremtette meg az egyetemes \u00e1llatorvos-tudom\u00e1ny ter\u00fclet\u00e9n.<\/p> <p>A Hutyr\u00e1val k\u00f6z\u00f6sen alkotott &#8222;H\u00e1zi\u00e1llatok belgy\u00f3gy\u00e1szata \u00e9s ter\u00e1pi\u00e1ja&#8221; c\u00edm\u0171, el\u0151sz\u00f6r 1905-ben megjelent, majd a k\u00e9s\u0151bbiekben tansz\u00e9ki ut\u00f3daik Manninger Rezs\u0151 \u00e9s M\u00f3csy J\u00e1nos \u00e1ltal tov\u00e1bb fejlesztett k\u00f6nyv m\u00e9g tov\u00e1bbi 10 kiad\u00e1st \u00e9lt meg n\u00e9met nyelven, \u00e9s a vil\u00e1g minden r\u00e9sz\u00e9n m\u00e9g 10 nyelven jelent meg, \u00e9s v\u00e1lt a maga kor\u00e1ban az \u00e1llatorvos-tudom\u00e1ny standard k\u00e9zik\u00f6nyv\u00e9v\u00e9. M\u00f3csy J\u00e1nos (tszv. 1935-1961), mint Marek munkat\u00e1rsa \u00e9s munk\u00e1ss\u00e1g\u00e1nak m\u00e9lt\u00f3 folytat\u00f3ja, kutat\u00f3 \u00e9s szakirodalmi tev\u00e9kenys\u00e9g\u00e9vel nemzetk\u00f6zi elismerts\u00e9get szerzett.<\/p> <p>Horv\u00e1th Zolt\u00e1n (tszv. 1961-1983) sz\u00e1mos tan-\u00e9s k\u00e9zik\u00f6nyv szerz\u0151je, korszer\u0171 diagnosztikai \u00e9s ter\u00e1pi\u00e1s m\u00f3dszereket vezetett be az oktat\u00e1sba \u00e9s a kutat\u00e1sba.<\/p> <p>Karsai Ferenc (tszv, 1984-1991) a k\u00f3r\u00e9lettan oktat\u00e1s\u00e1nak \u00e9s m\u0171vel\u00e9s\u00e9nek megteremt\u0151je volt a tansz\u00e9k keretein bel\u00fcl. A belgy\u00f3gy\u00e1szat \u00e1llatfajok szerinti oktat\u00e1s\u00e1ra az els\u0151 l\u00e9p\u00e9seket tette. Munk\u00e1ss\u00e1ga alatt, majd a jelenlegi tansz\u00e9kvezet\u0151,<\/p> <p>V\u00f6r\u00f6s K\u00e1roly (tszv. 1991-2017 j\u00fan. 30.) ir\u00e1ny\u00edt\u00e1s\u00e1val a tansz\u00e9ken sz\u00e1mos l\u00e9p\u00e9s t\u00f6rt\u00e9nt a klinikai oktat\u00e1s korszer\u0171s\u00edt\u00e9s\u00e9re, az oktat\u00e1s alapj\u00e1ul szolg\u00e1l\u00f3 betegell\u00e1t\u00e1s fejleszt\u00e9s\u00e9re, els\u0151sorban a modern diagnosztikai elj\u00e1r\u00e1sok bevezet\u00e9s\u00e9vel, valamint az alap- \u00e9s az alkalmazott klinikai kutat\u00e1sok elm\u00e9ly\u00edt\u00e9s\u00e9re.<\/p> <p>Manczur Ferenc (tszv. 2017-2024)<\/p> <\/div> <p>Ps\u00e1der Roland (tszv. 2024-)<\/p>","protected":false},"excerpt":{"rendered":"<p>Az egys\u00e9g t\u00f6rt\u00e9nete Az \u00e1llatorvosi belgy\u00f3gy\u00e1szat els\u0151 el\u0151ad\u00e1sait Zlam\u00e1l Vilmos (1803-1886) tartotta 1852-ben. Belgy\u00f3gy\u00e1szati tansz\u00e9k megalap\u00edt\u00e1s\u00e1ra azonban csak \u00e9vtizedekkel k\u00e9s\u0151bb ker\u00fclt sor Azary \u00c1kos (tszv. 1881-1888) vezet\u00e9s\u00e9vel, akinek korai hal\u00e1la ut\u00e1n a tansz\u00e9k \u00e9l\u00e9n Hutyra Ferenc (tszv. 1888-1900) fejtett ki a belgy\u00f3gy\u00e1szat m\u0171vel\u00e9se \u00e9s oktat\u00e1sa ter\u00e9n hervadhatatlan \u00e9rdemeket. A jelenlegi szervezetben m\u0171k\u00f6d\u0151 Belgy\u00f3gy\u00e1szati Tansz\u00e9k \u00e9s<\/p>\n","protected":false},"author":3837,"featured_media":0,"parent":861,"menu_order":178,"comment_status":"closed","ping_status":"closed","template":"","meta":{"_acf_changed":false,"footnotes":""},"categories":[58],"tags":[],"class_list":["post-3304","page","type-page","status-publish","hentry","category-szervezeti-egysegek"],"acf":[],"_links":{"self":[{"href":"https:\/\/univet.hu\/hu\/wp-json\/wp\/v2\/pages\/3304","targetHints":{"allow":["GET"]}}],"collection":[{"href":"https:\/\/univet.hu\/hu\/wp-json\/wp\/v2\/pages"}],"about":[{"href":"https:\/\/univet.hu\/hu\/wp-json\/wp\/v2\/types\/page"}],"author":[{"embeddable":true,"href":"https:\/\/univet.hu\/hu\/wp-json\/wp\/v2\/users\/3837"}],"replies":[{"embeddable":true,"href":"https:\/\/univet.hu\/hu\/wp-json\/wp\/v2\/comments?post=3304"}],"version-history":[{"count":4,"href":"https:\/\/univet.hu\/hu\/wp-json\/wp\/v2\/pages\/3304\/revisions"}],"predecessor-version":[{"id":199076,"href":"https:\/\/univet.hu\/hu\/wp-json\/wp\/v2\/pages\/3304\/revisions\/199076"}],"up":[{"embeddable":true,"href":"https:\/\/univet.hu\/hu\/wp-json\/wp\/v2\/pages\/861"}],"wp:attachment":[{"href":"https:\/\/univet.hu\/hu\/wp-json\/wp\/v2\/media?parent=3304"}],"wp:term":[{"taxonomy":"category","embeddable":true,"href":"https:\/\/univet.hu\/hu\/wp-json\/wp\/v2\/categories?post=3304"},{"taxonomy":"post_tag","embeddable":true,"href":"https:\/\/univet.hu\/hu\/wp-json\/wp\/v2\/tags?post=3304"}],"curies":[{"name":"wp","href":"https:\/\/api.w.org\/{rel}","templated":true}]}}