{"id":3310,"date":"2018-04-04T12:28:00","date_gmt":"2018-04-04T10:28:00","guid":{"rendered":"http:\/\/univet.hu\/egyetem\/szervezeti-egysegek\/biologiai-intezet\/"},"modified":"2026-02-10T03:45:33","modified_gmt":"2026-02-10T02:45:33","slug":"biologiai-intezet","status":"publish","type":"page","link":"https:\/\/univet.hu\/hu\/egyetem\/szervezeti-egysegek\/biologiai-intezet\/","title":{"rendered":"Biol\u00f3giai Int\u00e9zet"},"content":{"rendered":"<h2>Bemutatkoz\u00e1s<\/h2> <div> <p>A Biol\u00f3giai Int\u00e9zet, illetve annak Zool\u00f3giai Tansz\u00e9ke az egyetemi biol\u00f3gusk\u00e9pz\u00e9s k\u00f6zpontja; a biol\u00f3gus \u00e9s zool\u00f3gus tant\u00e1rgyak\u00a0j\u00f3 r\u00e9sz\u00e9t az int\u00e9zet\/tansz\u00e9k munkat\u00e1rsai oktatj\u00e1k. A biol\u00f3gusk\u00e9pz\u00e9s \u00e9s azon bel\u00fcl az Zool\u00f3giai Tansz\u00e9k tant\u00e1rgyair\u00f3l egy teljesk\u00f6r\u0171\u00a0le\u00edr\u00e1sa let\u00f6lthet\u0151 <a href=\"https:\/\/univet.hu\/wp-content\/uploads\/2018\/09\/KKK.pdf\" data-replaced=\"true\">innen<\/a>. A biol\u00f3gusk\u00e9pz\u00e9ssel kapcsolatos egy\u00e9b inform\u00e1ci\u00f3k a <a href=\"https:\/\/univet.hu\/hu\/biologia\/\" data-replaced=\"true\">https:\/\/univet.hu\/hu\/biologia\/<\/a> oldalon tal\u00e1lhat\u00f3k.<\/p> <\/div> <h2>Az egys\u00e9g t\u00f6rt\u00e9nete<\/h2> <div> <p>1993: Zool\u00f3gusk\u00e9pz\u00e9st El\u0151k\u00e9sz\u00edt\u0151 Bizotts\u00e1g megalakul\u00e1sa (titk\u00e1r: Dr. \u00c9li\u00e1s B\u00e9la)<br \/> 1994: Zool\u00f3giai K\u00f6zpont l\u00e9trehoz\u00e1sa (igazgat\u00f3: Dr. \u00c9li\u00e1s B\u00e9la)<br \/> 1997: a K\u00f6zpont Int\u00e9zett\u00e9 alakul\u00e1s: a Zool\u00f3giai Int\u00e9zet igazgat\u00f3ja Dr. \u00c9li\u00e1s B\u00e9la)<br \/> 1997: az \u00d6kol\u00f3giai Tansz\u00e9k megalap\u00edt\u00e1sa (tansz\u00e9kvezet\u0151: dr. Hornung Erzs\u00e9bet)<br \/> 1999: 5 \u00e9ves k\u00e9pz\u00e9s, 3 szakir\u00e1ny (K\u00eds\u00e9rletes zool\u00f3gia, Term\u00e9szetv\u00e9delmi \u00f6kol\u00f3gia, \u00c1llatkerti zool\u00f3gia \u00e9s vadbiol\u00f3gia)<br \/> 2006-ban elindult a &#8222;bolognai rendszer\u0171&#8221;, 3+2-\u00e9ves, biol\u00f3gia BSc , majd 2009-ben a biol\u00f3gus MSc k\u00e9pz\u00e9s.<br \/> 2023-ban az \u00d6kol\u00f3giai Tansz\u00e9k neve Zool\u00f3giai Tansz\u00e9kre v\u00e1ltozott, majd a biol\u00f3gia BSc-t felv\u00e1ltva elindult az angol nyelv\u0171 Kutat\u00f3zool\u00f3gus t\u00edzf\u00e9l\u00e9ves mesterk\u00e9pz\u00e9s.<\/p> <\/div>","protected":false},"excerpt":{"rendered":"<p>Bemutatkoz\u00e1s A Biol\u00f3giai Int\u00e9zet, illetve annak Zool\u00f3giai Tansz\u00e9ke az egyetemi biol\u00f3gusk\u00e9pz\u00e9s k\u00f6zpontja; a biol\u00f3gus \u00e9s zool\u00f3gus tant\u00e1rgyak\u00a0j\u00f3 r\u00e9sz\u00e9t az int\u00e9zet\/tansz\u00e9k munkat\u00e1rsai oktatj\u00e1k. A biol\u00f3gusk\u00e9pz\u00e9s \u00e9s azon bel\u00fcl az Zool\u00f3giai Tansz\u00e9k tant\u00e1rgyair\u00f3l egy teljesk\u00f6r\u0171\u00a0le\u00edr\u00e1sa let\u00f6lthet\u0151 innen. A biol\u00f3gusk\u00e9pz\u00e9ssel kapcsolatos egy\u00e9b inform\u00e1ci\u00f3k a https:\/\/univet.hu\/hu\/biologia\/ oldalon tal\u00e1lhat\u00f3k. Az egys\u00e9g t\u00f6rt\u00e9nete 1993: Zool\u00f3gusk\u00e9pz\u00e9st El\u0151k\u00e9sz\u00edt\u0151 Bizotts\u00e1g megalakul\u00e1sa (titk\u00e1r: Dr. \u00c9li\u00e1s<\/p>\n","protected":false},"author":3837,"featured_media":0,"parent":861,"menu_order":178,"comment_status":"closed","ping_status":"closed","template":"","meta":{"_acf_changed":false,"footnotes":""},"categories":[58],"tags":[],"class_list":["post-3310","page","type-page","status-publish","hentry","category-szervezeti-egysegek"],"acf":[],"_links":{"self":[{"href":"https:\/\/univet.hu\/hu\/wp-json\/wp\/v2\/pages\/3310","targetHints":{"allow":["GET"]}}],"collection":[{"href":"https:\/\/univet.hu\/hu\/wp-json\/wp\/v2\/pages"}],"about":[{"href":"https:\/\/univet.hu\/hu\/wp-json\/wp\/v2\/types\/page"}],"author":[{"embeddable":true,"href":"https:\/\/univet.hu\/hu\/wp-json\/wp\/v2\/users\/3837"}],"replies":[{"embeddable":true,"href":"https:\/\/univet.hu\/hu\/wp-json\/wp\/v2\/comments?post=3310"}],"version-history":[{"count":2,"href":"https:\/\/univet.hu\/hu\/wp-json\/wp\/v2\/pages\/3310\/revisions"}],"predecessor-version":[{"id":199077,"href":"https:\/\/univet.hu\/hu\/wp-json\/wp\/v2\/pages\/3310\/revisions\/199077"}],"up":[{"embeddable":true,"href":"https:\/\/univet.hu\/hu\/wp-json\/wp\/v2\/pages\/861"}],"wp:attachment":[{"href":"https:\/\/univet.hu\/hu\/wp-json\/wp\/v2\/media?parent=3310"}],"wp:term":[{"taxonomy":"category","embeddable":true,"href":"https:\/\/univet.hu\/hu\/wp-json\/wp\/v2\/categories?post=3310"},{"taxonomy":"post_tag","embeddable":true,"href":"https:\/\/univet.hu\/hu\/wp-json\/wp\/v2\/tags?post=3310"}],"curies":[{"name":"wp","href":"https:\/\/api.w.org\/{rel}","templated":true}]}}