{"id":3316,"date":"2017-03-22T12:26:00","date_gmt":"2017-03-22T11:26:00","guid":{"rendered":"http:\/\/univet.hu\/egyetem\/szervezeti-egysegek\/egzotikusallat-es-vadegeszsegugyi-tanszek\/"},"modified":"2026-04-04T18:52:05","modified_gmt":"2026-04-04T16:52:05","slug":"egzotikusallat-es-vadegeszsegugyi-tanszek","status":"publish","type":"page","link":"https:\/\/univet.hu\/hu\/egyetem\/szervezeti-egysegek\/egzotikusallat-es-vadegeszsegugyi-tanszek\/","title":{"rendered":"Egzotikus\u00e1llat-, Vad-, Hal- \u00e9s M\u00e9heg\u00e9szs\u00e9g\u00fcgyi Tansz\u00e9k"},"content":{"rendered":"<p>Tisztelt Tulajdonosok!<\/p> <p>A hossz\u00fa h\u00e9tv\u00e9g\u00e9n nyitvatart\u00e1sunk az al\u00e1bbiak szerint alakul:<\/p> <p>2026.04.03 \u00e9s 04.06 k\u00f6z\u00f6tt Z\u00c1RVA tartunk, nincs rendel\u00e9s.<\/p> <p>Az els\u0151 megszokott rend szerinti rendel\u00e9si nap 2026.04.07-\u00e9n kedden lesz.<\/p> <p>Szeretn\u00e9nk felh\u00edvni a figyelmet, hogy a rendel\u00e9si id\u0151n k\u00edv\u00fcl telefonon sem lesz\u00fcnk el\u00e9rhet\u0151ek.<\/p> <p>2026.04.01.<\/p> <p>&nbsp;<\/p> <p>&nbsp;<\/p> <p>Tisztelt Tulajdonosok!<\/p> <p>Felh\u00edvjuk sz\u00edves figyelm\u00fcket, hogy az <span data-olk-copy-source=\"MessageBody\">Egzotikus\u00e1llat-, Vad-, Hal- \u00e9s M\u00e9heg\u00e9szs\u00e9g\u00fcgyi Tansz\u00e9k<\/span> klinik\u00e1ja 2025. m\u00e1rcius 31-t\u0151l a Campus B \u00e9p\u00fclet\u00e9ben tal\u00e1lhat\u00f3 meg, a fel\u00faj\u00edtott rendel\u0151ben. A v\u00e1r\u00f3terem bej\u00e1rata egy kis l\u00e9pcs\u0151n k\u00f6zel\u00edthet\u0151 meg. K\u00e9rj\u00fck, hogy minden l\u00e1togat\u00e1s alkalm\u00e1val el\u0151sz\u00f6r az \u00e1bra szerint a betegir\u00e1ny\u00edt\u00f3n\u00e1l jelentkezzek be, \u00e9s ut\u00e1na foglaljanak helyet a v\u00e1r\u00f3teremben.<\/p> <p>Budapest, 2025.03.29.<\/p> <p>&nbsp;<\/p> <figure id=\"attachment_177870\" aria-describedby=\"caption-attachment-177870\" style=\"width: 800px\" class=\"wp-caption aligncenter\"><img loading=\"lazy\" decoding=\"async\" class=\"size-full wp-image-177870\" src=\"https:\/\/univet.hu\/wp-content\/uploads\/2025\/03\/Termek_ed.jpg\" alt=\"\" width=\"800\" height=\"800\" srcset=\"https:\/\/univet.hu\/wp-content\/uploads\/2025\/03\/Termek_ed.jpg 800w, https:\/\/univet.hu\/wp-content\/uploads\/2025\/03\/Termek_ed-320x320.jpg 320w, https:\/\/univet.hu\/wp-content\/uploads\/2025\/03\/Termek_ed-768x768.jpg 768w, https:\/\/univet.hu\/wp-content\/uploads\/2025\/03\/Termek_ed-640x640.jpg 640w\" sizes=\"auto, (max-width: 800px) 100vw, 800px\" \/><figcaption id=\"caption-attachment-177870\" class=\"wp-caption-text\">A k\u00e9pen jel\u00f6lve a klinika v\u00e1r\u00f3terme<\/figcaption><\/figure> <p>&nbsp;<\/p> <p>Kedves Gazdik \/ \u00c1llattulajdonosok!<\/p> <p>Az <span data-olk-copy-source=\"MessageBody\">Egzotikus\u00e1llat-, Vad-, Hal- \u00e9s M\u00e9heg\u00e9szs\u00e9g\u00fcgyi Tansz\u00e9k<\/span> klinik\u00e1j\u00e1n az ambul\u00e1ns betegell\u00e1t\u00e1s id\u0151pontos el\u0151jegyz\u00e9s alapj\u00e1n zajlik h\u00e9tk\u00f6znap 8 \u00e9s 16 \u00f3ra k\u00f6z\u00f6tt. Az id\u0151pont k\u00e9r\u00e9st\u0151l csak s\u00fcrg\u0151ss\u00e9gi esetekben tudunk eltekinteni. Amennyiben \u00e1llata s\u00fcrg\u0151s ell\u00e1t\u00e1sra szorul, a g\u00f6rd\u00fcl\u00e9kenyebb ell\u00e1t\u00e1s \u00e9rdek\u00e9ben k\u00e9rj\u00fck indul\u00e1s el\u0151tt telefon\u00e1ljon. Az id\u0151pontra \u00e9rkez\u0151 betegeket k\u00e9rj\u00fck, minden esetben jelentkezzenek be a betegir\u00e1ny\u00edt\u00f3n\u00e1l. Id\u0151pont egyeztet\u00e9s a 0614784100-\u00e1s telefonsz\u00e1mon, a 8927-es mell\u00e9ken lehets\u00e9ges.<\/p> <p>A kezel\u00e9sek \u00e1r\u00e1r\u00f3l a telefonos id\u0151pont egyeztet\u00e9s alkalm\u00e1val tudunk felvil\u00e1gos\u00edt\u00e1ssal szolg\u00e1lni a rendk\u00edv\u00fcl soksz\u00edn\u0171 szolg\u00e1ltat\u00e1si palett\u00e1b\u00f3l ad\u00f3d\u00f3an.<\/p> <p>Teljes k\u00f6r\u0171 \u00e9s alapos fizik\u00e1lis vizsg\u00e1lat mellett labordiagnosztikai vizsg\u00e1latok (v\u00e9rvizsg\u00e1lat, vizeletvizsg\u00e1lat stb.) valamint fejlett m\u0171szerparkunk (digit\u00e1lis r\u00f6ntgen, endoszk\u00f3p stb.) seg\u00edtenek a gyors \u00e9s pontos diagn\u00f3zis fel\u00e1ll\u00edt\u00e1s\u00e1ban. A kis\u00e1llat klinika radiol\u00f3giai \u00e9s m\u0171szeres diagnosztikai egys\u00e9g\u00e9n az egzotikus \u00e1llatok vizsg\u00e1lat\u00e1ban j\u00e1rtas szakemberek v\u00e9geznek ultrahang, illetve CT vizsg\u00e1latot el\u0151zetes id\u0151pontos egyeztet\u00e9s alapj\u00e1n.<\/p> <p>A mikrobiol\u00f3giai vizsg\u00e1latok (b\u00e9ls\u00e1rvizsg\u00e1lat, b\u0151rkapar\u00e9k, v\u00e1lad\u00e9k minta stb.) elk\u00e9sz\u00fcl\u00e9si ideje a k\u00e9rt vizsg\u00e1latt\u00f3l \u00e9s a k\u00f3rokoz\u00f3t\u00f3l f\u00fcgg\u0151en 1-14 nap. A vizsg\u00e1latok eredm\u00e9nyeit ig\u00e9ny szerint szem\u00e9lyesen, e-mailben vagy telefonon a 8927-es mell\u00e9ken k\u00f6z\u00f6lj\u00fck.<\/p> <p>Kritikus \u00e1llapotban l\u00e9v\u0151 illetve intenz\u00edv ell\u00e1t\u00e1sra szorul\u00f3 p\u00e1cienseink sz\u00e1m\u00e1ra elh\u00faz\u00f3d\u00f3 klinikai fel\u00fclgyeletet tudunk biztos\u00edtani. A kezel\u00e9sekr\u0151l, illetve az \u00e1llat \u00e1llapot\u00e1r\u00f3l minden esetben ambul\u00e1ns k\u00f3rlapot vezet\u00fcnk.<\/p> <p>Az ambul\u00e1ns betegell\u00e1t\u00e1s mellett l\u00e1gyszervi \u00e9s ortop\u00e9diai beavatkoz\u00e1sokat m\u0171t\u00e9ti ell\u00e1t\u00e1s keret\u00e9ben v\u00e9gz\u00fcnk. Tervezhet\u0151 m\u0171t\u00e9ti beavatkoz\u00e1shoz minden esetben id\u0151pont egyeztet\u00e9s sz\u00fcks\u00e9ges.<\/p> <p>Refer\u00e1lt betegek illetve m\u00e1sodv\u00e9lem\u00e9ny\u00e9rt \u00e9rkez\u0151 tulajdonosok eset\u00e9ben k\u00e9rj\u00fck a kor\u00e1bbi k\u00f3rlapokat, vizsg\u00e1lati eredm\u00e9nyeket hozz\u00e1k magukkal.<\/p> <p>&nbsp;<\/p> <table> <tbody> <tr> <td style=\"width: 380px\"> <p>Klinikai mell\u00e9k: 8927<\/p> <p>Nyitvatart\u00e1si id\u0151:<\/p> <p><strong>H\u00e9tf\u0151 &#8211; P\u00e9ntek: 8:00-16:00 \u00f3ra<\/strong><\/p> <p><strong>A vizsg\u00e1latokhoz id\u0151pont egyeztet\u00e9s sz\u00fcks\u00e9ges <\/strong><\/p> <p>Id\u0151pontk\u00e9r\u00e9s: 8927\u2013es mell\u00e9ken<\/td> <\/tr> <\/tbody> <\/table> <p>Budapest,2019. febru\u00e1r 27.<\/p> <p>&nbsp;<\/p> <p><strong>Klinikai rendel\u00e9si rend:<\/strong><\/p> <p>H\u00e9tf\u0151t\u0151l P\u00e9ntekig: 8:00-16:00<\/p> <p>Szombat-Vas\u00e1rnap: Nincs rendel\u00e9s<\/p> <p>Az adott napon rendel\u0151 orvosok beoszt\u00e1sa\/munkaideje v\u00e1ltozhat, k\u00e9rj\u00fck mindenk\u00e9pp \u00e9rdekl\u0151djenek a lehets\u00e9ges id\u0151pontokr\u00f3l telefonon!<\/p> <table class=\"aligncenter\" style=\"height: 195px;width: 130.985%\" width=\"130.985%\"> <tbody> <tr style=\"height: 49px\"> <td style=\"width: 253.891px;height: 49px;text-align: center\">H\u00e9tf\u0151<\/td> <td style=\"width: 253.844px;height: 49px;text-align: center\">Kedd<\/td> <td style=\"width: 253.969px;height: 49px;text-align: center\">Szerda<\/td> <td style=\"width: 254.172px;height: 49px;text-align: center\">Cs\u00fct\u00f6rt\u00f6k<\/td> <td style=\"width: 254.094px;height: 49px;text-align: center\">P\u00e9ntek<\/td> <\/tr> <tr style=\"height: 49px\"> <td style=\"width: 253.891px;height: 49px\">Dr. Csat\u00e1ri D\u00f3ra<\/td> <td style=\"width: 253.844px;height: 49px\">Dr. Papp Antal<\/td> <td style=\"width: 253.969px;height: 49px\">Dr. Csat\u00e1ri D\u00f3ra<\/td> <td style=\"width: 254.172px;height: 49px\">Dr. Ziszisz \u00c1risz<\/td> <td style=\"width: 254.094px;height: 49px\">Dr. Csat\u00e1ri D\u00f3ra<\/td> <\/tr> <tr style=\"height: 49px\"> <td style=\"width: 253.891px;height: 49px\">Dr. S\u00e1ndor Bal\u00e1zs<\/td> <td style=\"width: 253.844px;height: 49px\">Dr. Ziszisz \u00c1risz<\/td> <td style=\"width: 253.969px;height: 49px\">Dr. S\u00e1ndor Bal\u00e1zs<\/td> <td style=\"width: 254.172px;height: 49px\">Dr. S\u00e1ndor Bal\u00e1zs<\/td> <td style=\"width: 254.094px;height: 49px\">Dr. S\u00e1ndor Bal\u00e1zs<\/td> <\/tr> <tr style=\"height: 48px\"> <td style=\"width: 253.891px;height: 48px\"><\/td> <td style=\"width: 253.844px;height: 48px\">Dr. S\u00e1ndor Bal\u00e1zs<\/td> <td style=\"width: 253.969px;height: 48px\"><\/td> <td style=\"width: 254.172px;height: 48px\">Dr. N\u00f3gr\u00e1di Anna Linda<\/td> <td style=\"width: 254.094px;height: 48px\"><\/td> <\/tr> <tr> <td style=\"width: 253.891px\"><\/td> <td style=\"width: 253.844px\">Dr. N\u00f3gr\u00e1di Anna Linda<\/td> <td style=\"width: 253.969px\"><\/td> <td style=\"width: 254.172px\"><\/td> <td style=\"width: 254.094px\"><\/td> <\/tr> <\/tbody> <\/table> <p>&nbsp;<\/p> <div> <p>&nbsp;<\/p> <p><strong>Fogad\u00f3\u00f3r\u00e1k:<\/strong><\/p> <\/div> <p>&nbsp;<\/p> <p><img loading=\"lazy\" decoding=\"async\" class=\"aligncenter wp-image-181758 size-full\" src=\"https:\/\/univet.hu\/wp-content\/uploads\/2025\/05\/Kepernyokep-2025-05-05-233702.jpg\" alt=\"\" width=\"1327\" height=\"831\" srcset=\"https:\/\/univet.hu\/wp-content\/uploads\/2025\/05\/Kepernyokep-2025-05-05-233702.jpg 1327w, https:\/\/univet.hu\/wp-content\/uploads\/2025\/05\/Kepernyokep-2025-05-05-233702-320x200.jpg 320w, https:\/\/univet.hu\/wp-content\/uploads\/2025\/05\/Kepernyokep-2025-05-05-233702-960x601.jpg 960w, https:\/\/univet.hu\/wp-content\/uploads\/2025\/05\/Kepernyokep-2025-05-05-233702-768x481.jpg 768w\" sizes=\"auto, (max-width: 1327px) 100vw, 1327px\" \/><\/p> <p><span style=\"font-size: 14pt\"><strong>Panaszkezel\u00e9s:<\/strong><\/span><\/p> <p>Oktat\u00e1si panaszkezel\u00e9ssel kapcsolatban keresse tant\u00e1rgyi el\u0151ad\u00f3j\u00e1t vagy Dr. G\u00e1l J\u00e1nos tansz\u00e9kvezet\u0151t (<a class=\"decrypt\" rel=\"hbm\/kboptAvojwfu\/iv\" href=\"javascript:void(0);\">[Kattintson az emailc\u00edmhez]<\/a>).<\/p> <p>Klinikai panaszkezel\u00e9ssel kapcsolatban keresse Dr. G\u00e1l J\u00e1nos tansz\u00e9kvezet\u0151t (<a class=\"decrypt\" rel=\"hbm\/kboptAvojwfu\/iv\" href=\"javascript:void(0);\">[Kattintson az emailc\u00edmhez]<\/a>).<\/p>","protected":false},"excerpt":{"rendered":"<p>Tisztelt Tulajdonosok! A hossz\u00fa h\u00e9tv\u00e9g\u00e9n nyitvatart\u00e1sunk az al\u00e1bbiak szerint alakul: 2026.04.03 \u00e9s 04.06 k\u00f6z\u00f6tt Z\u00c1RVA tartunk, nincs rendel\u00e9s. Az els\u0151 megszokott rend szerinti rendel\u00e9si nap 2026.04.07-\u00e9n kedden lesz. Szeretn\u00e9nk felh\u00edvni a figyelmet, hogy a rendel\u00e9si id\u0151n k\u00edv\u00fcl telefonon sem lesz\u00fcnk el\u00e9rhet\u0151ek. 2026.04.01. &nbsp; &nbsp; Tisztelt Tulajdonosok! Felh\u00edvjuk sz\u00edves figyelm\u00fcket, hogy az Egzotikus\u00e1llat-, Vad-, Hal- \u00e9s<\/p>\n","protected":false},"author":3837,"featured_media":172578,"parent":861,"menu_order":178,"comment_status":"closed","ping_status":"closed","template":"page-templates\/page-clinic.php","meta":{"_acf_changed":false,"footnotes":""},"categories":[58],"tags":[],"class_list":["post-3316","page","type-page","status-publish","has-post-thumbnail","hentry","category-szervezeti-egysegek"],"acf":[],"_links":{"self":[{"href":"https:\/\/univet.hu\/hu\/wp-json\/wp\/v2\/pages\/3316","targetHints":{"allow":["GET"]}}],"collection":[{"href":"https:\/\/univet.hu\/hu\/wp-json\/wp\/v2\/pages"}],"about":[{"href":"https:\/\/univet.hu\/hu\/wp-json\/wp\/v2\/types\/page"}],"author":[{"embeddable":true,"href":"https:\/\/univet.hu\/hu\/wp-json\/wp\/v2\/users\/3837"}],"replies":[{"embeddable":true,"href":"https:\/\/univet.hu\/hu\/wp-json\/wp\/v2\/comments?post=3316"}],"version-history":[{"count":5,"href":"https:\/\/univet.hu\/hu\/wp-json\/wp\/v2\/pages\/3316\/revisions"}],"predecessor-version":[{"id":204791,"href":"https:\/\/univet.hu\/hu\/wp-json\/wp\/v2\/pages\/3316\/revisions\/204791"}],"up":[{"embeddable":true,"href":"https:\/\/univet.hu\/hu\/wp-json\/wp\/v2\/pages\/861"}],"wp:featuredmedia":[{"embeddable":true,"href":"https:\/\/univet.hu\/hu\/wp-json\/wp\/v2\/media\/172578"}],"wp:attachment":[{"href":"https:\/\/univet.hu\/hu\/wp-json\/wp\/v2\/media?parent=3316"}],"wp:term":[{"taxonomy":"category","embeddable":true,"href":"https:\/\/univet.hu\/hu\/wp-json\/wp\/v2\/categories?post=3316"},{"taxonomy":"post_tag","embeddable":true,"href":"https:\/\/univet.hu\/hu\/wp-json\/wp\/v2\/tags?post=3316"}],"curies":[{"name":"wp","href":"https:\/\/api.w.org\/{rel}","templated":true}]}}