{"id":33286,"date":"2019-02-06T11:32:44","date_gmt":"2019-02-06T10:32:44","guid":{"rendered":"https:\/\/univet.hu\/?page_id=33286"},"modified":"2025-03-04T13:56:08","modified_gmt":"2025-03-04T12:56:08","slug":"kornyezeti-mikrobiologia","status":"publish","type":"page","link":"https:\/\/univet.hu\/hu\/oktatas\/kurzusok\/kornyezeti-mikrobiologia\/","title":{"rendered":"K\u00f6rnyezeti mikrobiol\u00f3gia"},"content":{"rendered":"<p><strong>A tant\u00e1rgy c\u00e9lja<\/strong><\/p> <p>A tant\u00e1rgy c\u00e9lja a k\u00f6rnyezetben (talaj, v\u00edz, leveg\u0151) \u00e9l\u0151 mikroorganizmusok \u00f6sszet\u00e9tel\u00e9nek, \u00e9lettan\u00e1nak, egym\u00e1sra \u00e9s k\u00f6rnyezetre gyakorolt k\u00f6lcs\u00f6nhat\u00e1sainak megismertet\u00e9se.<\/p> <p>Ezen bel\u00fcl: mikroorganizmusok szaporod\u00e1s\u00e1t \u00e9s pusztul\u00e1s\u00e1t befoly\u00e1sol\u00f3 k\u00f6rnyezeti t\u00e9nyez\u0151k, a mikroorganizmusok egym\u00e1sra, valamint a n\u00f6v\u00e9ny \u00e9s \u00e1llatvil\u00e1gra gyakorolt k\u00f6lcs\u00f6nhat\u00e1sai, a biodegrad\u00e1ci\u00f3 alapjai, bioreaktorok, biotechnol\u00f3gia.\u00a0 A\u00a0 mikrob\u00e1k szerepe a glob\u00e1lis elemi k\u00f6rforg\u00e1sban (sz\u00e9n, nitrog\u00e9n, foszfor, stb). \u00c9lelmiszerrel \u00e9s v\u00edzzel terjed\u0151 patog\u00e9n mikrob\u00e1k. Telep\u00fcl\u00e9sek mikrobiol\u00f3gi\u00e1ja. Bioterrorizmus.<\/p> <p>&nbsp;<\/p> <p><strong>Sz\u00fcks\u00e9ges el\u0151tanulm\u00e1ny<\/strong><\/p> <p>&#8211;<\/p> <p>&nbsp;<\/p> <p><strong>Felel\u0151s tan\u00e1r<\/strong><\/p> <p>Dr. Bitts\u00e1nszky Andr\u00e1s<\/p> <p>&nbsp;<\/p> <p><strong>A tant\u00e1rgy oktat\u00f3i<br \/> <\/strong><\/p> <p>Bitts\u00e1nszky Andr\u00e1s, Csorba Szilveszter, Dr. Engelhardt Tekla, vend\u00e9gel\u0151ad\u00f3k<\/p>","protected":false},"excerpt":{"rendered":"<p>A tant\u00e1rgy c\u00e9lja A tant\u00e1rgy c\u00e9lja a k\u00f6rnyezetben (talaj, v\u00edz, leveg\u0151) \u00e9l\u0151 mikroorganizmusok \u00f6sszet\u00e9tel\u00e9nek, \u00e9lettan\u00e1nak, egym\u00e1sra \u00e9s k\u00f6rnyezetre gyakorolt k\u00f6lcs\u00f6nhat\u00e1sainak megismertet\u00e9se. Ezen bel\u00fcl: mikroorganizmusok szaporod\u00e1s\u00e1t \u00e9s pusztul\u00e1s\u00e1t befoly\u00e1sol\u00f3 k\u00f6rnyezeti t\u00e9nyez\u0151k, a mikroorganizmusok egym\u00e1sra, valamint a n\u00f6v\u00e9ny \u00e9s \u00e1llatvil\u00e1gra gyakorolt k\u00f6lcs\u00f6nhat\u00e1sai, a biodegrad\u00e1ci\u00f3 alapjai, bioreaktorok, biotechnol\u00f3gia.\u00a0 A\u00a0 mikrob\u00e1k szerepe a glob\u00e1lis elemi k\u00f6rforg\u00e1sban (sz\u00e9n, nitrog\u00e9n, foszfor,<\/p>\n","protected":false},"author":3837,"featured_media":0,"parent":677,"menu_order":111,"comment_status":"closed","ping_status":"closed","template":"","meta":{"_acf_changed":false,"footnotes":""},"categories":[53],"tags":[],"class_list":["post-33286","page","type-page","status-publish","hentry","category-oktatas"],"acf":[],"_links":{"self":[{"href":"https:\/\/univet.hu\/hu\/wp-json\/wp\/v2\/pages\/33286","targetHints":{"allow":["GET"]}}],"collection":[{"href":"https:\/\/univet.hu\/hu\/wp-json\/wp\/v2\/pages"}],"about":[{"href":"https:\/\/univet.hu\/hu\/wp-json\/wp\/v2\/types\/page"}],"author":[{"embeddable":true,"href":"https:\/\/univet.hu\/hu\/wp-json\/wp\/v2\/users\/3837"}],"replies":[{"embeddable":true,"href":"https:\/\/univet.hu\/hu\/wp-json\/wp\/v2\/comments?post=33286"}],"version-history":[{"count":1,"href":"https:\/\/univet.hu\/hu\/wp-json\/wp\/v2\/pages\/33286\/revisions"}],"predecessor-version":[{"id":176651,"href":"https:\/\/univet.hu\/hu\/wp-json\/wp\/v2\/pages\/33286\/revisions\/176651"}],"up":[{"embeddable":true,"href":"https:\/\/univet.hu\/hu\/wp-json\/wp\/v2\/pages\/677"}],"wp:attachment":[{"href":"https:\/\/univet.hu\/hu\/wp-json\/wp\/v2\/media?parent=33286"}],"wp:term":[{"taxonomy":"category","embeddable":true,"href":"https:\/\/univet.hu\/hu\/wp-json\/wp\/v2\/categories?post=33286"},{"taxonomy":"post_tag","embeddable":true,"href":"https:\/\/univet.hu\/hu\/wp-json\/wp\/v2\/tags?post=33286"}],"curies":[{"name":"wp","href":"https:\/\/api.w.org\/{rel}","templated":true}]}}