{"id":3337,"date":"2017-11-30T16:19:00","date_gmt":"2017-11-30T15:19:00","guid":{"rendered":"http:\/\/univet.hu\/egyetem\/szervezeti-egysegek\/hut%d3%b1ra-ferenc-konyvtar-leveltar-es-muzeum\/"},"modified":"2026-02-10T03:45:18","modified_gmt":"2026-02-10T02:45:18","slug":"hutyra-ferenc-konyvtar-leveltar-es-muzeum","status":"publish","type":"page","link":"https:\/\/univet.hu\/hu\/egyetem\/szervezeti-egysegek\/hutyra-ferenc-konyvtar-leveltar-es-muzeum\/","title":{"rendered":"Hut\u04f1ra Ferenc K\u00f6nyvt\u00e1r, Lev\u00e9lt\u00e1r \u00c9s M\u00fazeum"},"content":{"rendered":"<h2><span style=\"font-size: 16px\">A k\u00f6nyvt\u00e1r saj\u00e1t fejleszt\u00e9s\u0171 honlapja az <\/span><a style=\"font-size: 16px\" href=\"https:\/\/univet.hu\/konyvtar\/\">https:\/\/univet.hu\/konyvtar\/<\/a><span style=\"font-size: 16px\"> c\u00edmen \u00e9rhet\u0151 el.<\/span><\/h2> <div> <hr \/> <p>R\u00f6vid t\u00f6rt\u00e9net:<\/p> <p>Az \u00c1llatorvostudom\u00e1nyi\u00a0Egyetem Hut\u04f1ra Ferenc K\u00f6nyvt\u00e1r, Lev\u00e9lt\u00e1r \u00c9s M\u00fazeum\u00a0a szakter\u00fclet egyetlen nyilv\u00e1nos, tudom\u00e1nyos k\u00f6zgy\u0171jtem\u00e9nye Magyarorsz\u00e1gon. A K\u00f6nyvt\u00e1r egyid\u0151s az \u00e1llatorvosk\u00e9pz\u00e9ssel. Jeles professzorai kezdett\u0151l gy\u0171jt\u00f6tt\u00e9k \u00e9s rendszerezt\u00e9k a t\u00e9ma hazai \u00e9s k\u00fclf\u00f6ldi k\u00f6nyveit. K\u00fcl\u00f6n\u00f6s gondot ford\u00edtott a gy\u0171jtem\u00e9ny fejleszt\u00e9s\u00e9re Tolnay S\u00e1ndor, a szakrendszert kidolgoz\u00f3 N\u00e1daskay B\u00e9la \u00e9s a katal\u00f3gust \u00f6ssze\u00e1ll\u00edt\u00f3 Magyary-Kossa Gyula. E folyamatos &#8212; az ut\u00f3dok (Marek, Zimmermann, Kotl\u00e1n, hogy csak n\u00e9h\u00e1nyat eml\u00edts\u00fcnk) \u00e1ltal megbecs\u00fclt \u00e9s tov\u00e1bbvitt &#8212; munk\u00e1nak k\u00f6sz\u00f6nhet\u0151, hogy ma eur\u00f3pai rang\u00fa az \u00f6tezer k\u00f6tetes, a katal\u00f3gusban teljesen feldolgozott Magyary-Kossa Gyula Szakmat\u00f6rt\u00e9neti K\u00f6nyvgy\u0171jtem\u00e9ny. Itt t\u00f6bbek k\u00f6z\u00f6tt 16. sz\u00e1zadi ritkas\u00e1gokkal, latin \u00e9s n\u00e9met nyelv\u0171 alapm\u0171vekkel, k\u00e9ziratos jegyzetekkel \u00e9s term\u00e9szetesen a hazai \u00e1llatorvos-tudom\u00e1ny kiemelked\u0151 k\u00e9pvisel\u0151inek els\u0151 kiad\u00e1s\u00fa m\u0171veivel tal\u00e1lkozhat az \u00e9rdekl\u0151d\u0151. A t\u00e1rgyi eml\u00e9keket a modern &#8222;H&#8221; \u00e9p\u00fcletben tal\u00e1lhat\u00f3 \u00c1llatorvos-t\u00f6rt\u00e9neti Gy\u0171jtem\u00e9nyben \u0151rizz\u00fck, amely el\u0151zetes megbesz\u00e9l\u00e9s alapj\u00e1n tekinthet\u0151 meg. Itt tal\u00e1lhat\u00f3 a kar lev\u00e9lt\u00e1ra is, amelynek leg\u00e9rdekesebb darabjai 1786-t\u00f3l 1970-ig a &#8222;Dokumentumok a magyar \u00e1llatorvosi oktat\u00e1s t\u00f6rt\u00e9net\u00e9hez&#8221; c\u00edm\u0171 kiadv\u00e1nysorozat k\u00f6teteiben olvashat\u00f3k.<\/p> <p>A K\u00f6nyvt\u00e1r a sz\u00e1zad els\u0151 \u00e9veiben m\u00e1r az akkori M. Kir. \u00c1llatorvosi F\u0151iskola f\u0151\u00e9p\u00fclet\u00e9ben kapott helyet. 1983-ban j\u00f6tt el az ideje annak, hogy a h\u00edres tervez\u0151, Steindl Imre egyszer\u0171s\u00e9g\u00e9ben is reprezentat\u00edv \u00e9p\u00fclet\u00e9t &#8212; a pince \u00e9s n\u00e9h\u00e1ny helyis\u00e9g kiv\u00e9tel\u00e9vel &#8212; az \u00c1llatorvostudom\u00e1nyi Egyetem K\u00f6zponti K\u00f6nyvt\u00e1ra vegye birtok\u00e1ba. A l\u00e9pcs\u0151h\u00e1zat R\u00f3th Miksa \u00fcvegablakai (a R\u00f3th Miksa eml\u00e9kh\u00e1z honlapja) \u00e9s Kl\u00f6sz Gy\u00f6rgy (\u00e9letrajza a Budapestcity oldal\u00e1n) \u00fcvegpozit\u00edvokra k\u00e9sz\u00fclt fotogr\u00e1fi\u00e1j\u00e1nak nagy\u00edt\u00e1sai teszik \u00e9rdekess\u00e9. A hajdan volt k\u00f3rbonctani m\u00fazeum, a k\u00e9s\u0151bbi D\u00edszterem ma a k\u00f6nyvt\u00e1r olvas\u00f3terme, amelyet az egykori k\u00fcl\u00f6nleges kov\u00e1csoltvas csill\u00e1r rekonstru\u00e1lt m\u00e1sa \u00e9kes\u00edt. A patin\u00e1s k\u00f6rnyezetben 120 olvas\u00f3i hely, egy oktat\u00f3labor 10 sz\u00e1m\u00edt\u00f3g\u00e9ppel, \u00e9s tov\u00e1bbi 4 sz\u00e1m\u00edt\u00f3g\u00e9p fogadja a haszn\u00e1l\u00f3kat.<br \/> A K\u00f6nyvt\u00e1r szolg\u00e1lja az Egyetem oktat\u00f3it, kutat\u00f3it \u00e9s hallgat\u00f3it, az \u00e1llatorvosokat &#8212; legyenek mag\u00e1n\u00e1llatorvosok vagy hat\u00f3s\u00e1gi, kutat\u00e1si feladatokat ell\u00e1t\u00f3 szakemberek &#8211;, \u00e9s mindazokat, akik az \u00e1llatorvosl\u00e1shoz kapcsol\u00f3d\u00f3 inform\u00e1ci\u00f3t \u00e9s dokumentumokat ig\u00e9nyelnek. Erre k\u00f6telezi \u00e9s jogos\u00edtja a k\u00f6nyvt\u00e1rat egyetemi \u00e9s szakk\u00f6nyvt\u00e1ri min\u0151s\u00e9ge, valamint az Orsz\u00e1gos Dokumentumell\u00e1t\u00f3 Rendszerben bet\u00f6lt\u00f6tt szerepe.<\/p> <\/div>","protected":false},"excerpt":{"rendered":"<p>A k\u00f6nyvt\u00e1r saj\u00e1t fejleszt\u00e9s\u0171 honlapja az https:\/\/univet.hu\/konyvtar\/ c\u00edmen \u00e9rhet\u0151 el. R\u00f6vid t\u00f6rt\u00e9net: Az \u00c1llatorvostudom\u00e1nyi\u00a0Egyetem Hut\u04f1ra Ferenc K\u00f6nyvt\u00e1r, Lev\u00e9lt\u00e1r \u00c9s M\u00fazeum\u00a0a szakter\u00fclet egyetlen nyilv\u00e1nos, tudom\u00e1nyos k\u00f6zgy\u0171jtem\u00e9nye Magyarorsz\u00e1gon. A K\u00f6nyvt\u00e1r egyid\u0151s az \u00e1llatorvosk\u00e9pz\u00e9ssel. Jeles professzorai kezdett\u0151l gy\u0171jt\u00f6tt\u00e9k \u00e9s rendszerezt\u00e9k a t\u00e9ma hazai \u00e9s k\u00fclf\u00f6ldi k\u00f6nyveit. K\u00fcl\u00f6n\u00f6s gondot ford\u00edtott a gy\u0171jtem\u00e9ny fejleszt\u00e9s\u00e9re Tolnay S\u00e1ndor, a szakrendszert kidolgoz\u00f3 N\u00e1daskay<\/p>\n","protected":false},"author":3837,"featured_media":0,"parent":861,"menu_order":172,"comment_status":"closed","ping_status":"closed","template":"page-templates\/page-forwarder.php","meta":{"_acf_changed":false,"footnotes":""},"categories":[58],"tags":[],"class_list":["post-3337","page","type-page","status-publish","hentry","category-szervezeti-egysegek"],"acf":[],"_links":{"self":[{"href":"https:\/\/univet.hu\/hu\/wp-json\/wp\/v2\/pages\/3337","targetHints":{"allow":["GET"]}}],"collection":[{"href":"https:\/\/univet.hu\/hu\/wp-json\/wp\/v2\/pages"}],"about":[{"href":"https:\/\/univet.hu\/hu\/wp-json\/wp\/v2\/types\/page"}],"author":[{"embeddable":true,"href":"https:\/\/univet.hu\/hu\/wp-json\/wp\/v2\/users\/3837"}],"replies":[{"embeddable":true,"href":"https:\/\/univet.hu\/hu\/wp-json\/wp\/v2\/comments?post=3337"}],"version-history":[{"count":3,"href":"https:\/\/univet.hu\/hu\/wp-json\/wp\/v2\/pages\/3337\/revisions"}],"predecessor-version":[{"id":199047,"href":"https:\/\/univet.hu\/hu\/wp-json\/wp\/v2\/pages\/3337\/revisions\/199047"}],"up":[{"embeddable":true,"href":"https:\/\/univet.hu\/hu\/wp-json\/wp\/v2\/pages\/861"}],"wp:attachment":[{"href":"https:\/\/univet.hu\/hu\/wp-json\/wp\/v2\/media?parent=3337"}],"wp:term":[{"taxonomy":"category","embeddable":true,"href":"https:\/\/univet.hu\/hu\/wp-json\/wp\/v2\/categories?post=3337"},{"taxonomy":"post_tag","embeddable":true,"href":"https:\/\/univet.hu\/hu\/wp-json\/wp\/v2\/tags?post=3337"}],"curies":[{"name":"wp","href":"https:\/\/api.w.org\/{rel}","templated":true}]}}