{"id":3346,"date":"2016-02-23T05:02:00","date_gmt":"2016-02-23T04:02:00","guid":{"rendered":"http:\/\/univet.hu\/egyetem\/szervezeti-egysegek\/jarvanytani-es-mikrobiologiai-tanszek\/"},"modified":"2026-02-10T03:45:19","modified_gmt":"2026-02-10T02:45:19","slug":"jarvanytani-es-mikrobiologiai-tanszek","status":"publish","type":"page","link":"https:\/\/univet.hu\/hu\/egyetem\/szervezeti-egysegek\/jarvanytani-es-mikrobiologiai-tanszek\/","title":{"rendered":"J\u00e1rv\u00e1nytani \u00e9s Mikrobiol\u00f3giai Tansz\u00e9k"},"content":{"rendered":"<h2>Az egys\u00e9g t\u00f6rt\u00e9nete<\/h2> <div> <p><img decoding=\"async\" style=\"height: 375px; width: 500px;\" src=\"https:\/\/univet.hu\/files\/units\/5484\/images\/tanszek_1nagy.JPG\" alt=\"Tanszek 1Nagy\" data-replaced=\"true\" \/><\/p> <p>A fert\u0151z\u0151 betegs\u00e9gek oktat\u00e1sa alap\u00edt\u00e1s\u00e1t\u00f3l fogva int\u00e9zm\u00e9ny\u00fcnk egyik f\u0151 feladata, b\u00e1r a tansz\u00e9k jelen form\u00e1j\u00e1ban csak 1933 \u00f3ta m\u0171k\u00f6dik, amikor a J\u00e1rv\u00e1nytani Int\u00e9zet \u00e9s a Bakteriol\u00f3giai Int\u00e9zet \u00f6sszevon\u00e1sra ker\u00fclt. A tansz\u00e9knek az \u00e1llatorvosl\u00e1sban j\u00e1tszott szerep\u00e9t olyan kor\u00e1bbi professzorok hat\u00e1rozt\u00e1k meg, mint Preisz Hug\u00f3, Aujeszky Alad\u00e1r, Hutyra Ferenc, Manninger Rezs\u0151, M\u00e9sz\u00e1ros J\u00e1nos, Szent-Iv\u00e1nyi Tam\u00e1s, Bartha Adorj\u00e1n, Tuboly S\u00e1ndor \u00e9s Tuboly Tam\u00e1s. A tansz\u00e9k munkat\u00e1rsai sz\u00e1mos \u00faj k\u00f3rokoz\u00f3t \u00edrtak le, meghat\u00e1rozt\u00e1k tulajdons\u00e1gaikat, \u00e9s t\u00f6bb fert\u0151z\u0151 betegs\u00e9g k\u00f3roktan\u00e1t, k\u00f3rfejl\u0151d\u00e9s\u00e9t, gy\u00f3gykezel\u00e9s\u00e9t, megel\u0151z\u00e9s\u00e9t \u00e9s a betegs\u00e9gt\u0151l val\u00f3 mentes\u00edt\u00e9s lehet\u0151s\u00e9geit tiszt\u00e1zt\u00e1k. A &#8222;H\u00e1zi\u00e1llatok fert\u0151z\u0151 \u00e9s nem fert\u0151z\u0151 betegs\u00e9gei&#8221; c\u00edm\u0171 k\u00e9zik\u00f6nyvet, amelyet Hutyra \u00e9s Manninger professzor Marek \u00e9s M\u00f3csy professzorral egy\u00fctt \u00edrt, 18 nyelven, 23 kiad\u00e1sban jelentett\u00e9k meg, \u00e9s e k\u00f6nyvet sz\u00e9les k\u00f6rben haszn\u00e1lta az \u00e1llatorvosi szakma vil\u00e1gszerte. A tansz\u00e9k szoros kapcsolatokat \u00e1pol sz\u00e1mos, a mikrobiol\u00f3gia \u00e9s a fert\u0151z\u0151 betegs\u00e9gek ter\u00e9n m\u0171k\u00f6d\u0151 hazai \u00e9s k\u00fclf\u00f6ldi hasonl\u00f3 egyetemi tansz\u00e9kkel, kutat\u00f3int\u00e9zettel, diagnosztikai int\u00e9zettel \u00e9s nemzetk\u00f6zi szervezettel.<\/p> <\/div> <p><span style=\"font-family: 'Calibri',sans-serif; color: black;\">Fogad\u00f3 \u00f3r\u00e1k: E-mailben egyeztetett id\u0151pontban.<\/span><\/p> <div> <p>&nbsp;<\/p> <\/div>","protected":false},"excerpt":{"rendered":"<p>Az egys\u00e9g t\u00f6rt\u00e9nete A fert\u0151z\u0151 betegs\u00e9gek oktat\u00e1sa alap\u00edt\u00e1s\u00e1t\u00f3l fogva int\u00e9zm\u00e9ny\u00fcnk egyik f\u0151 feladata, b\u00e1r a tansz\u00e9k jelen form\u00e1j\u00e1ban csak 1933 \u00f3ta m\u0171k\u00f6dik, amikor a J\u00e1rv\u00e1nytani Int\u00e9zet \u00e9s a Bakteriol\u00f3giai Int\u00e9zet \u00f6sszevon\u00e1sra ker\u00fclt. A tansz\u00e9knek az \u00e1llatorvosl\u00e1sban j\u00e1tszott szerep\u00e9t olyan kor\u00e1bbi professzorok hat\u00e1rozt\u00e1k meg, mint Preisz Hug\u00f3, Aujeszky Alad\u00e1r, Hutyra Ferenc, Manninger Rezs\u0151, M\u00e9sz\u00e1ros J\u00e1nos, Szent-Iv\u00e1nyi<\/p>\n","protected":false},"author":3837,"featured_media":0,"parent":861,"menu_order":172,"comment_status":"closed","ping_status":"closed","template":"","meta":{"_acf_changed":false,"footnotes":""},"categories":[58],"tags":[],"class_list":["post-3346","page","type-page","status-publish","hentry","category-szervezeti-egysegek"],"acf":[],"_links":{"self":[{"href":"https:\/\/univet.hu\/hu\/wp-json\/wp\/v2\/pages\/3346","targetHints":{"allow":["GET"]}}],"collection":[{"href":"https:\/\/univet.hu\/hu\/wp-json\/wp\/v2\/pages"}],"about":[{"href":"https:\/\/univet.hu\/hu\/wp-json\/wp\/v2\/types\/page"}],"author":[{"embeddable":true,"href":"https:\/\/univet.hu\/hu\/wp-json\/wp\/v2\/users\/3837"}],"replies":[{"embeddable":true,"href":"https:\/\/univet.hu\/hu\/wp-json\/wp\/v2\/comments?post=3346"}],"version-history":[{"count":2,"href":"https:\/\/univet.hu\/hu\/wp-json\/wp\/v2\/pages\/3346\/revisions"}],"predecessor-version":[{"id":199049,"href":"https:\/\/univet.hu\/hu\/wp-json\/wp\/v2\/pages\/3346\/revisions\/199049"}],"up":[{"embeddable":true,"href":"https:\/\/univet.hu\/hu\/wp-json\/wp\/v2\/pages\/861"}],"wp:attachment":[{"href":"https:\/\/univet.hu\/hu\/wp-json\/wp\/v2\/media?parent=3346"}],"wp:term":[{"taxonomy":"category","embeddable":true,"href":"https:\/\/univet.hu\/hu\/wp-json\/wp\/v2\/categories?post=3346"},{"taxonomy":"post_tag","embeddable":true,"href":"https:\/\/univet.hu\/hu\/wp-json\/wp\/v2\/tags?post=3346"}],"curies":[{"name":"wp","href":"https:\/\/api.w.org\/{rel}","templated":true}]}}