{"id":3349,"date":"2016-07-06T14:28:00","date_gmt":"2016-07-06T12:28:00","guid":{"rendered":"http:\/\/univet.hu\/egyetem\/szervezeti-egysegek\/kemeny-armand-multimedia-laboratorium\/"},"modified":"2026-02-10T03:45:20","modified_gmt":"2026-02-10T02:45:20","slug":"kemeny-armand-multimedia-laboratorium","status":"publish","type":"page","link":"https:\/\/univet.hu\/hu\/egyetem\/szervezeti-egysegek\/kemeny-armand-multimedia-laboratorium\/","title":{"rendered":"Kem\u00e9ny Armand Multim\u00e9dia Laborat\u00f3rium"},"content":{"rendered":"<p><a href=\"http:\/\/www.vetphysiol.hu\" data-replaced=\"true\" target=\"_blank\">Saj\u00e1t honlap<\/a><\/p>","protected":false},"excerpt":{"rendered":"<p>Saj\u00e1t honlap<\/p>\n","protected":false},"author":3837,"featured_media":0,"parent":861,"menu_order":172,"comment_status":"closed","ping_status":"closed","template":"","meta":{"_acf_changed":false,"footnotes":""},"categories":[58],"tags":[],"class_list":["post-3349","page","type-page","status-publish","hentry","category-szervezeti-egysegek"],"acf":[],"_links":{"self":[{"href":"https:\/\/univet.hu\/hu\/wp-json\/wp\/v2\/pages\/3349","targetHints":{"allow":["GET"]}}],"collection":[{"href":"https:\/\/univet.hu\/hu\/wp-json\/wp\/v2\/pages"}],"about":[{"href":"https:\/\/univet.hu\/hu\/wp-json\/wp\/v2\/types\/page"}],"author":[{"embeddable":true,"href":"https:\/\/univet.hu\/hu\/wp-json\/wp\/v2\/users\/3837"}],"replies":[{"embeddable":true,"href":"https:\/\/univet.hu\/hu\/wp-json\/wp\/v2\/comments?post=3349"}],"version-history":[{"count":2,"href":"https:\/\/univet.hu\/hu\/wp-json\/wp\/v2\/pages\/3349\/revisions"}],"predecessor-version":[{"id":199051,"href":"https:\/\/univet.hu\/hu\/wp-json\/wp\/v2\/pages\/3349\/revisions\/199051"}],"up":[{"embeddable":true,"href":"https:\/\/univet.hu\/hu\/wp-json\/wp\/v2\/pages\/861"}],"wp:attachment":[{"href":"https:\/\/univet.hu\/hu\/wp-json\/wp\/v2\/media?parent=3349"}],"wp:term":[{"taxonomy":"category","embeddable":true,"href":"https:\/\/univet.hu\/hu\/wp-json\/wp\/v2\/categories?post=3349"},{"taxonomy":"post_tag","embeddable":true,"href":"https:\/\/univet.hu\/hu\/wp-json\/wp\/v2\/tags?post=3349"}],"curies":[{"name":"wp","href":"https:\/\/api.w.org\/{rel}","templated":true}]}}