{"id":3355,"date":"2018-04-17T13:36:00","date_gmt":"2018-04-17T11:36:00","guid":{"rendered":"http:\/\/univet.hu\/egyetem\/szervezeti-egysegek\/korelettani-es-onkologiai-tanszek\/"},"modified":"2026-02-10T03:45:21","modified_gmt":"2026-02-10T02:45:21","slug":"korelettani-es-onkologiai-tanszek","status":"publish","type":"page","link":"https:\/\/univet.hu\/hu\/egyetem\/szervezeti-egysegek\/korelettani-es-onkologiai-tanszek\/","title":{"rendered":"K\u00f3r\u00e9lettani \u00e9s Onkol\u00f3giai Tansz\u00e9k"},"content":{"rendered":"<h2>Az egys\u00e9g t\u00f6rt\u00e9nete<\/h2> <div> <p>A K\u00f3r\u00e9lettani \u00e9s Onkol\u00f3giai Tansz\u00e9k 2014. janu\u00e1r 2-\u00e1val alakult meg.\u00a0M\u0171k\u00f6d\u00e9se kiterjed az \u00e1llatorvosi k\u00f3r\u00e9lettan \u00e9s a laborat\u00f3riumi diagnosztika gradu\u00e1lis, ill. posztgradu\u00e1lis oktat\u00e1s\u00e1ra, valamint az \u00e1llatorvosi laborat\u00f3riumi diagnosztikai, ill. az onkol\u00f3giai kutat\u00e1sokra,\u00a0tov\u00e1bb\u00e1 a\u00a0klinikai onkol\u00f3giai feladatok ell\u00e1t\u00e1s\u00e1ra. A tansz\u00e9k laborat\u00f3riuma l\u00e1tja el a kar klinik\u00e1inak laborat\u00f3riumi ig\u00e9nyeit.<\/p> <table style=\"height: 800px;width: 541px\" border=\"0\" width=\"540\"> <tbody> <tr style=\"height: 24px\"> <td style=\"width: 410.625px;height: 24px\">Tant\u00e1rgyak<\/td> <td style=\"width: 116.775px;height: 24px\">Munkat\u00e1rsak<\/td> <\/tr> <tr style=\"height: 776px\"> <td style=\"width: 410.625px;height: 776px\"> <p><a href=\"https:\/\/univet.hu\/hu\/oktatas\/kurzusok\/allatorvosi-korelettan\/\">\u00c1llatorvosi K\u00f3r\u00e9lettan<\/a><\/p> <p><a href=\"https:\/\/univet.hu\/hu\/hallgato\/kurzusok\/laboratoriumi-diagnosztika\" data-replaced=\"true\">Laborat\u00f3riumi diagnosztika<\/a><\/p> <p><a href=\"https:\/\/univet.hu\/hu\/hallgato\/kurzusok\/alkalmazott-klinikai-laboratoriumi-diagnosztika\" data-replaced=\"true\">Alkalmazott klinikai laborat\u00f3riumi diagnosztika<\/a><\/p> <p class=\"entry-title\"><a href=\"https:\/\/univet.hu\/hu\/oktatas\/kurzusok\/allatorvosi-klinikai-tarsallat-onkologiai-diagnosztika-es-terapia\/\">Klinikai onkol\u00f3gia<\/a><\/p> <\/td> <td style=\"width: 116.775px;height: 776px\"> <p><a href=\"https:\/\/univet.hu\/hu\/egyetem\/munkatarsak\/vajdovich-peter\" data-replaced=\"true\">Vajdovich P\u00e9ter PhD.<\/a><\/p> <p><a href=\"https:\/\/univet.hu\/hu\/egyetem\/munkatarsak\/jakus-judit\/\">Jakus Judit PhD.<\/a><\/p> <p><a href=\"https:\/\/univet.hu\/hu\/egyetem\/munkatarsak\/soos-aniko\/\">So\u00f3s Anik\u00f3<\/a><\/p> <p><a href=\"https:\/\/univet.hu\/hu\/egyetem\/munkatarsak\/dekay-valeria-aranka\/\">Szab\u00f3 Bernadett<\/a><\/p> <p><a href=\"https:\/\/univet.hu\/hu\/egyetem\/munkatarsak\/szucs-andrea\/\">Sz\u0171cs Andrea<\/a><\/p> <p><a href=\"https:\/\/univet.hu\/hu\/egyetem\/munkatarsak\/fekete-anna\/\">Fekete<\/a> Anna<\/p> <p><a href=\"https:\/\/univet.hu\/hu\/egyetem\/munkatarsak\/leiner-ildiko\" data-replaced=\"true\">Leiner Ildik\u00f3<\/a><\/p> <p><a href=\"https:\/\/univet.hu\/hu\/egyetem\/munkatarsak\/nemethne-nagy-marianna\" data-replaced=\"true\">N\u00e9methn\u00e9 Nagy Marianna<\/a><\/p> <p><a href=\"https:\/\/univet.hu\/hu\/egyetem\/munkatarsak\/peter-zsolt\" data-replaced=\"true\">P\u00e9ter Zsolt<\/a><\/p> <p><a href=\"https:\/\/univet.hu\/hu\/egyetem\/munkatarsak\/madocsay-alfred-laszlo\/\">Madocsay Alfr\u00e9d L\u00e1szl\u00f3<\/a><\/p> <p><a href=\"https:\/\/univet.hu\/hu\/egyetem\/munkatarsak\/marialigeti-marton\/\">M\u00e1rialigeti M\u00e1rton<\/a><\/p> <p><a href=\"https:\/\/univet.hu\/hu\/egyetem\/munkatarsak\/berta-anna\/\">dr. Berta Anna<\/a><\/p> <p><strong>PhD hallgat\u00f3k:<\/strong><\/p> <p><a href=\"https:\/\/univet.hu\/hu\/egyetem\/munkatarsak\/szendi-eszter\/\">Szendi Eszter<\/a><\/p> <p>&nbsp;<\/td> <\/tr> <\/tbody> <\/table> <\/div>","protected":false},"excerpt":{"rendered":"<p>Az egys\u00e9g t\u00f6rt\u00e9nete A K\u00f3r\u00e9lettani \u00e9s Onkol\u00f3giai Tansz\u00e9k 2014. janu\u00e1r 2-\u00e1val alakult meg.\u00a0M\u0171k\u00f6d\u00e9se kiterjed az \u00e1llatorvosi k\u00f3r\u00e9lettan \u00e9s a laborat\u00f3riumi diagnosztika gradu\u00e1lis, ill. posztgradu\u00e1lis oktat\u00e1s\u00e1ra, valamint az \u00e1llatorvosi laborat\u00f3riumi diagnosztikai, ill. az onkol\u00f3giai kutat\u00e1sokra,\u00a0tov\u00e1bb\u00e1 a\u00a0klinikai onkol\u00f3giai feladatok ell\u00e1t\u00e1s\u00e1ra. A tansz\u00e9k laborat\u00f3riuma l\u00e1tja el a kar klinik\u00e1inak laborat\u00f3riumi ig\u00e9nyeit. Tant\u00e1rgyak Munkat\u00e1rsak \u00c1llatorvosi K\u00f3r\u00e9lettan Laborat\u00f3riumi diagnosztika Alkalmazott<\/p>\n","protected":false},"author":3837,"featured_media":0,"parent":861,"menu_order":172,"comment_status":"closed","ping_status":"closed","template":"","meta":{"_acf_changed":false,"footnotes":""},"categories":[58],"tags":[],"class_list":["post-3355","page","type-page","status-publish","hentry","category-szervezeti-egysegek"],"acf":[],"_links":{"self":[{"href":"https:\/\/univet.hu\/hu\/wp-json\/wp\/v2\/pages\/3355","targetHints":{"allow":["GET"]}}],"collection":[{"href":"https:\/\/univet.hu\/hu\/wp-json\/wp\/v2\/pages"}],"about":[{"href":"https:\/\/univet.hu\/hu\/wp-json\/wp\/v2\/types\/page"}],"author":[{"embeddable":true,"href":"https:\/\/univet.hu\/hu\/wp-json\/wp\/v2\/users\/3837"}],"replies":[{"embeddable":true,"href":"https:\/\/univet.hu\/hu\/wp-json\/wp\/v2\/comments?post=3355"}],"version-history":[{"count":3,"href":"https:\/\/univet.hu\/hu\/wp-json\/wp\/v2\/pages\/3355\/revisions"}],"predecessor-version":[{"id":199054,"href":"https:\/\/univet.hu\/hu\/wp-json\/wp\/v2\/pages\/3355\/revisions\/199054"}],"up":[{"embeddable":true,"href":"https:\/\/univet.hu\/hu\/wp-json\/wp\/v2\/pages\/861"}],"wp:attachment":[{"href":"https:\/\/univet.hu\/hu\/wp-json\/wp\/v2\/media?parent=3355"}],"wp:term":[{"taxonomy":"category","embeddable":true,"href":"https:\/\/univet.hu\/hu\/wp-json\/wp\/v2\/categories?post=3355"},{"taxonomy":"post_tag","embeddable":true,"href":"https:\/\/univet.hu\/hu\/wp-json\/wp\/v2\/tags?post=3355"}],"curies":[{"name":"wp","href":"https:\/\/api.w.org\/{rel}","templated":true}]}}